{"id":10514,"date":"2025-05-20T08:39:53","date_gmt":"2025-05-20T07:39:53","guid":{"rendered":"https:\/\/www.dertour-reiseleitung.com\/algarve\/?post_type=product&#038;p=10514"},"modified":"2026-03-11T16:24:39","modified_gmt":"2026-03-11T15:24:39","slug":"lissabon-exklusiv-mit-stadtfuehrung-dds-018-2","status":"publish","type":"product","link":"https:\/\/www.dertour-reiseleitung.com\/algarve\/aktivitaeten\/lissabon-exklusiv-mit-stadtfuehrung-dds-018-2\/","title":{"rendered":"Lissabon exklusiv mit Stadtf\u00fchrung"},"content":{"rendered":"<h3>Entdecken Sie an einem Tag die \u201eHauptstadt der Entdecker\u201c<\/h3>\n<p>Lassen Sie sich \u00fcberraschen von der allgegenw\u00e4rtigen Geschichte und Kultur, aber auch von der Moderne und der Lebensfreude, die diese Stadt so anziehend macht.<\/p>\n<p>Nach der Fahrt durch das Alentejo, der gr\u00f6\u00dften Provinz des Landes mit ihren Korkeichenw\u00e4ldern, Olivenhainen und Reisfeldern, erreichen Sie die Weltstadt Lissabon. Gegr\u00fcndet auf sieben H\u00fcgeln, gilt sie als das zweite Rom Europas. Bereits bei der Anfahrt in die Stadt bietet sich Ihnen ein wundersch\u00f6ner Blick auf die Christusstatue, eine der wichtigsten Sehensw\u00fcrdigkeiten Lissabons.<\/p>\n<p>In der Stadt angekommen, erhalten Sie eine fundierte Erkl\u00e4rung \u00fcber drei Wahrzeichen der Stadt: den Turm von Bel\u00e9m, und das 1960 zum 500. Todestag von Heinrich dem Seefahrer enth\u00fcllte Entdeckerdenkmal und das zum UNESCO-Weltkulturerbe z\u00e4hlende, Jer\u00f3nimokloster, das K\u00f6nig Manuel I. anl\u00e4sslich der gegl\u00fcckten Entdeckung Indiens durch Vasco da Gama erbauen lie\u00df. Besichtigen Sie die interessante Architektur des Klosters mit seinen filigranen Mosaiken, Gr\u00e4bern und farbigen Glasfenstern (fakultativ) oder machen Sie einen gem\u00fctlichen Spaziergang zum Turm von Bel\u00e9m und dem Seefahrerdenkmal.<\/p>\n<p>Im undurchschaubaren romantischen Stra\u00dfengewirr von Lissabon entdecken Sie das Flair vergangener Tage. Ein gef\u00fchrter Rundgang f\u00fchrt Sie entlang des Rossio Platzes, der Rua Augusta bis zum bekanntesten Platz der Stadt: Pra\u00e7a do Com\u00e9rcio. Kr\u00f6nender Abschluss des Rundgangs ist die Verkostung des \u201eGinjinha\u201c Lissbon\u00b4s \u201eHausgetr\u00e4nk\u201c.<\/p>\n<p>In der anschlie\u00dfenden freien Zeit nutzen Sie die einmalige Gelegenheit und fahren Sie mit dem ber\u00fchmten Aufzug Santa Justa in die Oberstadt und lassen Sie sich vom atemberaubenden Blick \u00fcber die Stadt verzaubern. Genie\u00dfen Sie ein Mittagessen (fakultativ) in einem der unz\u00e4hligen typischen Restaurants von Portugals Hauptstadt oder besuchen Sie eines der \u00e4ltesten und urspr\u00fcnglichsten Stadtviertel von Lissabon: Alfama &#8211; die Wiege des Fado. Das d\u00f6rfliche Flair der unz\u00e4hligen Gassen und kleinen Pl\u00e4tze macht Alfama zu einem absoluten Muss, wer Lissabon besucht.<\/p>\n<p><strong>Ausflugsveranstalter: <\/strong>\u202fMTS \u2013 Mediterranean Travel Services Incoming Portugal, S.A.<\/p>\n","protected":false},"excerpt":{"rendered":"<p>Entdecken Sie an einem Tag die \u201eHauptstadt der Entdecker\u201c Lassen Sie sich \u00fcberraschen von der allgegenw\u00e4rtigen Geschichte und Kultur, aber auch von der Moderne und der Lebensfreude, die diese Stadt so anziehend macht. Nach der Fahrt durch das Alentejo, der gr\u00f6\u00dften Provinz des Landes mit ihren Korkeichenw\u00e4ldern, Olivenhainen und Reisfeldern, erreichen Sie die Weltstadt Lissabon. [&hellip;]<\/p>\n","protected":false},"featured_media":9701,"template":"","meta":{"_acf_changed":false,"ocean_post_layout":"","ocean_both_sidebars_style":"","ocean_both_sidebars_content_width":0,"ocean_both_sidebars_sidebars_width":0,"ocean_sidebar":"0","ocean_second_sidebar":"0","ocean_disable_margins":"enable","ocean_add_body_class":"","ocean_shortcode_before_top_bar":"","ocean_shortcode_after_top_bar":"","ocean_shortcode_before_header":"","ocean_shortcode_after_header":"","ocean_has_shortcode":"","ocean_shortcode_after_title":"","ocean_shortcode_before_footer_widgets":"","ocean_shortcode_after_footer_widgets":"","ocean_shortcode_before_footer_bottom":"","ocean_shortcode_after_footer_bottom":"","ocean_display_top_bar":"default","ocean_display_header":"default","ocean_header_style":"","ocean_center_header_left_menu":"0","ocean_custom_header_template":"0","ocean_custom_logo":0,"ocean_custom_retina_logo":0,"ocean_custom_logo_max_width":0,"ocean_custom_logo_tablet_max_width":0,"ocean_custom_logo_mobile_max_width":0,"ocean_custom_logo_max_height":0,"ocean_custom_logo_tablet_max_height":0,"ocean_custom_logo_mobile_max_height":0,"ocean_header_custom_menu":"0","ocean_menu_typo_font_family":"0","ocean_menu_typo_font_subset":"","ocean_menu_typo_font_size":0,"ocean_menu_typo_font_size_tablet":0,"ocean_menu_typo_font_size_mobile":0,"ocean_menu_typo_font_size_unit":"px","ocean_menu_typo_font_weight":"","ocean_menu_typo_font_weight_tablet":"","ocean_menu_typo_font_weight_mobile":"","ocean_menu_typo_transform":"","ocean_menu_typo_transform_tablet":"","ocean_menu_typo_transform_mobile":"","ocean_menu_typo_line_height":0,"ocean_menu_typo_line_height_tablet":0,"ocean_menu_typo_line_height_mobile":0,"ocean_menu_typo_line_height_unit":"","ocean_menu_typo_spacing":0,"ocean_menu_typo_spacing_tablet":0,"ocean_menu_typo_spacing_mobile":0,"ocean_menu_typo_spacing_unit":"","ocean_menu_link_color":"","ocean_menu_link_color_hover":"","ocean_menu_link_color_active":"","ocean_menu_link_background":"","ocean_menu_link_hover_background":"","ocean_menu_link_active_background":"","ocean_menu_social_links_bg":"","ocean_menu_social_hover_links_bg":"","ocean_menu_social_links_color":"","ocean_menu_social_hover_links_color":"","ocean_disable_title":"default","ocean_disable_heading":"default","ocean_post_title":"","ocean_post_subheading":"","ocean_post_title_style":"background-image","ocean_post_title_background_color":"","ocean_post_title_background":9705,"ocean_post_title_bg_image_position":"","ocean_post_title_bg_image_attachment":"","ocean_post_title_bg_image_repeat":"","ocean_post_title_bg_image_size":"","ocean_post_title_height":0,"ocean_post_title_bg_overlay":0.5,"ocean_post_title_bg_overlay_color":"","ocean_disable_breadcrumbs":"default","ocean_breadcrumbs_color":"","ocean_breadcrumbs_separator_color":"","ocean_breadcrumbs_links_color":"","ocean_breadcrumbs_links_hover_color":"","ocean_display_footer_widgets":"default","ocean_display_footer_bottom":"default","ocean_custom_footer_template":"0","omw_enable_modal_window":"enable","osh_disable_topbar_sticky":"default","osh_disable_header_sticky":"default","osh_sticky_header_style":"default","osh_sticky_header_effect":"","osh_custom_sticky_logo":0,"osh_custom_retina_sticky_logo":0,"osh_custom_sticky_logo_height":0,"osh_background_color":"","osh_links_color":"","osh_links_hover_color":"","osh_links_active_color":"","osh_links_bg_color":"","osh_links_hover_bg_color":"","osh_links_active_bg_color":"","osh_menu_social_links_color":"","osh_menu_social_hover_links_color":""},"ort":[469,478,458],"sichtbarkeit":[],"templateoption":[179],"product_brand":[],"product_cat":[182],"product_tag":[],"class_list":{"0":"post-10514","1":"product","2":"type-product","3":"status-publish","4":"has-post-thumbnail","6":"ort-albufeira","7":"ort-olhos-de-agua","8":"ort-praia-da-falesia","9":"templateoption-dertrip-bc","10":"product_cat-ausfluege","12":"entry","13":"has-media","15":"first","16":"instock","17":"virtual","18":"purchasable","19":"product-type-simple","20":"has-product-nav","21":"col","22":"span_1_of_3","23":"owp-content-center","24":"owp-thumbs-layout-horizontal","25":"owp-btn-normal","26":"owp-tabs-layout-section"},"acf":[],"_links":{"self":[{"href":"https:\/\/www.dertour-reiseleitung.com\/algarve\/wp-json\/wp\/v2\/product\/10514","targetHints":{"allow":["GET"]}}],"collection":[{"href":"https:\/\/www.dertour-reiseleitung.com\/algarve\/wp-json\/wp\/v2\/product"}],"about":[{"href":"https:\/\/www.dertour-reiseleitung.com\/algarve\/wp-json\/wp\/v2\/types\/product"}],"version-history":[{"count":15,"href":"https:\/\/www.dertour-reiseleitung.com\/algarve\/wp-json\/wp\/v2\/product\/10514\/revisions"}],"predecessor-version":[{"id":12775,"href":"https:\/\/www.dertour-reiseleitung.com\/algarve\/wp-json\/wp\/v2\/product\/10514\/revisions\/12775"}],"wp:featuredmedia":[{"embeddable":true,"href":"https:\/\/www.dertour-reiseleitung.com\/algarve\/wp-json\/wp\/v2\/media\/9701"}],"wp:attachment":[{"href":"https:\/\/www.dertour-reiseleitung.com\/algarve\/wp-json\/wp\/v2\/media?parent=10514"}],"wp:term":[{"taxonomy":"ort","embeddable":true,"href":"https:\/\/www.dertour-reiseleitung.com\/algarve\/wp-json\/wp\/v2\/ort?post=10514"},{"taxonomy":"sichtbarkeit","embeddable":true,"href":"https:\/\/www.dertour-reiseleitung.com\/algarve\/wp-json\/wp\/v2\/sichtbarkeit?post=10514"},{"taxonomy":"templateoption","embeddable":true,"href":"https:\/\/www.dertour-reiseleitung.com\/algarve\/wp-json\/wp\/v2\/templateoption?post=10514"},{"taxonomy":"product_brand","embeddable":true,"href":"https:\/\/www.dertour-reiseleitung.com\/algarve\/wp-json\/wp\/v2\/product_brand?post=10514"},{"taxonomy":"product_cat","embeddable":true,"href":"https:\/\/www.dertour-reiseleitung.com\/algarve\/wp-json\/wp\/v2\/product_cat?post=10514"},{"taxonomy":"product_tag","embeddable":true,"href":"https:\/\/www.dertour-reiseleitung.com\/algarve\/wp-json\/wp\/v2\/product_tag?post=10514"}],"curies":[{"name":"wp","href":"https:\/\/api.w.org\/{rel}","templated":true}]}}