{"id":11410,"date":"2025-08-26T09:22:14","date_gmt":"2025-08-26T08:22:14","guid":{"rendered":"https:\/\/www.dertour-reiseleitung.com\/algarve\/?post_type=product&#038;p=11410"},"modified":"2026-03-09T12:15:47","modified_gmt":"2026-03-09T11:15:47","slug":"delfine-kueste-insonia-mit-transfer-dds-012-3","status":"publish","type":"product","link":"https:\/\/www.dertour-reiseleitung.com\/algarve\/aktivitaeten\/delfine-kueste-insonia-mit-transfer-dds-012-3\/","title":{"rendered":"Delfine &amp; K\u00fcste: Ins\u00f3nia (mit Transfer)"},"content":{"rendered":"<h3>Bootsfahrt mit der Ins\u00f3nia<\/h3>\n<p>Vom Hafen in Albufeira aus geht es mehrmals t\u00e4glich (f\u00fcr 2 bis 2,5 Stunden) entlang der atemberaubenden, einmaligen Algarve-K\u00fcste bis nach Carvoeiro. Entspannen Sie sich auf der rasanten Fahrt und genie\u00dfen Sie den Anblick der wundersch\u00f6nen K\u00fcste mit ihren m\u00e4rchenhaften Felsformationen und geheimnisvollen H\u00f6hlen.<\/p>\n<p>Nachdem Sie mit dem Boot die Grotten erkundet haben, geht es auf das offene Meer hinaus. Selbstverst\u00e4ndlich richten sich die Delfine nicht nach unseren W\u00fcnschen. Die Wahrscheinlichkeit, Delfine zu sehen, ist jedoch sehr hoch.<\/p>\n<p>Unser Partner DreamWaves besch\u00e4ftigt ganzj\u00e4hrig Meeresbiologen und ist vom Portugiesischen Umweltministerium (ICNF) daf\u00fcr zertifiziert, Delfinbeobachtungstouren durchzuf\u00fchren. Ebenso wurde DreamWaves durch die unabh\u00e4ngige Organisation \u201eSGS for Animal Welfare\u201c auditiert. Delfine werden weder gejagt noch bedr\u00e4ngt.<\/p>\n<p>Sie m\u00f6chten diesen Ausflug in einem gr\u00f6\u00dferen und komfortableren, aber dennoch ebenso wendigen Speedboot erleben (maximale Kapazit\u00e4t 47 Personen)? Dann buchen Sie: <a href=\"https:\/\/www.dertour-reiseleitung.com\/algarve\/aktivitaeten\/delfine-kueste-dreamer-mit-transfer-dds-013-3\/\"><strong>Delfine &amp; K\u00fcste: Dreamer<\/strong><\/a><\/p>\n<p><strong>Ausflugsveranstalter:<\/strong> MTS \u2013 Mediterranean Travel Services Incoming Portugal, S.A.<\/p>\n","protected":false},"excerpt":{"rendered":"<p>Bootsfahrt mit der Ins\u00f3nia Vom Hafen in Albufeira aus geht es mehrmals t\u00e4glich (f\u00fcr 2 bis 2,5 Stunden) entlang der atemberaubenden, einmaligen Algarve-K\u00fcste bis nach Carvoeiro. Entspannen Sie sich auf der rasanten Fahrt und genie\u00dfen Sie den Anblick der wundersch\u00f6nen K\u00fcste mit ihren m\u00e4rchenhaften Felsformationen und geheimnisvollen H\u00f6hlen. Nachdem Sie mit dem Boot die Grotten [&hellip;]<\/p>\n","protected":false},"featured_media":9674,"template":"","meta":{"_acf_changed":false,"ocean_post_layout":"","ocean_both_sidebars_style":"","ocean_both_sidebars_content_width":0,"ocean_both_sidebars_sidebars_width":0,"ocean_sidebar":"0","ocean_second_sidebar":"0","ocean_disable_margins":"enable","ocean_add_body_class":"","ocean_shortcode_before_top_bar":"","ocean_shortcode_after_top_bar":"","ocean_shortcode_before_header":"","ocean_shortcode_after_header":"","ocean_has_shortcode":"","ocean_shortcode_after_title":"","ocean_shortcode_before_footer_widgets":"","ocean_shortcode_after_footer_widgets":"","ocean_shortcode_before_footer_bottom":"","ocean_shortcode_after_footer_bottom":"","ocean_display_top_bar":"default","ocean_display_header":"default","ocean_header_style":"","ocean_center_header_left_menu":"0","ocean_custom_header_template":"0","ocean_custom_logo":0,"ocean_custom_retina_logo":0,"ocean_custom_logo_max_width":0,"ocean_custom_logo_tablet_max_width":0,"ocean_custom_logo_mobile_max_width":0,"ocean_custom_logo_max_height":0,"ocean_custom_logo_tablet_max_height":0,"ocean_custom_logo_mobile_max_height":0,"ocean_header_custom_menu":"0","ocean_menu_typo_font_family":"0","ocean_menu_typo_font_subset":"","ocean_menu_typo_font_size":0,"ocean_menu_typo_font_size_tablet":0,"ocean_menu_typo_font_size_mobile":0,"ocean_menu_typo_font_size_unit":"px","ocean_menu_typo_font_weight":"","ocean_menu_typo_font_weight_tablet":"","ocean_menu_typo_font_weight_mobile":"","ocean_menu_typo_transform":"","ocean_menu_typo_transform_tablet":"","ocean_menu_typo_transform_mobile":"","ocean_menu_typo_line_height":0,"ocean_menu_typo_line_height_tablet":0,"ocean_menu_typo_line_height_mobile":0,"ocean_menu_typo_line_height_unit":"","ocean_menu_typo_spacing":0,"ocean_menu_typo_spacing_tablet":0,"ocean_menu_typo_spacing_mobile":0,"ocean_menu_typo_spacing_unit":"","ocean_menu_link_color":"","ocean_menu_link_color_hover":"","ocean_menu_link_color_active":"","ocean_menu_link_background":"","ocean_menu_link_hover_background":"","ocean_menu_link_active_background":"","ocean_menu_social_links_bg":"","ocean_menu_social_hover_links_bg":"","ocean_menu_social_links_color":"","ocean_menu_social_hover_links_color":"","ocean_disable_title":"default","ocean_disable_heading":"default","ocean_post_title":"","ocean_post_subheading":"","ocean_post_title_style":"background-image","ocean_post_title_background_color":"","ocean_post_title_background":9681,"ocean_post_title_bg_image_position":"","ocean_post_title_bg_image_attachment":"","ocean_post_title_bg_image_repeat":"","ocean_post_title_bg_image_size":"","ocean_post_title_height":0,"ocean_post_title_bg_overlay":0.5,"ocean_post_title_bg_overlay_color":"","ocean_disable_breadcrumbs":"default","ocean_breadcrumbs_color":"","ocean_breadcrumbs_separator_color":"","ocean_breadcrumbs_links_color":"","ocean_breadcrumbs_links_hover_color":"","ocean_display_footer_widgets":"default","ocean_display_footer_bottom":"default","ocean_custom_footer_template":"0","omw_enable_modal_window":"enable","osh_disable_topbar_sticky":"default","osh_disable_header_sticky":"default","osh_sticky_header_style":"default","osh_sticky_header_effect":"","osh_custom_sticky_logo":0,"osh_custom_retina_sticky_logo":0,"osh_custom_sticky_logo_height":0,"osh_background_color":"","osh_links_color":"","osh_links_hover_color":"","osh_links_active_color":"","osh_links_bg_color":"","osh_links_hover_bg_color":"","osh_links_active_bg_color":"","osh_menu_social_links_color":"","osh_menu_social_hover_links_color":""},"ort":[469,478,458,481],"sichtbarkeit":[],"templateoption":[179],"product_brand":[],"product_cat":[182],"product_tag":[],"class_list":{"0":"post-11410","1":"product","2":"type-product","3":"status-publish","4":"has-post-thumbnail","6":"ort-albufeira","7":"ort-olhos-de-agua","8":"ort-praia-da-falesia","9":"ort-sesmarias","10":"templateoption-dertrip-bc","11":"product_cat-ausfluege","13":"entry","14":"has-media","16":"first","17":"instock","18":"virtual","19":"purchasable","20":"product-type-simple","21":"has-product-nav","22":"col","23":"span_1_of_3","24":"owp-content-center","25":"owp-thumbs-layout-horizontal","26":"owp-btn-normal","27":"owp-tabs-layout-section"},"acf":[],"_links":{"self":[{"href":"https:\/\/www.dertour-reiseleitung.com\/algarve\/wp-json\/wp\/v2\/product\/11410","targetHints":{"allow":["GET"]}}],"collection":[{"href":"https:\/\/www.dertour-reiseleitung.com\/algarve\/wp-json\/wp\/v2\/product"}],"about":[{"href":"https:\/\/www.dertour-reiseleitung.com\/algarve\/wp-json\/wp\/v2\/types\/product"}],"version-history":[{"count":10,"href":"https:\/\/www.dertour-reiseleitung.com\/algarve\/wp-json\/wp\/v2\/product\/11410\/revisions"}],"predecessor-version":[{"id":12754,"href":"https:\/\/www.dertour-reiseleitung.com\/algarve\/wp-json\/wp\/v2\/product\/11410\/revisions\/12754"}],"wp:featuredmedia":[{"embeddable":true,"href":"https:\/\/www.dertour-reiseleitung.com\/algarve\/wp-json\/wp\/v2\/media\/9674"}],"wp:attachment":[{"href":"https:\/\/www.dertour-reiseleitung.com\/algarve\/wp-json\/wp\/v2\/media?parent=11410"}],"wp:term":[{"taxonomy":"ort","embeddable":true,"href":"https:\/\/www.dertour-reiseleitung.com\/algarve\/wp-json\/wp\/v2\/ort?post=11410"},{"taxonomy":"sichtbarkeit","embeddable":true,"href":"https:\/\/www.dertour-reiseleitung.com\/algarve\/wp-json\/wp\/v2\/sichtbarkeit?post=11410"},{"taxonomy":"templateoption","embeddable":true,"href":"https:\/\/www.dertour-reiseleitung.com\/algarve\/wp-json\/wp\/v2\/templateoption?post=11410"},{"taxonomy":"product_brand","embeddable":true,"href":"https:\/\/www.dertour-reiseleitung.com\/algarve\/wp-json\/wp\/v2\/product_brand?post=11410"},{"taxonomy":"product_cat","embeddable":true,"href":"https:\/\/www.dertour-reiseleitung.com\/algarve\/wp-json\/wp\/v2\/product_cat?post=11410"},{"taxonomy":"product_tag","embeddable":true,"href":"https:\/\/www.dertour-reiseleitung.com\/algarve\/wp-json\/wp\/v2\/product_tag?post=11410"}],"curies":[{"name":"wp","href":"https:\/\/api.w.org\/{rel}","templated":true}]}}