{"id":12144,"date":"2025-10-28T11:05:06","date_gmt":"2025-10-28T10:05:06","guid":{"rendered":"https:\/\/www.dertour-reiseleitung.com\/algarve\/?post_type=product&#038;p=12144"},"modified":"2026-03-18T12:10:04","modified_gmt":"2026-03-18T11:10:04","slug":"jeep-safari-dds-005-3","status":"publish","type":"product","link":"https:\/\/www.dertour-reiseleitung.com\/algarve\/aktivitaeten\/jeep-safari-dds-005-3\/","title":{"rendered":"Jeep-Safari"},"content":{"rendered":"<p>Landeinw\u00e4rts geht es auf holprigen Wegen in die Bergwelt der Algarve, durch bizarre Landschaften und malerische D\u00f6rfer mit gastfreundlichen Bewohnern.<\/p>\n<p>Erleben Sie die einzigartige Flora und Fauna, die dieser Landstrich bietet, und f\u00fchlen Sie die Natur hautnah. Vorbei an Orangen-und Olivenhainen, Erdbeerfeldern sowie Korkeichen fahren Sie \u00fcber Stock und Stein und durch Flussl\u00e4ufe!<\/p>\n<p>Schnuppern Sie den Duft, den die Kr\u00e4uter der Region verstr\u00f6men.<\/p>\n<p>Natur pur, Entdeckergeist und jede Menge Spa\u00df erwarten Sie!<\/p>\n<p><strong>Ausflugsveranstalter:<\/strong> MTS \u2013 Mediterranean Travel Services Incoming Portugal, S.A.<\/p>\n","protected":false},"excerpt":{"rendered":"<p>Landeinw\u00e4rts geht es auf holprigen Wegen in die Bergwelt der Algarve, durch bizarre Landschaften und malerische D\u00f6rfer mit gastfreundlichen Bewohnern. Erleben Sie die einzigartige Flora und Fauna, die dieser Landstrich bietet, und f\u00fchlen Sie die Natur hautnah. Vorbei an Orangen-und Olivenhainen, Erdbeerfeldern sowie Korkeichen fahren Sie \u00fcber Stock und Stein und durch Flussl\u00e4ufe! Schnuppern Sie [&hellip;]<\/p>\n","protected":false},"featured_media":9632,"template":"","meta":{"_acf_changed":false,"ocean_post_layout":"","ocean_both_sidebars_style":"","ocean_both_sidebars_content_width":0,"ocean_both_sidebars_sidebars_width":0,"ocean_sidebar":"0","ocean_second_sidebar":"0","ocean_disable_margins":"enable","ocean_add_body_class":"","ocean_shortcode_before_top_bar":"","ocean_shortcode_after_top_bar":"","ocean_shortcode_before_header":"","ocean_shortcode_after_header":"","ocean_has_shortcode":"","ocean_shortcode_after_title":"","ocean_shortcode_before_footer_widgets":"","ocean_shortcode_after_footer_widgets":"","ocean_shortcode_before_footer_bottom":"","ocean_shortcode_after_footer_bottom":"","ocean_display_top_bar":"default","ocean_display_header":"default","ocean_header_style":"","ocean_center_header_left_menu":"0","ocean_custom_header_template":"0","ocean_custom_logo":0,"ocean_custom_retina_logo":0,"ocean_custom_logo_max_width":0,"ocean_custom_logo_tablet_max_width":0,"ocean_custom_logo_mobile_max_width":0,"ocean_custom_logo_max_height":0,"ocean_custom_logo_tablet_max_height":0,"ocean_custom_logo_mobile_max_height":0,"ocean_header_custom_menu":"0","ocean_menu_typo_font_family":"0","ocean_menu_typo_font_subset":"","ocean_menu_typo_font_size":0,"ocean_menu_typo_font_size_tablet":0,"ocean_menu_typo_font_size_mobile":0,"ocean_menu_typo_font_size_unit":"px","ocean_menu_typo_font_weight":"","ocean_menu_typo_font_weight_tablet":"","ocean_menu_typo_font_weight_mobile":"","ocean_menu_typo_transform":"","ocean_menu_typo_transform_tablet":"","ocean_menu_typo_transform_mobile":"","ocean_menu_typo_line_height":0,"ocean_menu_typo_line_height_tablet":0,"ocean_menu_typo_line_height_mobile":0,"ocean_menu_typo_line_height_unit":"","ocean_menu_typo_spacing":0,"ocean_menu_typo_spacing_tablet":0,"ocean_menu_typo_spacing_mobile":0,"ocean_menu_typo_spacing_unit":"","ocean_menu_link_color":"","ocean_menu_link_color_hover":"","ocean_menu_link_color_active":"","ocean_menu_link_background":"","ocean_menu_link_hover_background":"","ocean_menu_link_active_background":"","ocean_menu_social_links_bg":"","ocean_menu_social_hover_links_bg":"","ocean_menu_social_links_color":"","ocean_menu_social_hover_links_color":"","ocean_disable_title":"default","ocean_disable_heading":"default","ocean_post_title":"","ocean_post_subheading":"","ocean_post_title_style":"background-image","ocean_post_title_background_color":"","ocean_post_title_background":12853,"ocean_post_title_bg_image_position":"","ocean_post_title_bg_image_attachment":"","ocean_post_title_bg_image_repeat":"","ocean_post_title_bg_image_size":"","ocean_post_title_height":0,"ocean_post_title_bg_overlay":0.5,"ocean_post_title_bg_overlay_color":"","ocean_disable_breadcrumbs":"default","ocean_breadcrumbs_color":"","ocean_breadcrumbs_separator_color":"","ocean_breadcrumbs_links_color":"","ocean_breadcrumbs_links_hover_color":"","ocean_display_footer_widgets":"default","ocean_display_footer_bottom":"default","ocean_custom_footer_template":"0","omw_enable_modal_window":"enable","osh_disable_topbar_sticky":"default","osh_disable_header_sticky":"default","osh_sticky_header_style":"default","osh_sticky_header_effect":"","osh_custom_sticky_logo":0,"osh_custom_retina_sticky_logo":0,"osh_custom_sticky_logo_height":0,"osh_background_color":"","osh_links_color":"","osh_links_hover_color":"","osh_links_active_color":"","osh_links_bg_color":"","osh_links_hover_bg_color":"","osh_links_active_bg_color":"","osh_menu_social_links_color":"","osh_menu_social_hover_links_color":""},"ort":[469,463,468,466,494,467,478,462,464,458,465,481],"sichtbarkeit":[],"templateoption":[179],"product_brand":[],"product_cat":[182],"product_tag":[],"class_list":{"0":"post-12144","1":"product","2":"type-product","3":"status-publish","4":"has-post-thumbnail","6":"ort-albufeira","7":"ort-alvor","8":"ort-armacao-de-pera","9":"ort-carvoeiro","10":"ort-ferragudo","11":"ort-lagoa","12":"ort-olhos-de-agua","13":"ort-porches","14":"ort-portimao","15":"ort-praia-da-falesia","16":"ort-praia-da-rocha","17":"ort-sesmarias","18":"templateoption-dertrip-bc","19":"product_cat-ausfluege","21":"entry","22":"has-media","24":"first","25":"instock","26":"virtual","27":"purchasable","28":"product-type-simple","29":"has-product-nav","30":"col","31":"span_1_of_3","32":"owp-content-center","33":"owp-thumbs-layout-horizontal","34":"owp-btn-normal","35":"owp-tabs-layout-section"},"acf":[],"_links":{"self":[{"href":"https:\/\/www.dertour-reiseleitung.com\/algarve\/wp-json\/wp\/v2\/product\/12144","targetHints":{"allow":["GET"]}}],"collection":[{"href":"https:\/\/www.dertour-reiseleitung.com\/algarve\/wp-json\/wp\/v2\/product"}],"about":[{"href":"https:\/\/www.dertour-reiseleitung.com\/algarve\/wp-json\/wp\/v2\/types\/product"}],"version-history":[{"count":3,"href":"https:\/\/www.dertour-reiseleitung.com\/algarve\/wp-json\/wp\/v2\/product\/12144\/revisions"}],"predecessor-version":[{"id":12380,"href":"https:\/\/www.dertour-reiseleitung.com\/algarve\/wp-json\/wp\/v2\/product\/12144\/revisions\/12380"}],"wp:featuredmedia":[{"embeddable":true,"href":"https:\/\/www.dertour-reiseleitung.com\/algarve\/wp-json\/wp\/v2\/media\/9632"}],"wp:attachment":[{"href":"https:\/\/www.dertour-reiseleitung.com\/algarve\/wp-json\/wp\/v2\/media?parent=12144"}],"wp:term":[{"taxonomy":"ort","embeddable":true,"href":"https:\/\/www.dertour-reiseleitung.com\/algarve\/wp-json\/wp\/v2\/ort?post=12144"},{"taxonomy":"sichtbarkeit","embeddable":true,"href":"https:\/\/www.dertour-reiseleitung.com\/algarve\/wp-json\/wp\/v2\/sichtbarkeit?post=12144"},{"taxonomy":"templateoption","embeddable":true,"href":"https:\/\/www.dertour-reiseleitung.com\/algarve\/wp-json\/wp\/v2\/templateoption?post=12144"},{"taxonomy":"product_brand","embeddable":true,"href":"https:\/\/www.dertour-reiseleitung.com\/algarve\/wp-json\/wp\/v2\/product_brand?post=12144"},{"taxonomy":"product_cat","embeddable":true,"href":"https:\/\/www.dertour-reiseleitung.com\/algarve\/wp-json\/wp\/v2\/product_cat?post=12144"},{"taxonomy":"product_tag","embeddable":true,"href":"https:\/\/www.dertour-reiseleitung.com\/algarve\/wp-json\/wp\/v2\/product_tag?post=12144"}],"curies":[{"name":"wp","href":"https:\/\/api.w.org\/{rel}","templated":true}]}}