{"id":9606,"date":"2025-03-23T12:06:38","date_gmt":"2025-03-23T11:06:38","guid":{"rendered":"https:\/\/www.dertour-reiseleitung.com\/algarve\/aktivitaeten\/einmal-algarve-bitte\/"},"modified":"2026-03-13T15:47:13","modified_gmt":"2026-03-13T14:47:13","slug":"einmal-algarve-bitte-dds-016-1","status":"publish","type":"product","link":"https:\/\/www.dertour-reiseleitung.com\/algarve\/aktivitaeten\/einmal-algarve-bitte-dds-016-1\/","title":{"rendered":"Einmal Algarve bitte!"},"content":{"rendered":"<h3>Erleben Sie Portugals D\u00f6rfer und K\u00fcstenmagie!<\/h3>\n<p>Der Tag startet mit der Fahrt durch kleine, typische portugiesische D\u00f6rfer und bringt Sie bis nach Porches. Der Ort ist nicht nur an der Algarve bekannt f\u00fcr seine traditionelle Keramikherstellung. In einer Werkstatt sehen Sie, wie diese Keramikkunst bearbeitet wird.<\/p>\n<p>Die Fahrt geht weiter an die wundersch\u00f6ne K\u00fcste der Algarve. Beim Besuch einer der sch\u00f6nsten Buchten, der \u201cPraia da Marinha\u201d genie\u00dfen Sie die einzigartige Aussicht \u00fcber das Meer und die K\u00fcste. Bei Carvoeiro bestaunen Sie die Felsformation &#8222;Algar Seco&#8220; mit ihren Grotten. Die Felsgebilde entstanden \u00fcber Jahrtausende durch Wind und Wellen.<\/p>\n<p>Anschlie\u00dfend bummeln Sie durch Ferragudo, einst ein lebhaftes Fischerdorf, das an der M\u00fcndung des Arade Flusses gegen\u00fcber von Portim\u00e3o liegt.<\/p>\n<p>Zum Schluss des Tages wartet der Besuch eines Weinguts auf Sie. Eine Weinprobe darf hier nat\u00fcrlich nicht fehlen. Nicht nur die Urlauber genie\u00dfen die Sonne der Algarve, auch die Rebst\u00f6cke bringen durch die Sonne hervorragende Trauben hervor.<\/p>\n<p><strong>Ausflugsveranstalter:<\/strong> MTS\u2013 Mediterranean Travel Services Incoming Portugal, S.A.<\/p>\n","protected":false},"excerpt":{"rendered":"<p>Erleben Sie Portugals D\u00f6rfer und K\u00fcstenmagie! Der Tag startet mit der Fahrt durch kleine, typische portugiesische D\u00f6rfer und bringt Sie bis nach Porches. Der Ort ist nicht nur an der Algarve bekannt f\u00fcr seine traditionelle Keramikherstellung. In einer Werkstatt sehen Sie, wie diese Keramikkunst bearbeitet wird. Die Fahrt geht weiter an die wundersch\u00f6ne K\u00fcste der [&hellip;]<\/p>\n","protected":false},"featured_media":9608,"template":"","meta":{"_acf_changed":false,"ocean_post_layout":"","ocean_both_sidebars_style":"","ocean_both_sidebars_content_width":0,"ocean_both_sidebars_sidebars_width":0,"ocean_sidebar":"0","ocean_second_sidebar":"0","ocean_disable_margins":"enable","ocean_add_body_class":"","ocean_shortcode_before_top_bar":"","ocean_shortcode_after_top_bar":"","ocean_shortcode_before_header":"","ocean_shortcode_after_header":"","ocean_has_shortcode":"","ocean_shortcode_after_title":"","ocean_shortcode_before_footer_widgets":"","ocean_shortcode_after_footer_widgets":"","ocean_shortcode_before_footer_bottom":"","ocean_shortcode_after_footer_bottom":"","ocean_display_top_bar":"default","ocean_display_header":"default","ocean_header_style":"","ocean_center_header_left_menu":"0","ocean_custom_header_template":"0","ocean_custom_logo":0,"ocean_custom_retina_logo":0,"ocean_custom_logo_max_width":0,"ocean_custom_logo_tablet_max_width":0,"ocean_custom_logo_mobile_max_width":0,"ocean_custom_logo_max_height":0,"ocean_custom_logo_tablet_max_height":0,"ocean_custom_logo_mobile_max_height":0,"ocean_header_custom_menu":"0","ocean_menu_typo_font_family":"0","ocean_menu_typo_font_subset":"","ocean_menu_typo_font_size":0,"ocean_menu_typo_font_size_tablet":0,"ocean_menu_typo_font_size_mobile":0,"ocean_menu_typo_font_size_unit":"px","ocean_menu_typo_font_weight":"","ocean_menu_typo_font_weight_tablet":"","ocean_menu_typo_font_weight_mobile":"","ocean_menu_typo_transform":"","ocean_menu_typo_transform_tablet":"","ocean_menu_typo_transform_mobile":"","ocean_menu_typo_line_height":0,"ocean_menu_typo_line_height_tablet":0,"ocean_menu_typo_line_height_mobile":0,"ocean_menu_typo_line_height_unit":"","ocean_menu_typo_spacing":0,"ocean_menu_typo_spacing_tablet":0,"ocean_menu_typo_spacing_mobile":0,"ocean_menu_typo_spacing_unit":"","ocean_menu_link_color":"","ocean_menu_link_color_hover":"","ocean_menu_link_color_active":"","ocean_menu_link_background":"","ocean_menu_link_hover_background":"","ocean_menu_link_active_background":"","ocean_menu_social_links_bg":"","ocean_menu_social_hover_links_bg":"","ocean_menu_social_links_color":"","ocean_menu_social_hover_links_color":"","ocean_disable_title":"default","ocean_disable_heading":"default","ocean_post_title":"","ocean_post_subheading":"","ocean_post_title_style":"background-image","ocean_post_title_background_color":"","ocean_post_title_background":9612,"ocean_post_title_bg_image_position":"","ocean_post_title_bg_image_attachment":"","ocean_post_title_bg_image_repeat":"","ocean_post_title_bg_image_size":"","ocean_post_title_height":0,"ocean_post_title_bg_overlay":0.5,"ocean_post_title_bg_overlay_color":"","ocean_disable_breadcrumbs":"default","ocean_breadcrumbs_color":"","ocean_breadcrumbs_separator_color":"","ocean_breadcrumbs_links_color":"","ocean_breadcrumbs_links_hover_color":"","ocean_display_footer_widgets":"default","ocean_display_footer_bottom":"default","ocean_custom_footer_template":"0","omw_enable_modal_window":"enable","osh_disable_topbar_sticky":"default","osh_disable_header_sticky":"default","osh_sticky_header_style":"default","osh_sticky_header_effect":"","osh_custom_sticky_logo":0,"osh_custom_retina_sticky_logo":0,"osh_custom_sticky_logo_height":0,"osh_background_color":"","osh_links_color":"","osh_links_hover_color":"","osh_links_active_color":"","osh_links_bg_color":"","osh_links_hover_bg_color":"","osh_links_active_bg_color":"","osh_menu_social_links_color":"","osh_menu_social_hover_links_color":""},"ort":[469,463,468,466,494,467,461,478,462,464,458,465,470,481,471],"sichtbarkeit":[],"templateoption":[179],"product_brand":[],"product_cat":[182],"product_tag":[],"class_list":{"0":"post-9606","1":"product","2":"type-product","3":"status-publish","4":"has-post-thumbnail","6":"ort-albufeira","7":"ort-alvor","8":"ort-armacao-de-pera","9":"ort-carvoeiro","10":"ort-ferragudo","11":"ort-lagoa","12":"ort-lagos","13":"ort-olhos-de-agua","14":"ort-porches","15":"ort-portimao","16":"ort-praia-da-falesia","17":"ort-praia-da-rocha","18":"ort-quarteira","19":"ort-sesmarias","20":"ort-vilamoura","21":"templateoption-dertrip-bc","22":"product_cat-ausfluege","24":"entry","25":"has-media","27":"first","28":"instock","29":"virtual","30":"purchasable","31":"product-type-simple","32":"has-product-nav","33":"col","34":"span_1_of_3","35":"owp-content-center","36":"owp-thumbs-layout-horizontal","37":"owp-btn-normal","38":"owp-tabs-layout-section"},"acf":[],"_links":{"self":[{"href":"https:\/\/www.dertour-reiseleitung.com\/algarve\/wp-json\/wp\/v2\/product\/9606","targetHints":{"allow":["GET"]}}],"collection":[{"href":"https:\/\/www.dertour-reiseleitung.com\/algarve\/wp-json\/wp\/v2\/product"}],"about":[{"href":"https:\/\/www.dertour-reiseleitung.com\/algarve\/wp-json\/wp\/v2\/types\/product"}],"version-history":[{"count":10,"href":"https:\/\/www.dertour-reiseleitung.com\/algarve\/wp-json\/wp\/v2\/product\/9606\/revisions"}],"predecessor-version":[{"id":12772,"href":"https:\/\/www.dertour-reiseleitung.com\/algarve\/wp-json\/wp\/v2\/product\/9606\/revisions\/12772"}],"wp:featuredmedia":[{"embeddable":true,"href":"https:\/\/www.dertour-reiseleitung.com\/algarve\/wp-json\/wp\/v2\/media\/9608"}],"wp:attachment":[{"href":"https:\/\/www.dertour-reiseleitung.com\/algarve\/wp-json\/wp\/v2\/media?parent=9606"}],"wp:term":[{"taxonomy":"ort","embeddable":true,"href":"https:\/\/www.dertour-reiseleitung.com\/algarve\/wp-json\/wp\/v2\/ort?post=9606"},{"taxonomy":"sichtbarkeit","embeddable":true,"href":"https:\/\/www.dertour-reiseleitung.com\/algarve\/wp-json\/wp\/v2\/sichtbarkeit?post=9606"},{"taxonomy":"templateoption","embeddable":true,"href":"https:\/\/www.dertour-reiseleitung.com\/algarve\/wp-json\/wp\/v2\/templateoption?post=9606"},{"taxonomy":"product_brand","embeddable":true,"href":"https:\/\/www.dertour-reiseleitung.com\/algarve\/wp-json\/wp\/v2\/product_brand?post=9606"},{"taxonomy":"product_cat","embeddable":true,"href":"https:\/\/www.dertour-reiseleitung.com\/algarve\/wp-json\/wp\/v2\/product_cat?post=9606"},{"taxonomy":"product_tag","embeddable":true,"href":"https:\/\/www.dertour-reiseleitung.com\/algarve\/wp-json\/wp\/v2\/product_tag?post=9606"}],"curies":[{"name":"wp","href":"https:\/\/api.w.org\/{rel}","templated":true}]}}