{"id":9614,"date":"2025-03-23T12:07:08","date_gmt":"2025-03-23T11:07:08","guid":{"rendered":"https:\/\/www.dertour-reiseleitung.com\/algarve\/aktivitaeten\/best-of-west-das-ende-der-welt\/"},"modified":"2026-03-13T15:35:57","modified_gmt":"2026-03-13T14:35:57","slug":"best-of-west-das-ende-der-welt-dds-002-1","status":"publish","type":"product","link":"https:\/\/www.dertour-reiseleitung.com\/algarve\/aktivitaeten\/best-of-west-das-ende-der-welt-dds-002-1\/","title":{"rendered":"Best of West &#8211; das Ende der Welt"},"content":{"rendered":"<p>Dieser Ausflug entf\u00fchrt Sie zun\u00e4chst nach Silves. Die Stadt war einst maurische Hauptstadt der Algarve und noch pr\u00e4chtiger als Lissabon. Hier befindet sich auch das sch\u00f6nste Monument aus der Maurenzeit. Erklimmen Sie die alte aus rotem Sandstein erbaute Burg (fakultativ), die die einst goldenen Zeiten widerspiegelt, und bestaunen Sie eine der \u00e4ltesten Kapellen der Algarve.<\/p>\n<p>Durch nahezu unber\u00fchrte Natur erreichen Sie Cabo de S\u00e3o Vicente \u2013 dereinst vermutete man hier das Ende der Welt. Das ist es zwar nicht, aber immerhin der s\u00fcdwestlichste Punkt Europas. Beeindrucken wird Sie sicher die einzigartige, wild zerkl\u00fcftete Steilk\u00fcste und der lichtst\u00e4rkste Leuchtturm des Kontinents. Im Anschluss fahren Sie durch Sagres, die Stadt, die durch Heinrich den Seefahrer und seine im 15. Jahrhundert gegr\u00fcndete Seefahrerschule ber\u00fchmt wurde.<\/p>\n<p>Weiter geht es nach Lagos, einer der sch\u00f6nsten St\u00e4dte der Westalgarve. Die pittoreske Altstadt l\u00e4dt zu einem Bummel ein. Fr\u00fcher war die Stadt Ausgangspunkt vieler Entdeckungen und ber\u00fchmt f\u00fcr ihren Sklavenmarkt. Heute wartet das ein oder andere Mitbringsel auf Sie.<\/p>\n<p><strong>Ausflugsveranstalter:<\/strong> MTS \u2013 Mediterranean Travel Services Incoming Portugal, S.A.<\/p>\n","protected":false},"excerpt":{"rendered":"<p>Dieser Ausflug entf\u00fchrt Sie zun\u00e4chst nach Silves. Die Stadt war einst maurische Hauptstadt der Algarve und noch pr\u00e4chtiger als Lissabon. Hier befindet sich auch das sch\u00f6nste Monument aus der Maurenzeit. Erklimmen Sie die alte aus rotem Sandstein erbaute Burg (fakultativ), die die einst goldenen Zeiten widerspiegelt, und bestaunen Sie eine der \u00e4ltesten Kapellen der Algarve. [&hellip;]<\/p>\n","protected":false},"featured_media":9616,"template":"","meta":{"_acf_changed":false,"ocean_post_layout":"","ocean_both_sidebars_style":"","ocean_both_sidebars_content_width":0,"ocean_both_sidebars_sidebars_width":0,"ocean_sidebar":"0","ocean_second_sidebar":"0","ocean_disable_margins":"enable","ocean_add_body_class":"","ocean_shortcode_before_top_bar":"","ocean_shortcode_after_top_bar":"","ocean_shortcode_before_header":"","ocean_shortcode_after_header":"","ocean_has_shortcode":"","ocean_shortcode_after_title":"","ocean_shortcode_before_footer_widgets":"","ocean_shortcode_after_footer_widgets":"","ocean_shortcode_before_footer_bottom":"","ocean_shortcode_after_footer_bottom":"","ocean_display_top_bar":"default","ocean_display_header":"default","ocean_header_style":"","ocean_center_header_left_menu":"0","ocean_custom_header_template":"0","ocean_custom_logo":0,"ocean_custom_retina_logo":0,"ocean_custom_logo_max_width":0,"ocean_custom_logo_tablet_max_width":0,"ocean_custom_logo_mobile_max_width":0,"ocean_custom_logo_max_height":0,"ocean_custom_logo_tablet_max_height":0,"ocean_custom_logo_mobile_max_height":0,"ocean_header_custom_menu":"0","ocean_menu_typo_font_family":"0","ocean_menu_typo_font_subset":"","ocean_menu_typo_font_size":0,"ocean_menu_typo_font_size_tablet":0,"ocean_menu_typo_font_size_mobile":0,"ocean_menu_typo_font_size_unit":"px","ocean_menu_typo_font_weight":"","ocean_menu_typo_font_weight_tablet":"","ocean_menu_typo_font_weight_mobile":"","ocean_menu_typo_transform":"","ocean_menu_typo_transform_tablet":"","ocean_menu_typo_transform_mobile":"","ocean_menu_typo_line_height":0,"ocean_menu_typo_line_height_tablet":0,"ocean_menu_typo_line_height_mobile":0,"ocean_menu_typo_line_height_unit":"","ocean_menu_typo_spacing":0,"ocean_menu_typo_spacing_tablet":0,"ocean_menu_typo_spacing_mobile":0,"ocean_menu_typo_spacing_unit":"","ocean_menu_link_color":"","ocean_menu_link_color_hover":"","ocean_menu_link_color_active":"","ocean_menu_link_background":"","ocean_menu_link_hover_background":"","ocean_menu_link_active_background":"","ocean_menu_social_links_bg":"","ocean_menu_social_hover_links_bg":"","ocean_menu_social_links_color":"","ocean_menu_social_hover_links_color":"","ocean_disable_title":"default","ocean_disable_heading":"default","ocean_post_title":"","ocean_post_subheading":"","ocean_post_title_style":"background-image","ocean_post_title_background_color":"","ocean_post_title_background":9627,"ocean_post_title_bg_image_position":"","ocean_post_title_bg_image_attachment":"","ocean_post_title_bg_image_repeat":"","ocean_post_title_bg_image_size":"","ocean_post_title_height":0,"ocean_post_title_bg_overlay":0.5,"ocean_post_title_bg_overlay_color":"","ocean_disable_breadcrumbs":"default","ocean_breadcrumbs_color":"","ocean_breadcrumbs_separator_color":"","ocean_breadcrumbs_links_color":"","ocean_breadcrumbs_links_hover_color":"","ocean_display_footer_widgets":"default","ocean_display_footer_bottom":"default","ocean_custom_footer_template":"0","omw_enable_modal_window":"enable","osh_disable_topbar_sticky":"default","osh_disable_header_sticky":"default","osh_sticky_header_style":"default","osh_sticky_header_effect":"","osh_custom_sticky_logo":0,"osh_custom_retina_sticky_logo":0,"osh_custom_sticky_logo_height":0,"osh_background_color":"","osh_links_color":"","osh_links_hover_color":"","osh_links_active_color":"","osh_links_bg_color":"","osh_links_hover_bg_color":"","osh_links_active_bg_color":"","osh_menu_social_links_color":"","osh_menu_social_hover_links_color":""},"ort":[463,468,466,494,467,462,464,465,470,471],"sichtbarkeit":[],"templateoption":[179],"product_brand":[],"product_cat":[182],"product_tag":[],"class_list":{"0":"post-9614","1":"product","2":"type-product","3":"status-publish","4":"has-post-thumbnail","6":"ort-alvor","7":"ort-armacao-de-pera","8":"ort-carvoeiro","9":"ort-ferragudo","10":"ort-lagoa","11":"ort-porches","12":"ort-portimao","13":"ort-praia-da-rocha","14":"ort-quarteira","15":"ort-vilamoura","16":"templateoption-dertrip-bc","17":"product_cat-ausfluege","19":"entry","20":"has-media","22":"first","23":"instock","24":"virtual","25":"purchasable","26":"product-type-simple","27":"has-product-nav","28":"col","29":"span_1_of_3","30":"owp-content-center","31":"owp-thumbs-layout-horizontal","32":"owp-btn-normal","33":"owp-tabs-layout-section"},"acf":[],"_links":{"self":[{"href":"https:\/\/www.dertour-reiseleitung.com\/algarve\/wp-json\/wp\/v2\/product\/9614","targetHints":{"allow":["GET"]}}],"collection":[{"href":"https:\/\/www.dertour-reiseleitung.com\/algarve\/wp-json\/wp\/v2\/product"}],"about":[{"href":"https:\/\/www.dertour-reiseleitung.com\/algarve\/wp-json\/wp\/v2\/types\/product"}],"version-history":[{"count":8,"href":"https:\/\/www.dertour-reiseleitung.com\/algarve\/wp-json\/wp\/v2\/product\/9614\/revisions"}],"predecessor-version":[{"id":11674,"href":"https:\/\/www.dertour-reiseleitung.com\/algarve\/wp-json\/wp\/v2\/product\/9614\/revisions\/11674"}],"wp:featuredmedia":[{"embeddable":true,"href":"https:\/\/www.dertour-reiseleitung.com\/algarve\/wp-json\/wp\/v2\/media\/9616"}],"wp:attachment":[{"href":"https:\/\/www.dertour-reiseleitung.com\/algarve\/wp-json\/wp\/v2\/media?parent=9614"}],"wp:term":[{"taxonomy":"ort","embeddable":true,"href":"https:\/\/www.dertour-reiseleitung.com\/algarve\/wp-json\/wp\/v2\/ort?post=9614"},{"taxonomy":"sichtbarkeit","embeddable":true,"href":"https:\/\/www.dertour-reiseleitung.com\/algarve\/wp-json\/wp\/v2\/sichtbarkeit?post=9614"},{"taxonomy":"templateoption","embeddable":true,"href":"https:\/\/www.dertour-reiseleitung.com\/algarve\/wp-json\/wp\/v2\/templateoption?post=9614"},{"taxonomy":"product_brand","embeddable":true,"href":"https:\/\/www.dertour-reiseleitung.com\/algarve\/wp-json\/wp\/v2\/product_brand?post=9614"},{"taxonomy":"product_cat","embeddable":true,"href":"https:\/\/www.dertour-reiseleitung.com\/algarve\/wp-json\/wp\/v2\/product_cat?post=9614"},{"taxonomy":"product_tag","embeddable":true,"href":"https:\/\/www.dertour-reiseleitung.com\/algarve\/wp-json\/wp\/v2\/product_tag?post=9614"}],"curies":[{"name":"wp","href":"https:\/\/api.w.org\/{rel}","templated":true}]}}