{"id":9660,"date":"2025-03-23T12:08:00","date_gmt":"2025-03-23T11:08:00","guid":{"rendered":"https:\/\/www.dertour-reiseleitung.com\/algarve\/aktivitaeten\/transguadiana-flussfahrt-ab-tavira-altura-monte-gordo\/"},"modified":"2026-05-13T09:30:35","modified_gmt":"2026-05-13T08:30:35","slug":"guadiana-flussfahrt-dds-003-1","status":"publish","type":"product","link":"https:\/\/www.dertour-reiseleitung.com\/algarve\/aktivitaeten\/guadiana-flussfahrt-dds-003-1\/","title":{"rendered":"Guadiana-Flussfahrt"},"content":{"rendered":"<h3>Gleiten Sie durch Landschaften zwischen Portugal und Spanien!<\/h3>\n<p>Auf dem Fluss Guadiana schippern Sie an Bord eines Flussschiffes vorbei an weiten Landschaften im Grenzgebiet zwischen Portugal und Spanien.<\/p>\n<p>A Raia, \u201eder Streifen\u201c wird die 1.214 Kilometer lange Grenze zwischen Portugal und Spanien genannt. Heute ist die Grenze die \u00e4lteste existierende ihrer Art innerhalb der Europ\u00e4ischen Union.<\/p>\n<p>Genie\u00dfen Sie die entspannte Atmosph\u00e4re an Bord und die herrlichen Eindr\u00fccke, die sich bieten.<\/p>\n<p><strong>Ausflugsveranstalter:<\/strong> MTS \u2013 Mediterranean Travel Services Incoming Portugal, S.A.<\/p>\n","protected":false},"excerpt":{"rendered":"<p>Gleiten Sie durch Landschaften zwischen Portugal und Spanien! Auf dem Fluss Guadiana schippern Sie an Bord eines Flussschiffes vorbei an weiten Landschaften im Grenzgebiet zwischen Portugal und Spanien. A Raia, \u201eder Streifen\u201c wird die 1.214 Kilometer lange Grenze zwischen Portugal und Spanien genannt. Heute ist die Grenze die \u00e4lteste existierende ihrer Art innerhalb der Europ\u00e4ischen [&hellip;]<\/p>\n","protected":false},"featured_media":9662,"template":"","meta":{"_acf_changed":false,"ocean_post_layout":"","ocean_both_sidebars_style":"","ocean_both_sidebars_content_width":0,"ocean_both_sidebars_sidebars_width":0,"ocean_sidebar":"0","ocean_second_sidebar":"0","ocean_disable_margins":"enable","ocean_add_body_class":"","ocean_shortcode_before_top_bar":"","ocean_shortcode_after_top_bar":"","ocean_shortcode_before_header":"","ocean_shortcode_after_header":"","ocean_has_shortcode":"","ocean_shortcode_after_title":"","ocean_shortcode_before_footer_widgets":"","ocean_shortcode_after_footer_widgets":"","ocean_shortcode_before_footer_bottom":"","ocean_shortcode_after_footer_bottom":"","ocean_display_top_bar":"default","ocean_display_header":"default","ocean_header_style":"","ocean_center_header_left_menu":"0","ocean_custom_header_template":"0","ocean_custom_logo":0,"ocean_custom_retina_logo":0,"ocean_custom_logo_max_width":0,"ocean_custom_logo_tablet_max_width":0,"ocean_custom_logo_mobile_max_width":0,"ocean_custom_logo_max_height":0,"ocean_custom_logo_tablet_max_height":0,"ocean_custom_logo_mobile_max_height":0,"ocean_header_custom_menu":"0","ocean_menu_typo_font_family":"0","ocean_menu_typo_font_subset":"","ocean_menu_typo_font_size":0,"ocean_menu_typo_font_size_tablet":0,"ocean_menu_typo_font_size_mobile":0,"ocean_menu_typo_font_size_unit":"px","ocean_menu_typo_font_weight":"","ocean_menu_typo_font_weight_tablet":"","ocean_menu_typo_font_weight_mobile":"","ocean_menu_typo_transform":"","ocean_menu_typo_transform_tablet":"","ocean_menu_typo_transform_mobile":"","ocean_menu_typo_line_height":0,"ocean_menu_typo_line_height_tablet":0,"ocean_menu_typo_line_height_mobile":0,"ocean_menu_typo_line_height_unit":"","ocean_menu_typo_spacing":0,"ocean_menu_typo_spacing_tablet":0,"ocean_menu_typo_spacing_mobile":0,"ocean_menu_typo_spacing_unit":"","ocean_menu_link_color":"","ocean_menu_link_color_hover":"","ocean_menu_link_color_active":"","ocean_menu_link_background":"","ocean_menu_link_hover_background":"","ocean_menu_link_active_background":"","ocean_menu_social_links_bg":"","ocean_menu_social_hover_links_bg":"","ocean_menu_social_links_color":"","ocean_menu_social_hover_links_color":"","ocean_disable_title":"default","ocean_disable_heading":"default","ocean_post_title":"","ocean_post_subheading":"","ocean_post_title_style":"background-image","ocean_post_title_background_color":"","ocean_post_title_background":9671,"ocean_post_title_bg_image_position":"","ocean_post_title_bg_image_attachment":"","ocean_post_title_bg_image_repeat":"","ocean_post_title_bg_image_size":"","ocean_post_title_height":0,"ocean_post_title_bg_overlay":0.5,"ocean_post_title_bg_overlay_color":"","ocean_disable_breadcrumbs":"default","ocean_breadcrumbs_color":"","ocean_breadcrumbs_separator_color":"","ocean_breadcrumbs_links_color":"","ocean_breadcrumbs_links_hover_color":"","ocean_display_footer_widgets":"default","ocean_display_footer_bottom":"default","ocean_custom_footer_template":"0","omw_enable_modal_window":"enable","osh_disable_topbar_sticky":"default","osh_disable_header_sticky":"default","osh_sticky_header_style":"default","osh_sticky_header_effect":"","osh_custom_sticky_logo":0,"osh_custom_retina_sticky_logo":0,"osh_custom_sticky_logo_height":0,"osh_background_color":"","osh_links_color":"","osh_links_hover_color":"","osh_links_active_color":"","osh_links_bg_color":"","osh_links_hover_bg_color":"","osh_links_active_bg_color":"","osh_menu_social_links_color":"","osh_menu_social_hover_links_color":""},"ort":[473,472],"sichtbarkeit":[],"templateoption":[179],"product_brand":[],"product_cat":[182],"product_tag":[],"class_list":{"0":"post-9660","1":"product","2":"type-product","3":"status-publish","4":"has-post-thumbnail","6":"ort-cabanas-de-tavira","7":"ort-tavira","8":"templateoption-dertrip-bc","9":"product_cat-ausfluege","11":"entry","12":"has-media","14":"first","15":"instock","16":"virtual","17":"purchasable","18":"product-type-simple","19":"has-product-nav","20":"col","21":"span_1_of_3","22":"owp-content-center","23":"owp-thumbs-layout-horizontal","24":"owp-btn-normal","25":"owp-tabs-layout-section"},"acf":[],"_links":{"self":[{"href":"https:\/\/www.dertour-reiseleitung.com\/algarve\/wp-json\/wp\/v2\/product\/9660","targetHints":{"allow":["GET"]}}],"collection":[{"href":"https:\/\/www.dertour-reiseleitung.com\/algarve\/wp-json\/wp\/v2\/product"}],"about":[{"href":"https:\/\/www.dertour-reiseleitung.com\/algarve\/wp-json\/wp\/v2\/types\/product"}],"version-history":[{"count":11,"href":"https:\/\/www.dertour-reiseleitung.com\/algarve\/wp-json\/wp\/v2\/product\/9660\/revisions"}],"predecessor-version":[{"id":13397,"href":"https:\/\/www.dertour-reiseleitung.com\/algarve\/wp-json\/wp\/v2\/product\/9660\/revisions\/13397"}],"wp:featuredmedia":[{"embeddable":true,"href":"https:\/\/www.dertour-reiseleitung.com\/algarve\/wp-json\/wp\/v2\/media\/9662"}],"wp:attachment":[{"href":"https:\/\/www.dertour-reiseleitung.com\/algarve\/wp-json\/wp\/v2\/media?parent=9660"}],"wp:term":[{"taxonomy":"ort","embeddable":true,"href":"https:\/\/www.dertour-reiseleitung.com\/algarve\/wp-json\/wp\/v2\/ort?post=9660"},{"taxonomy":"sichtbarkeit","embeddable":true,"href":"https:\/\/www.dertour-reiseleitung.com\/algarve\/wp-json\/wp\/v2\/sichtbarkeit?post=9660"},{"taxonomy":"templateoption","embeddable":true,"href":"https:\/\/www.dertour-reiseleitung.com\/algarve\/wp-json\/wp\/v2\/templateoption?post=9660"},{"taxonomy":"product_brand","embeddable":true,"href":"https:\/\/www.dertour-reiseleitung.com\/algarve\/wp-json\/wp\/v2\/product_brand?post=9660"},{"taxonomy":"product_cat","embeddable":true,"href":"https:\/\/www.dertour-reiseleitung.com\/algarve\/wp-json\/wp\/v2\/product_cat?post=9660"},{"taxonomy":"product_tag","embeddable":true,"href":"https:\/\/www.dertour-reiseleitung.com\/algarve\/wp-json\/wp\/v2\/product_tag?post=9660"}],"curies":[{"name":"wp","href":"https:\/\/api.w.org\/{rel}","templated":true}]}}