{"id":9706,"date":"2025-03-23T12:09:43","date_gmt":"2025-03-23T11:09:43","guid":{"rendered":"https:\/\/www.dertour-reiseleitung.com\/algarve\/aktivitaeten\/sevilla-das-herz-andalusiens\/"},"modified":"2026-03-16T11:36:29","modified_gmt":"2026-03-16T10:36:29","slug":"sevilla-das-herz-andalusiens-dds-010-1","status":"publish","type":"product","link":"https:\/\/www.dertour-reiseleitung.com\/algarve\/aktivitaeten\/sevilla-das-herz-andalusiens-dds-010-1\/","title":{"rendered":"Sevilla &#8211; das Herz Andalusiens"},"content":{"rendered":"<h3>Andalusiens Juwel und temperamentvolle Hauptstadt<\/h3>\n<p>Nach der Abholung von Ihrem Hotel geht die Fahrt Richtung Sevilla. Bei einer Stadtrundfahrt geht es vorbei an den eindrucksvollsten Monumenten der Stadt, die einst von R\u00f6mern am Fluss Guadalquivir errichtet wurde: dem goldenen Turm, dem prachtvollen halbkreisf\u00f6rmigen Platz Plaza de Espa\u00f1a, dem schattenspendenden Maria Luisa Park sowie der ber\u00fchmten und gleichzeitig drittgr\u00f6\u00dften Kathedrale der Welt mit ihrem Glockenturm Giralda.<\/p>\n<p>W\u00e4hrend Ihrer Freizeit k\u00f6nnen Sie all diese Sehensw\u00fcrdigkeiten nach eigenem Wunsch besichtigen oder Sie besuchen den Alcazar-Palast, die k\u00f6nigliche Residenz (jeweils Eintritt nicht inklusive) und das ehemalige j\u00fcdische Viertel Barrio Santa Cruz.<\/p>\n<p>Schlendern Sie auch durch das Labyrinth der Gassen in der Altstadt. Hier finden Sie hinter wundersch\u00f6nen Hauseing\u00e4ngen blumengeschm\u00fcckte Innenh\u00f6fe (Patios), die oft mit Keramik verziert sind. Nutzen Sie Ihre freie Zeit f\u00fcr eine romantische Kutschfahrt (fakultativ) oder trinken Sie in aller Ruhe einen Kaffee oder Fino (andalusische Sherry-Spezialit\u00e4t) und beobachten Sie das bunte Treiben.<\/p>\n<p>Es gibt eine Reihe von St\u00e4dten auf dieser Welt, die eine Reise wert sind \u2013 Sevilla geh\u00f6rt ohne jeden Zweifel dazu. Lassen Sie sich diesen Ausflug nicht entgehen!<\/p>\n<p><strong>Ausflugsveranstalter:<\/strong> MTS \u2013 Mediterranean Travel Services Incoming Portugal, S.A<\/p>\n","protected":false},"excerpt":{"rendered":"<p>Andalusiens Juwel und temperamentvolle Hauptstadt Nach der Abholung von Ihrem Hotel geht die Fahrt Richtung Sevilla. Bei einer Stadtrundfahrt geht es vorbei an den eindrucksvollsten Monumenten der Stadt, die einst von R\u00f6mern am Fluss Guadalquivir errichtet wurde: dem goldenen Turm, dem prachtvollen halbkreisf\u00f6rmigen Platz Plaza de Espa\u00f1a, dem schattenspendenden Maria Luisa Park sowie der ber\u00fchmten [&hellip;]<\/p>\n","protected":false},"featured_media":9708,"template":"","meta":{"_acf_changed":false,"ocean_post_layout":"","ocean_both_sidebars_style":"","ocean_both_sidebars_content_width":0,"ocean_both_sidebars_sidebars_width":0,"ocean_sidebar":"0","ocean_second_sidebar":"0","ocean_disable_margins":"enable","ocean_add_body_class":"","ocean_shortcode_before_top_bar":"","ocean_shortcode_after_top_bar":"","ocean_shortcode_before_header":"","ocean_shortcode_after_header":"","ocean_has_shortcode":"","ocean_shortcode_after_title":"","ocean_shortcode_before_footer_widgets":"","ocean_shortcode_after_footer_widgets":"","ocean_shortcode_before_footer_bottom":"","ocean_shortcode_after_footer_bottom":"","ocean_display_top_bar":"default","ocean_display_header":"default","ocean_header_style":"","ocean_center_header_left_menu":"0","ocean_custom_header_template":"0","ocean_custom_logo":0,"ocean_custom_retina_logo":0,"ocean_custom_logo_max_width":0,"ocean_custom_logo_tablet_max_width":0,"ocean_custom_logo_mobile_max_width":0,"ocean_custom_logo_max_height":0,"ocean_custom_logo_tablet_max_height":0,"ocean_custom_logo_mobile_max_height":0,"ocean_header_custom_menu":"0","ocean_menu_typo_font_family":"0","ocean_menu_typo_font_subset":"","ocean_menu_typo_font_size":0,"ocean_menu_typo_font_size_tablet":0,"ocean_menu_typo_font_size_mobile":0,"ocean_menu_typo_font_size_unit":"px","ocean_menu_typo_font_weight":"","ocean_menu_typo_font_weight_tablet":"","ocean_menu_typo_font_weight_mobile":"","ocean_menu_typo_transform":"","ocean_menu_typo_transform_tablet":"","ocean_menu_typo_transform_mobile":"","ocean_menu_typo_line_height":0,"ocean_menu_typo_line_height_tablet":0,"ocean_menu_typo_line_height_mobile":0,"ocean_menu_typo_line_height_unit":"","ocean_menu_typo_spacing":0,"ocean_menu_typo_spacing_tablet":0,"ocean_menu_typo_spacing_mobile":0,"ocean_menu_typo_spacing_unit":"","ocean_menu_link_color":"","ocean_menu_link_color_hover":"","ocean_menu_link_color_active":"","ocean_menu_link_background":"","ocean_menu_link_hover_background":"","ocean_menu_link_active_background":"","ocean_menu_social_links_bg":"","ocean_menu_social_hover_links_bg":"","ocean_menu_social_links_color":"","ocean_menu_social_hover_links_color":"","ocean_disable_title":"default","ocean_disable_heading":"default","ocean_post_title":"","ocean_post_subheading":"","ocean_post_title_style":"background-image","ocean_post_title_background_color":"","ocean_post_title_background":9712,"ocean_post_title_bg_image_position":"","ocean_post_title_bg_image_attachment":"","ocean_post_title_bg_image_repeat":"","ocean_post_title_bg_image_size":"","ocean_post_title_height":0,"ocean_post_title_bg_overlay":0.5,"ocean_post_title_bg_overlay_color":"","ocean_disable_breadcrumbs":"default","ocean_breadcrumbs_color":"","ocean_breadcrumbs_separator_color":"","ocean_breadcrumbs_links_color":"","ocean_breadcrumbs_links_hover_color":"","ocean_display_footer_widgets":"default","ocean_display_footer_bottom":"default","ocean_custom_footer_template":"0","omw_enable_modal_window":"enable","osh_disable_topbar_sticky":"default","osh_disable_header_sticky":"default","osh_sticky_header_style":"default","osh_sticky_header_effect":"","osh_custom_sticky_logo":0,"osh_custom_retina_sticky_logo":0,"osh_custom_sticky_logo_height":0,"osh_background_color":"","osh_links_color":"","osh_links_hover_color":"","osh_links_active_color":"","osh_links_bg_color":"","osh_links_hover_bg_color":"","osh_links_active_bg_color":"","osh_menu_social_links_color":"","osh_menu_social_hover_links_color":""},"ort":[469,463,468,466,479,482,494,467,461,478,462,464,458,465,470,481,471],"sichtbarkeit":[],"templateoption":[179],"product_brand":[],"product_cat":[182],"product_tag":[],"class_list":{"0":"post-9706","1":"product","2":"type-product","3":"status-publish","4":"has-post-thumbnail","6":"ort-albufeira","7":"ort-alvor","8":"ort-armacao-de-pera","9":"ort-carvoeiro","10":"ort-estoi","11":"ort-faro","12":"ort-ferragudo","13":"ort-lagoa","14":"ort-lagos","15":"ort-olhos-de-agua","16":"ort-porches","17":"ort-portimao","18":"ort-praia-da-falesia","19":"ort-praia-da-rocha","20":"ort-quarteira","21":"ort-sesmarias","22":"ort-vilamoura","23":"templateoption-dertrip-bc","24":"product_cat-ausfluege","26":"entry","27":"has-media","29":"first","30":"instock","31":"virtual","32":"purchasable","33":"product-type-simple","34":"has-product-nav","35":"col","36":"span_1_of_3","37":"owp-content-center","38":"owp-thumbs-layout-horizontal","39":"owp-btn-normal","40":"owp-tabs-layout-section"},"acf":[],"_links":{"self":[{"href":"https:\/\/www.dertour-reiseleitung.com\/algarve\/wp-json\/wp\/v2\/product\/9706","targetHints":{"allow":["GET"]}}],"collection":[{"href":"https:\/\/www.dertour-reiseleitung.com\/algarve\/wp-json\/wp\/v2\/product"}],"about":[{"href":"https:\/\/www.dertour-reiseleitung.com\/algarve\/wp-json\/wp\/v2\/types\/product"}],"version-history":[{"count":9,"href":"https:\/\/www.dertour-reiseleitung.com\/algarve\/wp-json\/wp\/v2\/product\/9706\/revisions"}],"predecessor-version":[{"id":11670,"href":"https:\/\/www.dertour-reiseleitung.com\/algarve\/wp-json\/wp\/v2\/product\/9706\/revisions\/11670"}],"wp:featuredmedia":[{"embeddable":true,"href":"https:\/\/www.dertour-reiseleitung.com\/algarve\/wp-json\/wp\/v2\/media\/9708"}],"wp:attachment":[{"href":"https:\/\/www.dertour-reiseleitung.com\/algarve\/wp-json\/wp\/v2\/media?parent=9706"}],"wp:term":[{"taxonomy":"ort","embeddable":true,"href":"https:\/\/www.dertour-reiseleitung.com\/algarve\/wp-json\/wp\/v2\/ort?post=9706"},{"taxonomy":"sichtbarkeit","embeddable":true,"href":"https:\/\/www.dertour-reiseleitung.com\/algarve\/wp-json\/wp\/v2\/sichtbarkeit?post=9706"},{"taxonomy":"templateoption","embeddable":true,"href":"https:\/\/www.dertour-reiseleitung.com\/algarve\/wp-json\/wp\/v2\/templateoption?post=9706"},{"taxonomy":"product_brand","embeddable":true,"href":"https:\/\/www.dertour-reiseleitung.com\/algarve\/wp-json\/wp\/v2\/product_brand?post=9706"},{"taxonomy":"product_cat","embeddable":true,"href":"https:\/\/www.dertour-reiseleitung.com\/algarve\/wp-json\/wp\/v2\/product_cat?post=9706"},{"taxonomy":"product_tag","embeddable":true,"href":"https:\/\/www.dertour-reiseleitung.com\/algarve\/wp-json\/wp\/v2\/product_tag?post=9706"}],"curies":[{"name":"wp","href":"https:\/\/api.w.org\/{rel}","templated":true}]}}