{"id":9739,"date":"2025-03-23T12:11:36","date_gmt":"2025-03-23T11:11:36","guid":{"rendered":"https:\/\/www.dertour-reiseleitung.com\/algarve\/aktivitaeten\/super-day\/"},"modified":"2026-05-13T09:58:15","modified_gmt":"2026-05-13T08:58:15","slug":"super-day-dds-014-1","status":"publish","type":"product","link":"https:\/\/www.dertour-reiseleitung.com\/algarve\/aktivitaeten\/super-day-dds-014-1\/","title":{"rendered":"Super Day"},"content":{"rendered":"<h3>Jeep &amp; Arade Flussfahrt<\/h3>\n<p>Ein abenteuerlicher und zugleich abwechslungsreicher Tag erwartet Sie. Mit dem Gel\u00e4ndewagen geht es durch wundersch\u00f6ne Landschaften und durch vergessene D\u00f6rfer. Entdecken Sie die Traditionen und Br\u00e4uche der Algarve. Kosten Sie regionale Produkte, wie Honig und Medronho &#8211; ein starkes lokales Getr\u00e4nk.<\/p>\n<p>Ein leckeres Essen in einem landestypischen Restaurant ist inkludiert.<\/p>\n<p>Genie\u00dfen Sie w\u00e4hrend der entspannten Flussfahrt das herrliche Uferpanorama des Arade Flusses, der schon zu Zeiten der R\u00f6mer eine bedeutende Wasserstra\u00dfe war. Sie fahren bis zur Flussm\u00fcndung und halten an einem der goldenen Str\u00e4nde f\u00fcr einen Badestopp.<\/p>\n<p><strong>Ausflugsveranstalter:<\/strong>\u00a0MTS \u2013 Mediterranean Travel Services Incoming Portugal, S.A.<\/p>\n","protected":false},"excerpt":{"rendered":"<p>Jeep &amp; Arade Flussfahrt Ein abenteuerlicher und zugleich abwechslungsreicher Tag erwartet Sie. Mit dem Gel\u00e4ndewagen geht es durch wundersch\u00f6ne Landschaften und durch vergessene D\u00f6rfer. Entdecken Sie die Traditionen und Br\u00e4uche der Algarve. Kosten Sie regionale Produkte, wie Honig und Medronho &#8211; ein starkes lokales Getr\u00e4nk. Ein leckeres Essen in einem landestypischen Restaurant ist inkludiert. Genie\u00dfen [&hellip;]<\/p>\n","protected":false},"featured_media":9741,"template":"","meta":{"_acf_changed":false,"ocean_post_layout":"","ocean_both_sidebars_style":"","ocean_both_sidebars_content_width":0,"ocean_both_sidebars_sidebars_width":0,"ocean_sidebar":"0","ocean_second_sidebar":"0","ocean_disable_margins":"enable","ocean_add_body_class":"","ocean_shortcode_before_top_bar":"","ocean_shortcode_after_top_bar":"","ocean_shortcode_before_header":"","ocean_shortcode_after_header":"","ocean_has_shortcode":"","ocean_shortcode_after_title":"","ocean_shortcode_before_footer_widgets":"","ocean_shortcode_after_footer_widgets":"","ocean_shortcode_before_footer_bottom":"","ocean_shortcode_after_footer_bottom":"","ocean_display_top_bar":"default","ocean_display_header":"default","ocean_header_style":"","ocean_center_header_left_menu":"0","ocean_custom_header_template":"0","ocean_custom_logo":0,"ocean_custom_retina_logo":0,"ocean_custom_logo_max_width":0,"ocean_custom_logo_tablet_max_width":0,"ocean_custom_logo_mobile_max_width":0,"ocean_custom_logo_max_height":0,"ocean_custom_logo_tablet_max_height":0,"ocean_custom_logo_mobile_max_height":0,"ocean_header_custom_menu":"0","ocean_menu_typo_font_family":"0","ocean_menu_typo_font_subset":"","ocean_menu_typo_font_size":0,"ocean_menu_typo_font_size_tablet":0,"ocean_menu_typo_font_size_mobile":0,"ocean_menu_typo_font_size_unit":"px","ocean_menu_typo_font_weight":"","ocean_menu_typo_font_weight_tablet":"","ocean_menu_typo_font_weight_mobile":"","ocean_menu_typo_transform":"","ocean_menu_typo_transform_tablet":"","ocean_menu_typo_transform_mobile":"","ocean_menu_typo_line_height":0,"ocean_menu_typo_line_height_tablet":0,"ocean_menu_typo_line_height_mobile":0,"ocean_menu_typo_line_height_unit":"","ocean_menu_typo_spacing":0,"ocean_menu_typo_spacing_tablet":0,"ocean_menu_typo_spacing_mobile":0,"ocean_menu_typo_spacing_unit":"","ocean_menu_link_color":"","ocean_menu_link_color_hover":"","ocean_menu_link_color_active":"","ocean_menu_link_background":"","ocean_menu_link_hover_background":"","ocean_menu_link_active_background":"","ocean_menu_social_links_bg":"","ocean_menu_social_hover_links_bg":"","ocean_menu_social_links_color":"","ocean_menu_social_hover_links_color":"","ocean_disable_title":"default","ocean_disable_heading":"default","ocean_post_title":"","ocean_post_subheading":"","ocean_post_title_style":"background-image","ocean_post_title_background_color":"","ocean_post_title_background":9746,"ocean_post_title_bg_image_position":"","ocean_post_title_bg_image_attachment":"","ocean_post_title_bg_image_repeat":"","ocean_post_title_bg_image_size":"","ocean_post_title_height":0,"ocean_post_title_bg_overlay":0.5,"ocean_post_title_bg_overlay_color":"","ocean_disable_breadcrumbs":"default","ocean_breadcrumbs_color":"","ocean_breadcrumbs_separator_color":"","ocean_breadcrumbs_links_color":"","ocean_breadcrumbs_links_hover_color":"","ocean_display_footer_widgets":"default","ocean_display_footer_bottom":"default","ocean_custom_footer_template":"0","omw_enable_modal_window":"enable","osh_disable_topbar_sticky":"default","osh_disable_header_sticky":"default","osh_sticky_header_style":"default","osh_sticky_header_effect":"","osh_custom_sticky_logo":0,"osh_custom_retina_sticky_logo":0,"osh_custom_sticky_logo_height":0,"osh_background_color":"","osh_links_color":"","osh_links_hover_color":"","osh_links_active_color":"","osh_links_bg_color":"","osh_links_hover_bg_color":"","osh_links_active_bg_color":"","osh_menu_social_links_color":"","osh_menu_social_hover_links_color":""},"ort":[469,463,468,466,494,467,461,478,462,464,458,465,481],"sichtbarkeit":[],"templateoption":[179],"product_brand":[],"product_cat":[182],"product_tag":[],"class_list":{"0":"post-9739","1":"product","2":"type-product","3":"status-publish","4":"has-post-thumbnail","6":"ort-albufeira","7":"ort-alvor","8":"ort-armacao-de-pera","9":"ort-carvoeiro","10":"ort-ferragudo","11":"ort-lagoa","12":"ort-lagos","13":"ort-olhos-de-agua","14":"ort-porches","15":"ort-portimao","16":"ort-praia-da-falesia","17":"ort-praia-da-rocha","18":"ort-sesmarias","19":"templateoption-dertrip-bc","20":"product_cat-ausfluege","22":"entry","23":"has-media","25":"first","26":"instock","27":"virtual","28":"purchasable","29":"product-type-simple","30":"has-product-nav","31":"col","32":"span_1_of_3","33":"owp-content-center","34":"owp-thumbs-layout-horizontal","35":"owp-btn-normal","36":"owp-tabs-layout-section"},"acf":[],"_links":{"self":[{"href":"https:\/\/www.dertour-reiseleitung.com\/algarve\/wp-json\/wp\/v2\/product\/9739","targetHints":{"allow":["GET"]}}],"collection":[{"href":"https:\/\/www.dertour-reiseleitung.com\/algarve\/wp-json\/wp\/v2\/product"}],"about":[{"href":"https:\/\/www.dertour-reiseleitung.com\/algarve\/wp-json\/wp\/v2\/types\/product"}],"version-history":[{"count":10,"href":"https:\/\/www.dertour-reiseleitung.com\/algarve\/wp-json\/wp\/v2\/product\/9739\/revisions"}],"predecessor-version":[{"id":13428,"href":"https:\/\/www.dertour-reiseleitung.com\/algarve\/wp-json\/wp\/v2\/product\/9739\/revisions\/13428"}],"wp:featuredmedia":[{"embeddable":true,"href":"https:\/\/www.dertour-reiseleitung.com\/algarve\/wp-json\/wp\/v2\/media\/9741"}],"wp:attachment":[{"href":"https:\/\/www.dertour-reiseleitung.com\/algarve\/wp-json\/wp\/v2\/media?parent=9739"}],"wp:term":[{"taxonomy":"ort","embeddable":true,"href":"https:\/\/www.dertour-reiseleitung.com\/algarve\/wp-json\/wp\/v2\/ort?post=9739"},{"taxonomy":"sichtbarkeit","embeddable":true,"href":"https:\/\/www.dertour-reiseleitung.com\/algarve\/wp-json\/wp\/v2\/sichtbarkeit?post=9739"},{"taxonomy":"templateoption","embeddable":true,"href":"https:\/\/www.dertour-reiseleitung.com\/algarve\/wp-json\/wp\/v2\/templateoption?post=9739"},{"taxonomy":"product_brand","embeddable":true,"href":"https:\/\/www.dertour-reiseleitung.com\/algarve\/wp-json\/wp\/v2\/product_brand?post=9739"},{"taxonomy":"product_cat","embeddable":true,"href":"https:\/\/www.dertour-reiseleitung.com\/algarve\/wp-json\/wp\/v2\/product_cat?post=9739"},{"taxonomy":"product_tag","embeddable":true,"href":"https:\/\/www.dertour-reiseleitung.com\/algarve\/wp-json\/wp\/v2\/product_tag?post=9739"}],"curies":[{"name":"wp","href":"https:\/\/api.w.org\/{rel}","templated":true}]}}