{"id":9880,"date":"2025-03-25T15:07:56","date_gmt":"2025-03-25T14:07:56","guid":{"rendered":"https:\/\/www.dertour-reiseleitung.com\/algarve\/?post_type=product&#038;p=9880"},"modified":"2026-05-13T09:54:59","modified_gmt":"2026-05-13T08:54:59","slug":"sagres-west-kueste-jeep-touren-halbtagesausflug-dds-009-2","status":"publish","type":"product","link":"https:\/\/www.dertour-reiseleitung.com\/algarve\/aktivitaeten\/sagres-west-kueste-jeep-touren-halbtagesausflug-dds-009-2\/","title":{"rendered":"Sagres &amp; West-K\u00fcste Jeep Touren (Halbtagesausflug)"},"content":{"rendered":"<h3>Ein Paradies f\u00fcr Naturliebhaber und Abenteurer<\/h3>\n<p>Der Naturpark S\u00fcdwest-Alentejo und die Costa Vicentina gelten als der am besten erhaltene K\u00fcstenabschnitt Europas. Diese beeindruckende Landschaft erstreckt sich \u00fcber 80 km von Porto Covo im Alentejo bis Burgau an der Algarve und begeistert mit einer F\u00fclle einzigartiger Tier- und Pflanzenarten. Die dramatischen Klippen, geformt durch jahrhundertelange Erosion, bieten ein spektakul\u00e4res Farbenspiel und atemberaubende Panoramen. Bekannt als Surferparadies zieht diese Region Wassersportler aus aller Welt an.<\/p>\n<p>Die Jeep Safari startet in Sagres und f\u00fchrt zum Kap St. Vincent, dem s\u00fcdwestlichsten Punkt Europas. Auf 80% der Strecke werden unbefestigte Wege befahren, um die unber\u00fchrte Natur des Parks n\u00e4herzubringen. Ein abgelegener, naturbelassener Strand l\u00e4dt zu einer entspannenden Badepause ein.<\/p>\n<p>Ein weiteres Highlight ist der Besuch eines der beeindruckendsten Aussichtspunkte Portugals, von dem aus die majest\u00e4tischen Klippen und der weite Atlantik \u00fcberblickt werden k\u00f6nnen. Eine kurze Wanderung auf einem Umweltpfad l\u00e4sst die einzigartige Sch\u00f6nheit der Costa Vicentina hautnah erleben.<\/p>\n<p>Diese unvergessliche Reise durch eine der faszinierendsten Regionen Portugals bietet Natur und Abenteuer in ihrer reinsten Form.<\/p>\n<p><strong>Ausflugsveranstalter:<\/strong>\u00a0MTS \u2013 Mediterranean Travel Services Incoming Portugal, S.A.<\/p>\n","protected":false},"excerpt":{"rendered":"<p>Ein Paradies f\u00fcr Naturliebhaber und Abenteurer Der Naturpark S\u00fcdwest-Alentejo und die Costa Vicentina gelten als der am besten erhaltene K\u00fcstenabschnitt Europas. Diese beeindruckende Landschaft erstreckt sich \u00fcber 80 km von Porto Covo im Alentejo bis Burgau an der Algarve und begeistert mit einer F\u00fclle einzigartiger Tier- und Pflanzenarten. Die dramatischen Klippen, geformt durch jahrhundertelange Erosion, [&hellip;]<\/p>\n","protected":false},"featured_media":9804,"template":"","meta":{"_acf_changed":false,"ocean_post_layout":"","ocean_both_sidebars_style":"","ocean_both_sidebars_content_width":0,"ocean_both_sidebars_sidebars_width":0,"ocean_sidebar":"0","ocean_second_sidebar":"0","ocean_disable_margins":"enable","ocean_add_body_class":"","ocean_shortcode_before_top_bar":"","ocean_shortcode_after_top_bar":"","ocean_shortcode_before_header":"","ocean_shortcode_after_header":"","ocean_has_shortcode":"","ocean_shortcode_after_title":"","ocean_shortcode_before_footer_widgets":"","ocean_shortcode_after_footer_widgets":"","ocean_shortcode_before_footer_bottom":"","ocean_shortcode_after_footer_bottom":"","ocean_display_top_bar":"default","ocean_display_header":"default","ocean_header_style":"","ocean_center_header_left_menu":"0","ocean_custom_header_template":"0","ocean_custom_logo":0,"ocean_custom_retina_logo":0,"ocean_custom_logo_max_width":0,"ocean_custom_logo_tablet_max_width":0,"ocean_custom_logo_mobile_max_width":0,"ocean_custom_logo_max_height":0,"ocean_custom_logo_tablet_max_height":0,"ocean_custom_logo_mobile_max_height":0,"ocean_header_custom_menu":"0","ocean_menu_typo_font_family":"0","ocean_menu_typo_font_subset":"","ocean_menu_typo_font_size":0,"ocean_menu_typo_font_size_tablet":0,"ocean_menu_typo_font_size_mobile":0,"ocean_menu_typo_font_size_unit":"px","ocean_menu_typo_font_weight":"","ocean_menu_typo_font_weight_tablet":"","ocean_menu_typo_font_weight_mobile":"","ocean_menu_typo_transform":"","ocean_menu_typo_transform_tablet":"","ocean_menu_typo_transform_mobile":"","ocean_menu_typo_line_height":0,"ocean_menu_typo_line_height_tablet":0,"ocean_menu_typo_line_height_mobile":0,"ocean_menu_typo_line_height_unit":"","ocean_menu_typo_spacing":0,"ocean_menu_typo_spacing_tablet":0,"ocean_menu_typo_spacing_mobile":0,"ocean_menu_typo_spacing_unit":"","ocean_menu_link_color":"","ocean_menu_link_color_hover":"","ocean_menu_link_color_active":"","ocean_menu_link_background":"","ocean_menu_link_hover_background":"","ocean_menu_link_active_background":"","ocean_menu_social_links_bg":"","ocean_menu_social_hover_links_bg":"","ocean_menu_social_links_color":"","ocean_menu_social_hover_links_color":"","ocean_disable_title":"default","ocean_disable_heading":"default","ocean_post_title":"","ocean_post_subheading":"","ocean_post_title_style":"background-image","ocean_post_title_background_color":"","ocean_post_title_background":9425,"ocean_post_title_bg_image_position":"","ocean_post_title_bg_image_attachment":"","ocean_post_title_bg_image_repeat":"","ocean_post_title_bg_image_size":"","ocean_post_title_height":0,"ocean_post_title_bg_overlay":0.5,"ocean_post_title_bg_overlay_color":"","ocean_disable_breadcrumbs":"default","ocean_breadcrumbs_color":"","ocean_breadcrumbs_separator_color":"","ocean_breadcrumbs_links_color":"","ocean_breadcrumbs_links_hover_color":"","ocean_display_footer_widgets":"default","ocean_display_footer_bottom":"default","ocean_custom_footer_template":"0","omw_enable_modal_window":"enable","osh_disable_topbar_sticky":"default","osh_disable_header_sticky":"default","osh_sticky_header_style":"default","osh_sticky_header_effect":"","osh_custom_sticky_logo":0,"osh_custom_retina_sticky_logo":0,"osh_custom_sticky_logo_height":0,"osh_background_color":"","osh_links_color":"","osh_links_hover_color":"","osh_links_active_color":"","osh_links_bg_color":"","osh_links_hover_bg_color":"","osh_links_active_bg_color":"","osh_menu_social_links_color":"","osh_menu_social_hover_links_color":""},"ort":[461,460,459,483],"sichtbarkeit":[],"templateoption":[179],"product_brand":[],"product_cat":[182],"product_tag":[],"class_list":{"0":"post-9880","1":"product","2":"type-product","3":"status-publish","4":"has-post-thumbnail","6":"ort-lagos","7":"ort-luz","8":"ort-sagres","9":"ort-salema","10":"templateoption-dertrip-bc","11":"product_cat-ausfluege","13":"entry","14":"has-media","16":"first","17":"instock","18":"virtual","19":"purchasable","20":"product-type-simple","21":"has-product-nav","22":"col","23":"span_1_of_3","24":"owp-content-center","25":"owp-thumbs-layout-horizontal","26":"owp-btn-normal","27":"owp-tabs-layout-section"},"acf":[],"_links":{"self":[{"href":"https:\/\/www.dertour-reiseleitung.com\/algarve\/wp-json\/wp\/v2\/product\/9880","targetHints":{"allow":["GET"]}}],"collection":[{"href":"https:\/\/www.dertour-reiseleitung.com\/algarve\/wp-json\/wp\/v2\/product"}],"about":[{"href":"https:\/\/www.dertour-reiseleitung.com\/algarve\/wp-json\/wp\/v2\/types\/product"}],"version-history":[{"count":12,"href":"https:\/\/www.dertour-reiseleitung.com\/algarve\/wp-json\/wp\/v2\/product\/9880\/revisions"}],"predecessor-version":[{"id":13426,"href":"https:\/\/www.dertour-reiseleitung.com\/algarve\/wp-json\/wp\/v2\/product\/9880\/revisions\/13426"}],"wp:featuredmedia":[{"embeddable":true,"href":"https:\/\/www.dertour-reiseleitung.com\/algarve\/wp-json\/wp\/v2\/media\/9804"}],"wp:attachment":[{"href":"https:\/\/www.dertour-reiseleitung.com\/algarve\/wp-json\/wp\/v2\/media?parent=9880"}],"wp:term":[{"taxonomy":"ort","embeddable":true,"href":"https:\/\/www.dertour-reiseleitung.com\/algarve\/wp-json\/wp\/v2\/ort?post=9880"},{"taxonomy":"sichtbarkeit","embeddable":true,"href":"https:\/\/www.dertour-reiseleitung.com\/algarve\/wp-json\/wp\/v2\/sichtbarkeit?post=9880"},{"taxonomy":"templateoption","embeddable":true,"href":"https:\/\/www.dertour-reiseleitung.com\/algarve\/wp-json\/wp\/v2\/templateoption?post=9880"},{"taxonomy":"product_brand","embeddable":true,"href":"https:\/\/www.dertour-reiseleitung.com\/algarve\/wp-json\/wp\/v2\/product_brand?post=9880"},{"taxonomy":"product_cat","embeddable":true,"href":"https:\/\/www.dertour-reiseleitung.com\/algarve\/wp-json\/wp\/v2\/product_cat?post=9880"},{"taxonomy":"product_tag","embeddable":true,"href":"https:\/\/www.dertour-reiseleitung.com\/algarve\/wp-json\/wp\/v2\/product_tag?post=9880"}],"curies":[{"name":"wp","href":"https:\/\/api.w.org\/{rel}","templated":true}]}}