{"id":9548,"date":"2025-03-29T22:50:19","date_gmt":"2025-03-29T21:50:19","guid":{"rendered":"https:\/\/www.dertour-reiseleitung.com\/bulgarien-goldstrand\/aktivitaeten\/minikreuzfahrt-ab-baltschik\/"},"modified":"2025-11-18T16:58:57","modified_gmt":"2025-11-18T14:58:57","slug":"minikreuzfahrt-ab-baltschik","status":"publish","type":"product","link":"https:\/\/www.dertour-reiseleitung.com\/bulgarien-goldstrand\/aktivitaeten\/minikreuzfahrt-ab-baltschik\/","title":{"rendered":"Minikreuzfahrt ab Baltschik"},"content":{"rendered":"<h3>Ausflug auf dem Meer<\/h3>\n<p>Es gibt nichts Sch\u00f6neres, als gem\u00fctlich entlang der Schwarzmeerk\u00fcste zu gondeln, vorbei an sanftgr\u00fcne H\u00fcgeln, zerkl\u00fcfteten Buchten und sch\u00f6nen Str\u00e4nden.<\/p>\n<p>Genie\u00dfen Sie die Seeluft bei einem Sonnenbad an Deck. Halten Sie Ausschau nach Delfinen, die vielleicht das Schiff begleiten.<\/p>\n<p>W\u00e4hrend die Crew ein Mittagessen f\u00fcr Sie zubereitet, k\u00f6nnen Sie im erfrischenden Meerwasser schwimmen. Danach f\u00fchrt die Fahrt zur\u00fcck zum Hafen. Dieser entspannte Tag auf See eignet sich f\u00fcr jede Altersgruppe.<\/p>\n<p><strong>Ausflugsveranstalter:<\/strong> DTS &#8211; Destination Touristic Services<\/p>\n","protected":false},"excerpt":{"rendered":"<p>Ausflug auf dem Meer Es gibt nichts Sch\u00f6neres, als gem\u00fctlich entlang der Schwarzmeerk\u00fcste zu gondeln, vorbei an sanftgr\u00fcne H\u00fcgeln, zerkl\u00fcfteten Buchten und sch\u00f6nen Str\u00e4nden. Genie\u00dfen Sie die Seeluft bei einem Sonnenbad an Deck. Halten Sie Ausschau nach Delfinen, die vielleicht das Schiff begleiten. W\u00e4hrend die Crew ein Mittagessen f\u00fcr Sie zubereitet, k\u00f6nnen Sie im erfrischenden [&hellip;]<\/p>\n","protected":false},"featured_media":9550,"template":"","meta":{"_acf_changed":false,"ocean_post_layout":"","ocean_both_sidebars_style":"","ocean_both_sidebars_content_width":0,"ocean_both_sidebars_sidebars_width":0,"ocean_sidebar":"0","ocean_second_sidebar":"0","ocean_disable_margins":"enable","ocean_add_body_class":"","ocean_shortcode_before_top_bar":"","ocean_shortcode_after_top_bar":"","ocean_shortcode_before_header":"","ocean_shortcode_after_header":"","ocean_has_shortcode":"","ocean_shortcode_after_title":"","ocean_shortcode_before_footer_widgets":"","ocean_shortcode_after_footer_widgets":"","ocean_shortcode_before_footer_bottom":"","ocean_shortcode_after_footer_bottom":"","ocean_display_top_bar":"default","ocean_display_header":"default","ocean_header_style":"","ocean_center_header_left_menu":"0","ocean_custom_header_template":"0","ocean_custom_logo":0,"ocean_custom_retina_logo":0,"ocean_custom_logo_max_width":0,"ocean_custom_logo_tablet_max_width":0,"ocean_custom_logo_mobile_max_width":0,"ocean_custom_logo_max_height":0,"ocean_custom_logo_tablet_max_height":0,"ocean_custom_logo_mobile_max_height":0,"ocean_header_custom_menu":"0","ocean_menu_typo_font_family":"0","ocean_menu_typo_font_subset":"","ocean_menu_typo_font_size":0,"ocean_menu_typo_font_size_tablet":0,"ocean_menu_typo_font_size_mobile":0,"ocean_menu_typo_font_size_unit":"px","ocean_menu_typo_font_weight":"","ocean_menu_typo_font_weight_tablet":"","ocean_menu_typo_font_weight_mobile":"","ocean_menu_typo_transform":"","ocean_menu_typo_transform_tablet":"","ocean_menu_typo_transform_mobile":"","ocean_menu_typo_line_height":0,"ocean_menu_typo_line_height_tablet":0,"ocean_menu_typo_line_height_mobile":0,"ocean_menu_typo_line_height_unit":"","ocean_menu_typo_spacing":0,"ocean_menu_typo_spacing_tablet":0,"ocean_menu_typo_spacing_mobile":0,"ocean_menu_typo_spacing_unit":"","ocean_menu_link_color":"","ocean_menu_link_color_hover":"","ocean_menu_link_color_active":"","ocean_menu_link_background":"","ocean_menu_link_hover_background":"","ocean_menu_link_active_background":"","ocean_menu_social_links_bg":"","ocean_menu_social_hover_links_bg":"","ocean_menu_social_links_color":"","ocean_menu_social_hover_links_color":"","ocean_disable_title":"default","ocean_disable_heading":"default","ocean_post_title":"","ocean_post_subheading":"","ocean_post_title_style":"background-image","ocean_post_title_background_color":"","ocean_post_title_background":9551,"ocean_post_title_bg_image_position":"","ocean_post_title_bg_image_attachment":"","ocean_post_title_bg_image_repeat":"","ocean_post_title_bg_image_size":"","ocean_post_title_height":0,"ocean_post_title_bg_overlay":0.5,"ocean_post_title_bg_overlay_color":"","ocean_disable_breadcrumbs":"default","ocean_breadcrumbs_color":"","ocean_breadcrumbs_separator_color":"","ocean_breadcrumbs_links_color":"","ocean_breadcrumbs_links_hover_color":"","ocean_display_footer_widgets":"default","ocean_display_footer_bottom":"default","ocean_custom_footer_template":"0","omw_enable_modal_window":"enable","osh_disable_topbar_sticky":"default","osh_disable_header_sticky":"default","osh_sticky_header_style":"default","osh_sticky_header_effect":"","osh_custom_sticky_logo":0,"osh_custom_retina_sticky_logo":0,"osh_custom_sticky_logo_height":0,"osh_background_color":"","osh_links_color":"","osh_links_hover_color":"","osh_links_active_color":"","osh_links_bg_color":"","osh_links_hover_bg_color":"","osh_links_active_bg_color":"","osh_menu_social_links_color":"","osh_menu_social_hover_links_color":""},"ort":[495,498,499],"sichtbarkeit":[],"templateoption":[176],"product_brand":[],"product_cat":[182],"product_tag":[],"class_list":{"0":"post-9548","1":"product","2":"type-product","3":"status-publish","4":"has-post-thumbnail","6":"ort-albena","7":"ort-goldstrand","8":"ort-sveti-constantin","9":"templateoption-ohne-buchungskalender","10":"product_cat-ausfluege","12":"entry","13":"has-media","15":"first","16":"instock","17":"product-type-simple","18":"has-product-nav","19":"col","20":"span_1_of_3","21":"owp-content-center","22":"owp-thumbs-layout-horizontal","23":"owp-btn-normal","24":"owp-tabs-layout-section","25":"has-no-thumbnails"},"acf":[],"_links":{"self":[{"href":"https:\/\/www.dertour-reiseleitung.com\/bulgarien-goldstrand\/wp-json\/wp\/v2\/product\/9548","targetHints":{"allow":["GET"]}}],"collection":[{"href":"https:\/\/www.dertour-reiseleitung.com\/bulgarien-goldstrand\/wp-json\/wp\/v2\/product"}],"about":[{"href":"https:\/\/www.dertour-reiseleitung.com\/bulgarien-goldstrand\/wp-json\/wp\/v2\/types\/product"}],"version-history":[{"count":3,"href":"https:\/\/www.dertour-reiseleitung.com\/bulgarien-goldstrand\/wp-json\/wp\/v2\/product\/9548\/revisions"}],"predecessor-version":[{"id":10034,"href":"https:\/\/www.dertour-reiseleitung.com\/bulgarien-goldstrand\/wp-json\/wp\/v2\/product\/9548\/revisions\/10034"}],"wp:featuredmedia":[{"embeddable":true,"href":"https:\/\/www.dertour-reiseleitung.com\/bulgarien-goldstrand\/wp-json\/wp\/v2\/media\/9550"}],"wp:attachment":[{"href":"https:\/\/www.dertour-reiseleitung.com\/bulgarien-goldstrand\/wp-json\/wp\/v2\/media?parent=9548"}],"wp:term":[{"taxonomy":"ort","embeddable":true,"href":"https:\/\/www.dertour-reiseleitung.com\/bulgarien-goldstrand\/wp-json\/wp\/v2\/ort?post=9548"},{"taxonomy":"sichtbarkeit","embeddable":true,"href":"https:\/\/www.dertour-reiseleitung.com\/bulgarien-goldstrand\/wp-json\/wp\/v2\/sichtbarkeit?post=9548"},{"taxonomy":"templateoption","embeddable":true,"href":"https:\/\/www.dertour-reiseleitung.com\/bulgarien-goldstrand\/wp-json\/wp\/v2\/templateoption?post=9548"},{"taxonomy":"product_brand","embeddable":true,"href":"https:\/\/www.dertour-reiseleitung.com\/bulgarien-goldstrand\/wp-json\/wp\/v2\/product_brand?post=9548"},{"taxonomy":"product_cat","embeddable":true,"href":"https:\/\/www.dertour-reiseleitung.com\/bulgarien-goldstrand\/wp-json\/wp\/v2\/product_cat?post=9548"},{"taxonomy":"product_tag","embeddable":true,"href":"https:\/\/www.dertour-reiseleitung.com\/bulgarien-goldstrand\/wp-json\/wp\/v2\/product_tag?post=9548"}],"curies":[{"name":"wp","href":"https:\/\/api.w.org\/{rel}","templated":true}]}}