{"id":9553,"date":"2025-03-29T23:13:04","date_gmt":"2025-03-29T22:13:04","guid":{"rendered":"https:\/\/www.dertour-reiseleitung.com\/bulgarien-sonnenstrand\/aktivitaeten\/vip-catamaran-cruise-ab-sonnenstrand-nessebar-sveti-vlas\/"},"modified":"2025-11-18T14:25:20","modified_gmt":"2025-11-18T12:25:20","slug":"vip-catamaran-cruise-ab-sonnenstrand-nessebar-sveti-vlas","status":"publish","type":"product","link":"https:\/\/www.dertour-reiseleitung.com\/bulgarien-sonnenstrand\/aktivitaeten\/vip-catamaran-cruise-ab-sonnenstrand-nessebar-sveti-vlas\/","title":{"rendered":"VIP Catamaran Cruise (Nachmittags)"},"content":{"rendered":"<h3>Entspannen Sie auf hoher See<\/h3>\n<p>Bei der Katamaran Cruise handelt es sich um einen Riesenkatamaran, wie man diese aus der Karibik kennt \u2013 offene Segel und gro\u00dfe Liegenetze.<\/p>\n<p>Machen Sie es sich vorne in den gro\u00dfen Netzen gem\u00fctlich und lassen Sie die Seele baumeln, w\u00e4hrend Sie \u00fcber das Meer dahingleiten. Unter sich sp\u00fcren Sie die Wellen, der Wind streichelt sanft Ihre Haut, und Sie bekommen die sch\u00f6nste Urlaubsbr\u00e4une.<\/p>\n<p>Der Kapit\u00e4n steuert Richtung Kap Emine, eine der wildesten und zugleich malerischsten Gegenden der bulgarischen Schwarzmeerk\u00fcste.<\/p>\n<p>Das Kap ist von unz\u00e4hligen kleinen Felsen umgeben, die im Umkreis von 250 Metern aus dem Wasser ragen oder sich knapp unter der Wasseroberfl\u00e4che befinden. Sie ankern vor der K\u00fcste und k\u00f6nnen direkt ins kristallklare Wasser zu springen.<\/p>\n<p><strong>Ausflugsveranstalter:<\/strong> DTS &#8211; Destination Touristic Services<\/p>\n","protected":false},"excerpt":{"rendered":"<p>Entspannen Sie auf hoher See Bei der Katamaran Cruise handelt es sich um einen Riesenkatamaran, wie man diese aus der Karibik kennt \u2013 offene Segel und gro\u00dfe Liegenetze. Machen Sie es sich vorne in den gro\u00dfen Netzen gem\u00fctlich und lassen Sie die Seele baumeln, w\u00e4hrend Sie \u00fcber das Meer dahingleiten. Unter sich sp\u00fcren Sie die [&hellip;]<\/p>\n","protected":false},"featured_media":9555,"template":"","meta":{"_acf_changed":false,"ocean_post_layout":"","ocean_both_sidebars_style":"","ocean_both_sidebars_content_width":0,"ocean_both_sidebars_sidebars_width":0,"ocean_sidebar":"0","ocean_second_sidebar":"0","ocean_disable_margins":"enable","ocean_add_body_class":"","ocean_shortcode_before_top_bar":"","ocean_shortcode_after_top_bar":"","ocean_shortcode_before_header":"","ocean_shortcode_after_header":"","ocean_has_shortcode":"","ocean_shortcode_after_title":"","ocean_shortcode_before_footer_widgets":"","ocean_shortcode_after_footer_widgets":"","ocean_shortcode_before_footer_bottom":"","ocean_shortcode_after_footer_bottom":"","ocean_display_top_bar":"default","ocean_display_header":"default","ocean_header_style":"","ocean_center_header_left_menu":"0","ocean_custom_header_template":"0","ocean_custom_logo":0,"ocean_custom_retina_logo":0,"ocean_custom_logo_max_width":0,"ocean_custom_logo_tablet_max_width":0,"ocean_custom_logo_mobile_max_width":0,"ocean_custom_logo_max_height":0,"ocean_custom_logo_tablet_max_height":0,"ocean_custom_logo_mobile_max_height":0,"ocean_header_custom_menu":"0","ocean_menu_typo_font_family":"0","ocean_menu_typo_font_subset":"","ocean_menu_typo_font_size":0,"ocean_menu_typo_font_size_tablet":0,"ocean_menu_typo_font_size_mobile":0,"ocean_menu_typo_font_size_unit":"px","ocean_menu_typo_font_weight":"","ocean_menu_typo_font_weight_tablet":"","ocean_menu_typo_font_weight_mobile":"","ocean_menu_typo_transform":"","ocean_menu_typo_transform_tablet":"","ocean_menu_typo_transform_mobile":"","ocean_menu_typo_line_height":0,"ocean_menu_typo_line_height_tablet":0,"ocean_menu_typo_line_height_mobile":0,"ocean_menu_typo_line_height_unit":"","ocean_menu_typo_spacing":0,"ocean_menu_typo_spacing_tablet":0,"ocean_menu_typo_spacing_mobile":0,"ocean_menu_typo_spacing_unit":"","ocean_menu_link_color":"","ocean_menu_link_color_hover":"","ocean_menu_link_color_active":"","ocean_menu_link_background":"","ocean_menu_link_hover_background":"","ocean_menu_link_active_background":"","ocean_menu_social_links_bg":"","ocean_menu_social_hover_links_bg":"","ocean_menu_social_links_color":"","ocean_menu_social_hover_links_color":"","ocean_disable_title":"default","ocean_disable_heading":"default","ocean_post_title":"","ocean_post_subheading":"","ocean_post_title_style":"background-image","ocean_post_title_background_color":"","ocean_post_title_background":9555,"ocean_post_title_bg_image_position":"","ocean_post_title_bg_image_attachment":"","ocean_post_title_bg_image_repeat":"","ocean_post_title_bg_image_size":"","ocean_post_title_height":0,"ocean_post_title_bg_overlay":0.5,"ocean_post_title_bg_overlay_color":"","ocean_disable_breadcrumbs":"default","ocean_breadcrumbs_color":"","ocean_breadcrumbs_separator_color":"","ocean_breadcrumbs_links_color":"","ocean_breadcrumbs_links_hover_color":"","ocean_display_footer_widgets":"default","ocean_display_footer_bottom":"default","ocean_custom_footer_template":"0","omw_enable_modal_window":"enable","osh_disable_topbar_sticky":"default","osh_disable_header_sticky":"default","osh_sticky_header_style":"default","osh_sticky_header_effect":"","osh_custom_sticky_logo":0,"osh_custom_retina_sticky_logo":0,"osh_custom_sticky_logo_height":0,"osh_background_color":"","osh_links_color":"","osh_links_hover_color":"","osh_links_active_color":"","osh_links_bg_color":"","osh_links_hover_bg_color":"","osh_links_active_bg_color":"","osh_menu_social_links_color":"","osh_menu_social_hover_links_color":""},"ort":[494,496,491,497],"sichtbarkeit":[],"templateoption":[176],"product_brand":[],"product_cat":[182],"product_tag":[],"class_list":{"0":"post-9553","1":"product","2":"type-product","3":"status-publish","4":"has-post-thumbnail","6":"ort-nessebar","7":"ort-pomorie","8":"ort-sonnenstrand","9":"ort-sveti-vlas","10":"templateoption-ohne-buchungskalender","11":"product_cat-ausfluege","13":"entry","14":"has-media","16":"first","17":"instock","18":"product-type-simple","19":"has-product-nav","20":"col","21":"span_1_of_3","22":"owp-content-center","23":"owp-thumbs-layout-horizontal","24":"owp-btn-normal","25":"owp-tabs-layout-section"},"acf":[],"_links":{"self":[{"href":"https:\/\/www.dertour-reiseleitung.com\/bulgarien-sonnenstrand\/wp-json\/wp\/v2\/product\/9553","targetHints":{"allow":["GET"]}}],"collection":[{"href":"https:\/\/www.dertour-reiseleitung.com\/bulgarien-sonnenstrand\/wp-json\/wp\/v2\/product"}],"about":[{"href":"https:\/\/www.dertour-reiseleitung.com\/bulgarien-sonnenstrand\/wp-json\/wp\/v2\/types\/product"}],"version-history":[{"count":7,"href":"https:\/\/www.dertour-reiseleitung.com\/bulgarien-sonnenstrand\/wp-json\/wp\/v2\/product\/9553\/revisions"}],"predecessor-version":[{"id":10011,"href":"https:\/\/www.dertour-reiseleitung.com\/bulgarien-sonnenstrand\/wp-json\/wp\/v2\/product\/9553\/revisions\/10011"}],"wp:featuredmedia":[{"embeddable":true,"href":"https:\/\/www.dertour-reiseleitung.com\/bulgarien-sonnenstrand\/wp-json\/wp\/v2\/media\/9555"}],"wp:attachment":[{"href":"https:\/\/www.dertour-reiseleitung.com\/bulgarien-sonnenstrand\/wp-json\/wp\/v2\/media?parent=9553"}],"wp:term":[{"taxonomy":"ort","embeddable":true,"href":"https:\/\/www.dertour-reiseleitung.com\/bulgarien-sonnenstrand\/wp-json\/wp\/v2\/ort?post=9553"},{"taxonomy":"sichtbarkeit","embeddable":true,"href":"https:\/\/www.dertour-reiseleitung.com\/bulgarien-sonnenstrand\/wp-json\/wp\/v2\/sichtbarkeit?post=9553"},{"taxonomy":"templateoption","embeddable":true,"href":"https:\/\/www.dertour-reiseleitung.com\/bulgarien-sonnenstrand\/wp-json\/wp\/v2\/templateoption?post=9553"},{"taxonomy":"product_brand","embeddable":true,"href":"https:\/\/www.dertour-reiseleitung.com\/bulgarien-sonnenstrand\/wp-json\/wp\/v2\/product_brand?post=9553"},{"taxonomy":"product_cat","embeddable":true,"href":"https:\/\/www.dertour-reiseleitung.com\/bulgarien-sonnenstrand\/wp-json\/wp\/v2\/product_cat?post=9553"},{"taxonomy":"product_tag","embeddable":true,"href":"https:\/\/www.dertour-reiseleitung.com\/bulgarien-sonnenstrand\/wp-json\/wp\/v2\/product_tag?post=9553"}],"curies":[{"name":"wp","href":"https:\/\/api.w.org\/{rel}","templated":true}]}}