{"id":9565,"date":"2025-03-29T23:13:34","date_gmt":"2025-03-29T22:13:34","guid":{"rendered":"https:\/\/www.dertour-reiseleitung.com\/bulgarien-sonnenstrand\/aktivitaeten\/nessebar-und-weinprobe-ab-sonnenstrand-nessebar-sveti-vlas\/"},"modified":"2025-11-18T14:24:55","modified_gmt":"2025-11-18T12:24:55","slug":"nessebar-und-weinprobe-ab-sonnenstrand-nessebar-sveti-vlas","status":"publish","type":"product","link":"https:\/\/www.dertour-reiseleitung.com\/bulgarien-sonnenstrand\/aktivitaeten\/nessebar-und-weinprobe-ab-sonnenstrand-nessebar-sveti-vlas\/","title":{"rendered":"Nessebar und Weinprobe"},"content":{"rendered":"<h3>Der Klassiker<\/h3>\n<p>Die Altstadt Nessebar liegt malerisch auf einer Halbinsel und z\u00e4hlt seit 1983 zum Weltkulturerbe der UNESCO. Nach Ankunft schlendern Sie durch die historischen Gassen und bestaunen die im altbulgarischen Baustil errichteten H\u00e4user, die sch\u00f6ne Fotomotive bieten. Besonders sehenswert sind u.a. die Stadtmauer, das arch\u00e4ologische Museum und die Pantokratorkirche. Selbst Stammg\u00e4ste f\u00fchrt es immer wieder an diesen malerischen Ort!<\/p>\n<p>Anschlie\u00dfend geht es weiter zu einem abgeschiedenen Weingut, wo Sie die erlesenen bulgarischen Weine probieren k\u00f6nnen und einen Vortrag \u00fcber die Weinproduktion in Bulgarien h\u00f6ren werden.<\/p>\n<p><strong>Ausflugsveranstalter:<\/strong> DTS &#8211; Destination Touristic Services<\/p>\n","protected":false},"excerpt":{"rendered":"<p>Der Klassiker Die Altstadt Nessebar liegt malerisch auf einer Halbinsel und z\u00e4hlt seit 1983 zum Weltkulturerbe der UNESCO. Nach Ankunft schlendern Sie durch die historischen Gassen und bestaunen die im altbulgarischen Baustil errichteten H\u00e4user, die sch\u00f6ne Fotomotive bieten. Besonders sehenswert sind u.a. die Stadtmauer, das arch\u00e4ologische Museum und die Pantokratorkirche. Selbst Stammg\u00e4ste f\u00fchrt es immer [&hellip;]<\/p>\n","protected":false},"featured_media":9567,"template":"","meta":{"_acf_changed":false,"ocean_post_layout":"","ocean_both_sidebars_style":"","ocean_both_sidebars_content_width":0,"ocean_both_sidebars_sidebars_width":0,"ocean_sidebar":"0","ocean_second_sidebar":"0","ocean_disable_margins":"enable","ocean_add_body_class":"","ocean_shortcode_before_top_bar":"","ocean_shortcode_after_top_bar":"","ocean_shortcode_before_header":"","ocean_shortcode_after_header":"","ocean_has_shortcode":"","ocean_shortcode_after_title":"","ocean_shortcode_before_footer_widgets":"","ocean_shortcode_after_footer_widgets":"","ocean_shortcode_before_footer_bottom":"","ocean_shortcode_after_footer_bottom":"","ocean_display_top_bar":"default","ocean_display_header":"default","ocean_header_style":"","ocean_center_header_left_menu":"0","ocean_custom_header_template":"0","ocean_custom_logo":0,"ocean_custom_retina_logo":0,"ocean_custom_logo_max_width":0,"ocean_custom_logo_tablet_max_width":0,"ocean_custom_logo_mobile_max_width":0,"ocean_custom_logo_max_height":0,"ocean_custom_logo_tablet_max_height":0,"ocean_custom_logo_mobile_max_height":0,"ocean_header_custom_menu":"0","ocean_menu_typo_font_family":"0","ocean_menu_typo_font_subset":"","ocean_menu_typo_font_size":0,"ocean_menu_typo_font_size_tablet":0,"ocean_menu_typo_font_size_mobile":0,"ocean_menu_typo_font_size_unit":"px","ocean_menu_typo_font_weight":"","ocean_menu_typo_font_weight_tablet":"","ocean_menu_typo_font_weight_mobile":"","ocean_menu_typo_transform":"","ocean_menu_typo_transform_tablet":"","ocean_menu_typo_transform_mobile":"","ocean_menu_typo_line_height":0,"ocean_menu_typo_line_height_tablet":0,"ocean_menu_typo_line_height_mobile":0,"ocean_menu_typo_line_height_unit":"","ocean_menu_typo_spacing":0,"ocean_menu_typo_spacing_tablet":0,"ocean_menu_typo_spacing_mobile":0,"ocean_menu_typo_spacing_unit":"","ocean_menu_link_color":"","ocean_menu_link_color_hover":"","ocean_menu_link_color_active":"","ocean_menu_link_background":"","ocean_menu_link_hover_background":"","ocean_menu_link_active_background":"","ocean_menu_social_links_bg":"","ocean_menu_social_hover_links_bg":"","ocean_menu_social_links_color":"","ocean_menu_social_hover_links_color":"","ocean_disable_title":"default","ocean_disable_heading":"default","ocean_post_title":"","ocean_post_subheading":"","ocean_post_title_style":"background-image","ocean_post_title_background_color":"","ocean_post_title_background":9571,"ocean_post_title_bg_image_position":"","ocean_post_title_bg_image_attachment":"","ocean_post_title_bg_image_repeat":"","ocean_post_title_bg_image_size":"","ocean_post_title_height":0,"ocean_post_title_bg_overlay":0.5,"ocean_post_title_bg_overlay_color":"","ocean_disable_breadcrumbs":"default","ocean_breadcrumbs_color":"","ocean_breadcrumbs_separator_color":"","ocean_breadcrumbs_links_color":"","ocean_breadcrumbs_links_hover_color":"","ocean_display_footer_widgets":"default","ocean_display_footer_bottom":"default","ocean_custom_footer_template":"0","omw_enable_modal_window":"enable","osh_disable_topbar_sticky":"default","osh_disable_header_sticky":"default","osh_sticky_header_style":"default","osh_sticky_header_effect":"","osh_custom_sticky_logo":0,"osh_custom_retina_sticky_logo":0,"osh_custom_sticky_logo_height":0,"osh_background_color":"","osh_links_color":"","osh_links_hover_color":"","osh_links_active_color":"","osh_links_bg_color":"","osh_links_hover_bg_color":"","osh_links_active_bg_color":"","osh_menu_social_links_color":"","osh_menu_social_hover_links_color":""},"ort":[494,491,497],"sichtbarkeit":[],"templateoption":[176],"product_brand":[],"product_cat":[182],"product_tag":[],"class_list":{"0":"post-9565","1":"product","2":"type-product","3":"status-publish","4":"has-post-thumbnail","6":"ort-nessebar","7":"ort-sonnenstrand","8":"ort-sveti-vlas","9":"templateoption-ohne-buchungskalender","10":"product_cat-ausfluege","12":"entry","13":"has-media","15":"first","16":"instock","17":"product-type-simple","18":"has-product-nav","19":"col","20":"span_1_of_3","21":"owp-content-center","22":"owp-thumbs-layout-horizontal","23":"owp-btn-normal","24":"owp-tabs-layout-section"},"acf":[],"_links":{"self":[{"href":"https:\/\/www.dertour-reiseleitung.com\/bulgarien-sonnenstrand\/wp-json\/wp\/v2\/product\/9565","targetHints":{"allow":["GET"]}}],"collection":[{"href":"https:\/\/www.dertour-reiseleitung.com\/bulgarien-sonnenstrand\/wp-json\/wp\/v2\/product"}],"about":[{"href":"https:\/\/www.dertour-reiseleitung.com\/bulgarien-sonnenstrand\/wp-json\/wp\/v2\/types\/product"}],"version-history":[{"count":5,"href":"https:\/\/www.dertour-reiseleitung.com\/bulgarien-sonnenstrand\/wp-json\/wp\/v2\/product\/9565\/revisions"}],"predecessor-version":[{"id":10008,"href":"https:\/\/www.dertour-reiseleitung.com\/bulgarien-sonnenstrand\/wp-json\/wp\/v2\/product\/9565\/revisions\/10008"}],"wp:featuredmedia":[{"embeddable":true,"href":"https:\/\/www.dertour-reiseleitung.com\/bulgarien-sonnenstrand\/wp-json\/wp\/v2\/media\/9567"}],"wp:attachment":[{"href":"https:\/\/www.dertour-reiseleitung.com\/bulgarien-sonnenstrand\/wp-json\/wp\/v2\/media?parent=9565"}],"wp:term":[{"taxonomy":"ort","embeddable":true,"href":"https:\/\/www.dertour-reiseleitung.com\/bulgarien-sonnenstrand\/wp-json\/wp\/v2\/ort?post=9565"},{"taxonomy":"sichtbarkeit","embeddable":true,"href":"https:\/\/www.dertour-reiseleitung.com\/bulgarien-sonnenstrand\/wp-json\/wp\/v2\/sichtbarkeit?post=9565"},{"taxonomy":"templateoption","embeddable":true,"href":"https:\/\/www.dertour-reiseleitung.com\/bulgarien-sonnenstrand\/wp-json\/wp\/v2\/templateoption?post=9565"},{"taxonomy":"product_brand","embeddable":true,"href":"https:\/\/www.dertour-reiseleitung.com\/bulgarien-sonnenstrand\/wp-json\/wp\/v2\/product_brand?post=9565"},{"taxonomy":"product_cat","embeddable":true,"href":"https:\/\/www.dertour-reiseleitung.com\/bulgarien-sonnenstrand\/wp-json\/wp\/v2\/product_cat?post=9565"},{"taxonomy":"product_tag","embeddable":true,"href":"https:\/\/www.dertour-reiseleitung.com\/bulgarien-sonnenstrand\/wp-json\/wp\/v2\/product_tag?post=9565"}],"curies":[{"name":"wp","href":"https:\/\/api.w.org\/{rel}","templated":true}]}}