{"id":9609,"date":"2025-03-29T23:14:51","date_gmt":"2025-03-29T22:14:51","guid":{"rendered":"https:\/\/www.dertour-reiseleitung.com\/bulgarien-sonnenstrand\/aktivitaeten\/land-und-leute-bio-tour\/"},"modified":"2025-11-18T14:24:07","modified_gmt":"2025-11-18T12:24:07","slug":"land-und-leute-bio-tour","status":"publish","type":"product","link":"https:\/\/www.dertour-reiseleitung.com\/bulgarien-sonnenstrand\/aktivitaeten\/land-und-leute-bio-tour\/","title":{"rendered":"Land und Leute: Bio Tour"},"content":{"rendered":"<p>Sehnen Sie sich nach der Stille und Ruhe der freien Natur?<\/p>\n<p>Tauchen Sie ein in die friedliche und urspr\u00fcngliche Landschaft Bulgariens. Der erste Halt ist ein kleines Bauernhaus, niedlich zwischen duftenden Wiesen gelegen: die Welt der Bienen. In dieser Imkerei erfahren Sie Wissenswertes aus der Bienenzucht und \u00fcber die Herstellung von reinem Honig in der Familie. Nikolay und seine Familie empfangen Sie und erz\u00e4hlen Ihnen von dieser Kunst. Sie d\u00fcrfen dabei eine echte Spezialit\u00e4t kosten: Honig-Elixier.<\/p>\n<p>Nach der spannenden Vorf\u00fchrung fahren Sie weiter in das kleine Dorf Prossenik. Oma Tanya begr\u00fc\u00dft Sie in ihrem privaten Dorfhaus. Sie probieren Gem\u00fcse aus dem \u00d6ko-Anbau im eigenen Garten und die typisch bulgarische K\u00f6stlichkeit &#8222;Banitza&#8220;.<\/p>\n<p>Die Weiterfahrt durch \u00fcppige Landschaften und vertr\u00e4umte D\u00f6rfer f\u00fchrt Sie zu den hohen Bergen und Ihrem letztem Halt: der Bio Molkerei Kamenyak. Die sympathische Gastgeber-Familie zeigt Ihnen, was hinter dem ber\u00fchmten bulgarischen Schafsk\u00e4se steckt.\u00a0 Genie\u00dfen Sie den mundigen Geschmack der lokalen Spezialit\u00e4ten bei einem traumhaften Panorama-Ausblick \u00fcber die naturbelassenen Berge.<\/p>\n<p><strong>Ausflugsveranstalter:<\/strong> DTS &#8211; Destination Touristic Services<\/p>\n","protected":false},"excerpt":{"rendered":"<p>Sehnen Sie sich nach der Stille und Ruhe der freien Natur? Tauchen Sie ein in die friedliche und urspr\u00fcngliche Landschaft Bulgariens. Der erste Halt ist ein kleines Bauernhaus, niedlich zwischen duftenden Wiesen gelegen: die Welt der Bienen. In dieser Imkerei erfahren Sie Wissenswertes aus der Bienenzucht und \u00fcber die Herstellung von reinem Honig in der [&hellip;]<\/p>\n","protected":false},"featured_media":9611,"template":"","meta":{"_acf_changed":false,"ocean_post_layout":"","ocean_both_sidebars_style":"","ocean_both_sidebars_content_width":0,"ocean_both_sidebars_sidebars_width":0,"ocean_sidebar":"0","ocean_second_sidebar":"0","ocean_disable_margins":"enable","ocean_add_body_class":"","ocean_shortcode_before_top_bar":"","ocean_shortcode_after_top_bar":"","ocean_shortcode_before_header":"","ocean_shortcode_after_header":"","ocean_has_shortcode":"","ocean_shortcode_after_title":"","ocean_shortcode_before_footer_widgets":"","ocean_shortcode_after_footer_widgets":"","ocean_shortcode_before_footer_bottom":"","ocean_shortcode_after_footer_bottom":"","ocean_display_top_bar":"default","ocean_display_header":"default","ocean_header_style":"","ocean_center_header_left_menu":"0","ocean_custom_header_template":"0","ocean_custom_logo":0,"ocean_custom_retina_logo":0,"ocean_custom_logo_max_width":0,"ocean_custom_logo_tablet_max_width":0,"ocean_custom_logo_mobile_max_width":0,"ocean_custom_logo_max_height":0,"ocean_custom_logo_tablet_max_height":0,"ocean_custom_logo_mobile_max_height":0,"ocean_header_custom_menu":"0","ocean_menu_typo_font_family":"0","ocean_menu_typo_font_subset":"","ocean_menu_typo_font_size":0,"ocean_menu_typo_font_size_tablet":0,"ocean_menu_typo_font_size_mobile":0,"ocean_menu_typo_font_size_unit":"px","ocean_menu_typo_font_weight":"","ocean_menu_typo_font_weight_tablet":"","ocean_menu_typo_font_weight_mobile":"","ocean_menu_typo_transform":"","ocean_menu_typo_transform_tablet":"","ocean_menu_typo_transform_mobile":"","ocean_menu_typo_line_height":0,"ocean_menu_typo_line_height_tablet":0,"ocean_menu_typo_line_height_mobile":0,"ocean_menu_typo_line_height_unit":"","ocean_menu_typo_spacing":0,"ocean_menu_typo_spacing_tablet":0,"ocean_menu_typo_spacing_mobile":0,"ocean_menu_typo_spacing_unit":"","ocean_menu_link_color":"","ocean_menu_link_color_hover":"","ocean_menu_link_color_active":"","ocean_menu_link_background":"","ocean_menu_link_hover_background":"","ocean_menu_link_active_background":"","ocean_menu_social_links_bg":"","ocean_menu_social_hover_links_bg":"","ocean_menu_social_links_color":"","ocean_menu_social_hover_links_color":"","ocean_disable_title":"default","ocean_disable_heading":"default","ocean_post_title":"","ocean_post_subheading":"","ocean_post_title_style":"background-image","ocean_post_title_background_color":"","ocean_post_title_background":9615,"ocean_post_title_bg_image_position":"","ocean_post_title_bg_image_attachment":"","ocean_post_title_bg_image_repeat":"","ocean_post_title_bg_image_size":"","ocean_post_title_height":0,"ocean_post_title_bg_overlay":0.5,"ocean_post_title_bg_overlay_color":"","ocean_disable_breadcrumbs":"default","ocean_breadcrumbs_color":"","ocean_breadcrumbs_separator_color":"","ocean_breadcrumbs_links_color":"","ocean_breadcrumbs_links_hover_color":"","ocean_display_footer_widgets":"default","ocean_display_footer_bottom":"default","ocean_custom_footer_template":"0","omw_enable_modal_window":"enable","osh_disable_topbar_sticky":"default","osh_disable_header_sticky":"default","osh_sticky_header_style":"default","osh_sticky_header_effect":"","osh_custom_sticky_logo":0,"osh_custom_retina_sticky_logo":0,"osh_custom_sticky_logo_height":0,"osh_background_color":"","osh_links_color":"","osh_links_hover_color":"","osh_links_active_color":"","osh_links_bg_color":"","osh_links_hover_bg_color":"","osh_links_active_bg_color":"","osh_menu_social_links_color":"","osh_menu_social_hover_links_color":""},"ort":[494,491,497],"sichtbarkeit":[],"templateoption":[176],"product_brand":[],"product_cat":[182],"product_tag":[],"class_list":{"0":"post-9609","1":"product","2":"type-product","3":"status-publish","4":"has-post-thumbnail","6":"ort-nessebar","7":"ort-sonnenstrand","8":"ort-sveti-vlas","9":"templateoption-ohne-buchungskalender","10":"product_cat-ausfluege","12":"entry","13":"has-media","15":"first","16":"instock","17":"product-type-simple","18":"has-product-nav","19":"col","20":"span_1_of_3","21":"owp-content-center","22":"owp-thumbs-layout-horizontal","23":"owp-btn-normal","24":"owp-tabs-layout-section"},"acf":[],"_links":{"self":[{"href":"https:\/\/www.dertour-reiseleitung.com\/bulgarien-sonnenstrand\/wp-json\/wp\/v2\/product\/9609","targetHints":{"allow":["GET"]}}],"collection":[{"href":"https:\/\/www.dertour-reiseleitung.com\/bulgarien-sonnenstrand\/wp-json\/wp\/v2\/product"}],"about":[{"href":"https:\/\/www.dertour-reiseleitung.com\/bulgarien-sonnenstrand\/wp-json\/wp\/v2\/types\/product"}],"version-history":[{"count":5,"href":"https:\/\/www.dertour-reiseleitung.com\/bulgarien-sonnenstrand\/wp-json\/wp\/v2\/product\/9609\/revisions"}],"predecessor-version":[{"id":10002,"href":"https:\/\/www.dertour-reiseleitung.com\/bulgarien-sonnenstrand\/wp-json\/wp\/v2\/product\/9609\/revisions\/10002"}],"wp:featuredmedia":[{"embeddable":true,"href":"https:\/\/www.dertour-reiseleitung.com\/bulgarien-sonnenstrand\/wp-json\/wp\/v2\/media\/9611"}],"wp:attachment":[{"href":"https:\/\/www.dertour-reiseleitung.com\/bulgarien-sonnenstrand\/wp-json\/wp\/v2\/media?parent=9609"}],"wp:term":[{"taxonomy":"ort","embeddable":true,"href":"https:\/\/www.dertour-reiseleitung.com\/bulgarien-sonnenstrand\/wp-json\/wp\/v2\/ort?post=9609"},{"taxonomy":"sichtbarkeit","embeddable":true,"href":"https:\/\/www.dertour-reiseleitung.com\/bulgarien-sonnenstrand\/wp-json\/wp\/v2\/sichtbarkeit?post=9609"},{"taxonomy":"templateoption","embeddable":true,"href":"https:\/\/www.dertour-reiseleitung.com\/bulgarien-sonnenstrand\/wp-json\/wp\/v2\/templateoption?post=9609"},{"taxonomy":"product_brand","embeddable":true,"href":"https:\/\/www.dertour-reiseleitung.com\/bulgarien-sonnenstrand\/wp-json\/wp\/v2\/product_brand?post=9609"},{"taxonomy":"product_cat","embeddable":true,"href":"https:\/\/www.dertour-reiseleitung.com\/bulgarien-sonnenstrand\/wp-json\/wp\/v2\/product_cat?post=9609"},{"taxonomy":"product_tag","embeddable":true,"href":"https:\/\/www.dertour-reiseleitung.com\/bulgarien-sonnenstrand\/wp-json\/wp\/v2\/product_tag?post=9609"}],"curies":[{"name":"wp","href":"https:\/\/api.w.org\/{rel}","templated":true}]}}