{"id":10089,"date":"2025-05-20T13:31:41","date_gmt":"2025-05-20T10:31:41","guid":{"rendered":"https:\/\/www.dertour-reiseleitung.com\/chalkidiki\/?post_type=product&#038;p=10089"},"modified":"2026-04-24T17:20:10","modified_gmt":"2026-04-24T14:20:10","slug":"athos-on-the-beach-dds-007-2","status":"publish","type":"product","link":"https:\/\/www.dertour-reiseleitung.com\/chalkidiki\/aktivitaeten\/athos-on-the-beach-dds-007-2\/","title":{"rendered":"Athos on the Beach"},"content":{"rendered":"<p>Auf dem dritten und \u00f6stlichsten Finger der Halbinsel Chalkidiki befindet sich die M\u00f6nchsrepublik Athos. Bereits um etwa 300 n. Chr. kamen die ersten Eremiten. Sie lebten meist allein in H\u00f6hlen und widmeten ihr Leben Gott. Nach und nach wurde der ganze Berg bev\u00f6lkert und im 9. Jahrhundert wurde dann das erste Kloster gegr\u00fcndet.<\/p>\n<p>Im 13. Jahrhundert, der Bl\u00fctezeit der Republik, gab es 40 Kl\u00f6ster, die von etwa 40.000 M\u00f6nchen bewohnt wurden. Heute sind es um die 1.500, verteilt auf 20 Kl\u00f6ster, die immer noch unter den gleichen, strengen Regeln leben wie damals. Ohne Zweifel ist Athos heute das \u201egr\u00f6\u00dfte byzantinische Museum\u201d der Welt.<\/p>\n<p>Der Ausflugsbus bringt Sie nach Ormos Panagias zum Schiff. Hier stechen Sie in See. Die Fahrt f\u00fchrt Sie entlang der Westk\u00fcste der M\u00f6nchsrepublik Athos. Sie genie\u00dfen einen unvergleichlichen Blick auf 4 von den 20 Kl\u00f6stern. Ein sch\u00f6nes Motiv f\u00fcr Ihre Kameras bietet das russisch-orthodoxe Kloster Panteileimonos, das sich wie ein Dorf am flachen Strand ausbreitet.<\/p>\n<p>Weiter schippern Sie durch das tiefblaue Wasser, w\u00e4hrend die Crew die kleine Mittagspause f\u00fcr Sie vorbereitet (Soutzoukakia mit Reis, Salat und Brot). Anschlie\u00dfend ankern Sie vor Diaporos, einer kleinen Inselgruppe mit t\u00fcrkisfarbenem Wasser und wundersch\u00f6nen Str\u00e4nden. Hier haben Sie die M\u00f6glichkeit zu tauchen, zu schwimmen, zu schnorcheln oder sich an Deck zu entspannen.<\/p>\n<p>Am Nachmittag geht es wieder zur\u00fcck zum Hafen von Ormos Panagias, wo der Bus auf Sie wartet.<\/p>\n<p><strong>Ausflugsveranstalter:<\/strong> DTS Incoming Hellas S.A.<\/p>\n","protected":false},"excerpt":{"rendered":"<p>Auf dem dritten und \u00f6stlichsten Finger der Halbinsel Chalkidiki befindet sich die M\u00f6nchsrepublik Athos. Bereits um etwa 300 n. Chr. kamen die ersten Eremiten. Sie lebten meist allein in H\u00f6hlen und widmeten ihr Leben Gott. Nach und nach wurde der ganze Berg bev\u00f6lkert und im 9. Jahrhundert wurde dann das erste Kloster gegr\u00fcndet. Im 13. [&hellip;]<\/p>\n","protected":false},"featured_media":9581,"template":"","meta":{"_acf_changed":false,"ocean_post_layout":"","ocean_both_sidebars_style":"","ocean_both_sidebars_content_width":0,"ocean_both_sidebars_sidebars_width":0,"ocean_sidebar":"0","ocean_second_sidebar":"0","ocean_disable_margins":"enable","ocean_add_body_class":"","ocean_shortcode_before_top_bar":"","ocean_shortcode_after_top_bar":"","ocean_shortcode_before_header":"","ocean_shortcode_after_header":"","ocean_has_shortcode":"","ocean_shortcode_after_title":"","ocean_shortcode_before_footer_widgets":"","ocean_shortcode_after_footer_widgets":"","ocean_shortcode_before_footer_bottom":"","ocean_shortcode_after_footer_bottom":"","ocean_display_top_bar":"default","ocean_display_header":"default","ocean_header_style":"","ocean_center_header_left_menu":"0","ocean_custom_header_template":"0","ocean_custom_logo":0,"ocean_custom_retina_logo":0,"ocean_custom_logo_max_width":0,"ocean_custom_logo_tablet_max_width":0,"ocean_custom_logo_mobile_max_width":0,"ocean_custom_logo_max_height":0,"ocean_custom_logo_tablet_max_height":0,"ocean_custom_logo_mobile_max_height":0,"ocean_header_custom_menu":"0","ocean_menu_typo_font_family":"0","ocean_menu_typo_font_subset":"","ocean_menu_typo_font_size":0,"ocean_menu_typo_font_size_tablet":0,"ocean_menu_typo_font_size_mobile":0,"ocean_menu_typo_font_size_unit":"px","ocean_menu_typo_font_weight":"","ocean_menu_typo_font_weight_tablet":"","ocean_menu_typo_font_weight_mobile":"","ocean_menu_typo_transform":"","ocean_menu_typo_transform_tablet":"","ocean_menu_typo_transform_mobile":"","ocean_menu_typo_line_height":0,"ocean_menu_typo_line_height_tablet":0,"ocean_menu_typo_line_height_mobile":0,"ocean_menu_typo_line_height_unit":"","ocean_menu_typo_spacing":0,"ocean_menu_typo_spacing_tablet":0,"ocean_menu_typo_spacing_mobile":0,"ocean_menu_typo_spacing_unit":"","ocean_menu_link_color":"","ocean_menu_link_color_hover":"","ocean_menu_link_color_active":"","ocean_menu_link_background":"","ocean_menu_link_hover_background":"","ocean_menu_link_active_background":"","ocean_menu_social_links_bg":"","ocean_menu_social_hover_links_bg":"","ocean_menu_social_links_color":"","ocean_menu_social_hover_links_color":"","ocean_disable_title":"default","ocean_disable_heading":"default","ocean_post_title":"","ocean_post_subheading":"","ocean_post_title_style":"background-image","ocean_post_title_background_color":"","ocean_post_title_background":9585,"ocean_post_title_bg_image_position":"","ocean_post_title_bg_image_attachment":"","ocean_post_title_bg_image_repeat":"","ocean_post_title_bg_image_size":"","ocean_post_title_height":0,"ocean_post_title_bg_overlay":0.5,"ocean_post_title_bg_overlay_color":"","ocean_disable_breadcrumbs":"default","ocean_breadcrumbs_color":"","ocean_breadcrumbs_separator_color":"","ocean_breadcrumbs_links_color":"","ocean_breadcrumbs_links_hover_color":"","ocean_display_footer_widgets":"default","ocean_display_footer_bottom":"default","ocean_custom_footer_template":"0","omw_enable_modal_window":"enable","osh_disable_topbar_sticky":"default","osh_disable_header_sticky":"default","osh_sticky_header_style":"default","osh_sticky_header_effect":"","osh_custom_sticky_logo":0,"osh_custom_retina_sticky_logo":0,"osh_custom_sticky_logo_height":0,"osh_background_color":"","osh_links_color":"","osh_links_hover_color":"","osh_links_active_color":"","osh_links_bg_color":"","osh_links_hover_bg_color":"","osh_links_active_bg_color":"","osh_menu_social_links_color":"","osh_menu_social_hover_links_color":""},"ort":[511,510],"sichtbarkeit":[],"templateoption":[179],"product_brand":[],"product_cat":[182],"product_tag":[],"class_list":{"0":"post-10089","1":"product","2":"type-product","3":"status-publish","4":"has-post-thumbnail","6":"ort-elia-nikiti","7":"ort-nikiti","8":"templateoption-dertrip-bc","9":"product_cat-ausfluege","11":"entry","12":"has-media","14":"first","15":"instock","16":"virtual","17":"purchasable","18":"product-type-simple","19":"has-product-nav","20":"col","21":"span_1_of_3","22":"owp-content-center","23":"owp-thumbs-layout-horizontal","24":"owp-btn-normal","25":"owp-tabs-layout-section"},"acf":[],"_links":{"self":[{"href":"https:\/\/www.dertour-reiseleitung.com\/chalkidiki\/wp-json\/wp\/v2\/product\/10089","targetHints":{"allow":["GET"]}}],"collection":[{"href":"https:\/\/www.dertour-reiseleitung.com\/chalkidiki\/wp-json\/wp\/v2\/product"}],"about":[{"href":"https:\/\/www.dertour-reiseleitung.com\/chalkidiki\/wp-json\/wp\/v2\/types\/product"}],"version-history":[{"count":12,"href":"https:\/\/www.dertour-reiseleitung.com\/chalkidiki\/wp-json\/wp\/v2\/product\/10089\/revisions"}],"predecessor-version":[{"id":11590,"href":"https:\/\/www.dertour-reiseleitung.com\/chalkidiki\/wp-json\/wp\/v2\/product\/10089\/revisions\/11590"}],"wp:featuredmedia":[{"embeddable":true,"href":"https:\/\/www.dertour-reiseleitung.com\/chalkidiki\/wp-json\/wp\/v2\/media\/9581"}],"wp:attachment":[{"href":"https:\/\/www.dertour-reiseleitung.com\/chalkidiki\/wp-json\/wp\/v2\/media?parent=10089"}],"wp:term":[{"taxonomy":"ort","embeddable":true,"href":"https:\/\/www.dertour-reiseleitung.com\/chalkidiki\/wp-json\/wp\/v2\/ort?post=10089"},{"taxonomy":"sichtbarkeit","embeddable":true,"href":"https:\/\/www.dertour-reiseleitung.com\/chalkidiki\/wp-json\/wp\/v2\/sichtbarkeit?post=10089"},{"taxonomy":"templateoption","embeddable":true,"href":"https:\/\/www.dertour-reiseleitung.com\/chalkidiki\/wp-json\/wp\/v2\/templateoption?post=10089"},{"taxonomy":"product_brand","embeddable":true,"href":"https:\/\/www.dertour-reiseleitung.com\/chalkidiki\/wp-json\/wp\/v2\/product_brand?post=10089"},{"taxonomy":"product_cat","embeddable":true,"href":"https:\/\/www.dertour-reiseleitung.com\/chalkidiki\/wp-json\/wp\/v2\/product_cat?post=10089"},{"taxonomy":"product_tag","embeddable":true,"href":"https:\/\/www.dertour-reiseleitung.com\/chalkidiki\/wp-json\/wp\/v2\/product_tag?post=10089"}],"curies":[{"name":"wp","href":"https:\/\/api.w.org\/{rel}","templated":true}]}}