{"id":10479,"date":"2025-07-25T13:56:33","date_gmt":"2025-07-25T10:56:33","guid":{"rendered":"https:\/\/www.dertour-reiseleitung.com\/chalkidiki\/?post_type=product&#038;p=10479"},"modified":"2026-04-24T15:04:42","modified_gmt":"2026-04-24T12:04:42","slug":"sithonia-crystal-water-dds-012-1","status":"publish","type":"product","link":"https:\/\/www.dertour-reiseleitung.com\/chalkidiki\/aktivitaeten\/sithonia-crystal-water-dds-012-1\/","title":{"rendered":"Sithonia Crystal Water"},"content":{"rendered":"<h3>Sithonia-Rundfahrt \u2013 Natur, Tradition &amp; Genuss<\/h3>\n<p>Entdecken Sie die landschaftliche Vielfalt der Halbinsel Sithonia: beeindruckende K\u00fcsten, glasklares Wasser, traditionelle D\u00f6rfer und urspr\u00fcngliche Natur erwarten Sie.<\/p>\n<p>Ihre Tour f\u00fchrt Sie zun\u00e4chst ins Landesinnere, ins charmante Bergdorf Parthenonas, das am Hang des Itamos-Gebirges gelegen ist. Das unter Denkmalschutz stehende Dorf mit seinen liebevoll restaurierten Steinh\u00e4usern und dem herrlichen Blick \u00fcber die Bucht l\u00e4dt zu einem kleinen Spaziergang ein.<\/p>\n<p>Weiter geht es nach Porto Koufo, einem der gr\u00f6\u00dften Naturh\u00e4fen Griechenlands. Umgeben von sanften H\u00fcgeln wirkt die Bucht beinahe wie ein ruhiger See \u2013 ideal, um die besondere Atmosph\u00e4re zu genie\u00dfen.<\/p>\n<p>In Sarti haben Sie die Wahl: ein erfrischendes Bad im kristallklaren Meer oder ein entspanntes Mittagessen (nicht im Preis enthalten) in einer der Tavernen direkt am Strand.<\/p>\n<p>Zum Abschluss besuchen Sie eine Imkerei im Dorf Nikiti, wo Sie einen Einblick in die Honigproduktion erhalten und die M\u00f6glichkeit haben, verschiedene Sorten regionalen Honigs zu probieren \u2013 und vielleicht Ihr ganz pers\u00f6nliches Urlaubssouvenir zu finden.<\/p>\n<p><strong>Ausflugsveranstalter:<\/strong>\u00a0DTS Incoming Hellas S.A.<\/p>\n","protected":false},"excerpt":{"rendered":"<p>Sithonia-Rundfahrt \u2013 Natur, Tradition &amp; Genuss Entdecken Sie die landschaftliche Vielfalt der Halbinsel Sithonia: beeindruckende K\u00fcsten, glasklares Wasser, traditionelle D\u00f6rfer und urspr\u00fcngliche Natur erwarten Sie. Ihre Tour f\u00fchrt Sie zun\u00e4chst ins Landesinnere, ins charmante Bergdorf Parthenonas, das am Hang des Itamos-Gebirges gelegen ist. Das unter Denkmalschutz stehende Dorf mit seinen liebevoll restaurierten Steinh\u00e4usern und dem [&hellip;]<\/p>\n","protected":false},"featured_media":10481,"template":"","meta":{"_acf_changed":false,"ocean_post_layout":"","ocean_both_sidebars_style":"","ocean_both_sidebars_content_width":0,"ocean_both_sidebars_sidebars_width":0,"ocean_sidebar":"0","ocean_second_sidebar":"0","ocean_disable_margins":"enable","ocean_add_body_class":"","ocean_shortcode_before_top_bar":"","ocean_shortcode_after_top_bar":"","ocean_shortcode_before_header":"","ocean_shortcode_after_header":"","ocean_has_shortcode":"","ocean_shortcode_after_title":"","ocean_shortcode_before_footer_widgets":"","ocean_shortcode_after_footer_widgets":"","ocean_shortcode_before_footer_bottom":"","ocean_shortcode_after_footer_bottom":"","ocean_display_top_bar":"default","ocean_display_header":"default","ocean_header_style":"","ocean_center_header_left_menu":"0","ocean_custom_header_template":"0","ocean_custom_logo":0,"ocean_custom_retina_logo":0,"ocean_custom_logo_max_width":0,"ocean_custom_logo_tablet_max_width":0,"ocean_custom_logo_mobile_max_width":0,"ocean_custom_logo_max_height":0,"ocean_custom_logo_tablet_max_height":0,"ocean_custom_logo_mobile_max_height":0,"ocean_header_custom_menu":"0","ocean_menu_typo_font_family":"0","ocean_menu_typo_font_subset":"","ocean_menu_typo_font_size":0,"ocean_menu_typo_font_size_tablet":0,"ocean_menu_typo_font_size_mobile":0,"ocean_menu_typo_font_size_unit":"px","ocean_menu_typo_font_weight":"","ocean_menu_typo_font_weight_tablet":"","ocean_menu_typo_font_weight_mobile":"","ocean_menu_typo_transform":"","ocean_menu_typo_transform_tablet":"","ocean_menu_typo_transform_mobile":"","ocean_menu_typo_line_height":0,"ocean_menu_typo_line_height_tablet":0,"ocean_menu_typo_line_height_mobile":0,"ocean_menu_typo_line_height_unit":"","ocean_menu_typo_spacing":0,"ocean_menu_typo_spacing_tablet":0,"ocean_menu_typo_spacing_mobile":0,"ocean_menu_typo_spacing_unit":"","ocean_menu_link_color":"","ocean_menu_link_color_hover":"","ocean_menu_link_color_active":"","ocean_menu_link_background":"","ocean_menu_link_hover_background":"","ocean_menu_link_active_background":"","ocean_menu_social_links_bg":"","ocean_menu_social_hover_links_bg":"","ocean_menu_social_links_color":"","ocean_menu_social_hover_links_color":"","ocean_disable_title":"default","ocean_disable_heading":"default","ocean_post_title":"","ocean_post_subheading":"","ocean_post_title_style":"background-image","ocean_post_title_background_color":"","ocean_post_title_background":10485,"ocean_post_title_bg_image_position":"","ocean_post_title_bg_image_attachment":"","ocean_post_title_bg_image_repeat":"","ocean_post_title_bg_image_size":"","ocean_post_title_height":0,"ocean_post_title_bg_overlay":0.5,"ocean_post_title_bg_overlay_color":"","ocean_disable_breadcrumbs":"default","ocean_breadcrumbs_color":"","ocean_breadcrumbs_separator_color":"","ocean_breadcrumbs_links_color":"","ocean_breadcrumbs_links_hover_color":"","ocean_display_footer_widgets":"default","ocean_display_footer_bottom":"default","ocean_custom_footer_template":"0","omw_enable_modal_window":"enable","osh_disable_topbar_sticky":"default","osh_disable_header_sticky":"default","osh_sticky_header_style":"default","osh_sticky_header_effect":"","osh_custom_sticky_logo":0,"osh_custom_retina_sticky_logo":0,"osh_custom_sticky_logo_height":0,"osh_background_color":"","osh_links_color":"","osh_links_hover_color":"","osh_links_active_color":"","osh_links_bg_color":"","osh_links_hover_bg_color":"","osh_links_active_bg_color":"","osh_menu_social_links_color":"","osh_menu_social_hover_links_color":""},"ort":[499,505,498,504,511,506,502,500,501,509,496,497,512,510,503,508,507],"sichtbarkeit":[],"templateoption":[179],"product_brand":[],"product_cat":[182],"product_tag":[],"class_list":{"0":"post-10479","1":"product","2":"type-product","3":"status-publish","4":"has-post-thumbnail","6":"ort-afitos","7":"ort-agia-paraskevi","8":"ort-cap-sani","9":"ort-chrousso-paliouri","10":"ort-elia-nikiti","11":"ort-gerakini","12":"ort-hanioti","13":"ort-kallithea","14":"ort-kriopigi","15":"ort-metamorfosi","16":"ort-nea-moudania","17":"ort-nea-potidea","18":"ort-neos-marmaras","19":"ort-nikiti","20":"ort-pefkohori","21":"ort-psakoudia","22":"ort-trikorfo","23":"templateoption-dertrip-bc","24":"product_cat-ausfluege","26":"entry","27":"has-media","29":"first","30":"instock","31":"virtual","32":"purchasable","33":"product-type-simple","34":"has-product-nav","35":"col","36":"span_1_of_3","37":"owp-content-center","38":"owp-thumbs-layout-horizontal","39":"owp-btn-normal","40":"owp-tabs-layout-section"},"acf":[],"_links":{"self":[{"href":"https:\/\/www.dertour-reiseleitung.com\/chalkidiki\/wp-json\/wp\/v2\/product\/10479","targetHints":{"allow":["GET"]}}],"collection":[{"href":"https:\/\/www.dertour-reiseleitung.com\/chalkidiki\/wp-json\/wp\/v2\/product"}],"about":[{"href":"https:\/\/www.dertour-reiseleitung.com\/chalkidiki\/wp-json\/wp\/v2\/types\/product"}],"version-history":[{"count":10,"href":"https:\/\/www.dertour-reiseleitung.com\/chalkidiki\/wp-json\/wp\/v2\/product\/10479\/revisions"}],"predecessor-version":[{"id":11721,"href":"https:\/\/www.dertour-reiseleitung.com\/chalkidiki\/wp-json\/wp\/v2\/product\/10479\/revisions\/11721"}],"wp:featuredmedia":[{"embeddable":true,"href":"https:\/\/www.dertour-reiseleitung.com\/chalkidiki\/wp-json\/wp\/v2\/media\/10481"}],"wp:attachment":[{"href":"https:\/\/www.dertour-reiseleitung.com\/chalkidiki\/wp-json\/wp\/v2\/media?parent=10479"}],"wp:term":[{"taxonomy":"ort","embeddable":true,"href":"https:\/\/www.dertour-reiseleitung.com\/chalkidiki\/wp-json\/wp\/v2\/ort?post=10479"},{"taxonomy":"sichtbarkeit","embeddable":true,"href":"https:\/\/www.dertour-reiseleitung.com\/chalkidiki\/wp-json\/wp\/v2\/sichtbarkeit?post=10479"},{"taxonomy":"templateoption","embeddable":true,"href":"https:\/\/www.dertour-reiseleitung.com\/chalkidiki\/wp-json\/wp\/v2\/templateoption?post=10479"},{"taxonomy":"product_brand","embeddable":true,"href":"https:\/\/www.dertour-reiseleitung.com\/chalkidiki\/wp-json\/wp\/v2\/product_brand?post=10479"},{"taxonomy":"product_cat","embeddable":true,"href":"https:\/\/www.dertour-reiseleitung.com\/chalkidiki\/wp-json\/wp\/v2\/product_cat?post=10479"},{"taxonomy":"product_tag","embeddable":true,"href":"https:\/\/www.dertour-reiseleitung.com\/chalkidiki\/wp-json\/wp\/v2\/product_tag?post=10479"}],"curies":[{"name":"wp","href":"https:\/\/api.w.org\/{rel}","templated":true}]}}