{"id":9509,"date":"2025-03-23T18:28:47","date_gmt":"2025-03-23T17:28:47","guid":{"rendered":"https:\/\/www.dertour-reiseleitung.com\/chalkidiki\/aktivitaeten\/der-heilige-berg-athos-mit-ohne-transferab-kassandra-sithonia\/"},"modified":"2026-04-24T11:53:35","modified_gmt":"2026-04-24T08:53:35","slug":"der-heilige-berg-athos-mit-ohne-transfer-dds-006-1","status":"publish","type":"product","link":"https:\/\/www.dertour-reiseleitung.com\/chalkidiki\/aktivitaeten\/der-heilige-berg-athos-mit-ohne-transfer-dds-006-1\/","title":{"rendered":"Der heilige Berg Athos (mit\/ohne Transfer)"},"content":{"rendered":"<h3>Sicher eines Ihrer sch\u00f6nsten Urlaubserlebnisse<\/h3>\n<p>Auf dem dritten und \u00f6stlichsten Finger der Halbinsel Chalkidiki befindet sich die M\u00f6nchsrepublik Athos. Bereits um etwa 300 n. Chr. kamen die ersten Eremiten. Sie lebten meist allein in H\u00f6hlen und widmeten ihr Leben Gott. Nach und nach wurde der ganze Berg bev\u00f6lkert. Im 9. Jahrhundert wurde dann das erste Kloster gegr\u00fcndet.<\/p>\n<p>Im 13. Jahrhundert, der Bl\u00fctezeit der Republik, gab es 40 Kl\u00f6ster, die von etwa 40.000 M\u00f6nchen bewohnt wurden. Heute sind es um die 1.500, verteilt auf ca. 20 Kl\u00f6ster, die immer noch unter den gleichen, strengen Regeln leben wie damals. Ohne Zweifel ist Athos heute das \u201egr\u00f6\u00dfte byzantinische Museum\u201d der Welt.<\/p>\n<p>Der Ausflugsbus bringt Sie nach Ormos Panagias zum Schiff. Hier stechen Sie in See. Die Fahrt f\u00fchrt Sie entlang der Westk\u00fcste der M\u00f6nchsrepublik Athos. Genie\u00dfen Sie einen unvergleichlichen Blick auf die diversen Kl\u00f6ster, die teilweise wie Schwalbennester an den steilen Felsw\u00e4nden kleben.<\/p>\n<p>Ein sch\u00f6nes Motiv f\u00fcr Ihre Filmkameras bietet das russisch-orthodoxe Kloster Panteileimonos, das sich wie ein Dorf am flachen Strand ausbreitet.<\/p>\n<p>Nach einem Aufenthalt in Ouranopolis \u2013Grenzort zur Republik \u2013 geht es am Nachmittag wieder zur\u00fcck in Ihr Hotel.<\/p>\n<p><strong>Ausflugsveranstalter:<\/strong> DTS Incoming Hellas S.A.<\/p>\n","protected":false},"excerpt":{"rendered":"<p>Sicher eines Ihrer sch\u00f6nsten Urlaubserlebnisse Auf dem dritten und \u00f6stlichsten Finger der Halbinsel Chalkidiki befindet sich die M\u00f6nchsrepublik Athos. Bereits um etwa 300 n. Chr. kamen die ersten Eremiten. Sie lebten meist allein in H\u00f6hlen und widmeten ihr Leben Gott. Nach und nach wurde der ganze Berg bev\u00f6lkert. Im 9. Jahrhundert wurde dann das erste [&hellip;]<\/p>\n","protected":false},"featured_media":9511,"template":"","meta":{"_acf_changed":false,"ocean_post_layout":"","ocean_both_sidebars_style":"","ocean_both_sidebars_content_width":0,"ocean_both_sidebars_sidebars_width":0,"ocean_sidebar":"0","ocean_second_sidebar":"0","ocean_disable_margins":"enable","ocean_add_body_class":"","ocean_shortcode_before_top_bar":"","ocean_shortcode_after_top_bar":"","ocean_shortcode_before_header":"","ocean_shortcode_after_header":"","ocean_has_shortcode":"","ocean_shortcode_after_title":"","ocean_shortcode_before_footer_widgets":"","ocean_shortcode_after_footer_widgets":"","ocean_shortcode_before_footer_bottom":"","ocean_shortcode_after_footer_bottom":"","ocean_display_top_bar":"default","ocean_display_header":"default","ocean_header_style":"","ocean_center_header_left_menu":"0","ocean_custom_header_template":"0","ocean_custom_logo":0,"ocean_custom_retina_logo":0,"ocean_custom_logo_max_width":0,"ocean_custom_logo_tablet_max_width":0,"ocean_custom_logo_mobile_max_width":0,"ocean_custom_logo_max_height":0,"ocean_custom_logo_tablet_max_height":0,"ocean_custom_logo_mobile_max_height":0,"ocean_header_custom_menu":"0","ocean_menu_typo_font_family":"0","ocean_menu_typo_font_subset":"","ocean_menu_typo_font_size":0,"ocean_menu_typo_font_size_tablet":0,"ocean_menu_typo_font_size_mobile":0,"ocean_menu_typo_font_size_unit":"px","ocean_menu_typo_font_weight":"","ocean_menu_typo_font_weight_tablet":"","ocean_menu_typo_font_weight_mobile":"","ocean_menu_typo_transform":"","ocean_menu_typo_transform_tablet":"","ocean_menu_typo_transform_mobile":"","ocean_menu_typo_line_height":0,"ocean_menu_typo_line_height_tablet":0,"ocean_menu_typo_line_height_mobile":0,"ocean_menu_typo_line_height_unit":"","ocean_menu_typo_spacing":0,"ocean_menu_typo_spacing_tablet":0,"ocean_menu_typo_spacing_mobile":0,"ocean_menu_typo_spacing_unit":"","ocean_menu_link_color":"","ocean_menu_link_color_hover":"","ocean_menu_link_color_active":"","ocean_menu_link_background":"","ocean_menu_link_hover_background":"","ocean_menu_link_active_background":"","ocean_menu_social_links_bg":"","ocean_menu_social_hover_links_bg":"","ocean_menu_social_links_color":"","ocean_menu_social_hover_links_color":"","ocean_disable_title":"default","ocean_disable_heading":"default","ocean_post_title":"","ocean_post_subheading":"","ocean_post_title_style":"background-image","ocean_post_title_background_color":"","ocean_post_title_background":9585,"ocean_post_title_bg_image_position":"","ocean_post_title_bg_image_attachment":"","ocean_post_title_bg_image_repeat":"","ocean_post_title_bg_image_size":"","ocean_post_title_height":0,"ocean_post_title_bg_overlay":0.5,"ocean_post_title_bg_overlay_color":"","ocean_disable_breadcrumbs":"default","ocean_breadcrumbs_color":"","ocean_breadcrumbs_separator_color":"","ocean_breadcrumbs_links_color":"","ocean_breadcrumbs_links_hover_color":"","ocean_display_footer_widgets":"default","ocean_display_footer_bottom":"default","ocean_custom_footer_template":"0","omw_enable_modal_window":"enable","osh_disable_topbar_sticky":"default","osh_disable_header_sticky":"default","osh_sticky_header_style":"default","osh_sticky_header_effect":"","osh_custom_sticky_logo":0,"osh_custom_retina_sticky_logo":0,"osh_custom_sticky_logo_height":0,"osh_background_color":"","osh_links_color":"","osh_links_hover_color":"","osh_links_active_color":"","osh_links_bg_color":"","osh_links_hover_bg_color":"","osh_links_active_bg_color":"","osh_menu_social_links_color":"","osh_menu_social_hover_links_color":""},"ort":[499,505,498,504,506,502,500,501,509,496,497,512,503,508,507,514],"sichtbarkeit":[],"templateoption":[179],"product_brand":[],"product_cat":[182],"product_tag":[],"class_list":{"0":"post-9509","1":"product","2":"type-product","3":"status-publish","4":"has-post-thumbnail","6":"ort-afitos","7":"ort-agia-paraskevi","8":"ort-cap-sani","9":"ort-chrousso-paliouri","10":"ort-gerakini","11":"ort-hanioti","12":"ort-kallithea","13":"ort-kriopigi","14":"ort-metamorfosi","15":"ort-nea-moudania","16":"ort-nea-potidea","17":"ort-neos-marmaras","18":"ort-pefkohori","19":"ort-psakoudia","20":"ort-trikorfo","21":"ort-vourvourou","22":"templateoption-dertrip-bc","23":"product_cat-ausfluege","25":"entry","26":"has-media","28":"first","29":"instock","30":"virtual","31":"purchasable","32":"product-type-simple","33":"has-product-nav","34":"col","35":"span_1_of_3","36":"owp-content-center","37":"owp-thumbs-layout-horizontal","38":"owp-btn-normal","39":"owp-tabs-layout-section"},"acf":[],"_links":{"self":[{"href":"https:\/\/www.dertour-reiseleitung.com\/chalkidiki\/wp-json\/wp\/v2\/product\/9509","targetHints":{"allow":["GET"]}}],"collection":[{"href":"https:\/\/www.dertour-reiseleitung.com\/chalkidiki\/wp-json\/wp\/v2\/product"}],"about":[{"href":"https:\/\/www.dertour-reiseleitung.com\/chalkidiki\/wp-json\/wp\/v2\/types\/product"}],"version-history":[{"count":11,"href":"https:\/\/www.dertour-reiseleitung.com\/chalkidiki\/wp-json\/wp\/v2\/product\/9509\/revisions"}],"predecessor-version":[{"id":11587,"href":"https:\/\/www.dertour-reiseleitung.com\/chalkidiki\/wp-json\/wp\/v2\/product\/9509\/revisions\/11587"}],"wp:featuredmedia":[{"embeddable":true,"href":"https:\/\/www.dertour-reiseleitung.com\/chalkidiki\/wp-json\/wp\/v2\/media\/9511"}],"wp:attachment":[{"href":"https:\/\/www.dertour-reiseleitung.com\/chalkidiki\/wp-json\/wp\/v2\/media?parent=9509"}],"wp:term":[{"taxonomy":"ort","embeddable":true,"href":"https:\/\/www.dertour-reiseleitung.com\/chalkidiki\/wp-json\/wp\/v2\/ort?post=9509"},{"taxonomy":"sichtbarkeit","embeddable":true,"href":"https:\/\/www.dertour-reiseleitung.com\/chalkidiki\/wp-json\/wp\/v2\/sichtbarkeit?post=9509"},{"taxonomy":"templateoption","embeddable":true,"href":"https:\/\/www.dertour-reiseleitung.com\/chalkidiki\/wp-json\/wp\/v2\/templateoption?post=9509"},{"taxonomy":"product_brand","embeddable":true,"href":"https:\/\/www.dertour-reiseleitung.com\/chalkidiki\/wp-json\/wp\/v2\/product_brand?post=9509"},{"taxonomy":"product_cat","embeddable":true,"href":"https:\/\/www.dertour-reiseleitung.com\/chalkidiki\/wp-json\/wp\/v2\/product_cat?post=9509"},{"taxonomy":"product_tag","embeddable":true,"href":"https:\/\/www.dertour-reiseleitung.com\/chalkidiki\/wp-json\/wp\/v2\/product_tag?post=9509"}],"curies":[{"name":"wp","href":"https:\/\/api.w.org\/{rel}","templated":true}]}}