{"id":9523,"date":"2025-03-23T18:29:17","date_gmt":"2025-03-23T17:29:17","guid":{"rendered":"https:\/\/www.dertour-reiseleitung.com\/chalkidiki\/aktivitaeten\/thessaloniki-mit-ohne-stadtrundfahrt-ab-sithonia-kassandra\/"},"modified":"2026-04-24T11:55:07","modified_gmt":"2026-04-24T08:55:07","slug":"thessaloniki-mit-ohne-stadtrundfahrt-dds-001-1","status":"publish","type":"product","link":"https:\/\/www.dertour-reiseleitung.com\/chalkidiki\/aktivitaeten\/thessaloniki-mit-ohne-stadtrundfahrt-dds-001-1\/","title":{"rendered":"Thessaloniki (mit\/ohne Stadtrundfahrt)"},"content":{"rendered":"<h3>Stadt mit Kultur und griechischer Lebensfreude<\/h3>\n<p>Vers\u00e4umen Sie nicht diese Fahrt nach Thessaloniki, um die Hauptstadt Nordgriechenlands besser kennenzulernen.<\/p>\n<p>In Thessaloniki angekommen, geht es gleich los zur Stadtrundfahrt. Sie besuchen die malerische Altstadt mit einer Fotopause an der Zitadelle \u2013 die Stadt liegt Ihnen zu F\u00fc\u00dfen. Danach pr\u00e4sentiert sich Ihnen die gro\u00dfe, eindrucksvolle Basilika Agios Dimitrios und wartet auf Ihren Besuch. Anschlie\u00dfend steht das Arch\u00e4ologische Museum auf dem Programm.<\/p>\n<p>Danach k\u00f6nnen Sie nach Lust und Laune bummeln. Besuchen Sie die modernen Gesch\u00e4fte, genie\u00dfen Sie einen Kaffee an der Hafenpromenade und als Tipp: Der Besuch des alten Bazars an der Ecke Egnatia\/Aristotelous-Stra\u00dfe, im alten Handwerkerviertel.<\/p>\n<p>Abfahrt zum Wei\u00dfen Turm in Thessaloniki \u2013 Besuch der Altstadt und der Zitadelle \u2013 Agios Dimitrios \u2013 Arch\u00e4ologisches Museum \u2013Wei\u00dfer Turm \u2013 freie Zeit \u2013 R\u00fcckfahrt zu den Hotels.<\/p>\n<p><strong>Ausflugsveranstalter:<\/strong> DTS Incoming Hellas S.A.<\/p>\n","protected":false},"excerpt":{"rendered":"<p>Stadt mit Kultur und griechischer Lebensfreude Vers\u00e4umen Sie nicht diese Fahrt nach Thessaloniki, um die Hauptstadt Nordgriechenlands besser kennenzulernen. In Thessaloniki angekommen, geht es gleich los zur Stadtrundfahrt. Sie besuchen die malerische Altstadt mit einer Fotopause an der Zitadelle \u2013 die Stadt liegt Ihnen zu F\u00fc\u00dfen. Danach pr\u00e4sentiert sich Ihnen die gro\u00dfe, eindrucksvolle Basilika Agios [&hellip;]<\/p>\n","protected":false},"featured_media":9525,"template":"","meta":{"_acf_changed":false,"ocean_post_layout":"","ocean_both_sidebars_style":"","ocean_both_sidebars_content_width":0,"ocean_both_sidebars_sidebars_width":0,"ocean_sidebar":"0","ocean_second_sidebar":"0","ocean_disable_margins":"enable","ocean_add_body_class":"","ocean_shortcode_before_top_bar":"","ocean_shortcode_after_top_bar":"","ocean_shortcode_before_header":"","ocean_shortcode_after_header":"","ocean_has_shortcode":"","ocean_shortcode_after_title":"","ocean_shortcode_before_footer_widgets":"","ocean_shortcode_after_footer_widgets":"","ocean_shortcode_before_footer_bottom":"","ocean_shortcode_after_footer_bottom":"","ocean_display_top_bar":"default","ocean_display_header":"default","ocean_header_style":"","ocean_center_header_left_menu":"0","ocean_custom_header_template":"0","ocean_custom_logo":0,"ocean_custom_retina_logo":0,"ocean_custom_logo_max_width":0,"ocean_custom_logo_tablet_max_width":0,"ocean_custom_logo_mobile_max_width":0,"ocean_custom_logo_max_height":0,"ocean_custom_logo_tablet_max_height":0,"ocean_custom_logo_mobile_max_height":0,"ocean_header_custom_menu":"0","ocean_menu_typo_font_family":"0","ocean_menu_typo_font_subset":"","ocean_menu_typo_font_size":0,"ocean_menu_typo_font_size_tablet":0,"ocean_menu_typo_font_size_mobile":0,"ocean_menu_typo_font_size_unit":"px","ocean_menu_typo_font_weight":"","ocean_menu_typo_font_weight_tablet":"","ocean_menu_typo_font_weight_mobile":"","ocean_menu_typo_transform":"","ocean_menu_typo_transform_tablet":"","ocean_menu_typo_transform_mobile":"","ocean_menu_typo_line_height":0,"ocean_menu_typo_line_height_tablet":0,"ocean_menu_typo_line_height_mobile":0,"ocean_menu_typo_line_height_unit":"","ocean_menu_typo_spacing":0,"ocean_menu_typo_spacing_tablet":0,"ocean_menu_typo_spacing_mobile":0,"ocean_menu_typo_spacing_unit":"","ocean_menu_link_color":"","ocean_menu_link_color_hover":"","ocean_menu_link_color_active":"","ocean_menu_link_background":"","ocean_menu_link_hover_background":"","ocean_menu_link_active_background":"","ocean_menu_social_links_bg":"","ocean_menu_social_hover_links_bg":"","ocean_menu_social_links_color":"","ocean_menu_social_hover_links_color":"","ocean_disable_title":"default","ocean_disable_heading":"default","ocean_post_title":"","ocean_post_subheading":"","ocean_post_title_style":"background-image","ocean_post_title_background_color":"","ocean_post_title_background":9539,"ocean_post_title_bg_image_position":"","ocean_post_title_bg_image_attachment":"","ocean_post_title_bg_image_repeat":"","ocean_post_title_bg_image_size":"","ocean_post_title_height":0,"ocean_post_title_bg_overlay":0.5,"ocean_post_title_bg_overlay_color":"","ocean_disable_breadcrumbs":"default","ocean_breadcrumbs_color":"","ocean_breadcrumbs_separator_color":"","ocean_breadcrumbs_links_color":"","ocean_breadcrumbs_links_hover_color":"","ocean_display_footer_widgets":"default","ocean_display_footer_bottom":"default","ocean_custom_footer_template":"0","omw_enable_modal_window":"enable","osh_disable_topbar_sticky":"default","osh_disable_header_sticky":"default","osh_sticky_header_style":"default","osh_sticky_header_effect":"","osh_custom_sticky_logo":0,"osh_custom_retina_sticky_logo":0,"osh_custom_sticky_logo_height":0,"osh_background_color":"","osh_links_color":"","osh_links_hover_color":"","osh_links_active_color":"","osh_links_bg_color":"","osh_links_hover_bg_color":"","osh_links_active_bg_color":"","osh_menu_social_links_color":"","osh_menu_social_hover_links_color":""},"ort":[499,505,498,504,511,506,502,500,501,509,496,497,512,510,513,503,508,507,514],"sichtbarkeit":[],"templateoption":[179],"product_brand":[],"product_cat":[182],"product_tag":[],"class_list":{"0":"post-9523","1":"product","2":"type-product","3":"status-publish","4":"has-post-thumbnail","6":"ort-afitos","7":"ort-agia-paraskevi","8":"ort-cap-sani","9":"ort-chrousso-paliouri","10":"ort-elia-nikiti","11":"ort-gerakini","12":"ort-hanioti","13":"ort-kallithea","14":"ort-kriopigi","15":"ort-metamorfosi","16":"ort-nea-moudania","17":"ort-nea-potidea","18":"ort-neos-marmaras","19":"ort-nikiti","20":"ort-ormos-panagias","21":"ort-pefkohori","22":"ort-psakoudia","23":"ort-trikorfo","24":"ort-vourvourou","25":"templateoption-dertrip-bc","26":"product_cat-ausfluege","28":"entry","29":"has-media","31":"first","32":"instock","33":"virtual","34":"purchasable","35":"product-type-simple","36":"has-product-nav","37":"col","38":"span_1_of_3","39":"owp-content-center","40":"owp-thumbs-layout-horizontal","41":"owp-btn-normal","42":"owp-tabs-layout-section"},"acf":[],"_links":{"self":[{"href":"https:\/\/www.dertour-reiseleitung.com\/chalkidiki\/wp-json\/wp\/v2\/product\/9523","targetHints":{"allow":["GET"]}}],"collection":[{"href":"https:\/\/www.dertour-reiseleitung.com\/chalkidiki\/wp-json\/wp\/v2\/product"}],"about":[{"href":"https:\/\/www.dertour-reiseleitung.com\/chalkidiki\/wp-json\/wp\/v2\/types\/product"}],"version-history":[{"count":12,"href":"https:\/\/www.dertour-reiseleitung.com\/chalkidiki\/wp-json\/wp\/v2\/product\/9523\/revisions"}],"predecessor-version":[{"id":11585,"href":"https:\/\/www.dertour-reiseleitung.com\/chalkidiki\/wp-json\/wp\/v2\/product\/9523\/revisions\/11585"}],"wp:featuredmedia":[{"embeddable":true,"href":"https:\/\/www.dertour-reiseleitung.com\/chalkidiki\/wp-json\/wp\/v2\/media\/9525"}],"wp:attachment":[{"href":"https:\/\/www.dertour-reiseleitung.com\/chalkidiki\/wp-json\/wp\/v2\/media?parent=9523"}],"wp:term":[{"taxonomy":"ort","embeddable":true,"href":"https:\/\/www.dertour-reiseleitung.com\/chalkidiki\/wp-json\/wp\/v2\/ort?post=9523"},{"taxonomy":"sichtbarkeit","embeddable":true,"href":"https:\/\/www.dertour-reiseleitung.com\/chalkidiki\/wp-json\/wp\/v2\/sichtbarkeit?post=9523"},{"taxonomy":"templateoption","embeddable":true,"href":"https:\/\/www.dertour-reiseleitung.com\/chalkidiki\/wp-json\/wp\/v2\/templateoption?post=9523"},{"taxonomy":"product_brand","embeddable":true,"href":"https:\/\/www.dertour-reiseleitung.com\/chalkidiki\/wp-json\/wp\/v2\/product_brand?post=9523"},{"taxonomy":"product_cat","embeddable":true,"href":"https:\/\/www.dertour-reiseleitung.com\/chalkidiki\/wp-json\/wp\/v2\/product_cat?post=9523"},{"taxonomy":"product_tag","embeddable":true,"href":"https:\/\/www.dertour-reiseleitung.com\/chalkidiki\/wp-json\/wp\/v2\/product_tag?post=9523"}],"curies":[{"name":"wp","href":"https:\/\/api.w.org\/{rel}","templated":true}]}}