{"id":9560,"date":"2025-03-23T18:30:16","date_gmt":"2025-03-23T17:30:16","guid":{"rendered":"https:\/\/www.dertour-reiseleitung.com\/chalkidiki\/aktivitaeten\/badefahrt-blaue-lagune-ab-kassandra-sithonia\/"},"modified":"2026-04-24T14:55:15","modified_gmt":"2026-04-24T11:55:15","slug":"badefahrt-blaue-lagune-dds-011-1","status":"publish","type":"product","link":"https:\/\/www.dertour-reiseleitung.com\/chalkidiki\/aktivitaeten\/badefahrt-blaue-lagune-dds-011-1\/","title":{"rendered":"Badefahrt Blaue Lagune"},"content":{"rendered":"<h3>Ein Badetag mal ganz anders<\/h3>\n<p>Im Hafen von Ormos Panagias gehen Sie an Bord des Schiffes.<\/p>\n<p>Ab jetzt dreht sich alles um Entspannung und Sie schippern gem\u00fctlich durch das tiefblaue Wasser.<\/p>\n<p>Faulenzen Sie an Deck, w\u00e4hrend das Schiff \u00fcber den Golf von Singitikos f\u00e4hrt. Das Schiff ankert vor Diaporos, einer Insel in Form von Tintenflecken, die fast vollst\u00e4ndig von Sandstr\u00e4nden ges\u00e4umt ist. K\u00fchlen Sie sich ab beim Sprung ins k\u00fchle Nass oder genie\u00dfen Sie die Sonne am Strand.<\/p>\n<p>Nach der Abfahrt von der Insel Diaporos Richtung Sithonia bereiten der Kapit\u00e4n und seine Crew das Essen f\u00fcr Sie vor (Soutzoukakia mit Reis, Salat und Brot).<\/p>\n<p>Ausgeruht kommen Sie an einem der beliebtesten Str\u00e4nde in Sithonia an. Hier haben Sie noch einmal die M\u00f6glichkeit zu tauchen, zu schwimmen, zu schnorcheln oder sich an Deck zu entspannen.<\/p>\n<p>Zum Ausklang des Tages geht die Fahrt wieder zum Ormos Panagias, wo Ihr Transferbus auf Sie wartet.<\/p>\n<p><strong>Ausflugsveranstalter:<\/strong>\u00a0DTS Incoming Hellas S.A.<\/p>\n","protected":false},"excerpt":{"rendered":"<p>Ein Badetag mal ganz anders Im Hafen von Ormos Panagias gehen Sie an Bord des Schiffes. Ab jetzt dreht sich alles um Entspannung und Sie schippern gem\u00fctlich durch das tiefblaue Wasser. Faulenzen Sie an Deck, w\u00e4hrend das Schiff \u00fcber den Golf von Singitikos f\u00e4hrt. Das Schiff ankert vor Diaporos, einer Insel in Form von Tintenflecken, [&hellip;]<\/p>\n","protected":false},"featured_media":9562,"template":"","meta":{"_acf_changed":false,"ocean_post_layout":"","ocean_both_sidebars_style":"","ocean_both_sidebars_content_width":0,"ocean_both_sidebars_sidebars_width":0,"ocean_sidebar":"0","ocean_second_sidebar":"0","ocean_disable_margins":"enable","ocean_add_body_class":"","ocean_shortcode_before_top_bar":"","ocean_shortcode_after_top_bar":"","ocean_shortcode_before_header":"","ocean_shortcode_after_header":"","ocean_has_shortcode":"","ocean_shortcode_after_title":"","ocean_shortcode_before_footer_widgets":"","ocean_shortcode_after_footer_widgets":"","ocean_shortcode_before_footer_bottom":"","ocean_shortcode_after_footer_bottom":"","ocean_display_top_bar":"default","ocean_display_header":"default","ocean_header_style":"","ocean_center_header_left_menu":"0","ocean_custom_header_template":"0","ocean_custom_logo":0,"ocean_custom_retina_logo":0,"ocean_custom_logo_max_width":0,"ocean_custom_logo_tablet_max_width":0,"ocean_custom_logo_mobile_max_width":0,"ocean_custom_logo_max_height":0,"ocean_custom_logo_tablet_max_height":0,"ocean_custom_logo_mobile_max_height":0,"ocean_header_custom_menu":"0","ocean_menu_typo_font_family":"0","ocean_menu_typo_font_subset":"","ocean_menu_typo_font_size":0,"ocean_menu_typo_font_size_tablet":0,"ocean_menu_typo_font_size_mobile":0,"ocean_menu_typo_font_size_unit":"px","ocean_menu_typo_font_weight":"","ocean_menu_typo_font_weight_tablet":"","ocean_menu_typo_font_weight_mobile":"","ocean_menu_typo_transform":"","ocean_menu_typo_transform_tablet":"","ocean_menu_typo_transform_mobile":"","ocean_menu_typo_line_height":0,"ocean_menu_typo_line_height_tablet":0,"ocean_menu_typo_line_height_mobile":0,"ocean_menu_typo_line_height_unit":"","ocean_menu_typo_spacing":0,"ocean_menu_typo_spacing_tablet":0,"ocean_menu_typo_spacing_mobile":0,"ocean_menu_typo_spacing_unit":"","ocean_menu_link_color":"","ocean_menu_link_color_hover":"","ocean_menu_link_color_active":"","ocean_menu_link_background":"","ocean_menu_link_hover_background":"","ocean_menu_link_active_background":"","ocean_menu_social_links_bg":"","ocean_menu_social_hover_links_bg":"","ocean_menu_social_links_color":"","ocean_menu_social_hover_links_color":"","ocean_disable_title":"default","ocean_disable_heading":"default","ocean_post_title":"","ocean_post_subheading":"","ocean_post_title_style":"background-image","ocean_post_title_background_color":"","ocean_post_title_background":9566,"ocean_post_title_bg_image_position":"","ocean_post_title_bg_image_attachment":"","ocean_post_title_bg_image_repeat":"","ocean_post_title_bg_image_size":"","ocean_post_title_height":0,"ocean_post_title_bg_overlay":0.5,"ocean_post_title_bg_overlay_color":"","ocean_disable_breadcrumbs":"default","ocean_breadcrumbs_color":"","ocean_breadcrumbs_separator_color":"","ocean_breadcrumbs_links_color":"","ocean_breadcrumbs_links_hover_color":"","ocean_display_footer_widgets":"default","ocean_display_footer_bottom":"default","ocean_custom_footer_template":"0","omw_enable_modal_window":"enable","osh_disable_topbar_sticky":"default","osh_disable_header_sticky":"default","osh_sticky_header_style":"default","osh_sticky_header_effect":"","osh_custom_sticky_logo":0,"osh_custom_retina_sticky_logo":0,"osh_custom_sticky_logo_height":0,"osh_background_color":"","osh_links_color":"","osh_links_hover_color":"","osh_links_active_color":"","osh_links_bg_color":"","osh_links_hover_bg_color":"","osh_links_active_bg_color":"","osh_menu_social_links_color":"","osh_menu_social_hover_links_color":""},"ort":[499,505,498,504,511,506,502,500,501,509,496,497,512,510,513,503,508,507,514],"sichtbarkeit":[],"templateoption":[179],"product_brand":[],"product_cat":[182],"product_tag":[],"class_list":{"0":"post-9560","1":"product","2":"type-product","3":"status-publish","4":"has-post-thumbnail","6":"ort-afitos","7":"ort-agia-paraskevi","8":"ort-cap-sani","9":"ort-chrousso-paliouri","10":"ort-elia-nikiti","11":"ort-gerakini","12":"ort-hanioti","13":"ort-kallithea","14":"ort-kriopigi","15":"ort-metamorfosi","16":"ort-nea-moudania","17":"ort-nea-potidea","18":"ort-neos-marmaras","19":"ort-nikiti","20":"ort-ormos-panagias","21":"ort-pefkohori","22":"ort-psakoudia","23":"ort-trikorfo","24":"ort-vourvourou","25":"templateoption-dertrip-bc","26":"product_cat-ausfluege","28":"entry","29":"has-media","31":"first","32":"instock","33":"virtual","34":"purchasable","35":"product-type-simple","36":"has-product-nav","37":"col","38":"span_1_of_3","39":"owp-content-center","40":"owp-thumbs-layout-horizontal","41":"owp-btn-normal","42":"owp-tabs-layout-section"},"acf":[],"_links":{"self":[{"href":"https:\/\/www.dertour-reiseleitung.com\/chalkidiki\/wp-json\/wp\/v2\/product\/9560","targetHints":{"allow":["GET"]}}],"collection":[{"href":"https:\/\/www.dertour-reiseleitung.com\/chalkidiki\/wp-json\/wp\/v2\/product"}],"about":[{"href":"https:\/\/www.dertour-reiseleitung.com\/chalkidiki\/wp-json\/wp\/v2\/types\/product"}],"version-history":[{"count":11,"href":"https:\/\/www.dertour-reiseleitung.com\/chalkidiki\/wp-json\/wp\/v2\/product\/9560\/revisions"}],"predecessor-version":[{"id":11586,"href":"https:\/\/www.dertour-reiseleitung.com\/chalkidiki\/wp-json\/wp\/v2\/product\/9560\/revisions\/11586"}],"wp:featuredmedia":[{"embeddable":true,"href":"https:\/\/www.dertour-reiseleitung.com\/chalkidiki\/wp-json\/wp\/v2\/media\/9562"}],"wp:attachment":[{"href":"https:\/\/www.dertour-reiseleitung.com\/chalkidiki\/wp-json\/wp\/v2\/media?parent=9560"}],"wp:term":[{"taxonomy":"ort","embeddable":true,"href":"https:\/\/www.dertour-reiseleitung.com\/chalkidiki\/wp-json\/wp\/v2\/ort?post=9560"},{"taxonomy":"sichtbarkeit","embeddable":true,"href":"https:\/\/www.dertour-reiseleitung.com\/chalkidiki\/wp-json\/wp\/v2\/sichtbarkeit?post=9560"},{"taxonomy":"templateoption","embeddable":true,"href":"https:\/\/www.dertour-reiseleitung.com\/chalkidiki\/wp-json\/wp\/v2\/templateoption?post=9560"},{"taxonomy":"product_brand","embeddable":true,"href":"https:\/\/www.dertour-reiseleitung.com\/chalkidiki\/wp-json\/wp\/v2\/product_brand?post=9560"},{"taxonomy":"product_cat","embeddable":true,"href":"https:\/\/www.dertour-reiseleitung.com\/chalkidiki\/wp-json\/wp\/v2\/product_cat?post=9560"},{"taxonomy":"product_tag","embeddable":true,"href":"https:\/\/www.dertour-reiseleitung.com\/chalkidiki\/wp-json\/wp\/v2\/product_tag?post=9560"}],"curies":[{"name":"wp","href":"https:\/\/api.w.org\/{rel}","templated":true}]}}