{"id":9612,"date":"2025-03-23T18:32:13","date_gmt":"2025-03-23T17:32:13","guid":{"rendered":"https:\/\/www.dertour-reiseleitung.com\/chalkidiki\/aktivitaeten\/thessaloniki-mit-stadtrundfahrt-ab-olympische-riviera\/"},"modified":"2026-04-24T11:24:43","modified_gmt":"2026-04-24T08:24:43","slug":"thessaloniki-mit-stadtrundfahrt-dds-008-1","status":"publish","type":"product","link":"https:\/\/www.dertour-reiseleitung.com\/chalkidiki\/aktivitaeten\/thessaloniki-mit-stadtrundfahrt-dds-008-1\/","title":{"rendered":"Thessaloniki mit Stadtrundfahrt"},"content":{"rendered":"<h3>Stadt mit Kultur und griechischer Lebensfreude<\/h3>\n<p>Verpassen Sie nicht die Gelegenheit, an der Fahrt nach Thessaloniki teilzunehmen, um die Hauptstadt Nordgriechenlands besser kennenzulernen.<\/p>\n<p>In den belebten Einkaufsstra\u00dfen finden Sie zahlreiche moderne und preisg\u00fcnstige Gesch\u00e4fte. Das reiche Erbe der byzantinischen, r\u00f6mischen und osmanischen Kulturen, das Ihnen an jeder Ecke der Stadt begegnet, ist von gro\u00dfem Interesse.<\/p>\n<p>Nach Ihrer Ankunft in Thessaloniki beginnt die Stadtrundfahrt. Sie besuchen die malerische Altstadt mit einer Fotopause an der Zitadelle, wo Ihnen die Stadt zu F\u00fc\u00dfen liegt. Sie fahren durch die Altstadt zur Kirche des Heiligen Dimitrios, dem Schutzpatron der Stadt. Die Tour f\u00fchrt Sie dann weiter zur Rotonda und dem Triumphbogen des Galerius (Kamara). Dann fahren Sie entlang der bekannten Egnatia-Stra\u00dfe bis zur beliebten Einkaufsstra\u00dfe Tsimiski, wo Sie den Zentralplatz von Thessaloniki, den Aristoteles-Platz, erreichen.<\/p>\n<p>Danach haben Sie Zeit, nach Belieben zu bummeln. Besuchen Sie die modernen Gesch\u00e4fte, genie\u00dfen Sie einen Kaffee an der Hafenpromenade, und, als Tipp: Besuchen Sie den alten Bazar an der Ecke Egnatia\/Aristotelous-Stra\u00dfe im alten Handwerkerviertel.<\/p>\n<p>Bevor Sie die Stadt verlassen, haben Sie die M\u00f6glichkeit, an einer Minikreuzfahrt zum Thermaischen Golf teilzunehmen und dort einen Kaffee oder Wein zu genie\u00dfen.<\/p>\n<p>Der Treffpunkt f\u00fcr die R\u00fcckfahrt ist der Wei\u00dfe Turm, das Wahrzeichen der Stadt. Der Zeitpunkt wird von der Reisef\u00fchrung bekannt gegeben, um die R\u00fcckreise zum Hotel anzutreten.<\/p>\n<p><strong>Ausflugsveranstalter:<\/strong> DTS Incoming Hellas S.A.<\/p>\n","protected":false},"excerpt":{"rendered":"<p>Stadt mit Kultur und griechischer Lebensfreude Verpassen Sie nicht die Gelegenheit, an der Fahrt nach Thessaloniki teilzunehmen, um die Hauptstadt Nordgriechenlands besser kennenzulernen. In den belebten Einkaufsstra\u00dfen finden Sie zahlreiche moderne und preisg\u00fcnstige Gesch\u00e4fte. Das reiche Erbe der byzantinischen, r\u00f6mischen und osmanischen Kulturen, das Ihnen an jeder Ecke der Stadt begegnet, ist von gro\u00dfem Interesse. [&hellip;]<\/p>\n","protected":false},"featured_media":9525,"template":"","meta":{"_acf_changed":false,"ocean_post_layout":"","ocean_both_sidebars_style":"","ocean_both_sidebars_content_width":0,"ocean_both_sidebars_sidebars_width":0,"ocean_sidebar":"0","ocean_second_sidebar":"0","ocean_disable_margins":"enable","ocean_add_body_class":"","ocean_shortcode_before_top_bar":"","ocean_shortcode_after_top_bar":"","ocean_shortcode_before_header":"","ocean_shortcode_after_header":"","ocean_has_shortcode":"","ocean_shortcode_after_title":"","ocean_shortcode_before_footer_widgets":"","ocean_shortcode_after_footer_widgets":"","ocean_shortcode_before_footer_bottom":"","ocean_shortcode_after_footer_bottom":"","ocean_display_top_bar":"default","ocean_display_header":"default","ocean_header_style":"","ocean_center_header_left_menu":"0","ocean_custom_header_template":"0","ocean_custom_logo":0,"ocean_custom_retina_logo":0,"ocean_custom_logo_max_width":0,"ocean_custom_logo_tablet_max_width":0,"ocean_custom_logo_mobile_max_width":0,"ocean_custom_logo_max_height":0,"ocean_custom_logo_tablet_max_height":0,"ocean_custom_logo_mobile_max_height":0,"ocean_header_custom_menu":"0","ocean_menu_typo_font_family":"0","ocean_menu_typo_font_subset":"","ocean_menu_typo_font_size":0,"ocean_menu_typo_font_size_tablet":0,"ocean_menu_typo_font_size_mobile":0,"ocean_menu_typo_font_size_unit":"px","ocean_menu_typo_font_weight":"","ocean_menu_typo_font_weight_tablet":"","ocean_menu_typo_font_weight_mobile":"","ocean_menu_typo_transform":"","ocean_menu_typo_transform_tablet":"","ocean_menu_typo_transform_mobile":"","ocean_menu_typo_line_height":0,"ocean_menu_typo_line_height_tablet":0,"ocean_menu_typo_line_height_mobile":0,"ocean_menu_typo_line_height_unit":"","ocean_menu_typo_spacing":0,"ocean_menu_typo_spacing_tablet":0,"ocean_menu_typo_spacing_mobile":0,"ocean_menu_typo_spacing_unit":"","ocean_menu_link_color":"","ocean_menu_link_color_hover":"","ocean_menu_link_color_active":"","ocean_menu_link_background":"","ocean_menu_link_hover_background":"","ocean_menu_link_active_background":"","ocean_menu_social_links_bg":"","ocean_menu_social_hover_links_bg":"","ocean_menu_social_links_color":"","ocean_menu_social_hover_links_color":"","ocean_disable_title":"default","ocean_disable_heading":"default","ocean_post_title":"","ocean_post_subheading":"","ocean_post_title_style":"background-image","ocean_post_title_background_color":"","ocean_post_title_background":9539,"ocean_post_title_bg_image_position":"","ocean_post_title_bg_image_attachment":"","ocean_post_title_bg_image_repeat":"","ocean_post_title_bg_image_size":"","ocean_post_title_height":0,"ocean_post_title_bg_overlay":0.5,"ocean_post_title_bg_overlay_color":"","ocean_disable_breadcrumbs":"default","ocean_breadcrumbs_color":"","ocean_breadcrumbs_separator_color":"","ocean_breadcrumbs_links_color":"","ocean_breadcrumbs_links_hover_color":"","ocean_display_footer_widgets":"default","ocean_display_footer_bottom":"default","ocean_custom_footer_template":"0","omw_enable_modal_window":"enable","osh_disable_topbar_sticky":"default","osh_disable_header_sticky":"default","osh_sticky_header_style":"default","osh_sticky_header_effect":"","osh_custom_sticky_logo":0,"osh_custom_retina_sticky_logo":0,"osh_custom_sticky_logo_height":0,"osh_background_color":"","osh_links_color":"","osh_links_hover_color":"","osh_links_active_color":"","osh_links_bg_color":"","osh_links_hover_bg_color":"","osh_links_active_bg_color":"","osh_menu_social_links_color":"","osh_menu_social_hover_links_color":""},"ort":[519,518,517],"sichtbarkeit":[],"templateoption":[179],"product_brand":[],"product_cat":[182],"product_tag":[],"class_list":{"0":"post-9612","1":"product","2":"type-product","3":"status-publish","4":"has-post-thumbnail","6":"ort-leptokarya","7":"ort-limani-litochorou","8":"ort-paralia","9":"templateoption-dertrip-bc","10":"product_cat-ausfluege","12":"entry","13":"has-media","15":"first","16":"instock","17":"virtual","18":"purchasable","19":"product-type-simple","20":"has-product-nav","21":"col","22":"span_1_of_3","23":"owp-content-center","24":"owp-thumbs-layout-horizontal","25":"owp-btn-normal","26":"owp-tabs-layout-section"},"acf":[],"_links":{"self":[{"href":"https:\/\/www.dertour-reiseleitung.com\/chalkidiki\/wp-json\/wp\/v2\/product\/9612","targetHints":{"allow":["GET"]}}],"collection":[{"href":"https:\/\/www.dertour-reiseleitung.com\/chalkidiki\/wp-json\/wp\/v2\/product"}],"about":[{"href":"https:\/\/www.dertour-reiseleitung.com\/chalkidiki\/wp-json\/wp\/v2\/types\/product"}],"version-history":[{"count":12,"href":"https:\/\/www.dertour-reiseleitung.com\/chalkidiki\/wp-json\/wp\/v2\/product\/9612\/revisions"}],"predecessor-version":[{"id":11708,"href":"https:\/\/www.dertour-reiseleitung.com\/chalkidiki\/wp-json\/wp\/v2\/product\/9612\/revisions\/11708"}],"wp:featuredmedia":[{"embeddable":true,"href":"https:\/\/www.dertour-reiseleitung.com\/chalkidiki\/wp-json\/wp\/v2\/media\/9525"}],"wp:attachment":[{"href":"https:\/\/www.dertour-reiseleitung.com\/chalkidiki\/wp-json\/wp\/v2\/media?parent=9612"}],"wp:term":[{"taxonomy":"ort","embeddable":true,"href":"https:\/\/www.dertour-reiseleitung.com\/chalkidiki\/wp-json\/wp\/v2\/ort?post=9612"},{"taxonomy":"sichtbarkeit","embeddable":true,"href":"https:\/\/www.dertour-reiseleitung.com\/chalkidiki\/wp-json\/wp\/v2\/sichtbarkeit?post=9612"},{"taxonomy":"templateoption","embeddable":true,"href":"https:\/\/www.dertour-reiseleitung.com\/chalkidiki\/wp-json\/wp\/v2\/templateoption?post=9612"},{"taxonomy":"product_brand","embeddable":true,"href":"https:\/\/www.dertour-reiseleitung.com\/chalkidiki\/wp-json\/wp\/v2\/product_brand?post=9612"},{"taxonomy":"product_cat","embeddable":true,"href":"https:\/\/www.dertour-reiseleitung.com\/chalkidiki\/wp-json\/wp\/v2\/product_cat?post=9612"},{"taxonomy":"product_tag","embeddable":true,"href":"https:\/\/www.dertour-reiseleitung.com\/chalkidiki\/wp-json\/wp\/v2\/product_tag?post=9612"}],"curies":[{"name":"wp","href":"https:\/\/api.w.org\/{rel}","templated":true}]}}