{"id":9614,"date":"2025-03-23T18:32:13","date_gmt":"2025-03-23T17:32:13","guid":{"rendered":"https:\/\/www.dertour-reiseleitung.com\/chalkidiki\/aktivitaeten\/petralona-hoehle-wochenmarkt-in-nea-moudania-ab-kassandra-sithonia\/"},"modified":"2026-04-24T12:03:47","modified_gmt":"2026-04-24T09:03:47","slug":"petralona-hoehle-wochenmarkt-in-nea-moudania-dds-002-1","status":"publish","type":"product","link":"https:\/\/www.dertour-reiseleitung.com\/chalkidiki\/aktivitaeten\/petralona-hoehle-wochenmarkt-in-nea-moudania-dds-002-1\/","title":{"rendered":"Petralona H\u00f6hle &amp; Wochenmarkt in Nea Moudania"},"content":{"rendered":"<h3>Eine der \u00e4ltesten Tropfsteinh\u00f6hlen Europas<\/h3>\n<p>Dieser halbt\u00e4gige Ausflug f\u00fchrt Sie nach Nea Moudania. Das kleine Hafenst\u00e4dtchen wurde in den 1920er-Jahren von griechischen Fl\u00fcchtlingen aus der T\u00fcrkei gegr\u00fcndet und tr\u00e4gt deshalb den Beinamen &#8222;Nea&#8220;, was &#8222;neu&#8220; bedeutet.<\/p>\n<p>Hier l\u00e4dt Sie der gr\u00f6\u00dfte Wochenmarkt der Region zum Einkaufen und Bummeln ein. Fr\u00fchmorgens werden St\u00e4nde, Tische und \u00dcberdachungen vor Ort aufgestellt und mit saisonalen Produkten aus der Region best\u00fcckt. Obst und Gem\u00fcse, Eier, Blumen und Pflanzen, verschiedene Olivensorten, Souvenirs und Kleidung, f\u00fcllen die farbenfrohen St\u00e4nde und Tische. Erfreuen Sie sich am quirligen Treiben des Markttages.<\/p>\n<p>Anschlie\u00dfend f\u00fchrt Sie die Fahrt zum H\u00f6hlenlabyrinth von Petralona (Eintrittspreis nicht inklusive, zahlbar vor Ort)\u2013 eine der sch\u00f6nsten Tropfsteinh\u00f6hlen Griechenlands \u2013 westlich von Poligiros.<\/p>\n<p>In der H\u00f6hle k\u00f6nnen Sie Stalagmiten, Stalaktiten und S\u00e4ulen aller erdenklichen Formen bewundern. Ihre Einzigartigkeit liegt jedoch in dem bedeutsamen Fund eines Menschensch\u00e4dels, der mit einem Alter von 250.000 Jahren als der \u00e4lteste bekannte Sch\u00e4del Europas gilt. In der N\u00e4he des alten H\u00f6hleneingangs wurden auch Steinwerkzeuge gefunden, die haupts\u00e4chlich aus Quarz und Bauxit bestanden. Diese Werkzeuge wurden von den Menschen des Pal\u00e4olithikums haupts\u00e4chlich f\u00fcr die Verarbeitung ihrer Lebensmittel hergestellt und verwendet.<\/p>\n<p>Der kleine Rundgang f\u00fchrt vorbei an den Spuren primitiver menschlicher Wohnst\u00e4tten, den \u00dcberresten von vorgeschichtlichen Tieren und einer 700.000 Jahre alten Feuerstelle, eingerahmt von skurrilen Tropfsteingebilden.<\/p>\n<p><strong>Ausflugsveranstalter:<\/strong> DTS Incoming Hellas S.A.<\/p>\n","protected":false},"excerpt":{"rendered":"<p>Eine der \u00e4ltesten Tropfsteinh\u00f6hlen Europas Dieser halbt\u00e4gige Ausflug f\u00fchrt Sie nach Nea Moudania. Das kleine Hafenst\u00e4dtchen wurde in den 1920er-Jahren von griechischen Fl\u00fcchtlingen aus der T\u00fcrkei gegr\u00fcndet und tr\u00e4gt deshalb den Beinamen &#8222;Nea&#8220;, was &#8222;neu&#8220; bedeutet. Hier l\u00e4dt Sie der gr\u00f6\u00dfte Wochenmarkt der Region zum Einkaufen und Bummeln ein. Fr\u00fchmorgens werden St\u00e4nde, Tische und \u00dcberdachungen [&hellip;]<\/p>\n","protected":false},"featured_media":9616,"template":"","meta":{"_acf_changed":false,"ocean_post_layout":"","ocean_both_sidebars_style":"","ocean_both_sidebars_content_width":0,"ocean_both_sidebars_sidebars_width":0,"ocean_sidebar":"0","ocean_second_sidebar":"0","ocean_disable_margins":"enable","ocean_add_body_class":"","ocean_shortcode_before_top_bar":"","ocean_shortcode_after_top_bar":"","ocean_shortcode_before_header":"","ocean_shortcode_after_header":"","ocean_has_shortcode":"","ocean_shortcode_after_title":"","ocean_shortcode_before_footer_widgets":"","ocean_shortcode_after_footer_widgets":"","ocean_shortcode_before_footer_bottom":"","ocean_shortcode_after_footer_bottom":"","ocean_display_top_bar":"default","ocean_display_header":"default","ocean_header_style":"","ocean_center_header_left_menu":"0","ocean_custom_header_template":"0","ocean_custom_logo":0,"ocean_custom_retina_logo":0,"ocean_custom_logo_max_width":0,"ocean_custom_logo_tablet_max_width":0,"ocean_custom_logo_mobile_max_width":0,"ocean_custom_logo_max_height":0,"ocean_custom_logo_tablet_max_height":0,"ocean_custom_logo_mobile_max_height":0,"ocean_header_custom_menu":"0","ocean_menu_typo_font_family":"0","ocean_menu_typo_font_subset":"","ocean_menu_typo_font_size":0,"ocean_menu_typo_font_size_tablet":0,"ocean_menu_typo_font_size_mobile":0,"ocean_menu_typo_font_size_unit":"px","ocean_menu_typo_font_weight":"","ocean_menu_typo_font_weight_tablet":"","ocean_menu_typo_font_weight_mobile":"","ocean_menu_typo_transform":"","ocean_menu_typo_transform_tablet":"","ocean_menu_typo_transform_mobile":"","ocean_menu_typo_line_height":0,"ocean_menu_typo_line_height_tablet":0,"ocean_menu_typo_line_height_mobile":0,"ocean_menu_typo_line_height_unit":"","ocean_menu_typo_spacing":0,"ocean_menu_typo_spacing_tablet":0,"ocean_menu_typo_spacing_mobile":0,"ocean_menu_typo_spacing_unit":"","ocean_menu_link_color":"","ocean_menu_link_color_hover":"","ocean_menu_link_color_active":"","ocean_menu_link_background":"","ocean_menu_link_hover_background":"","ocean_menu_link_active_background":"","ocean_menu_social_links_bg":"","ocean_menu_social_hover_links_bg":"","ocean_menu_social_links_color":"","ocean_menu_social_hover_links_color":"","ocean_disable_title":"default","ocean_disable_heading":"default","ocean_post_title":"","ocean_post_subheading":"","ocean_post_title_style":"background-image","ocean_post_title_background_color":"","ocean_post_title_background":9616,"ocean_post_title_bg_image_position":"","ocean_post_title_bg_image_attachment":"","ocean_post_title_bg_image_repeat":"","ocean_post_title_bg_image_size":"","ocean_post_title_height":0,"ocean_post_title_bg_overlay":0.5,"ocean_post_title_bg_overlay_color":"","ocean_disable_breadcrumbs":"default","ocean_breadcrumbs_color":"","ocean_breadcrumbs_separator_color":"","ocean_breadcrumbs_links_color":"","ocean_breadcrumbs_links_hover_color":"","ocean_display_footer_widgets":"default","ocean_display_footer_bottom":"default","ocean_custom_footer_template":"0","omw_enable_modal_window":"enable","osh_disable_topbar_sticky":"default","osh_disable_header_sticky":"default","osh_sticky_header_style":"default","osh_sticky_header_effect":"","osh_custom_sticky_logo":0,"osh_custom_retina_sticky_logo":0,"osh_custom_sticky_logo_height":0,"osh_background_color":"","osh_links_color":"","osh_links_hover_color":"","osh_links_active_color":"","osh_links_bg_color":"","osh_links_hover_bg_color":"","osh_links_active_bg_color":"","osh_menu_social_links_color":"","osh_menu_social_hover_links_color":""},"ort":[499,505,498,504,511,506,502,500,501,509,496,497,512,510,513,503,508,507,514],"sichtbarkeit":[],"templateoption":[179],"product_brand":[],"product_cat":[182],"product_tag":[],"class_list":{"0":"post-9614","1":"product","2":"type-product","3":"status-publish","4":"has-post-thumbnail","6":"ort-afitos","7":"ort-agia-paraskevi","8":"ort-cap-sani","9":"ort-chrousso-paliouri","10":"ort-elia-nikiti","11":"ort-gerakini","12":"ort-hanioti","13":"ort-kallithea","14":"ort-kriopigi","15":"ort-metamorfosi","16":"ort-nea-moudania","17":"ort-nea-potidea","18":"ort-neos-marmaras","19":"ort-nikiti","20":"ort-ormos-panagias","21":"ort-pefkohori","22":"ort-psakoudia","23":"ort-trikorfo","24":"ort-vourvourou","25":"templateoption-dertrip-bc","26":"product_cat-ausfluege","28":"entry","29":"has-media","31":"first","32":"instock","33":"virtual","34":"purchasable","35":"product-type-simple","36":"has-product-nav","37":"col","38":"span_1_of_3","39":"owp-content-center","40":"owp-thumbs-layout-horizontal","41":"owp-btn-normal","42":"owp-tabs-layout-section"},"acf":[],"_links":{"self":[{"href":"https:\/\/www.dertour-reiseleitung.com\/chalkidiki\/wp-json\/wp\/v2\/product\/9614","targetHints":{"allow":["GET"]}}],"collection":[{"href":"https:\/\/www.dertour-reiseleitung.com\/chalkidiki\/wp-json\/wp\/v2\/product"}],"about":[{"href":"https:\/\/www.dertour-reiseleitung.com\/chalkidiki\/wp-json\/wp\/v2\/types\/product"}],"version-history":[{"count":13,"href":"https:\/\/www.dertour-reiseleitung.com\/chalkidiki\/wp-json\/wp\/v2\/product\/9614\/revisions"}],"predecessor-version":[{"id":11711,"href":"https:\/\/www.dertour-reiseleitung.com\/chalkidiki\/wp-json\/wp\/v2\/product\/9614\/revisions\/11711"}],"wp:featuredmedia":[{"embeddable":true,"href":"https:\/\/www.dertour-reiseleitung.com\/chalkidiki\/wp-json\/wp\/v2\/media\/9616"}],"wp:attachment":[{"href":"https:\/\/www.dertour-reiseleitung.com\/chalkidiki\/wp-json\/wp\/v2\/media?parent=9614"}],"wp:term":[{"taxonomy":"ort","embeddable":true,"href":"https:\/\/www.dertour-reiseleitung.com\/chalkidiki\/wp-json\/wp\/v2\/ort?post=9614"},{"taxonomy":"sichtbarkeit","embeddable":true,"href":"https:\/\/www.dertour-reiseleitung.com\/chalkidiki\/wp-json\/wp\/v2\/sichtbarkeit?post=9614"},{"taxonomy":"templateoption","embeddable":true,"href":"https:\/\/www.dertour-reiseleitung.com\/chalkidiki\/wp-json\/wp\/v2\/templateoption?post=9614"},{"taxonomy":"product_brand","embeddable":true,"href":"https:\/\/www.dertour-reiseleitung.com\/chalkidiki\/wp-json\/wp\/v2\/product_brand?post=9614"},{"taxonomy":"product_cat","embeddable":true,"href":"https:\/\/www.dertour-reiseleitung.com\/chalkidiki\/wp-json\/wp\/v2\/product_cat?post=9614"},{"taxonomy":"product_tag","embeddable":true,"href":"https:\/\/www.dertour-reiseleitung.com\/chalkidiki\/wp-json\/wp\/v2\/product_tag?post=9614"}],"curies":[{"name":"wp","href":"https:\/\/api.w.org\/{rel}","templated":true}]}}