{"id":9905,"date":"2025-05-05T17:38:44","date_gmt":"2025-05-05T14:38:44","guid":{"rendered":"https:\/\/www.dertour-reiseleitung.com\/chalkidiki\/?post_type=product&#038;p=9905"},"modified":"2026-04-24T13:31:57","modified_gmt":"2026-04-24T10:31:57","slug":"afytos-by-night-dds-003-2","status":"publish","type":"product","link":"https:\/\/www.dertour-reiseleitung.com\/chalkidiki\/aktivitaeten\/afytos-by-night-dds-003-2\/","title":{"rendered":"Afytos by Night"},"content":{"rendered":"<h3>Eines der sch\u00f6nsten D\u00f6rfer Chalkidikis<\/h3>\n<p>Afytos ist eines der charmantesten und malerischsten D\u00f6rfer Chalkidikis. Es liegt auf einer Klippe und bietet einen beeindruckenden Blick auf den Golf von Toroneos und das endlose Blau der \u00c4g\u00e4is.<\/p>\n<p>Das Dorf besticht durch seine engen Gassen und alten Steinh\u00e4user, die aus dem besonderen Porolithos-Stein gebaut sind, der nur in Afytos verwendet wird. Dieser besondere Stein verleiht den traditionellen Geb\u00e4uden ihren unverwechselbaren Charme und hebt das Dorf architektonisch von anderen Orten ab.<\/p>\n<p>Ein abendlicher Spaziergang durch Afytos f\u00fchrt vorbei an eleganten Boutiquen, L\u00e4den mit Kunsthandwerk und lokalen Produkten sowie traditionellen Tavernen, in denen man die griechische K\u00fcche genie\u00dfen kann. Die gem\u00fctlichen Lokale laden dazu ein, den Abend bei einem Glas Wein oder einem erfrischenden Getr\u00e4nk ausklingen zu lassen.<\/p>\n<p>Afytos bietet den perfekten Rahmen f\u00fcr einen unvergesslichen Abend in authentischer griechischer Umgebung.<\/p>\n<p><strong>Ausflugsveranstalter:<\/strong>\u00a0DTS Incoming Hellas S.A.<\/p>\n","protected":false},"excerpt":{"rendered":"<p>Eines der sch\u00f6nsten D\u00f6rfer Chalkidikis Afytos ist eines der charmantesten und malerischsten D\u00f6rfer Chalkidikis. Es liegt auf einer Klippe und bietet einen beeindruckenden Blick auf den Golf von Toroneos und das endlose Blau der \u00c4g\u00e4is. Das Dorf besticht durch seine engen Gassen und alten Steinh\u00e4user, die aus dem besonderen Porolithos-Stein gebaut sind, der nur in [&hellip;]<\/p>\n","protected":false},"featured_media":9622,"template":"","meta":{"_acf_changed":false,"ocean_post_layout":"","ocean_both_sidebars_style":"","ocean_both_sidebars_content_width":0,"ocean_both_sidebars_sidebars_width":0,"ocean_sidebar":"0","ocean_second_sidebar":"0","ocean_disable_margins":"enable","ocean_add_body_class":"","ocean_shortcode_before_top_bar":"","ocean_shortcode_after_top_bar":"","ocean_shortcode_before_header":"","ocean_shortcode_after_header":"","ocean_has_shortcode":"","ocean_shortcode_after_title":"","ocean_shortcode_before_footer_widgets":"","ocean_shortcode_after_footer_widgets":"","ocean_shortcode_before_footer_bottom":"","ocean_shortcode_after_footer_bottom":"","ocean_display_top_bar":"default","ocean_display_header":"default","ocean_header_style":"","ocean_center_header_left_menu":"0","ocean_custom_header_template":"0","ocean_custom_logo":0,"ocean_custom_retina_logo":0,"ocean_custom_logo_max_width":0,"ocean_custom_logo_tablet_max_width":0,"ocean_custom_logo_mobile_max_width":0,"ocean_custom_logo_max_height":0,"ocean_custom_logo_tablet_max_height":0,"ocean_custom_logo_mobile_max_height":0,"ocean_header_custom_menu":"0","ocean_menu_typo_font_family":"0","ocean_menu_typo_font_subset":"","ocean_menu_typo_font_size":0,"ocean_menu_typo_font_size_tablet":0,"ocean_menu_typo_font_size_mobile":0,"ocean_menu_typo_font_size_unit":"px","ocean_menu_typo_font_weight":"","ocean_menu_typo_font_weight_tablet":"","ocean_menu_typo_font_weight_mobile":"","ocean_menu_typo_transform":"","ocean_menu_typo_transform_tablet":"","ocean_menu_typo_transform_mobile":"","ocean_menu_typo_line_height":0,"ocean_menu_typo_line_height_tablet":0,"ocean_menu_typo_line_height_mobile":0,"ocean_menu_typo_line_height_unit":"","ocean_menu_typo_spacing":0,"ocean_menu_typo_spacing_tablet":0,"ocean_menu_typo_spacing_mobile":0,"ocean_menu_typo_spacing_unit":"","ocean_menu_link_color":"","ocean_menu_link_color_hover":"","ocean_menu_link_color_active":"","ocean_menu_link_background":"","ocean_menu_link_hover_background":"","ocean_menu_link_active_background":"","ocean_menu_social_links_bg":"","ocean_menu_social_hover_links_bg":"","ocean_menu_social_links_color":"","ocean_menu_social_hover_links_color":"","ocean_disable_title":"default","ocean_disable_heading":"default","ocean_post_title":"","ocean_post_subheading":"","ocean_post_title_style":"background-image","ocean_post_title_background_color":"","ocean_post_title_background":10639,"ocean_post_title_bg_image_position":"","ocean_post_title_bg_image_attachment":"","ocean_post_title_bg_image_repeat":"","ocean_post_title_bg_image_size":"","ocean_post_title_height":0,"ocean_post_title_bg_overlay":0.5,"ocean_post_title_bg_overlay_color":"","ocean_disable_breadcrumbs":"default","ocean_breadcrumbs_color":"","ocean_breadcrumbs_separator_color":"","ocean_breadcrumbs_links_color":"","ocean_breadcrumbs_links_hover_color":"","ocean_display_footer_widgets":"default","ocean_display_footer_bottom":"default","ocean_custom_footer_template":"0","omw_enable_modal_window":"enable","osh_disable_topbar_sticky":"default","osh_disable_header_sticky":"default","osh_sticky_header_style":"default","osh_sticky_header_effect":"","osh_custom_sticky_logo":0,"osh_custom_retina_sticky_logo":0,"osh_custom_sticky_logo_height":0,"osh_background_color":"","osh_links_color":"","osh_links_hover_color":"","osh_links_active_color":"","osh_links_bg_color":"","osh_links_hover_bg_color":"","osh_links_active_bg_color":"","osh_menu_social_links_color":"","osh_menu_social_hover_links_color":""},"ort":[499,500],"sichtbarkeit":[],"templateoption":[179],"product_brand":[],"product_cat":[182],"product_tag":[],"class_list":{"0":"post-9905","1":"product","2":"type-product","3":"status-publish","4":"has-post-thumbnail","6":"ort-afitos","7":"ort-kallithea","8":"templateoption-dertrip-bc","9":"product_cat-ausfluege","11":"entry","12":"has-media","14":"first","15":"instock","16":"virtual","17":"purchasable","18":"product-type-simple","19":"has-product-nav","20":"col","21":"span_1_of_3","22":"owp-content-center","23":"owp-thumbs-layout-horizontal","24":"owp-btn-normal","25":"owp-tabs-layout-section"},"acf":[],"_links":{"self":[{"href":"https:\/\/www.dertour-reiseleitung.com\/chalkidiki\/wp-json\/wp\/v2\/product\/9905","targetHints":{"allow":["GET"]}}],"collection":[{"href":"https:\/\/www.dertour-reiseleitung.com\/chalkidiki\/wp-json\/wp\/v2\/product"}],"about":[{"href":"https:\/\/www.dertour-reiseleitung.com\/chalkidiki\/wp-json\/wp\/v2\/types\/product"}],"version-history":[{"count":12,"href":"https:\/\/www.dertour-reiseleitung.com\/chalkidiki\/wp-json\/wp\/v2\/product\/9905\/revisions"}],"predecessor-version":[{"id":11716,"href":"https:\/\/www.dertour-reiseleitung.com\/chalkidiki\/wp-json\/wp\/v2\/product\/9905\/revisions\/11716"}],"wp:featuredmedia":[{"embeddable":true,"href":"https:\/\/www.dertour-reiseleitung.com\/chalkidiki\/wp-json\/wp\/v2\/media\/9622"}],"wp:attachment":[{"href":"https:\/\/www.dertour-reiseleitung.com\/chalkidiki\/wp-json\/wp\/v2\/media?parent=9905"}],"wp:term":[{"taxonomy":"ort","embeddable":true,"href":"https:\/\/www.dertour-reiseleitung.com\/chalkidiki\/wp-json\/wp\/v2\/ort?post=9905"},{"taxonomy":"sichtbarkeit","embeddable":true,"href":"https:\/\/www.dertour-reiseleitung.com\/chalkidiki\/wp-json\/wp\/v2\/sichtbarkeit?post=9905"},{"taxonomy":"templateoption","embeddable":true,"href":"https:\/\/www.dertour-reiseleitung.com\/chalkidiki\/wp-json\/wp\/v2\/templateoption?post=9905"},{"taxonomy":"product_brand","embeddable":true,"href":"https:\/\/www.dertour-reiseleitung.com\/chalkidiki\/wp-json\/wp\/v2\/product_brand?post=9905"},{"taxonomy":"product_cat","embeddable":true,"href":"https:\/\/www.dertour-reiseleitung.com\/chalkidiki\/wp-json\/wp\/v2\/product_cat?post=9905"},{"taxonomy":"product_tag","embeddable":true,"href":"https:\/\/www.dertour-reiseleitung.com\/chalkidiki\/wp-json\/wp\/v2\/product_tag?post=9905"}],"curies":[{"name":"wp","href":"https:\/\/api.w.org\/{rel}","templated":true}]}}