{"id":11865,"date":"2025-09-12T11:21:42","date_gmt":"2025-09-12T10:21:42","guid":{"rendered":"https:\/\/www.dertour-reiseleitung.com\/djerba\/?post_type=product&#038;p=11865"},"modified":"2026-04-15T14:50:10","modified_gmt":"2026-04-15T13:50:10","slug":"wuestenzauber-sternenhimmel-dds-023-1","status":"publish","type":"product","link":"https:\/\/www.dertour-reiseleitung.com\/djerba\/aktivitaeten\/wuestenzauber-sternenhimmel-dds-023-1\/","title":{"rendered":"W\u00fcstenzauber &amp; Sternenhimmel"},"content":{"rendered":"<h3>Ein Hauch Magie aus 1001 Nacht trifft Traditionen<\/h3>\n<p>Ihre Reise beginnt mittags mit der Abholung in Ihrem Hotel. Die Fahrt f\u00fchrt \u00fcber den beeindruckenden R\u00f6merdamm Richtung M\u00e9denine. Eine erste Fotopause mit atemberaubender Panoramaaussicht im Jbel Dahar Gebirge bietet Gelegenheit, die Sch\u00f6nheit der Landschaft zu genie\u00dfen.<\/p>\n<p>Weiter geht es nach Ksar Ghilane, wo Sie sich nach der Ankunft in der nat\u00fcrlichen Quelle entspannen und sich erfrischen k\u00f6nnen. Vergessen Sie nicht Ihre Badesachen!<\/p>\n<p>Am sp\u00e4ten Nachmittag haben Sie die einmalige Gelegenheit, den romantischen Sonnenuntergang in den unendlichen Sandd\u00fcnen der Sahara zu erleben (fakultativ, zahlbar vor Ort): Eine aufregende Quadtour in die W\u00fcste oder ein gem\u00fctlicher Ausritt auf dem R\u00fccken eines Dromedars stehen zur Wahl.<\/p>\n<p>Am Abend erwartet Sie ein traditionelles Abendessen, begleitet von einem typisch tunesischen Folkloreprogramm. Den Zauber der Nacht erleben Sie bei der \u00dcbernachtung in einem authentischen Berberzelt.<\/p>\n<p>F\u00fcr den n\u00e4chsten Morgen sollten Sie fr\u00fch Ihren Wecker stellen, um den magischen Sonnenaufgang in der W\u00fcste nicht zu verpassen &#8211; ein Moment der Ruhe und Sch\u00f6nheit, den Sie nicht vergessen werden.<\/p>\n<p>Nach einem kontinentalen Fr\u00fchst\u00fcck geht es Richtung Matmata, wo eine traditionelle H\u00f6hlenwohnung besichtigt wird. Hier erhalten Sie auf eindrucksvolle Weise Einblicke in das Leben der Berber.<\/p>\n<p>Mit zahlreichen Eindr\u00fccken und Erinnerungen erfolgt die R\u00fcckfahrt nach Djerba, wo die Reise endet und Sie zu Ihrem Hotel zur\u00fcckgebracht werden.<\/p>\n<p>Buchen Sie jetzt und lassen Sie sich von der einmaligen Magie der W\u00fcste verzaubern!<\/p>\n<p><strong>Ausflugsveranstalter:<\/strong> DTS &#8211; Destination Touristic Services<\/p>\n","protected":false},"excerpt":{"rendered":"<p>Ein Hauch Magie aus 1001 Nacht trifft Traditionen Ihre Reise beginnt mittags mit der Abholung in Ihrem Hotel. Die Fahrt f\u00fchrt \u00fcber den beeindruckenden R\u00f6merdamm Richtung M\u00e9denine. Eine erste Fotopause mit atemberaubender Panoramaaussicht im Jbel Dahar Gebirge bietet Gelegenheit, die Sch\u00f6nheit der Landschaft zu genie\u00dfen. Weiter geht es nach Ksar Ghilane, wo Sie sich nach [&hellip;]<\/p>\n","protected":false},"featured_media":11868,"template":"","meta":{"_acf_changed":false,"ocean_post_layout":"","ocean_both_sidebars_style":"","ocean_both_sidebars_content_width":0,"ocean_both_sidebars_sidebars_width":0,"ocean_sidebar":"0","ocean_second_sidebar":"0","ocean_disable_margins":"enable","ocean_add_body_class":"","ocean_shortcode_before_top_bar":"","ocean_shortcode_after_top_bar":"","ocean_shortcode_before_header":"","ocean_shortcode_after_header":"","ocean_has_shortcode":"","ocean_shortcode_after_title":"","ocean_shortcode_before_footer_widgets":"","ocean_shortcode_after_footer_widgets":"","ocean_shortcode_before_footer_bottom":"","ocean_shortcode_after_footer_bottom":"","ocean_display_top_bar":"default","ocean_display_header":"default","ocean_header_style":"","ocean_center_header_left_menu":"0","ocean_custom_header_template":"0","ocean_custom_logo":0,"ocean_custom_retina_logo":0,"ocean_custom_logo_max_width":0,"ocean_custom_logo_tablet_max_width":0,"ocean_custom_logo_mobile_max_width":0,"ocean_custom_logo_max_height":0,"ocean_custom_logo_tablet_max_height":0,"ocean_custom_logo_mobile_max_height":0,"ocean_header_custom_menu":"0","ocean_menu_typo_font_family":"0","ocean_menu_typo_font_subset":"","ocean_menu_typo_font_size":0,"ocean_menu_typo_font_size_tablet":0,"ocean_menu_typo_font_size_mobile":0,"ocean_menu_typo_font_size_unit":"px","ocean_menu_typo_font_weight":"","ocean_menu_typo_font_weight_tablet":"","ocean_menu_typo_font_weight_mobile":"","ocean_menu_typo_transform":"","ocean_menu_typo_transform_tablet":"","ocean_menu_typo_transform_mobile":"","ocean_menu_typo_line_height":0,"ocean_menu_typo_line_height_tablet":0,"ocean_menu_typo_line_height_mobile":0,"ocean_menu_typo_line_height_unit":"","ocean_menu_typo_spacing":0,"ocean_menu_typo_spacing_tablet":0,"ocean_menu_typo_spacing_mobile":0,"ocean_menu_typo_spacing_unit":"","ocean_menu_link_color":"","ocean_menu_link_color_hover":"","ocean_menu_link_color_active":"","ocean_menu_link_background":"","ocean_menu_link_hover_background":"","ocean_menu_link_active_background":"","ocean_menu_social_links_bg":"","ocean_menu_social_hover_links_bg":"","ocean_menu_social_links_color":"","ocean_menu_social_hover_links_color":"","ocean_disable_title":"default","ocean_disable_heading":"default","ocean_post_title":"","ocean_post_subheading":"","ocean_post_title_style":"background-image","ocean_post_title_background_color":"","ocean_post_title_background":11869,"ocean_post_title_bg_image_position":"","ocean_post_title_bg_image_attachment":"","ocean_post_title_bg_image_repeat":"","ocean_post_title_bg_image_size":"","ocean_post_title_height":0,"ocean_post_title_bg_overlay":0.5,"ocean_post_title_bg_overlay_color":"","ocean_disable_breadcrumbs":"default","ocean_breadcrumbs_color":"","ocean_breadcrumbs_separator_color":"","ocean_breadcrumbs_links_color":"","ocean_breadcrumbs_links_hover_color":"","ocean_display_footer_widgets":"default","ocean_display_footer_bottom":"default","ocean_custom_footer_template":"0","omw_enable_modal_window":"enable","osh_disable_topbar_sticky":"default","osh_disable_header_sticky":"default","osh_sticky_header_style":"default","osh_sticky_header_effect":"","osh_custom_sticky_logo":0,"osh_custom_retina_sticky_logo":0,"osh_custom_sticky_logo_height":0,"osh_background_color":"","osh_links_color":"","osh_links_hover_color":"","osh_links_active_color":"","osh_links_bg_color":"","osh_links_hover_bg_color":"","osh_links_active_bg_color":"","osh_menu_social_links_color":"","osh_menu_social_hover_links_color":""},"ort":[460,458,459,462,461],"sichtbarkeit":[],"templateoption":[179],"product_brand":[],"product_cat":[182],"product_tag":[],"class_list":{"0":"post-11865","1":"product","2":"type-product","3":"status-publish","4":"has-post-thumbnail","6":"ort-aghir","7":"ort-midoun","8":"ort-nadhour","9":"ort-sidi-mehrez","10":"ort-zarzis","11":"templateoption-dertrip-bc","12":"product_cat-ausfluege","14":"entry","15":"has-media","17":"first","18":"instock","19":"virtual","20":"purchasable","21":"product-type-simple","22":"has-product-nav","23":"col","24":"span_1_of_3","25":"owp-content-center","26":"owp-thumbs-layout-horizontal","27":"owp-btn-normal","28":"owp-tabs-layout-section"},"acf":[],"_links":{"self":[{"href":"https:\/\/www.dertour-reiseleitung.com\/djerba\/wp-json\/wp\/v2\/product\/11865","targetHints":{"allow":["GET"]}}],"collection":[{"href":"https:\/\/www.dertour-reiseleitung.com\/djerba\/wp-json\/wp\/v2\/product"}],"about":[{"href":"https:\/\/www.dertour-reiseleitung.com\/djerba\/wp-json\/wp\/v2\/types\/product"}],"version-history":[{"count":7,"href":"https:\/\/www.dertour-reiseleitung.com\/djerba\/wp-json\/wp\/v2\/product\/11865\/revisions"}],"predecessor-version":[{"id":13379,"href":"https:\/\/www.dertour-reiseleitung.com\/djerba\/wp-json\/wp\/v2\/product\/11865\/revisions\/13379"}],"wp:featuredmedia":[{"embeddable":true,"href":"https:\/\/www.dertour-reiseleitung.com\/djerba\/wp-json\/wp\/v2\/media\/11868"}],"wp:attachment":[{"href":"https:\/\/www.dertour-reiseleitung.com\/djerba\/wp-json\/wp\/v2\/media?parent=11865"}],"wp:term":[{"taxonomy":"ort","embeddable":true,"href":"https:\/\/www.dertour-reiseleitung.com\/djerba\/wp-json\/wp\/v2\/ort?post=11865"},{"taxonomy":"sichtbarkeit","embeddable":true,"href":"https:\/\/www.dertour-reiseleitung.com\/djerba\/wp-json\/wp\/v2\/sichtbarkeit?post=11865"},{"taxonomy":"templateoption","embeddable":true,"href":"https:\/\/www.dertour-reiseleitung.com\/djerba\/wp-json\/wp\/v2\/templateoption?post=11865"},{"taxonomy":"product_brand","embeddable":true,"href":"https:\/\/www.dertour-reiseleitung.com\/djerba\/wp-json\/wp\/v2\/product_brand?post=11865"},{"taxonomy":"product_cat","embeddable":true,"href":"https:\/\/www.dertour-reiseleitung.com\/djerba\/wp-json\/wp\/v2\/product_cat?post=11865"},{"taxonomy":"product_tag","embeddable":true,"href":"https:\/\/www.dertour-reiseleitung.com\/djerba\/wp-json\/wp\/v2\/product_tag?post=11865"}],"curies":[{"name":"wp","href":"https:\/\/api.w.org\/{rel}","templated":true}]}}