{"id":13656,"date":"2026-05-12T10:19:46","date_gmt":"2026-05-12T09:19:46","guid":{"rendered":"https:\/\/www.dertour-reiseleitung.com\/djerba\/?post_type=product&#038;p=13656"},"modified":"2026-05-12T11:29:08","modified_gmt":"2026-05-12T10:29:08","slug":"motorboot-tour-1-5-std-dds-020-2","status":"publish","type":"product","link":"https:\/\/www.dertour-reiseleitung.com\/djerba\/aktivitaeten\/motorboot-tour-1-5-std-dds-020-2\/","title":{"rendered":"Motorboot-Tour 1,5 Std."},"content":{"rendered":"<h3>Kurs Nord: Speed, Str\u00f6mung und Meeresmomente!<\/h3>\n<p>Nach der Abholung von Ihrem gebuchten Hotel geht es Richtung Wassersport Station am Sangho Strand.<br \/>\nGanz nach dem Motto &#8222;Safety First&#8220; erhalten Sie vor Ort zun\u00e4chst eine Sicherheitseinweisung und Ihre Schwimmweste.<\/p>\n<p>Sie fahren im Motorboot nach Norden Richtung &#8222;El Waad El Sghir&#8220;, einer nat\u00fcrlichen Str\u00f6mung, die das offene Meer mit dem Golf von Bourgrara verbindet. Anschlie\u00dfend \u00e4ndern Sie Ihren Kurs Richtung Westen zu den goldenen Str\u00e4nden von &#8222;Hissi El Jerbi&#8220;, einem kleinen Fischerort. Dort legen Sie eine Pause ein und genie\u00dfen ein k\u00fchles Getr\u00e4nk und leckere Snacks.<\/p>\n<p>In der nat\u00fcrlichen Str\u00f6mung schwimmen zahlreiche Fische umher, die eine leckere Mahlzeit f\u00fcr die Delfine bilden. Mit ein bisschen Gl\u00fcck zeigen Ihnen diese faszinierenden Meeress\u00e4uger in ihrem nat\u00fcrlichen Lebensraum ein paar spektakul\u00e4re Spr\u00fcnge. Ein unvergessliches Erlebnis!<\/p>\n<p>Die Tour wird von einem Fotografen begleitet, bei dem Sie anschlie\u00dfend die aufgenommenen Fotos\/Videos erwerben k\u00f6nnen.<\/p>\n<p><strong>Ausflugsveranstalter:<\/strong> DTS &#8211; Destination Touristic Services<\/p>\n","protected":false},"excerpt":{"rendered":"<p>Kurs Nord: Speed, Str\u00f6mung und Meeresmomente! Nach der Abholung von Ihrem gebuchten Hotel geht es Richtung Wassersport Station am Sangho Strand. Ganz nach dem Motto &#8222;Safety First&#8220; erhalten Sie vor Ort zun\u00e4chst eine Sicherheitseinweisung und Ihre Schwimmweste. Sie fahren im Motorboot nach Norden Richtung &#8222;El Waad El Sghir&#8220;, einer nat\u00fcrlichen Str\u00f6mung, die das offene Meer [&hellip;]<\/p>\n","protected":false},"featured_media":9810,"template":"","meta":{"_acf_changed":false,"ocean_post_layout":"","ocean_both_sidebars_style":"","ocean_both_sidebars_content_width":0,"ocean_both_sidebars_sidebars_width":0,"ocean_sidebar":"0","ocean_second_sidebar":"0","ocean_disable_margins":"enable","ocean_add_body_class":"","ocean_shortcode_before_top_bar":"","ocean_shortcode_after_top_bar":"","ocean_shortcode_before_header":"","ocean_shortcode_after_header":"","ocean_has_shortcode":"","ocean_shortcode_after_title":"","ocean_shortcode_before_footer_widgets":"","ocean_shortcode_after_footer_widgets":"","ocean_shortcode_before_footer_bottom":"","ocean_shortcode_after_footer_bottom":"","ocean_display_top_bar":"default","ocean_display_header":"default","ocean_header_style":"","ocean_center_header_left_menu":"0","ocean_custom_header_template":"0","ocean_custom_logo":0,"ocean_custom_retina_logo":0,"ocean_custom_logo_max_width":0,"ocean_custom_logo_tablet_max_width":0,"ocean_custom_logo_mobile_max_width":0,"ocean_custom_logo_max_height":0,"ocean_custom_logo_tablet_max_height":0,"ocean_custom_logo_mobile_max_height":0,"ocean_header_custom_menu":"0","ocean_menu_typo_font_family":"0","ocean_menu_typo_font_subset":"","ocean_menu_typo_font_size":0,"ocean_menu_typo_font_size_tablet":0,"ocean_menu_typo_font_size_mobile":0,"ocean_menu_typo_font_size_unit":"px","ocean_menu_typo_font_weight":"","ocean_menu_typo_font_weight_tablet":"","ocean_menu_typo_font_weight_mobile":"","ocean_menu_typo_transform":"","ocean_menu_typo_transform_tablet":"","ocean_menu_typo_transform_mobile":"","ocean_menu_typo_line_height":0,"ocean_menu_typo_line_height_tablet":0,"ocean_menu_typo_line_height_mobile":0,"ocean_menu_typo_line_height_unit":"","ocean_menu_typo_spacing":0,"ocean_menu_typo_spacing_tablet":0,"ocean_menu_typo_spacing_mobile":0,"ocean_menu_typo_spacing_unit":"","ocean_menu_link_color":"","ocean_menu_link_color_hover":"","ocean_menu_link_color_active":"","ocean_menu_link_background":"","ocean_menu_link_hover_background":"","ocean_menu_link_active_background":"","ocean_menu_social_links_bg":"","ocean_menu_social_hover_links_bg":"","ocean_menu_social_links_color":"","ocean_menu_social_hover_links_color":"","ocean_disable_title":"default","ocean_disable_heading":"default","ocean_post_title":"","ocean_post_subheading":"","ocean_post_title_style":"background-image","ocean_post_title_background_color":"","ocean_post_title_background":9816,"ocean_post_title_bg_image_position":"","ocean_post_title_bg_image_attachment":"","ocean_post_title_bg_image_repeat":"","ocean_post_title_bg_image_size":"","ocean_post_title_height":0,"ocean_post_title_bg_overlay":0.5,"ocean_post_title_bg_overlay_color":"","ocean_disable_breadcrumbs":"default","ocean_breadcrumbs_color":"","ocean_breadcrumbs_separator_color":"","ocean_breadcrumbs_links_color":"","ocean_breadcrumbs_links_hover_color":"","ocean_display_footer_widgets":"default","ocean_display_footer_bottom":"default","ocean_custom_footer_template":"0","omw_enable_modal_window":"enable","osh_disable_topbar_sticky":"default","osh_disable_header_sticky":"default","osh_sticky_header_style":"default","osh_sticky_header_effect":"","osh_custom_sticky_logo":0,"osh_custom_retina_sticky_logo":0,"osh_custom_sticky_logo_height":0,"osh_background_color":"","osh_links_color":"","osh_links_hover_color":"","osh_links_active_color":"","osh_links_bg_color":"","osh_links_hover_bg_color":"","osh_links_active_bg_color":"","osh_menu_social_links_color":"","osh_menu_social_hover_links_color":""},"ort":[461],"sichtbarkeit":[],"templateoption":[179],"product_brand":[],"product_cat":[182],"product_tag":[],"class_list":{"0":"post-13656","1":"product","2":"type-product","3":"status-publish","4":"has-post-thumbnail","6":"ort-zarzis","7":"templateoption-dertrip-bc","8":"product_cat-ausfluege","10":"entry","11":"has-media","13":"first","14":"instock","15":"virtual","16":"purchasable","17":"product-type-simple","18":"has-product-nav","19":"col","20":"span_1_of_3","21":"owp-content-center","22":"owp-thumbs-layout-horizontal","23":"owp-btn-normal","24":"owp-tabs-layout-section"},"acf":[],"_links":{"self":[{"href":"https:\/\/www.dertour-reiseleitung.com\/djerba\/wp-json\/wp\/v2\/product\/13656","targetHints":{"allow":["GET"]}}],"collection":[{"href":"https:\/\/www.dertour-reiseleitung.com\/djerba\/wp-json\/wp\/v2\/product"}],"about":[{"href":"https:\/\/www.dertour-reiseleitung.com\/djerba\/wp-json\/wp\/v2\/types\/product"}],"version-history":[{"count":1,"href":"https:\/\/www.dertour-reiseleitung.com\/djerba\/wp-json\/wp\/v2\/product\/13656\/revisions"}],"predecessor-version":[{"id":13657,"href":"https:\/\/www.dertour-reiseleitung.com\/djerba\/wp-json\/wp\/v2\/product\/13656\/revisions\/13657"}],"wp:featuredmedia":[{"embeddable":true,"href":"https:\/\/www.dertour-reiseleitung.com\/djerba\/wp-json\/wp\/v2\/media\/9810"}],"wp:attachment":[{"href":"https:\/\/www.dertour-reiseleitung.com\/djerba\/wp-json\/wp\/v2\/media?parent=13656"}],"wp:term":[{"taxonomy":"ort","embeddable":true,"href":"https:\/\/www.dertour-reiseleitung.com\/djerba\/wp-json\/wp\/v2\/ort?post=13656"},{"taxonomy":"sichtbarkeit","embeddable":true,"href":"https:\/\/www.dertour-reiseleitung.com\/djerba\/wp-json\/wp\/v2\/sichtbarkeit?post=13656"},{"taxonomy":"templateoption","embeddable":true,"href":"https:\/\/www.dertour-reiseleitung.com\/djerba\/wp-json\/wp\/v2\/templateoption?post=13656"},{"taxonomy":"product_brand","embeddable":true,"href":"https:\/\/www.dertour-reiseleitung.com\/djerba\/wp-json\/wp\/v2\/product_brand?post=13656"},{"taxonomy":"product_cat","embeddable":true,"href":"https:\/\/www.dertour-reiseleitung.com\/djerba\/wp-json\/wp\/v2\/product_cat?post=13656"},{"taxonomy":"product_tag","embeddable":true,"href":"https:\/\/www.dertour-reiseleitung.com\/djerba\/wp-json\/wp\/v2\/product_tag?post=13656"}],"curies":[{"name":"wp","href":"https:\/\/api.w.org\/{rel}","templated":true}]}}