{"id":9567,"date":"2025-03-23T14:17:24","date_gmt":"2025-03-23T13:17:24","guid":{"rendered":"https:\/\/www.dertour-reiseleitung.com\/djerba\/aktivitaeten\/inselrundfahrt-ab-djerba\/"},"modified":"2026-05-06T08:54:08","modified_gmt":"2026-05-06T07:54:08","slug":"inselrundfahrt-dds-005-1","status":"publish","type":"product","link":"https:\/\/www.dertour-reiseleitung.com\/djerba\/aktivitaeten\/inselrundfahrt-dds-005-1\/","title":{"rendered":"Inselrundfahrt"},"content":{"rendered":"<h3>Djerba auf die bequemste Art entdecken<\/h3>\n<p>Mit dem klimatisierten Reisebus (oder Minibus, je nach Nachfrage) fahren Sie entlang der K\u00fcste zum R\u00f6merdamm. Diese, f\u00fcr Djerba lebensnotwendige Verbindung zum Festland, erm\u00f6glicht den Bewohnern und auch Besuchern der Insel eine einfache \u00dcberfahrt per Bus, Taxi (Louage) oder Privatwagen. \u00dcber den R\u00f6merdamm gelangen G\u00fcter per Landweg, S\u00fc\u00dfwasser durch Rohrleitungen und Elektrizit\u00e4t \u00fcber Hochspannungsleitungen nach Djerba.<\/p>\n<p>Weiter geht es zum T\u00f6pferdorf Guellala. Hier wird noch in Handarbeit die traditionelle Keramik modelliert, gebrannt und bemalt. Vielleicht l\u00fcften Sie hier das Geheimnis vom Zauberkamel?<\/p>\n<p>Guellala bietet seinen Besuchern aber noch mehr: ein interessantes Museum, in dem das alte und traditionelle Djerba gezeigt wird. Einfach sehenswert!<\/p>\n<p>Nach interessanten Einblicken in die tunesischen Traditionen tauchen Sie ein in ein St\u00fcck Geschichte: Die Synagoge &#8222;La Ghriba&#8220; wartet auf Ihren Besuch (au\u00dfer an j\u00fcdischen Feiertagen, dann ist der Eintritt nicht gestattet und dieser Halt wird ausgelassen). Bitte beachten Sie die Kleiderordnung.<\/p>\n<p>Anschlie\u00dfend machen Sie einen ausgiebigen Spaziergang durch &#8222;Djerba Hood&#8220;, einem au\u00dfergew\u00f6hnlichen Open-Air-Museum. Hier k\u00f6nnen Sie einige Arbeiten der mehr als hundert K\u00fcnstler aus der ganzen Welt bewundern. Aktuell wird dort an vielen neuen Kunstwerken gearbeitet &#8211; ein Besuch lohnt sich also, auch wenn Sie denken, dass Sie bereits alles gesehen haben!<\/p>\n<p>Der Bus f\u00e4hrt Sie zum Abschluss des Vormittags in die Hauptstadt von Djerba, nach Houmt Souk. Diese wirkt im ersten Moment auf den Besucher wie ein Ameisenhaufen. Schulen, B\u00fcros, \u00c4mter, viele Gesch\u00e4fte und Handwerksbetriebe sind hier angesiedelt. Nutzen Sie freie Zeit zum Bummeln und Schlendern und versuchen Sie sich im Handeln und Feilschen. Ihr Reisef\u00fchrer gibt Ihnen hierzu hilfreiche Tipps, wie Sie Ihre Andenken zu guten Preisen erstehen k\u00f6nnen.<\/p>\n<p><strong>Ausflugsveranstalter:<\/strong> DTS &#8211; Destination Touristic Services<\/p>\n","protected":false},"excerpt":{"rendered":"<p>Djerba auf die bequemste Art entdecken Mit dem klimatisierten Reisebus (oder Minibus, je nach Nachfrage) fahren Sie entlang der K\u00fcste zum R\u00f6merdamm. Diese, f\u00fcr Djerba lebensnotwendige Verbindung zum Festland, erm\u00f6glicht den Bewohnern und auch Besuchern der Insel eine einfache \u00dcberfahrt per Bus, Taxi (Louage) oder Privatwagen. \u00dcber den R\u00f6merdamm gelangen G\u00fcter per Landweg, S\u00fc\u00dfwasser durch [&hellip;]<\/p>\n","protected":false},"featured_media":9569,"template":"","meta":{"_acf_changed":false,"ocean_post_layout":"","ocean_both_sidebars_style":"","ocean_both_sidebars_content_width":0,"ocean_both_sidebars_sidebars_width":0,"ocean_sidebar":"0","ocean_second_sidebar":"0","ocean_disable_margins":"enable","ocean_add_body_class":"","ocean_shortcode_before_top_bar":"","ocean_shortcode_after_top_bar":"","ocean_shortcode_before_header":"","ocean_shortcode_after_header":"","ocean_has_shortcode":"","ocean_shortcode_after_title":"","ocean_shortcode_before_footer_widgets":"","ocean_shortcode_after_footer_widgets":"","ocean_shortcode_before_footer_bottom":"","ocean_shortcode_after_footer_bottom":"","ocean_display_top_bar":"default","ocean_display_header":"default","ocean_header_style":"","ocean_center_header_left_menu":"0","ocean_custom_header_template":"0","ocean_custom_logo":0,"ocean_custom_retina_logo":0,"ocean_custom_logo_max_width":0,"ocean_custom_logo_tablet_max_width":0,"ocean_custom_logo_mobile_max_width":0,"ocean_custom_logo_max_height":0,"ocean_custom_logo_tablet_max_height":0,"ocean_custom_logo_mobile_max_height":0,"ocean_header_custom_menu":"0","ocean_menu_typo_font_family":"0","ocean_menu_typo_font_subset":"","ocean_menu_typo_font_size":0,"ocean_menu_typo_font_size_tablet":0,"ocean_menu_typo_font_size_mobile":0,"ocean_menu_typo_font_size_unit":"px","ocean_menu_typo_font_weight":"","ocean_menu_typo_font_weight_tablet":"","ocean_menu_typo_font_weight_mobile":"","ocean_menu_typo_transform":"","ocean_menu_typo_transform_tablet":"","ocean_menu_typo_transform_mobile":"","ocean_menu_typo_line_height":0,"ocean_menu_typo_line_height_tablet":0,"ocean_menu_typo_line_height_mobile":0,"ocean_menu_typo_line_height_unit":"","ocean_menu_typo_spacing":0,"ocean_menu_typo_spacing_tablet":0,"ocean_menu_typo_spacing_mobile":0,"ocean_menu_typo_spacing_unit":"","ocean_menu_link_color":"","ocean_menu_link_color_hover":"","ocean_menu_link_color_active":"","ocean_menu_link_background":"","ocean_menu_link_hover_background":"","ocean_menu_link_active_background":"","ocean_menu_social_links_bg":"","ocean_menu_social_hover_links_bg":"","ocean_menu_social_links_color":"","ocean_menu_social_hover_links_color":"","ocean_disable_title":"default","ocean_disable_heading":"default","ocean_post_title":"","ocean_post_subheading":"","ocean_post_title_style":"background-image","ocean_post_title_background_color":"","ocean_post_title_background":9669,"ocean_post_title_bg_image_position":"","ocean_post_title_bg_image_attachment":"","ocean_post_title_bg_image_repeat":"","ocean_post_title_bg_image_size":"","ocean_post_title_height":0,"ocean_post_title_bg_overlay":0.5,"ocean_post_title_bg_overlay_color":"","ocean_disable_breadcrumbs":"default","ocean_breadcrumbs_color":"","ocean_breadcrumbs_separator_color":"","ocean_breadcrumbs_links_color":"","ocean_breadcrumbs_links_hover_color":"","ocean_display_footer_widgets":"default","ocean_display_footer_bottom":"default","ocean_custom_footer_template":"0","omw_enable_modal_window":"enable","osh_disable_topbar_sticky":"default","osh_disable_header_sticky":"default","osh_sticky_header_style":"default","osh_sticky_header_effect":"","osh_custom_sticky_logo":0,"osh_custom_retina_sticky_logo":0,"osh_custom_sticky_logo_height":0,"osh_background_color":"","osh_links_color":"","osh_links_hover_color":"","osh_links_active_color":"","osh_links_bg_color":"","osh_links_hover_bg_color":"","osh_links_active_bg_color":"","osh_menu_social_links_color":"","osh_menu_social_hover_links_color":""},"ort":[460,458,459,462],"sichtbarkeit":[],"templateoption":[179],"product_brand":[],"product_cat":[182],"product_tag":[],"class_list":{"0":"post-9567","1":"product","2":"type-product","3":"status-publish","4":"has-post-thumbnail","6":"ort-aghir","7":"ort-midoun","8":"ort-nadhour","9":"ort-sidi-mehrez","10":"templateoption-dertrip-bc","11":"product_cat-ausfluege","13":"entry","14":"has-media","16":"first","17":"instock","18":"virtual","19":"purchasable","20":"product-type-simple","21":"has-product-nav","22":"col","23":"span_1_of_3","24":"owp-content-center","25":"owp-thumbs-layout-horizontal","26":"owp-btn-normal","27":"owp-tabs-layout-section"},"acf":[],"_links":{"self":[{"href":"https:\/\/www.dertour-reiseleitung.com\/djerba\/wp-json\/wp\/v2\/product\/9567","targetHints":{"allow":["GET"]}}],"collection":[{"href":"https:\/\/www.dertour-reiseleitung.com\/djerba\/wp-json\/wp\/v2\/product"}],"about":[{"href":"https:\/\/www.dertour-reiseleitung.com\/djerba\/wp-json\/wp\/v2\/types\/product"}],"version-history":[{"count":13,"href":"https:\/\/www.dertour-reiseleitung.com\/djerba\/wp-json\/wp\/v2\/product\/9567\/revisions"}],"predecessor-version":[{"id":13580,"href":"https:\/\/www.dertour-reiseleitung.com\/djerba\/wp-json\/wp\/v2\/product\/9567\/revisions\/13580"}],"wp:featuredmedia":[{"embeddable":true,"href":"https:\/\/www.dertour-reiseleitung.com\/djerba\/wp-json\/wp\/v2\/media\/9569"}],"wp:attachment":[{"href":"https:\/\/www.dertour-reiseleitung.com\/djerba\/wp-json\/wp\/v2\/media?parent=9567"}],"wp:term":[{"taxonomy":"ort","embeddable":true,"href":"https:\/\/www.dertour-reiseleitung.com\/djerba\/wp-json\/wp\/v2\/ort?post=9567"},{"taxonomy":"sichtbarkeit","embeddable":true,"href":"https:\/\/www.dertour-reiseleitung.com\/djerba\/wp-json\/wp\/v2\/sichtbarkeit?post=9567"},{"taxonomy":"templateoption","embeddable":true,"href":"https:\/\/www.dertour-reiseleitung.com\/djerba\/wp-json\/wp\/v2\/templateoption?post=9567"},{"taxonomy":"product_brand","embeddable":true,"href":"https:\/\/www.dertour-reiseleitung.com\/djerba\/wp-json\/wp\/v2\/product_brand?post=9567"},{"taxonomy":"product_cat","embeddable":true,"href":"https:\/\/www.dertour-reiseleitung.com\/djerba\/wp-json\/wp\/v2\/product_cat?post=9567"},{"taxonomy":"product_tag","embeddable":true,"href":"https:\/\/www.dertour-reiseleitung.com\/djerba\/wp-json\/wp\/v2\/product_tag?post=9567"}],"curies":[{"name":"wp","href":"https:\/\/api.w.org\/{rel}","templated":true}]}}