{"id":9687,"date":"2025-03-23T14:20:59","date_gmt":"2025-03-23T13:20:59","guid":{"rendered":"https:\/\/www.dertour-reiseleitung.com\/djerba\/aktivitaeten\/auf-den-spuren-der-beduinen\/"},"modified":"2026-04-30T08:48:05","modified_gmt":"2026-04-30T07:48:05","slug":"auf-den-spuren-der-beduinen-dds-002-1","status":"publish","type":"product","link":"https:\/\/www.dertour-reiseleitung.com\/djerba\/aktivitaeten\/auf-den-spuren-der-beduinen-dds-002-1\/","title":{"rendered":"Auf den Spuren der Beduinen"},"content":{"rendered":"<h3>W\u00fcste hautnah &amp; \u00dcbernachtung im Beduinenzelt<\/h3>\n<p>Mit dem Gel\u00e4ndewagen werden Sie von Ihren Hotels abgeholt und fahren \u00fcber den 7 km langen R\u00f6merdamm &#8222;El Kantara&#8220; auf das tunesische Festland.<\/p>\n<p>Vorbei an alten Getreidespeichern erreichen Sie Ihr erstes Ziel: die alte Provinzstadt Tataouine. Dort besuchen Sie einen typischen Gew\u00fcrzmarkt. Sollten Sie Gew\u00fcrze erstehen wollen, dann denken Sie an das wichtigste Gebot: Handeln macht Spa\u00df!<\/p>\n<p>Anschlie\u00dfend entfernen Sie sich von den gr\u00f6\u00dferen Ortschaften und durchqueren eine steinige Landschaft bis Chenini, ein altes Berberdorf mit Felsenwohnungen.<\/p>\n<p>Nach einem leckeren Mittagessen geht es zur Oase Ksar Ghilane. Diese liegt inmitten der feinen D\u00fcnen, wo das gro\u00dfe \u00f6stliche Erg beginnt. Nutzen Sie die Zeit dort und baden Sie in der Quelle. Oder soll es doch lieber ein Dromedarritt (fakultativ, zahlbar vor Ort, ca. 50 TND pro Person) oder eine kleine Quadtour sein (fakultativ, zahlbar vor Ort, ca. 100 TND pro Quad)?<\/p>\n<p>Das Abendessen nehmen Sie in der Oase zu sich. Das absolute Highlight des Ausflugs ist die \u00dcbernachtung in einem Zelt (f\u00fcr etwas mehr Komfort buchen Sie den Ausflug mit \u00dcbernachtung im Camp Zmela). Diese Nacht werden Sie so schnell nicht vergessen!<\/p>\n<p>Am n\u00e4chsten Tag, nach dem Fr\u00fchst\u00fcck, f\u00fchrt Sie der Weg nach Matmata. Besuchen Sie dort eine noch bewohnte H\u00f6hlenwohnung inmitten der Mondlandschaft.<\/p>\n<p>Nach dem Mittagessen geht es langsam zur\u00fcck Richtung Djerba\/Zarzis. Vorher machen Sie noch Halt im Ort Toujane.<\/p>\n<p><strong>Ausflugsveranstalter:<\/strong> DTS &#8211; Destination Touristic Services<\/p>\n","protected":false},"excerpt":{"rendered":"<p>W\u00fcste hautnah &amp; \u00dcbernachtung im Beduinenzelt Mit dem Gel\u00e4ndewagen werden Sie von Ihren Hotels abgeholt und fahren \u00fcber den 7 km langen R\u00f6merdamm &#8222;El Kantara&#8220; auf das tunesische Festland. Vorbei an alten Getreidespeichern erreichen Sie Ihr erstes Ziel: die alte Provinzstadt Tataouine. Dort besuchen Sie einen typischen Gew\u00fcrzmarkt. Sollten Sie Gew\u00fcrze erstehen wollen, dann denken [&hellip;]<\/p>\n","protected":false},"featured_media":9689,"template":"","meta":{"_acf_changed":false,"ocean_post_layout":"","ocean_both_sidebars_style":"","ocean_both_sidebars_content_width":0,"ocean_both_sidebars_sidebars_width":0,"ocean_sidebar":"0","ocean_second_sidebar":"0","ocean_disable_margins":"enable","ocean_add_body_class":"","ocean_shortcode_before_top_bar":"","ocean_shortcode_after_top_bar":"","ocean_shortcode_before_header":"","ocean_shortcode_after_header":"","ocean_has_shortcode":"","ocean_shortcode_after_title":"","ocean_shortcode_before_footer_widgets":"","ocean_shortcode_after_footer_widgets":"","ocean_shortcode_before_footer_bottom":"","ocean_shortcode_after_footer_bottom":"","ocean_display_top_bar":"default","ocean_display_header":"default","ocean_header_style":"","ocean_center_header_left_menu":"0","ocean_custom_header_template":"0","ocean_custom_logo":0,"ocean_custom_retina_logo":0,"ocean_custom_logo_max_width":0,"ocean_custom_logo_tablet_max_width":0,"ocean_custom_logo_mobile_max_width":0,"ocean_custom_logo_max_height":0,"ocean_custom_logo_tablet_max_height":0,"ocean_custom_logo_mobile_max_height":0,"ocean_header_custom_menu":"0","ocean_menu_typo_font_family":"0","ocean_menu_typo_font_subset":"","ocean_menu_typo_font_size":0,"ocean_menu_typo_font_size_tablet":0,"ocean_menu_typo_font_size_mobile":0,"ocean_menu_typo_font_size_unit":"px","ocean_menu_typo_font_weight":"","ocean_menu_typo_font_weight_tablet":"","ocean_menu_typo_font_weight_mobile":"","ocean_menu_typo_transform":"","ocean_menu_typo_transform_tablet":"","ocean_menu_typo_transform_mobile":"","ocean_menu_typo_line_height":0,"ocean_menu_typo_line_height_tablet":0,"ocean_menu_typo_line_height_mobile":0,"ocean_menu_typo_line_height_unit":"","ocean_menu_typo_spacing":0,"ocean_menu_typo_spacing_tablet":0,"ocean_menu_typo_spacing_mobile":0,"ocean_menu_typo_spacing_unit":"","ocean_menu_link_color":"","ocean_menu_link_color_hover":"","ocean_menu_link_color_active":"","ocean_menu_link_background":"","ocean_menu_link_hover_background":"","ocean_menu_link_active_background":"","ocean_menu_social_links_bg":"","ocean_menu_social_hover_links_bg":"","ocean_menu_social_links_color":"","ocean_menu_social_hover_links_color":"","ocean_disable_title":"default","ocean_disable_heading":"default","ocean_post_title":"","ocean_post_subheading":"","ocean_post_title_style":"background-image","ocean_post_title_background_color":"","ocean_post_title_background":9704,"ocean_post_title_bg_image_position":"","ocean_post_title_bg_image_attachment":"","ocean_post_title_bg_image_repeat":"","ocean_post_title_bg_image_size":"","ocean_post_title_height":0,"ocean_post_title_bg_overlay":0.5,"ocean_post_title_bg_overlay_color":"","ocean_disable_breadcrumbs":"default","ocean_breadcrumbs_color":"","ocean_breadcrumbs_separator_color":"","ocean_breadcrumbs_links_color":"","ocean_breadcrumbs_links_hover_color":"","ocean_display_footer_widgets":"default","ocean_display_footer_bottom":"default","ocean_custom_footer_template":"0","omw_enable_modal_window":"enable","osh_disable_topbar_sticky":"default","osh_disable_header_sticky":"default","osh_sticky_header_style":"default","osh_sticky_header_effect":"","osh_custom_sticky_logo":0,"osh_custom_retina_sticky_logo":0,"osh_custom_sticky_logo_height":0,"osh_background_color":"","osh_links_color":"","osh_links_hover_color":"","osh_links_active_color":"","osh_links_bg_color":"","osh_links_hover_bg_color":"","osh_links_active_bg_color":"","osh_menu_social_links_color":"","osh_menu_social_hover_links_color":""},"ort":[460,458,459,462,461],"sichtbarkeit":[],"templateoption":[179],"product_brand":[],"product_cat":[182],"product_tag":[],"class_list":{"0":"post-9687","1":"product","2":"type-product","3":"status-publish","4":"has-post-thumbnail","6":"ort-aghir","7":"ort-midoun","8":"ort-nadhour","9":"ort-sidi-mehrez","10":"ort-zarzis","11":"templateoption-dertrip-bc","12":"product_cat-ausfluege","14":"entry","15":"has-media","17":"first","18":"instock","19":"virtual","20":"purchasable","21":"product-type-simple","22":"has-product-nav","23":"col","24":"span_1_of_3","25":"owp-content-center","26":"owp-thumbs-layout-horizontal","27":"owp-btn-normal","28":"owp-tabs-layout-section"},"acf":[],"_links":{"self":[{"href":"https:\/\/www.dertour-reiseleitung.com\/djerba\/wp-json\/wp\/v2\/product\/9687","targetHints":{"allow":["GET"]}}],"collection":[{"href":"https:\/\/www.dertour-reiseleitung.com\/djerba\/wp-json\/wp\/v2\/product"}],"about":[{"href":"https:\/\/www.dertour-reiseleitung.com\/djerba\/wp-json\/wp\/v2\/types\/product"}],"version-history":[{"count":12,"href":"https:\/\/www.dertour-reiseleitung.com\/djerba\/wp-json\/wp\/v2\/product\/9687\/revisions"}],"predecessor-version":[{"id":13502,"href":"https:\/\/www.dertour-reiseleitung.com\/djerba\/wp-json\/wp\/v2\/product\/9687\/revisions\/13502"}],"wp:featuredmedia":[{"embeddable":true,"href":"https:\/\/www.dertour-reiseleitung.com\/djerba\/wp-json\/wp\/v2\/media\/9689"}],"wp:attachment":[{"href":"https:\/\/www.dertour-reiseleitung.com\/djerba\/wp-json\/wp\/v2\/media?parent=9687"}],"wp:term":[{"taxonomy":"ort","embeddable":true,"href":"https:\/\/www.dertour-reiseleitung.com\/djerba\/wp-json\/wp\/v2\/ort?post=9687"},{"taxonomy":"sichtbarkeit","embeddable":true,"href":"https:\/\/www.dertour-reiseleitung.com\/djerba\/wp-json\/wp\/v2\/sichtbarkeit?post=9687"},{"taxonomy":"templateoption","embeddable":true,"href":"https:\/\/www.dertour-reiseleitung.com\/djerba\/wp-json\/wp\/v2\/templateoption?post=9687"},{"taxonomy":"product_brand","embeddable":true,"href":"https:\/\/www.dertour-reiseleitung.com\/djerba\/wp-json\/wp\/v2\/product_brand?post=9687"},{"taxonomy":"product_cat","embeddable":true,"href":"https:\/\/www.dertour-reiseleitung.com\/djerba\/wp-json\/wp\/v2\/product_cat?post=9687"},{"taxonomy":"product_tag","embeddable":true,"href":"https:\/\/www.dertour-reiseleitung.com\/djerba\/wp-json\/wp\/v2\/product_tag?post=9687"}],"curies":[{"name":"wp","href":"https:\/\/api.w.org\/{rel}","templated":true}]}}