{"id":9708,"date":"2025-03-23T14:21:47","date_gmt":"2025-03-23T13:21:47","guid":{"rendered":"https:\/\/www.dertour-reiseleitung.com\/djerba\/aktivitaeten\/ksar-ghilane-jeep-safari\/"},"modified":"2026-04-15T09:20:20","modified_gmt":"2026-04-15T08:20:20","slug":"ksar-ghilane-jeep-safari-dds-006-1","status":"publish","type":"product","link":"https:\/\/www.dertour-reiseleitung.com\/djerba\/aktivitaeten\/ksar-ghilane-jeep-safari-dds-006-1\/","title":{"rendered":"Ksar Ghilane &#8211; Jeep Safari"},"content":{"rendered":"<h3>Ab in den S\u00fcden<\/h3>\n<p>\u00dcber den 7 km langen R\u00f6merdamm &#8222;El Kantara&#8220; fahren Sie Richtung M\u00e9denine auf das tunesische Festland.<\/p>\n<p>Vorbei an Ksar Hallouf geht es \u00fcber unbefestigte Pisten nach Ksar Ghilane, einer Oase in der Sahara, in der eine Thermalquelle flie\u00dft. Springen Sie hinein und nutzen die einmalige Gelegenheit!<\/p>\n<p>Freie Zeit in der Oase gibt Ihnen au\u00dferdem die M\u00f6glichkeit, auf dem R\u00fccken eines Dromedares (fakultativ, zahlbar vor Ort, ca. 50 TND) oder mit dem Quad die Sahara zu erkunden (fakultativ, zahlbar vor Ort, ca. 100 TND).<\/p>\n<p>Nach einem leckeren Mittagessen in der Oase f\u00fchrt Sie Ihr Weg \u00fcber Zammour in das Dorf Beni Khedeche. Entdecken Sie einzigartige Mondlandschaften, bevor dieser aufregende Tag sich langsam dem Ende zuneigt und Sie Richtung Djerba aufbrechen.<\/p>\n<p><strong>Ausflugsveranstalter:<\/strong> DTS &#8211; Destination Touristic Services<\/p>\n","protected":false},"excerpt":{"rendered":"<p>Ab in den S\u00fcden \u00dcber den 7 km langen R\u00f6merdamm &#8222;El Kantara&#8220; fahren Sie Richtung M\u00e9denine auf das tunesische Festland. Vorbei an Ksar Hallouf geht es \u00fcber unbefestigte Pisten nach Ksar Ghilane, einer Oase in der Sahara, in der eine Thermalquelle flie\u00dft. Springen Sie hinein und nutzen die einmalige Gelegenheit! Freie Zeit in der Oase [&hellip;]<\/p>\n","protected":false},"featured_media":9710,"template":"","meta":{"_acf_changed":false,"ocean_post_layout":"","ocean_both_sidebars_style":"","ocean_both_sidebars_content_width":0,"ocean_both_sidebars_sidebars_width":0,"ocean_sidebar":"0","ocean_second_sidebar":"0","ocean_disable_margins":"enable","ocean_add_body_class":"","ocean_shortcode_before_top_bar":"","ocean_shortcode_after_top_bar":"","ocean_shortcode_before_header":"","ocean_shortcode_after_header":"","ocean_has_shortcode":"","ocean_shortcode_after_title":"","ocean_shortcode_before_footer_widgets":"","ocean_shortcode_after_footer_widgets":"","ocean_shortcode_before_footer_bottom":"","ocean_shortcode_after_footer_bottom":"","ocean_display_top_bar":"default","ocean_display_header":"default","ocean_header_style":"","ocean_center_header_left_menu":"0","ocean_custom_header_template":"0","ocean_custom_logo":0,"ocean_custom_retina_logo":0,"ocean_custom_logo_max_width":0,"ocean_custom_logo_tablet_max_width":0,"ocean_custom_logo_mobile_max_width":0,"ocean_custom_logo_max_height":0,"ocean_custom_logo_tablet_max_height":0,"ocean_custom_logo_mobile_max_height":0,"ocean_header_custom_menu":"0","ocean_menu_typo_font_family":"0","ocean_menu_typo_font_subset":"","ocean_menu_typo_font_size":0,"ocean_menu_typo_font_size_tablet":0,"ocean_menu_typo_font_size_mobile":0,"ocean_menu_typo_font_size_unit":"px","ocean_menu_typo_font_weight":"","ocean_menu_typo_font_weight_tablet":"","ocean_menu_typo_font_weight_mobile":"","ocean_menu_typo_transform":"","ocean_menu_typo_transform_tablet":"","ocean_menu_typo_transform_mobile":"","ocean_menu_typo_line_height":0,"ocean_menu_typo_line_height_tablet":0,"ocean_menu_typo_line_height_mobile":0,"ocean_menu_typo_line_height_unit":"","ocean_menu_typo_spacing":0,"ocean_menu_typo_spacing_tablet":0,"ocean_menu_typo_spacing_mobile":0,"ocean_menu_typo_spacing_unit":"","ocean_menu_link_color":"","ocean_menu_link_color_hover":"","ocean_menu_link_color_active":"","ocean_menu_link_background":"","ocean_menu_link_hover_background":"","ocean_menu_link_active_background":"","ocean_menu_social_links_bg":"","ocean_menu_social_hover_links_bg":"","ocean_menu_social_links_color":"","ocean_menu_social_hover_links_color":"","ocean_disable_title":"default","ocean_disable_heading":"default","ocean_post_title":"","ocean_post_subheading":"","ocean_post_title_style":"background-image","ocean_post_title_background_color":"","ocean_post_title_background":10269,"ocean_post_title_bg_image_position":"","ocean_post_title_bg_image_attachment":"","ocean_post_title_bg_image_repeat":"","ocean_post_title_bg_image_size":"","ocean_post_title_height":0,"ocean_post_title_bg_overlay":0.5,"ocean_post_title_bg_overlay_color":"","ocean_disable_breadcrumbs":"default","ocean_breadcrumbs_color":"","ocean_breadcrumbs_separator_color":"","ocean_breadcrumbs_links_color":"","ocean_breadcrumbs_links_hover_color":"","ocean_display_footer_widgets":"default","ocean_display_footer_bottom":"default","ocean_custom_footer_template":"0","omw_enable_modal_window":"enable","osh_disable_topbar_sticky":"default","osh_disable_header_sticky":"default","osh_sticky_header_style":"default","osh_sticky_header_effect":"","osh_custom_sticky_logo":0,"osh_custom_retina_sticky_logo":0,"osh_custom_sticky_logo_height":0,"osh_background_color":"","osh_links_color":"","osh_links_hover_color":"","osh_links_active_color":"","osh_links_bg_color":"","osh_links_hover_bg_color":"","osh_links_active_bg_color":"","osh_menu_social_links_color":"","osh_menu_social_hover_links_color":""},"ort":[460,458,459,462,461],"sichtbarkeit":[],"templateoption":[179],"product_brand":[],"product_cat":[182],"product_tag":[],"class_list":{"0":"post-9708","1":"product","2":"type-product","3":"status-publish","4":"has-post-thumbnail","6":"ort-aghir","7":"ort-midoun","8":"ort-nadhour","9":"ort-sidi-mehrez","10":"ort-zarzis","11":"templateoption-dertrip-bc","12":"product_cat-ausfluege","14":"entry","15":"has-media","17":"first","18":"instock","19":"virtual","20":"purchasable","21":"product-type-simple","22":"has-product-nav","23":"col","24":"span_1_of_3","25":"owp-content-center","26":"owp-thumbs-layout-horizontal","27":"owp-btn-normal","28":"owp-tabs-layout-section"},"acf":[],"_links":{"self":[{"href":"https:\/\/www.dertour-reiseleitung.com\/djerba\/wp-json\/wp\/v2\/product\/9708","targetHints":{"allow":["GET"]}}],"collection":[{"href":"https:\/\/www.dertour-reiseleitung.com\/djerba\/wp-json\/wp\/v2\/product"}],"about":[{"href":"https:\/\/www.dertour-reiseleitung.com\/djerba\/wp-json\/wp\/v2\/types\/product"}],"version-history":[{"count":9,"href":"https:\/\/www.dertour-reiseleitung.com\/djerba\/wp-json\/wp\/v2\/product\/9708\/revisions"}],"predecessor-version":[{"id":13089,"href":"https:\/\/www.dertour-reiseleitung.com\/djerba\/wp-json\/wp\/v2\/product\/9708\/revisions\/13089"}],"wp:featuredmedia":[{"embeddable":true,"href":"https:\/\/www.dertour-reiseleitung.com\/djerba\/wp-json\/wp\/v2\/media\/9710"}],"wp:attachment":[{"href":"https:\/\/www.dertour-reiseleitung.com\/djerba\/wp-json\/wp\/v2\/media?parent=9708"}],"wp:term":[{"taxonomy":"ort","embeddable":true,"href":"https:\/\/www.dertour-reiseleitung.com\/djerba\/wp-json\/wp\/v2\/ort?post=9708"},{"taxonomy":"sichtbarkeit","embeddable":true,"href":"https:\/\/www.dertour-reiseleitung.com\/djerba\/wp-json\/wp\/v2\/sichtbarkeit?post=9708"},{"taxonomy":"templateoption","embeddable":true,"href":"https:\/\/www.dertour-reiseleitung.com\/djerba\/wp-json\/wp\/v2\/templateoption?post=9708"},{"taxonomy":"product_brand","embeddable":true,"href":"https:\/\/www.dertour-reiseleitung.com\/djerba\/wp-json\/wp\/v2\/product_brand?post=9708"},{"taxonomy":"product_cat","embeddable":true,"href":"https:\/\/www.dertour-reiseleitung.com\/djerba\/wp-json\/wp\/v2\/product_cat?post=9708"},{"taxonomy":"product_tag","embeddable":true,"href":"https:\/\/www.dertour-reiseleitung.com\/djerba\/wp-json\/wp\/v2\/product_tag?post=9708"}],"curies":[{"name":"wp","href":"https:\/\/api.w.org\/{rel}","templated":true}]}}