{"id":9744,"date":"2025-03-23T14:22:35","date_gmt":"2025-03-23T13:22:35","guid":{"rendered":"https:\/\/www.dertour-reiseleitung.com\/djerba\/aktivitaeten\/tataouine-chenini-jeep-safari\/"},"modified":"2026-04-15T10:20:40","modified_gmt":"2026-04-15T09:20:40","slug":"tataouine-chenini-jeep-safari-dds-010-1","status":"publish","type":"product","link":"https:\/\/www.dertour-reiseleitung.com\/djerba\/aktivitaeten\/tataouine-chenini-jeep-safari-dds-010-1\/","title":{"rendered":"Tataouine-Chenini &#8211; Jeep Safari"},"content":{"rendered":"<h3>Eine Zeitreise in den S\u00fcden Tunesiens<\/h3>\n<p>Nach der Abholung von Ihrem Hotel auf Djerba geht es \u00fcber den 7 km langen R\u00f6merdamm \u201cEl Kantara\u201d auf das tunesische Festland (teilnehmende G\u00e4ste aus Zarzis werden dort abgeholt) Richtung Chahbania, wo Sie bereits die ersten Sandd\u00fcnen sehen werden.<\/p>\n<p>Es beginnt eine Reise in die Vergangenheit: Probieren Sie ein k\u00f6stliches &#8222;Gazellenhorn&#8220;, ein mit Mandeln oder Erdn\u00fcssen gef\u00fclltes Geb\u00e4ck, das im ganzen Land bekannt ist und schlendern Sie durch die quirligen Stra\u00dfen in Tataouine.<\/p>\n<p>Ihre Reise geht weiter nach Chenini. Chenini ist das einzige noch bewohnte Berberdorf im S\u00fcden Tunesiens. \u00c4hnlich einem Adlerhorst thront es auf der Spitze eines Berges. F\u00fchlen Sie sich bei einem Spaziergang durch das Dorf aus dem 11. Jahrhundert in eine andere Zeit versetzt und besichtigen Sie eine typische H\u00f6hlenwohnung.<\/p>\n<p>Nach einem leckeren Mittagessen besuchen Sie traditionelle Ksars (Speicherburgen), wo Sie einen interessanten Einblick in die Berberkultur erhalten. In der N\u00e4he der Ksars befinden sich sogenannte &#8222;Ghorfas&#8220;, alte Getreidespeicher aus dem 17. Jahrhundert.<\/p>\n<p>Auf der R\u00fcckfahrt nach Djerba treten Sie langsam wieder die Reise in die Gegenwart an und nehmen unvergessliche Eindr\u00fccke mit nach Hause!<\/p>\n<p><strong>Ausflugsveranstalter:<\/strong> DTS &#8211; Destination Touristic Services<\/p>\n","protected":false},"excerpt":{"rendered":"<p>Eine Zeitreise in den S\u00fcden Tunesiens Nach der Abholung von Ihrem Hotel auf Djerba geht es \u00fcber den 7 km langen R\u00f6merdamm \u201cEl Kantara\u201d auf das tunesische Festland (teilnehmende G\u00e4ste aus Zarzis werden dort abgeholt) Richtung Chahbania, wo Sie bereits die ersten Sandd\u00fcnen sehen werden. Es beginnt eine Reise in die Vergangenheit: Probieren Sie ein [&hellip;]<\/p>\n","protected":false},"featured_media":10270,"template":"","meta":{"_acf_changed":false,"ocean_post_layout":"","ocean_both_sidebars_style":"","ocean_both_sidebars_content_width":0,"ocean_both_sidebars_sidebars_width":0,"ocean_sidebar":"0","ocean_second_sidebar":"0","ocean_disable_margins":"enable","ocean_add_body_class":"","ocean_shortcode_before_top_bar":"","ocean_shortcode_after_top_bar":"","ocean_shortcode_before_header":"","ocean_shortcode_after_header":"","ocean_has_shortcode":"","ocean_shortcode_after_title":"","ocean_shortcode_before_footer_widgets":"","ocean_shortcode_after_footer_widgets":"","ocean_shortcode_before_footer_bottom":"","ocean_shortcode_after_footer_bottom":"","ocean_display_top_bar":"default","ocean_display_header":"default","ocean_header_style":"","ocean_center_header_left_menu":"0","ocean_custom_header_template":"0","ocean_custom_logo":0,"ocean_custom_retina_logo":0,"ocean_custom_logo_max_width":0,"ocean_custom_logo_tablet_max_width":0,"ocean_custom_logo_mobile_max_width":0,"ocean_custom_logo_max_height":0,"ocean_custom_logo_tablet_max_height":0,"ocean_custom_logo_mobile_max_height":0,"ocean_header_custom_menu":"0","ocean_menu_typo_font_family":"0","ocean_menu_typo_font_subset":"","ocean_menu_typo_font_size":0,"ocean_menu_typo_font_size_tablet":0,"ocean_menu_typo_font_size_mobile":0,"ocean_menu_typo_font_size_unit":"px","ocean_menu_typo_font_weight":"","ocean_menu_typo_font_weight_tablet":"","ocean_menu_typo_font_weight_mobile":"","ocean_menu_typo_transform":"","ocean_menu_typo_transform_tablet":"","ocean_menu_typo_transform_mobile":"","ocean_menu_typo_line_height":0,"ocean_menu_typo_line_height_tablet":0,"ocean_menu_typo_line_height_mobile":0,"ocean_menu_typo_line_height_unit":"","ocean_menu_typo_spacing":0,"ocean_menu_typo_spacing_tablet":0,"ocean_menu_typo_spacing_mobile":0,"ocean_menu_typo_spacing_unit":"","ocean_menu_link_color":"","ocean_menu_link_color_hover":"","ocean_menu_link_color_active":"","ocean_menu_link_background":"","ocean_menu_link_hover_background":"","ocean_menu_link_active_background":"","ocean_menu_social_links_bg":"","ocean_menu_social_hover_links_bg":"","ocean_menu_social_links_color":"","ocean_menu_social_hover_links_color":"","ocean_disable_title":"default","ocean_disable_heading":"default","ocean_post_title":"","ocean_post_subheading":"","ocean_post_title_style":"background-image","ocean_post_title_background_color":"","ocean_post_title_background":9771,"ocean_post_title_bg_image_position":"","ocean_post_title_bg_image_attachment":"","ocean_post_title_bg_image_repeat":"","ocean_post_title_bg_image_size":"","ocean_post_title_height":0,"ocean_post_title_bg_overlay":0.5,"ocean_post_title_bg_overlay_color":"","ocean_disable_breadcrumbs":"default","ocean_breadcrumbs_color":"","ocean_breadcrumbs_separator_color":"","ocean_breadcrumbs_links_color":"","ocean_breadcrumbs_links_hover_color":"","ocean_display_footer_widgets":"default","ocean_display_footer_bottom":"default","ocean_custom_footer_template":"0","omw_enable_modal_window":"enable","osh_disable_topbar_sticky":"default","osh_disable_header_sticky":"default","osh_sticky_header_style":"default","osh_sticky_header_effect":"","osh_custom_sticky_logo":0,"osh_custom_retina_sticky_logo":0,"osh_custom_sticky_logo_height":0,"osh_background_color":"","osh_links_color":"","osh_links_hover_color":"","osh_links_active_color":"","osh_links_bg_color":"","osh_links_hover_bg_color":"","osh_links_active_bg_color":"","osh_menu_social_links_color":"","osh_menu_social_hover_links_color":""},"ort":[460,458,459,462,461],"sichtbarkeit":[],"templateoption":[179],"product_brand":[],"product_cat":[182],"product_tag":[],"class_list":{"0":"post-9744","1":"product","2":"type-product","3":"status-publish","4":"has-post-thumbnail","6":"ort-aghir","7":"ort-midoun","8":"ort-nadhour","9":"ort-sidi-mehrez","10":"ort-zarzis","11":"templateoption-dertrip-bc","12":"product_cat-ausfluege","14":"entry","15":"has-media","17":"first","18":"instock","19":"virtual","20":"purchasable","21":"product-type-simple","22":"has-product-nav","23":"col","24":"span_1_of_3","25":"owp-content-center","26":"owp-thumbs-layout-horizontal","27":"owp-btn-normal","28":"owp-tabs-layout-section"},"acf":[],"_links":{"self":[{"href":"https:\/\/www.dertour-reiseleitung.com\/djerba\/wp-json\/wp\/v2\/product\/9744","targetHints":{"allow":["GET"]}}],"collection":[{"href":"https:\/\/www.dertour-reiseleitung.com\/djerba\/wp-json\/wp\/v2\/product"}],"about":[{"href":"https:\/\/www.dertour-reiseleitung.com\/djerba\/wp-json\/wp\/v2\/types\/product"}],"version-history":[{"count":5,"href":"https:\/\/www.dertour-reiseleitung.com\/djerba\/wp-json\/wp\/v2\/product\/9744\/revisions"}],"predecessor-version":[{"id":12998,"href":"https:\/\/www.dertour-reiseleitung.com\/djerba\/wp-json\/wp\/v2\/product\/9744\/revisions\/12998"}],"wp:featuredmedia":[{"embeddable":true,"href":"https:\/\/www.dertour-reiseleitung.com\/djerba\/wp-json\/wp\/v2\/media\/10270"}],"wp:attachment":[{"href":"https:\/\/www.dertour-reiseleitung.com\/djerba\/wp-json\/wp\/v2\/media?parent=9744"}],"wp:term":[{"taxonomy":"ort","embeddable":true,"href":"https:\/\/www.dertour-reiseleitung.com\/djerba\/wp-json\/wp\/v2\/ort?post=9744"},{"taxonomy":"sichtbarkeit","embeddable":true,"href":"https:\/\/www.dertour-reiseleitung.com\/djerba\/wp-json\/wp\/v2\/sichtbarkeit?post=9744"},{"taxonomy":"templateoption","embeddable":true,"href":"https:\/\/www.dertour-reiseleitung.com\/djerba\/wp-json\/wp\/v2\/templateoption?post=9744"},{"taxonomy":"product_brand","embeddable":true,"href":"https:\/\/www.dertour-reiseleitung.com\/djerba\/wp-json\/wp\/v2\/product_brand?post=9744"},{"taxonomy":"product_cat","embeddable":true,"href":"https:\/\/www.dertour-reiseleitung.com\/djerba\/wp-json\/wp\/v2\/product_cat?post=9744"},{"taxonomy":"product_tag","embeddable":true,"href":"https:\/\/www.dertour-reiseleitung.com\/djerba\/wp-json\/wp\/v2\/product_tag?post=9744"}],"curies":[{"name":"wp","href":"https:\/\/api.w.org\/{rel}","templated":true}]}}