{"id":9783,"date":"2025-03-23T14:23:06","date_gmt":"2025-03-23T13:23:06","guid":{"rendered":"https:\/\/www.dertour-reiseleitung.com\/djerba\/aktivitaeten\/toepferkurs-werden-sie-kreativ\/"},"modified":"2026-04-15T10:31:09","modified_gmt":"2026-04-15T09:31:09","slug":"toepferkurs-werden-sie-kreativ-dds-011-1","status":"publish","type":"product","link":"https:\/\/www.dertour-reiseleitung.com\/djerba\/aktivitaeten\/toepferkurs-werden-sie-kreativ-dds-011-1\/","title":{"rendered":"T\u00f6pferkurs &#8211; Werden Sie kreativ!"},"content":{"rendered":"<h3>Exklusiv f\u00fcr DERTOUR Group G\u00e4ste<\/h3>\n<p>Der sympathische Faouzi empf\u00e4ngt Sie in einer kleinen Gruppe von maximal 6 Personen in seinem unterirdischen Atelier im T\u00f6pferdorf Guelalla und bringt Ihnen das traditionelle T\u00f6pferhandwerk n\u00e4her.<\/p>\n<p>Erfahren Sie alles rund um die T\u00f6pferei und schaffen Sie Ihre ganz eigenen, unvergesslichen Urlaubserinnerungen &#8211; im wahrsten Sinne des Wortes!<\/p>\n<p>Lassen Sie Ihrer Kreativit\u00e4t freien Lauf und gestalten Sie in authentischer Atmosph\u00e4re w\u00e4hrend eines T\u00f6pferkurses Ihre ganz eigenen Souvenirs, welche Sie am Ende Ihres Urlaubs mit nach Hause nehmen k\u00f6nnen (im Preis inklusive). Nach einer kurzen Trockenzeit erhalten Sie Ihre St\u00fccke ganz bequem ins Hotel geliefert (im Preis inklusive).<\/p>\n<p>Ein einzigartiges Erlebnis f\u00fcr Gro\u00df und Klein, bei dem Sie ganz nebenbei sicher auch das ein oder andere Wort Arabisch lernen&#8230;.<\/p>\n<p><strong>Unser Tipp:<\/strong> Idealerweise buchen Sie diesen Ausflug bereits zu Beginn Ihres Urlaubs, damit Ihre get\u00f6pferten Souvenirs ausreichend Zeit (mind. 3-4 N\u00e4chte) zum trocknen haben. Bei einer Trocknung \u00fcber Nacht sind Ihre Souvenirs transportf\u00e4hig, es besteht aber das Risiko, dass sie Risse erhalten.<\/p>\n<p><strong>Ausflugsveranstalter:<\/strong> DTS &#8211; Destination Touristic Services<\/p>\n","protected":false},"excerpt":{"rendered":"<p>Exklusiv f\u00fcr DERTOUR Group G\u00e4ste Der sympathische Faouzi empf\u00e4ngt Sie in einer kleinen Gruppe von maximal 6 Personen in seinem unterirdischen Atelier im T\u00f6pferdorf Guelalla und bringt Ihnen das traditionelle T\u00f6pferhandwerk n\u00e4her. Erfahren Sie alles rund um die T\u00f6pferei und schaffen Sie Ihre ganz eigenen, unvergesslichen Urlaubserinnerungen &#8211; im wahrsten Sinne des Wortes! Lassen Sie [&hellip;]<\/p>\n","protected":false},"featured_media":9785,"template":"","meta":{"_acf_changed":false,"ocean_post_layout":"","ocean_both_sidebars_style":"","ocean_both_sidebars_content_width":0,"ocean_both_sidebars_sidebars_width":0,"ocean_sidebar":"0","ocean_second_sidebar":"0","ocean_disable_margins":"enable","ocean_add_body_class":"","ocean_shortcode_before_top_bar":"","ocean_shortcode_after_top_bar":"","ocean_shortcode_before_header":"","ocean_shortcode_after_header":"","ocean_has_shortcode":"","ocean_shortcode_after_title":"","ocean_shortcode_before_footer_widgets":"","ocean_shortcode_after_footer_widgets":"","ocean_shortcode_before_footer_bottom":"","ocean_shortcode_after_footer_bottom":"","ocean_display_top_bar":"default","ocean_display_header":"default","ocean_header_style":"","ocean_center_header_left_menu":"0","ocean_custom_header_template":"0","ocean_custom_logo":0,"ocean_custom_retina_logo":0,"ocean_custom_logo_max_width":0,"ocean_custom_logo_tablet_max_width":0,"ocean_custom_logo_mobile_max_width":0,"ocean_custom_logo_max_height":0,"ocean_custom_logo_tablet_max_height":0,"ocean_custom_logo_mobile_max_height":0,"ocean_header_custom_menu":"0","ocean_menu_typo_font_family":"0","ocean_menu_typo_font_subset":"","ocean_menu_typo_font_size":0,"ocean_menu_typo_font_size_tablet":0,"ocean_menu_typo_font_size_mobile":0,"ocean_menu_typo_font_size_unit":"px","ocean_menu_typo_font_weight":"","ocean_menu_typo_font_weight_tablet":"","ocean_menu_typo_font_weight_mobile":"","ocean_menu_typo_transform":"","ocean_menu_typo_transform_tablet":"","ocean_menu_typo_transform_mobile":"","ocean_menu_typo_line_height":0,"ocean_menu_typo_line_height_tablet":0,"ocean_menu_typo_line_height_mobile":0,"ocean_menu_typo_line_height_unit":"","ocean_menu_typo_spacing":0,"ocean_menu_typo_spacing_tablet":0,"ocean_menu_typo_spacing_mobile":0,"ocean_menu_typo_spacing_unit":"","ocean_menu_link_color":"","ocean_menu_link_color_hover":"","ocean_menu_link_color_active":"","ocean_menu_link_background":"","ocean_menu_link_hover_background":"","ocean_menu_link_active_background":"","ocean_menu_social_links_bg":"","ocean_menu_social_hover_links_bg":"","ocean_menu_social_links_color":"","ocean_menu_social_hover_links_color":"","ocean_disable_title":"default","ocean_disable_heading":"default","ocean_post_title":"","ocean_post_subheading":"","ocean_post_title_style":"background-image","ocean_post_title_background_color":"","ocean_post_title_background":9793,"ocean_post_title_bg_image_position":"","ocean_post_title_bg_image_attachment":"","ocean_post_title_bg_image_repeat":"","ocean_post_title_bg_image_size":"","ocean_post_title_height":0,"ocean_post_title_bg_overlay":0.5,"ocean_post_title_bg_overlay_color":"","ocean_disable_breadcrumbs":"default","ocean_breadcrumbs_color":"","ocean_breadcrumbs_separator_color":"","ocean_breadcrumbs_links_color":"","ocean_breadcrumbs_links_hover_color":"","ocean_display_footer_widgets":"default","ocean_display_footer_bottom":"default","ocean_custom_footer_template":"0","omw_enable_modal_window":"enable","osh_disable_topbar_sticky":"default","osh_disable_header_sticky":"default","osh_sticky_header_style":"default","osh_sticky_header_effect":"","osh_custom_sticky_logo":0,"osh_custom_retina_sticky_logo":0,"osh_custom_sticky_logo_height":0,"osh_background_color":"","osh_links_color":"","osh_links_hover_color":"","osh_links_active_color":"","osh_links_bg_color":"","osh_links_hover_bg_color":"","osh_links_active_bg_color":"","osh_menu_social_links_color":"","osh_menu_social_hover_links_color":""},"ort":[460,458,459,462],"sichtbarkeit":[],"templateoption":[179],"product_brand":[],"product_cat":[182],"product_tag":[],"class_list":{"0":"post-9783","1":"product","2":"type-product","3":"status-publish","4":"has-post-thumbnail","6":"ort-aghir","7":"ort-midoun","8":"ort-nadhour","9":"ort-sidi-mehrez","10":"templateoption-dertrip-bc","11":"product_cat-ausfluege","13":"entry","14":"has-media","16":"first","17":"instock","18":"virtual","19":"purchasable","20":"product-type-simple","21":"has-product-nav","22":"col","23":"span_1_of_3","24":"owp-content-center","25":"owp-thumbs-layout-horizontal","26":"owp-btn-normal","27":"owp-tabs-layout-section"},"acf":[],"_links":{"self":[{"href":"https:\/\/www.dertour-reiseleitung.com\/djerba\/wp-json\/wp\/v2\/product\/9783","targetHints":{"allow":["GET"]}}],"collection":[{"href":"https:\/\/www.dertour-reiseleitung.com\/djerba\/wp-json\/wp\/v2\/product"}],"about":[{"href":"https:\/\/www.dertour-reiseleitung.com\/djerba\/wp-json\/wp\/v2\/types\/product"}],"version-history":[{"count":7,"href":"https:\/\/www.dertour-reiseleitung.com\/djerba\/wp-json\/wp\/v2\/product\/9783\/revisions"}],"predecessor-version":[{"id":13001,"href":"https:\/\/www.dertour-reiseleitung.com\/djerba\/wp-json\/wp\/v2\/product\/9783\/revisions\/13001"}],"wp:featuredmedia":[{"embeddable":true,"href":"https:\/\/www.dertour-reiseleitung.com\/djerba\/wp-json\/wp\/v2\/media\/9785"}],"wp:attachment":[{"href":"https:\/\/www.dertour-reiseleitung.com\/djerba\/wp-json\/wp\/v2\/media?parent=9783"}],"wp:term":[{"taxonomy":"ort","embeddable":true,"href":"https:\/\/www.dertour-reiseleitung.com\/djerba\/wp-json\/wp\/v2\/ort?post=9783"},{"taxonomy":"sichtbarkeit","embeddable":true,"href":"https:\/\/www.dertour-reiseleitung.com\/djerba\/wp-json\/wp\/v2\/sichtbarkeit?post=9783"},{"taxonomy":"templateoption","embeddable":true,"href":"https:\/\/www.dertour-reiseleitung.com\/djerba\/wp-json\/wp\/v2\/templateoption?post=9783"},{"taxonomy":"product_brand","embeddable":true,"href":"https:\/\/www.dertour-reiseleitung.com\/djerba\/wp-json\/wp\/v2\/product_brand?post=9783"},{"taxonomy":"product_cat","embeddable":true,"href":"https:\/\/www.dertour-reiseleitung.com\/djerba\/wp-json\/wp\/v2\/product_cat?post=9783"},{"taxonomy":"product_tag","embeddable":true,"href":"https:\/\/www.dertour-reiseleitung.com\/djerba\/wp-json\/wp\/v2\/product_tag?post=9783"}],"curies":[{"name":"wp","href":"https:\/\/api.w.org\/{rel}","templated":true}]}}