{"id":10550,"date":"2025-05-29T09:02:11","date_gmt":"2025-05-29T08:02:11","guid":{"rendered":"https:\/\/www.dertour-reiseleitung.com\/fuerteventura\/?post_type=product&#038;p=10550"},"modified":"2026-05-05T14:19:00","modified_gmt":"2026-05-05T13:19:00","slug":"secrets-of-fuerteventura-dds-026-1","status":"publish","type":"product","link":"https:\/\/www.dertour-reiseleitung.com\/fuerteventura\/aktivitaeten\/secrets-of-fuerteventura-dds-026-1\/","title":{"rendered":"Secrets of Fuerteventura"},"content":{"rendered":"<h3><strong>Entdecken Sie die verborgenen Seiten der Insel<\/strong><\/h3>\n<p>Erleben Sie Fuerteventura abseits der typischen Touristenpfade \u2013 in einem komfortablen Minibus mit maximal 8 Personen. Ohne lange Fahrzeiten, ohne Massentourismus und mit vielen spannenden Einblicken in das echte Inselleben.<\/p>\n<p>Nach der Abholung von Ihrem Hotel im S\u00fcden starten wir unsere Reise in die gr\u00f6\u00dfte Stadt des S\u00fcdens: Gran Tarajal. Bei einem kurzen Spaziergang entdecken Sie das allt\u00e4gliche Leben der Einheimischen und einen der charakteristischen dunklen Str\u00e4nde der Insel.<\/p>\n<p>Anschlie\u00dfend geht es in die Inselmitte zu einer Aloe-Vera-Fabrik, wo Sie mehr \u00fcber die lokale Produktion und die heilenden Eigenschaften dieser besonderen Pflanze erfahren.<\/p>\n<p>Weiter f\u00fchrt uns die Tour nach Los Valles de Ortega, wo Sie zwei unterschiedliche M\u00fchlentypen Fuerteventuras kennenlernen \u2013 ein St\u00fcck traditioneller Inselgeschichte.<\/p>\n<p>Ein H\u00f6hepunkt des Tages ist der Stopp am Aussichtspunkt Corral de Guize auf 600 m H\u00f6he, bevor wir das historische Herz der Insel erreichen: Betancuria, die erste Hauptstadt Fuerteventuras. Hier haben Sie Zeit, das charmante Dorf auf eigene Faust zu erkunden.<\/p>\n<p>Die Tour f\u00fchrt weiter durch das gr\u00fcne Tal der 1000 Palmen, \u00fcber Vega de R\u00edo Palmas und spektakul\u00e4re Serpentinen nach P\u00e1jara, wo Sie tolle Fotomotive wie das ber\u00fchmte &#8222;Aztekenportal&#8220; finden und die M\u00f6glichkeit haben, etwas zu essen oder zu trinken.<\/p>\n<p>Nach einem weiteren Fotostopp an der Tener\u00eda de Mezquez (ehemalige Ledergerberei und Wasserpumpe) fahren wir zum Mirador Astron\u00f3mico Sicasumbre. Genie\u00dfen Sie den Panoramablick auf die Elefantenberge und die S\u00fcdspitze der Insel.<\/p>\n<p>Zum Abschluss besuchen wir die raue Westk\u00fcste bei La Pared \u2013 hier erleben Sie die beeindruckende Brandung des Atlantiks, das geologische Naturdenkmal &#8222;El Jurado&#8220; und interessante Gesteinsschichten, die von der Entstehung der Insel erz\u00e4hlen.<\/p>\n<p><strong>Ausflugsveranstalter:<\/strong> Go Vacation Spain SLU, CIF: B-57828360<\/p>\n","protected":false},"excerpt":{"rendered":"<p>Entdecken Sie die verborgenen Seiten der Insel Erleben Sie Fuerteventura abseits der typischen Touristenpfade \u2013 in einem komfortablen Minibus mit maximal 8 Personen. Ohne lange Fahrzeiten, ohne Massentourismus und mit vielen spannenden Einblicken in das echte Inselleben. Nach der Abholung von Ihrem Hotel im S\u00fcden starten wir unsere Reise in die gr\u00f6\u00dfte Stadt des S\u00fcdens: [&hellip;]<\/p>\n","protected":false},"featured_media":10545,"template":"","meta":{"_acf_changed":false,"ocean_post_layout":"","ocean_both_sidebars_style":"","ocean_both_sidebars_content_width":0,"ocean_both_sidebars_sidebars_width":0,"ocean_sidebar":"0","ocean_second_sidebar":"0","ocean_disable_margins":"enable","ocean_add_body_class":"","ocean_shortcode_before_top_bar":"","ocean_shortcode_after_top_bar":"","ocean_shortcode_before_header":"","ocean_shortcode_after_header":"","ocean_has_shortcode":"","ocean_shortcode_after_title":"","ocean_shortcode_before_footer_widgets":"","ocean_shortcode_after_footer_widgets":"","ocean_shortcode_before_footer_bottom":"","ocean_shortcode_after_footer_bottom":"","ocean_display_top_bar":"default","ocean_display_header":"default","ocean_header_style":"","ocean_center_header_left_menu":"0","ocean_custom_header_template":"0","ocean_custom_logo":0,"ocean_custom_retina_logo":0,"ocean_custom_logo_max_width":0,"ocean_custom_logo_tablet_max_width":0,"ocean_custom_logo_mobile_max_width":0,"ocean_custom_logo_max_height":0,"ocean_custom_logo_tablet_max_height":0,"ocean_custom_logo_mobile_max_height":0,"ocean_header_custom_menu":"0","ocean_menu_typo_font_family":"0","ocean_menu_typo_font_subset":"","ocean_menu_typo_font_size":0,"ocean_menu_typo_font_size_tablet":0,"ocean_menu_typo_font_size_mobile":0,"ocean_menu_typo_font_size_unit":"px","ocean_menu_typo_font_weight":"","ocean_menu_typo_font_weight_tablet":"","ocean_menu_typo_font_weight_mobile":"","ocean_menu_typo_transform":"","ocean_menu_typo_transform_tablet":"","ocean_menu_typo_transform_mobile":"","ocean_menu_typo_line_height":0,"ocean_menu_typo_line_height_tablet":0,"ocean_menu_typo_line_height_mobile":0,"ocean_menu_typo_line_height_unit":"","ocean_menu_typo_spacing":0,"ocean_menu_typo_spacing_tablet":0,"ocean_menu_typo_spacing_mobile":0,"ocean_menu_typo_spacing_unit":"","ocean_menu_link_color":"","ocean_menu_link_color_hover":"","ocean_menu_link_color_active":"","ocean_menu_link_background":"","ocean_menu_link_hover_background":"","ocean_menu_link_active_background":"","ocean_menu_social_links_bg":"","ocean_menu_social_hover_links_bg":"","ocean_menu_social_links_color":"","ocean_menu_social_hover_links_color":"","ocean_disable_title":"default","ocean_disable_heading":"default","ocean_post_title":"","ocean_post_subheading":"","ocean_post_title_style":"background-image","ocean_post_title_background_color":"","ocean_post_title_background":10546,"ocean_post_title_bg_image_position":"","ocean_post_title_bg_image_attachment":"","ocean_post_title_bg_image_repeat":"","ocean_post_title_bg_image_size":"","ocean_post_title_height":0,"ocean_post_title_bg_overlay":0.5,"ocean_post_title_bg_overlay_color":"","ocean_disable_breadcrumbs":"default","ocean_breadcrumbs_color":"","ocean_breadcrumbs_separator_color":"","ocean_breadcrumbs_links_color":"","ocean_breadcrumbs_links_hover_color":"","ocean_display_footer_widgets":"default","ocean_display_footer_bottom":"default","ocean_custom_footer_template":"0","omw_enable_modal_window":"enable","osh_disable_topbar_sticky":"default","osh_disable_header_sticky":"default","osh_sticky_header_style":"default","osh_sticky_header_effect":"","osh_custom_sticky_logo":0,"osh_custom_retina_sticky_logo":0,"osh_custom_sticky_logo_height":0,"osh_background_color":"","osh_links_color":"","osh_links_hover_color":"","osh_links_active_color":"","osh_links_bg_color":"","osh_links_hover_bg_color":"","osh_links_active_bg_color":"","osh_menu_social_links_color":"","osh_menu_social_hover_links_color":""},"ort":[462,461,479,460,465],"sichtbarkeit":[],"templateoption":[179],"product_brand":[],"product_cat":[182],"product_tag":[],"class_list":{"0":"post-10550","1":"product","2":"type-product","3":"status-publish","4":"has-post-thumbnail","6":"ort-costa-calma","7":"ort-esquinzo","8":"ort-gorriones","9":"ort-jandia","10":"ort-morro-jable","11":"templateoption-dertrip-bc","12":"product_cat-ausfluege","14":"entry","15":"has-media","17":"first","18":"instock","19":"virtual","20":"purchasable","21":"product-type-simple","22":"has-product-nav","23":"col","24":"span_1_of_3","25":"owp-content-center","26":"owp-thumbs-layout-horizontal","27":"owp-btn-normal","28":"owp-tabs-layout-section"},"acf":{"option_id":"3513"},"_links":{"self":[{"href":"https:\/\/www.dertour-reiseleitung.com\/fuerteventura\/wp-json\/wp\/v2\/product\/10550","targetHints":{"allow":["GET"]}}],"collection":[{"href":"https:\/\/www.dertour-reiseleitung.com\/fuerteventura\/wp-json\/wp\/v2\/product"}],"about":[{"href":"https:\/\/www.dertour-reiseleitung.com\/fuerteventura\/wp-json\/wp\/v2\/types\/product"}],"version-history":[{"count":7,"href":"https:\/\/www.dertour-reiseleitung.com\/fuerteventura\/wp-json\/wp\/v2\/product\/10550\/revisions"}],"predecessor-version":[{"id":11504,"href":"https:\/\/www.dertour-reiseleitung.com\/fuerteventura\/wp-json\/wp\/v2\/product\/10550\/revisions\/11504"}],"wp:featuredmedia":[{"embeddable":true,"href":"https:\/\/www.dertour-reiseleitung.com\/fuerteventura\/wp-json\/wp\/v2\/media\/10545"}],"wp:attachment":[{"href":"https:\/\/www.dertour-reiseleitung.com\/fuerteventura\/wp-json\/wp\/v2\/media?parent=10550"}],"wp:term":[{"taxonomy":"ort","embeddable":true,"href":"https:\/\/www.dertour-reiseleitung.com\/fuerteventura\/wp-json\/wp\/v2\/ort?post=10550"},{"taxonomy":"sichtbarkeit","embeddable":true,"href":"https:\/\/www.dertour-reiseleitung.com\/fuerteventura\/wp-json\/wp\/v2\/sichtbarkeit?post=10550"},{"taxonomy":"templateoption","embeddable":true,"href":"https:\/\/www.dertour-reiseleitung.com\/fuerteventura\/wp-json\/wp\/v2\/templateoption?post=10550"},{"taxonomy":"product_brand","embeddable":true,"href":"https:\/\/www.dertour-reiseleitung.com\/fuerteventura\/wp-json\/wp\/v2\/product_brand?post=10550"},{"taxonomy":"product_cat","embeddable":true,"href":"https:\/\/www.dertour-reiseleitung.com\/fuerteventura\/wp-json\/wp\/v2\/product_cat?post=10550"},{"taxonomy":"product_tag","embeddable":true,"href":"https:\/\/www.dertour-reiseleitung.com\/fuerteventura\/wp-json\/wp\/v2\/product_tag?post=10550"}],"curies":[{"name":"wp","href":"https:\/\/api.w.org\/{rel}","templated":true}]}}