{"id":10565,"date":"2025-05-29T10:32:33","date_gmt":"2025-05-29T09:32:33","guid":{"rendered":"https:\/\/www.dertour-reiseleitung.com\/fuerteventura\/?post_type=product&#038;p=10565"},"modified":"2026-02-17T15:51:46","modified_gmt":"2026-02-17T14:51:46","slug":"wilder-norden-dds-025-1","status":"publish","type":"product","link":"https:\/\/www.dertour-reiseleitung.com\/fuerteventura\/aktivitaeten\/wilder-norden-dds-025-1\/","title":{"rendered":"Wilder Norden"},"content":{"rendered":"<h3>Entdecken Sie den wilden Norden!<\/h3>\n<p>Erleben Sie die faszinierenden Highlights des Nordens von Fuerteventura auf einem abwechslungsreichen Tagesausflug ab Jand\u00eda. Entdecken Sie beeindruckende Lavalandschaften, charmante Fischerd\u00f6rfer und die wilde Sch\u00f6nheit der Nordk\u00fcste \u2013 inklusive einem Besuch des K\u00fcstenst\u00e4dtchens Corralejo.<\/p>\n<p>Nach der Abholung von Ihrem Hotel fahren Sie zun\u00e4chst zu den ber\u00fchmten D\u00fcnen von Corralejo. Genie\u00dfen Sie den Panoramablick auf die Nachbarinsel Lanzarote und die kleine Insel Lobos. Anschlie\u00dfend unternehmen Sie eine leichte Wanderung zum Calder\u00f3n Hondo \u2013 einem erloschenen Vulkankrater mit beeindruckendem Ausblick.<\/p>\n<p>Weiter geht es in das idyllische Fischerdorf El Cotillo an der Westk\u00fcste. Danach fahren Sie nach Corralejo \u2013 einem lebendigen Ferienort mit zahlreichen Einkaufsm\u00f6glichkeiten, Restaurants und herrlichen Stadtstr\u00e4nden. Hier haben Sie Zeit zur freien Verf\u00fcgung (Mittagessen nicht im Preis inbegriffen).<\/p>\n<p>Ein besonderes Highlight ist der Stopp am sogenannten Popcorn Beach, wo der &#8222;Sand&#8220; wie aufgepopptes Popcorn aussieht \u2013 ein echtes Naturwunder!<\/p>\n<p>\u00dcber einen Off-Road-Weg erreichen Sie die wilde Nordk\u00fcste und das abgeschiedene Fischerdorf Majanicho \u2013 ein Ort, an dem die Zeit stillzustehen scheint. Zum Abschluss kehren Sie zur\u00fcck nach El Cotillo, wo Sie die spektakul\u00e4re K\u00fcstenlinie und entspannte Atmosph\u00e4re genie\u00dfen k\u00f6nnen.<\/p>\n<p>Auf der R\u00fcckfahrt in den S\u00fcden durchqueren Sie traditionelle Inseld\u00f6rfer und l\u00e4ndliche Gebiete mit alten Bauernh\u00f6fen \u2013 ein authentischer Blick auf das Leben abseits der touristischen Zentren.<\/p>\n<p><strong>Ausflugsveranstalter:<\/strong> Go Vacation Spain SLU, CIF: B-57828360<\/p>\n","protected":false},"excerpt":{"rendered":"<p>Entdecken Sie den wilden Norden! Erleben Sie die faszinierenden Highlights des Nordens von Fuerteventura auf einem abwechslungsreichen Tagesausflug ab Jand\u00eda. Entdecken Sie beeindruckende Lavalandschaften, charmante Fischerd\u00f6rfer und die wilde Sch\u00f6nheit der Nordk\u00fcste \u2013 inklusive einem Besuch des K\u00fcstenst\u00e4dtchens Corralejo. Nach der Abholung von Ihrem Hotel fahren Sie zun\u00e4chst zu den ber\u00fchmten D\u00fcnen von Corralejo. Genie\u00dfen [&hellip;]<\/p>\n","protected":false},"featured_media":10571,"template":"","meta":{"_acf_changed":false,"ocean_post_layout":"","ocean_both_sidebars_style":"","ocean_both_sidebars_content_width":0,"ocean_both_sidebars_sidebars_width":0,"ocean_sidebar":"0","ocean_second_sidebar":"0","ocean_disable_margins":"enable","ocean_add_body_class":"","ocean_shortcode_before_top_bar":"","ocean_shortcode_after_top_bar":"","ocean_shortcode_before_header":"","ocean_shortcode_after_header":"","ocean_has_shortcode":"","ocean_shortcode_after_title":"","ocean_shortcode_before_footer_widgets":"","ocean_shortcode_after_footer_widgets":"","ocean_shortcode_before_footer_bottom":"","ocean_shortcode_after_footer_bottom":"","ocean_display_top_bar":"default","ocean_display_header":"default","ocean_header_style":"","ocean_center_header_left_menu":"0","ocean_custom_header_template":"0","ocean_custom_logo":0,"ocean_custom_retina_logo":0,"ocean_custom_logo_max_width":0,"ocean_custom_logo_tablet_max_width":0,"ocean_custom_logo_mobile_max_width":0,"ocean_custom_logo_max_height":0,"ocean_custom_logo_tablet_max_height":0,"ocean_custom_logo_mobile_max_height":0,"ocean_header_custom_menu":"0","ocean_menu_typo_font_family":"0","ocean_menu_typo_font_subset":"","ocean_menu_typo_font_size":0,"ocean_menu_typo_font_size_tablet":0,"ocean_menu_typo_font_size_mobile":0,"ocean_menu_typo_font_size_unit":"px","ocean_menu_typo_font_weight":"","ocean_menu_typo_font_weight_tablet":"","ocean_menu_typo_font_weight_mobile":"","ocean_menu_typo_transform":"","ocean_menu_typo_transform_tablet":"","ocean_menu_typo_transform_mobile":"","ocean_menu_typo_line_height":0,"ocean_menu_typo_line_height_tablet":0,"ocean_menu_typo_line_height_mobile":0,"ocean_menu_typo_line_height_unit":"","ocean_menu_typo_spacing":0,"ocean_menu_typo_spacing_tablet":0,"ocean_menu_typo_spacing_mobile":0,"ocean_menu_typo_spacing_unit":"","ocean_menu_link_color":"","ocean_menu_link_color_hover":"","ocean_menu_link_color_active":"","ocean_menu_link_background":"","ocean_menu_link_hover_background":"","ocean_menu_link_active_background":"","ocean_menu_social_links_bg":"","ocean_menu_social_hover_links_bg":"","ocean_menu_social_links_color":"","ocean_menu_social_hover_links_color":"","ocean_disable_title":"default","ocean_disable_heading":"default","ocean_post_title":"","ocean_post_subheading":"","ocean_post_title_style":"background-image","ocean_post_title_background_color":"","ocean_post_title_background":10572,"ocean_post_title_bg_image_position":"","ocean_post_title_bg_image_attachment":"","ocean_post_title_bg_image_repeat":"","ocean_post_title_bg_image_size":"","ocean_post_title_height":0,"ocean_post_title_bg_overlay":0.5,"ocean_post_title_bg_overlay_color":"","ocean_disable_breadcrumbs":"default","ocean_breadcrumbs_color":"","ocean_breadcrumbs_separator_color":"","ocean_breadcrumbs_links_color":"","ocean_breadcrumbs_links_hover_color":"","ocean_display_footer_widgets":"default","ocean_display_footer_bottom":"default","ocean_custom_footer_template":"0","omw_enable_modal_window":"enable","osh_disable_topbar_sticky":"default","osh_disable_header_sticky":"default","osh_sticky_header_style":"default","osh_sticky_header_effect":"","osh_custom_sticky_logo":0,"osh_custom_retina_sticky_logo":0,"osh_custom_sticky_logo_height":0,"osh_background_color":"","osh_links_color":"","osh_links_hover_color":"","osh_links_active_color":"","osh_links_bg_color":"","osh_links_hover_bg_color":"","osh_links_active_bg_color":"","osh_menu_social_links_color":"","osh_menu_social_hover_links_color":""},"ort":[462,461,479,460,465],"sichtbarkeit":[],"templateoption":[179],"product_brand":[],"product_cat":[182],"product_tag":[],"class_list":{"0":"post-10565","1":"product","2":"type-product","3":"status-publish","4":"has-post-thumbnail","6":"ort-costa-calma","7":"ort-esquinzo","8":"ort-gorriones","9":"ort-jandia","10":"ort-morro-jable","11":"templateoption-dertrip-bc","12":"product_cat-ausfluege","14":"entry","15":"has-media","17":"first","18":"instock","19":"virtual","20":"purchasable","21":"product-type-simple","22":"has-product-nav","23":"col","24":"span_1_of_3","25":"owp-content-center","26":"owp-thumbs-layout-horizontal","27":"owp-btn-normal","28":"owp-tabs-layout-section"},"acf":{"option_id":"3511"},"_links":{"self":[{"href":"https:\/\/www.dertour-reiseleitung.com\/fuerteventura\/wp-json\/wp\/v2\/product\/10565","targetHints":{"allow":["GET"]}}],"collection":[{"href":"https:\/\/www.dertour-reiseleitung.com\/fuerteventura\/wp-json\/wp\/v2\/product"}],"about":[{"href":"https:\/\/www.dertour-reiseleitung.com\/fuerteventura\/wp-json\/wp\/v2\/types\/product"}],"version-history":[{"count":13,"href":"https:\/\/www.dertour-reiseleitung.com\/fuerteventura\/wp-json\/wp\/v2\/product\/10565\/revisions"}],"predecessor-version":[{"id":11370,"href":"https:\/\/www.dertour-reiseleitung.com\/fuerteventura\/wp-json\/wp\/v2\/product\/10565\/revisions\/11370"}],"wp:featuredmedia":[{"embeddable":true,"href":"https:\/\/www.dertour-reiseleitung.com\/fuerteventura\/wp-json\/wp\/v2\/media\/10571"}],"wp:attachment":[{"href":"https:\/\/www.dertour-reiseleitung.com\/fuerteventura\/wp-json\/wp\/v2\/media?parent=10565"}],"wp:term":[{"taxonomy":"ort","embeddable":true,"href":"https:\/\/www.dertour-reiseleitung.com\/fuerteventura\/wp-json\/wp\/v2\/ort?post=10565"},{"taxonomy":"sichtbarkeit","embeddable":true,"href":"https:\/\/www.dertour-reiseleitung.com\/fuerteventura\/wp-json\/wp\/v2\/sichtbarkeit?post=10565"},{"taxonomy":"templateoption","embeddable":true,"href":"https:\/\/www.dertour-reiseleitung.com\/fuerteventura\/wp-json\/wp\/v2\/templateoption?post=10565"},{"taxonomy":"product_brand","embeddable":true,"href":"https:\/\/www.dertour-reiseleitung.com\/fuerteventura\/wp-json\/wp\/v2\/product_brand?post=10565"},{"taxonomy":"product_cat","embeddable":true,"href":"https:\/\/www.dertour-reiseleitung.com\/fuerteventura\/wp-json\/wp\/v2\/product_cat?post=10565"},{"taxonomy":"product_tag","embeddable":true,"href":"https:\/\/www.dertour-reiseleitung.com\/fuerteventura\/wp-json\/wp\/v2\/product_tag?post=10565"}],"curies":[{"name":"wp","href":"https:\/\/api.w.org\/{rel}","templated":true}]}}