{"id":9435,"date":"2025-03-18T14:27:13","date_gmt":"2025-03-18T14:27:13","guid":{"rendered":"https:\/\/www.dertour-reiseleitung.com\/fuerteventura\/aktivitaeten\/tapas-tour-ab-costa-calma-jandia\/"},"modified":"2026-05-05T13:33:18","modified_gmt":"2026-05-05T12:33:18","slug":"tapas-tour-dds-017-1","status":"publish","type":"product","link":"https:\/\/www.dertour-reiseleitung.com\/fuerteventura\/aktivitaeten\/tapas-tour-dds-017-1\/","title":{"rendered":"Tapas Tour"},"content":{"rendered":"<h3>Kultur und kleine Spezialit\u00e4ten<\/h3>\n<p>Die Tapas Tour auf Fuerteventura ist eine kulinarische Reise zu den Einheimischen. Sie lernen Kultur und kleine Spezialit\u00e4ten von Fuerteventura kennen.<br \/>\nEs erwartet Sie ein interaktiver Spaziergang auf jedem Bauernhof, um die lokalen Produkte der Insel kennenzulernen.<br \/>\nProbieren Sie Kaktusfeigen, landestypische Mojo-Saucen und Marmeladen. Erfahren Sie wie das gesunde Oliven\u00f6l hergestellt wird. Der leckere Ziegenk\u00e4se darf nicht fehlen, deshalb besuchen Sie auch eine Ziegenfarm und bestaunen die K\u00e4serei.<br \/>\nKommen Sie dem einheimischen Leben auf drei ausgew\u00e4hlten Bauernh\u00f6fen n\u00e4her und lassen Sie sich \u00fcberraschen von neuen Geschm\u00e4ckern.<\/p>\n<p>Der Besuch auf der Kaktusfarm auf Fuerteventura ist immer ein echtes Erlebnis, weil Bauer Leo sich extra eine Show f\u00fcr ihren Ausflug ausgedacht hat. Hier wird Ihnen gezeigt wie man die gef\u00e4hrlichen Kaktusfr\u00fcchte auf Fuerteventura erntet. Was er genau daraus herstellt erfahren wir auf seiner Finca.<br \/>\nFruchts\u00e4fte, Mojo Saucen und Marmeladen sind ein kulinarischer Genuss aus eigener Herstellung, die Sie so noch nicht probiert haben.<\/p>\n<p>Auf der zweiten Farm dreht sich alles um das gesunde Oliven\u00f6l auf Fuerteventura. Sie erleben eine professionelle Verkostung des hauseigenen extra Virgen nativen Oliven\u00f6ls.<br \/>\nBei dem Rundgang auf der Farm gibt es nicht nur Olivenb\u00e4ume, sondern auch verschiedene Obstb\u00e4ume, die mit Fr\u00fcchten der Saison locken.<br \/>\nLernen Sie mehr \u00fcber die Herstellung des \u00f6kologischen Oliven\u00f6ls und dem Anbau auf der Finca.<\/p>\n<p>Fuerteventura z\u00e4hlt mehr Ziegen als Einwohner. Der Ziegenk\u00e4se ist das bekannteste Produkt Fuerteventuras und international anerkannt.<br \/>\nDie Ziegenfarm von Julian im Inselinneren hat f\u00fcr uns die T\u00fcren ge\u00f6ffnet. Ein Familienbetrieb auf Fuerteventura, der sich seit Generationen der Ziege verschrieben hat. Nach traditionellem Rezept und Milch aus eigener Freilandhaltung wird der gute Ziegenk\u00e4se hergestellt. Genie\u00dfen sie ein Glas Rotwein und finden Sie Ihren Lieblingsk\u00e4se in dem reichhaltigen Sortiment.<\/p>\n<p>Die Tour zeigt Ihnen was es mit der Pella de Gofio auf sich hat. Vielleicht auch eine Idee f\u00fcr zu Hause?<\/p>\n<p>Dieser Ausflug wird in Kleingruppen durchgef\u00fchrt. Reservieren Sie sich rechtzeitig Ihren Platz!<\/p>\n<p><strong>Ausflugsveranstalter:<\/strong> Go Vacation Spain SLU, CIF B-578 28360<\/p>\n","protected":false},"excerpt":{"rendered":"<p>Kultur und kleine Spezialit\u00e4ten Die Tapas Tour auf Fuerteventura ist eine kulinarische Reise zu den Einheimischen. Sie lernen Kultur und kleine Spezialit\u00e4ten von Fuerteventura kennen. Es erwartet Sie ein interaktiver Spaziergang auf jedem Bauernhof, um die lokalen Produkte der Insel kennenzulernen. Probieren Sie Kaktusfeigen, landestypische Mojo-Saucen und Marmeladen. Erfahren Sie wie das gesunde Oliven\u00f6l hergestellt [&hellip;]<\/p>\n","protected":false},"featured_media":9437,"template":"","meta":{"_acf_changed":false,"ocean_post_layout":"","ocean_both_sidebars_style":"","ocean_both_sidebars_content_width":0,"ocean_both_sidebars_sidebars_width":0,"ocean_sidebar":"0","ocean_second_sidebar":"0","ocean_disable_margins":"enable","ocean_add_body_class":"","ocean_shortcode_before_top_bar":"","ocean_shortcode_after_top_bar":"","ocean_shortcode_before_header":"","ocean_shortcode_after_header":"","ocean_has_shortcode":"","ocean_shortcode_after_title":"","ocean_shortcode_before_footer_widgets":"","ocean_shortcode_after_footer_widgets":"","ocean_shortcode_before_footer_bottom":"","ocean_shortcode_after_footer_bottom":"","ocean_display_top_bar":"default","ocean_display_header":"default","ocean_header_style":"","ocean_center_header_left_menu":"0","ocean_custom_header_template":"0","ocean_custom_logo":0,"ocean_custom_retina_logo":0,"ocean_custom_logo_max_width":0,"ocean_custom_logo_tablet_max_width":0,"ocean_custom_logo_mobile_max_width":0,"ocean_custom_logo_max_height":0,"ocean_custom_logo_tablet_max_height":0,"ocean_custom_logo_mobile_max_height":0,"ocean_header_custom_menu":"0","ocean_menu_typo_font_family":"0","ocean_menu_typo_font_subset":"","ocean_menu_typo_font_size":0,"ocean_menu_typo_font_size_tablet":0,"ocean_menu_typo_font_size_mobile":0,"ocean_menu_typo_font_size_unit":"px","ocean_menu_typo_font_weight":"","ocean_menu_typo_font_weight_tablet":"","ocean_menu_typo_font_weight_mobile":"","ocean_menu_typo_transform":"","ocean_menu_typo_transform_tablet":"","ocean_menu_typo_transform_mobile":"","ocean_menu_typo_line_height":0,"ocean_menu_typo_line_height_tablet":0,"ocean_menu_typo_line_height_mobile":0,"ocean_menu_typo_line_height_unit":"","ocean_menu_typo_spacing":0,"ocean_menu_typo_spacing_tablet":0,"ocean_menu_typo_spacing_mobile":0,"ocean_menu_typo_spacing_unit":"","ocean_menu_link_color":"","ocean_menu_link_color_hover":"","ocean_menu_link_color_active":"","ocean_menu_link_background":"","ocean_menu_link_hover_background":"","ocean_menu_link_active_background":"","ocean_menu_social_links_bg":"","ocean_menu_social_hover_links_bg":"","ocean_menu_social_links_color":"","ocean_menu_social_hover_links_color":"","ocean_disable_title":"default","ocean_disable_heading":"default","ocean_post_title":"","ocean_post_subheading":"","ocean_post_title_style":"background-image","ocean_post_title_background_color":"","ocean_post_title_background":9442,"ocean_post_title_bg_image_position":"","ocean_post_title_bg_image_attachment":"","ocean_post_title_bg_image_repeat":"","ocean_post_title_bg_image_size":"","ocean_post_title_height":0,"ocean_post_title_bg_overlay":0.5,"ocean_post_title_bg_overlay_color":"","ocean_disable_breadcrumbs":"default","ocean_breadcrumbs_color":"","ocean_breadcrumbs_separator_color":"","ocean_breadcrumbs_links_color":"","ocean_breadcrumbs_links_hover_color":"","ocean_display_footer_widgets":"default","ocean_display_footer_bottom":"default","ocean_custom_footer_template":"0","omw_enable_modal_window":"enable","osh_disable_topbar_sticky":"default","osh_disable_header_sticky":"default","osh_sticky_header_style":"default","osh_sticky_header_effect":"","osh_custom_sticky_logo":0,"osh_custom_retina_sticky_logo":0,"osh_custom_sticky_logo_height":0,"osh_background_color":"","osh_links_color":"","osh_links_hover_color":"","osh_links_active_color":"","osh_links_bg_color":"","osh_links_hover_bg_color":"","osh_links_active_bg_color":"","osh_menu_social_links_color":"","osh_menu_social_hover_links_color":""},"ort":[462,461,479,460,465],"sichtbarkeit":[],"templateoption":[179],"product_brand":[],"product_cat":[182],"product_tag":[],"class_list":{"0":"post-9435","1":"product","2":"type-product","3":"status-publish","4":"has-post-thumbnail","6":"ort-costa-calma","7":"ort-esquinzo","8":"ort-gorriones","9":"ort-jandia","10":"ort-morro-jable","11":"templateoption-dertrip-bc","12":"product_cat-ausfluege","14":"entry","15":"has-media","17":"first","18":"instock","19":"virtual","20":"purchasable","21":"product-type-simple","22":"has-product-nav","23":"col","24":"span_1_of_3","25":"owp-content-center","26":"owp-thumbs-layout-horizontal","27":"owp-btn-normal","28":"owp-tabs-layout-section"},"acf":{"option_id":"3478"},"_links":{"self":[{"href":"https:\/\/www.dertour-reiseleitung.com\/fuerteventura\/wp-json\/wp\/v2\/product\/9435","targetHints":{"allow":["GET"]}}],"collection":[{"href":"https:\/\/www.dertour-reiseleitung.com\/fuerteventura\/wp-json\/wp\/v2\/product"}],"about":[{"href":"https:\/\/www.dertour-reiseleitung.com\/fuerteventura\/wp-json\/wp\/v2\/types\/product"}],"version-history":[{"count":11,"href":"https:\/\/www.dertour-reiseleitung.com\/fuerteventura\/wp-json\/wp\/v2\/product\/9435\/revisions"}],"predecessor-version":[{"id":12287,"href":"https:\/\/www.dertour-reiseleitung.com\/fuerteventura\/wp-json\/wp\/v2\/product\/9435\/revisions\/12287"}],"wp:featuredmedia":[{"embeddable":true,"href":"https:\/\/www.dertour-reiseleitung.com\/fuerteventura\/wp-json\/wp\/v2\/media\/9437"}],"wp:attachment":[{"href":"https:\/\/www.dertour-reiseleitung.com\/fuerteventura\/wp-json\/wp\/v2\/media?parent=9435"}],"wp:term":[{"taxonomy":"ort","embeddable":true,"href":"https:\/\/www.dertour-reiseleitung.com\/fuerteventura\/wp-json\/wp\/v2\/ort?post=9435"},{"taxonomy":"sichtbarkeit","embeddable":true,"href":"https:\/\/www.dertour-reiseleitung.com\/fuerteventura\/wp-json\/wp\/v2\/sichtbarkeit?post=9435"},{"taxonomy":"templateoption","embeddable":true,"href":"https:\/\/www.dertour-reiseleitung.com\/fuerteventura\/wp-json\/wp\/v2\/templateoption?post=9435"},{"taxonomy":"product_brand","embeddable":true,"href":"https:\/\/www.dertour-reiseleitung.com\/fuerteventura\/wp-json\/wp\/v2\/product_brand?post=9435"},{"taxonomy":"product_cat","embeddable":true,"href":"https:\/\/www.dertour-reiseleitung.com\/fuerteventura\/wp-json\/wp\/v2\/product_cat?post=9435"},{"taxonomy":"product_tag","embeddable":true,"href":"https:\/\/www.dertour-reiseleitung.com\/fuerteventura\/wp-json\/wp\/v2\/product_tag?post=9435"}],"curies":[{"name":"wp","href":"https:\/\/api.w.org\/{rel}","templated":true}]}}