{"id":9497,"date":"2025-03-18T14:29:06","date_gmt":"2025-03-18T14:29:06","guid":{"rendered":"https:\/\/www.dertour-reiseleitung.com\/fuerteventura\/aktivitaeten\/segeltoern-auf-der-flounder-ab-costa-calma-jandia\/"},"modified":"2026-05-05T13:25:28","modified_gmt":"2026-05-05T12:25:28","slug":"segeltoern-auf-der-flounder-dds-029-1","status":"publish","type":"product","link":"https:\/\/www.dertour-reiseleitung.com\/fuerteventura\/aktivitaeten\/segeltoern-auf-der-flounder-dds-029-1\/","title":{"rendered":"Segelt\u00f6rn auf der Flounder"},"content":{"rendered":"<h3>Gleiten Sie entlang Jand\u00eda \u00fcber t\u00fcrkisblaues Meer<\/h3>\n<p>Die Segeltour mit max. 10 Personen startet mit einem kurzen Briefing, um Sie mit einfachen Sicherheitsvorkehrungen vertraut zu machen und die Einrichtungen an Bord zu erkl\u00e4ren. Au\u00dferdem wird die geplante Tour, Kurse und die aktuelle Windvorhersage erl\u00e4utert.<\/p>\n<p>Nachdem Sie den Hafen verlassen haben, segeln Sie auf das offene Meer und setzen Kurs auf die Gebiete, an denen es am wahrscheinlichsten ist auf Delfine, Wale und Schildkr\u00f6ten zu treffen.<\/p>\n<p>Genie\u00dfen Sie an Bord beim Sonnenbaden ein eiskaltes Getr\u00e4nk und lauschen Sie dem Rauschen des Meeres, w\u00e4hrend das Boot \u00fcber t\u00fcrkisblaues Wasser entlang der Str\u00e4nde von Jand\u00eda dahingleitet.<\/p>\n<p>Bei guten Wetterbedingungen haben Sie selbst die M\u00f6glichkeit beim Setzen der Segel oder bei anderen Man\u00f6vern zu unterst\u00fctzen.<\/p>\n<p>Zu einem sp\u00e4teren Zeitpunkt zielt Ihr Skipper ein ruhiges, unber\u00fchrtes Pl\u00e4tzchen an und setzt dort den Anker. Springen Sie in das kristallklare Wasser zum Schwimmen oder auch zum Schnorcheln (Ausr\u00fcstung muss selbst mitgebracht werden).<\/p>\n<p><strong>Ausflugsveranstalter: <\/strong>Go Vacation Spain SLU , CIF B-578 28360<strong><br \/>\n<\/strong><\/p>\n","protected":false},"excerpt":{"rendered":"<p>Gleiten Sie entlang Jand\u00eda \u00fcber t\u00fcrkisblaues Meer Die Segeltour mit max. 10 Personen startet mit einem kurzen Briefing, um Sie mit einfachen Sicherheitsvorkehrungen vertraut zu machen und die Einrichtungen an Bord zu erkl\u00e4ren. Au\u00dferdem wird die geplante Tour, Kurse und die aktuelle Windvorhersage erl\u00e4utert. Nachdem Sie den Hafen verlassen haben, segeln Sie auf das offene [&hellip;]<\/p>\n","protected":false},"featured_media":9499,"template":"","meta":{"_acf_changed":false,"ocean_post_layout":"","ocean_both_sidebars_style":"","ocean_both_sidebars_content_width":0,"ocean_both_sidebars_sidebars_width":0,"ocean_sidebar":"0","ocean_second_sidebar":"0","ocean_disable_margins":"enable","ocean_add_body_class":"","ocean_shortcode_before_top_bar":"","ocean_shortcode_after_top_bar":"","ocean_shortcode_before_header":"","ocean_shortcode_after_header":"","ocean_has_shortcode":"","ocean_shortcode_after_title":"","ocean_shortcode_before_footer_widgets":"","ocean_shortcode_after_footer_widgets":"","ocean_shortcode_before_footer_bottom":"","ocean_shortcode_after_footer_bottom":"","ocean_display_top_bar":"default","ocean_display_header":"default","ocean_header_style":"","ocean_center_header_left_menu":"0","ocean_custom_header_template":"0","ocean_custom_logo":0,"ocean_custom_retina_logo":0,"ocean_custom_logo_max_width":0,"ocean_custom_logo_tablet_max_width":0,"ocean_custom_logo_mobile_max_width":0,"ocean_custom_logo_max_height":0,"ocean_custom_logo_tablet_max_height":0,"ocean_custom_logo_mobile_max_height":0,"ocean_header_custom_menu":"0","ocean_menu_typo_font_family":"0","ocean_menu_typo_font_subset":"","ocean_menu_typo_font_size":0,"ocean_menu_typo_font_size_tablet":0,"ocean_menu_typo_font_size_mobile":0,"ocean_menu_typo_font_size_unit":"px","ocean_menu_typo_font_weight":"","ocean_menu_typo_font_weight_tablet":"","ocean_menu_typo_font_weight_mobile":"","ocean_menu_typo_transform":"","ocean_menu_typo_transform_tablet":"","ocean_menu_typo_transform_mobile":"","ocean_menu_typo_line_height":0,"ocean_menu_typo_line_height_tablet":0,"ocean_menu_typo_line_height_mobile":0,"ocean_menu_typo_line_height_unit":"","ocean_menu_typo_spacing":0,"ocean_menu_typo_spacing_tablet":0,"ocean_menu_typo_spacing_mobile":0,"ocean_menu_typo_spacing_unit":"","ocean_menu_link_color":"","ocean_menu_link_color_hover":"","ocean_menu_link_color_active":"","ocean_menu_link_background":"","ocean_menu_link_hover_background":"","ocean_menu_link_active_background":"","ocean_menu_social_links_bg":"","ocean_menu_social_hover_links_bg":"","ocean_menu_social_links_color":"","ocean_menu_social_hover_links_color":"","ocean_disable_title":"default","ocean_disable_heading":"default","ocean_post_title":"","ocean_post_subheading":"","ocean_post_title_style":"background-image","ocean_post_title_background_color":"","ocean_post_title_background":12101,"ocean_post_title_bg_image_position":"","ocean_post_title_bg_image_attachment":"","ocean_post_title_bg_image_repeat":"","ocean_post_title_bg_image_size":"","ocean_post_title_height":0,"ocean_post_title_bg_overlay":0.5,"ocean_post_title_bg_overlay_color":"","ocean_disable_breadcrumbs":"default","ocean_breadcrumbs_color":"","ocean_breadcrumbs_separator_color":"","ocean_breadcrumbs_links_color":"","ocean_breadcrumbs_links_hover_color":"","ocean_display_footer_widgets":"default","ocean_display_footer_bottom":"default","ocean_custom_footer_template":"0","omw_enable_modal_window":"enable","osh_disable_topbar_sticky":"default","osh_disable_header_sticky":"default","osh_sticky_header_style":"default","osh_sticky_header_effect":"","osh_custom_sticky_logo":0,"osh_custom_retina_sticky_logo":0,"osh_custom_sticky_logo_height":0,"osh_background_color":"","osh_links_color":"","osh_links_hover_color":"","osh_links_active_color":"","osh_links_bg_color":"","osh_links_hover_bg_color":"","osh_links_active_bg_color":"","osh_menu_social_links_color":"","osh_menu_social_hover_links_color":""},"ort":[462,461,479,460,465],"sichtbarkeit":[],"templateoption":[179],"product_brand":[],"product_cat":[182],"product_tag":[],"class_list":{"0":"post-9497","1":"product","2":"type-product","3":"status-publish","4":"has-post-thumbnail","6":"ort-costa-calma","7":"ort-esquinzo","8":"ort-gorriones","9":"ort-jandia","10":"ort-morro-jable","11":"templateoption-dertrip-bc","12":"product_cat-ausfluege","14":"entry","15":"has-media","17":"first","18":"instock","19":"virtual","20":"purchasable","21":"product-type-simple","22":"has-product-nav","23":"col","24":"span_1_of_3","25":"owp-content-center","26":"owp-thumbs-layout-horizontal","27":"owp-btn-normal","28":"owp-tabs-layout-section","29":"has-no-thumbnails"},"acf":{"option_id":"3518"},"_links":{"self":[{"href":"https:\/\/www.dertour-reiseleitung.com\/fuerteventura\/wp-json\/wp\/v2\/product\/9497","targetHints":{"allow":["GET"]}}],"collection":[{"href":"https:\/\/www.dertour-reiseleitung.com\/fuerteventura\/wp-json\/wp\/v2\/product"}],"about":[{"href":"https:\/\/www.dertour-reiseleitung.com\/fuerteventura\/wp-json\/wp\/v2\/types\/product"}],"version-history":[{"count":9,"href":"https:\/\/www.dertour-reiseleitung.com\/fuerteventura\/wp-json\/wp\/v2\/product\/9497\/revisions"}],"predecessor-version":[{"id":12109,"href":"https:\/\/www.dertour-reiseleitung.com\/fuerteventura\/wp-json\/wp\/v2\/product\/9497\/revisions\/12109"}],"wp:featuredmedia":[{"embeddable":true,"href":"https:\/\/www.dertour-reiseleitung.com\/fuerteventura\/wp-json\/wp\/v2\/media\/9499"}],"wp:attachment":[{"href":"https:\/\/www.dertour-reiseleitung.com\/fuerteventura\/wp-json\/wp\/v2\/media?parent=9497"}],"wp:term":[{"taxonomy":"ort","embeddable":true,"href":"https:\/\/www.dertour-reiseleitung.com\/fuerteventura\/wp-json\/wp\/v2\/ort?post=9497"},{"taxonomy":"sichtbarkeit","embeddable":true,"href":"https:\/\/www.dertour-reiseleitung.com\/fuerteventura\/wp-json\/wp\/v2\/sichtbarkeit?post=9497"},{"taxonomy":"templateoption","embeddable":true,"href":"https:\/\/www.dertour-reiseleitung.com\/fuerteventura\/wp-json\/wp\/v2\/templateoption?post=9497"},{"taxonomy":"product_brand","embeddable":true,"href":"https:\/\/www.dertour-reiseleitung.com\/fuerteventura\/wp-json\/wp\/v2\/product_brand?post=9497"},{"taxonomy":"product_cat","embeddable":true,"href":"https:\/\/www.dertour-reiseleitung.com\/fuerteventura\/wp-json\/wp\/v2\/product_cat?post=9497"},{"taxonomy":"product_tag","embeddable":true,"href":"https:\/\/www.dertour-reiseleitung.com\/fuerteventura\/wp-json\/wp\/v2\/product_tag?post=9497"}],"curies":[{"name":"wp","href":"https:\/\/api.w.org\/{rel}","templated":true}]}}