{"id":9548,"date":"2025-03-18T14:31:22","date_gmt":"2025-03-18T14:31:22","guid":{"rendered":"https:\/\/www.dertour-reiseleitung.com\/fuerteventura\/aktivitaeten\/highlights-of-fuerteventura-ab-costa-calma-jandia\/"},"modified":"2026-05-05T14:10:21","modified_gmt":"2026-05-05T13:10:21","slug":"highlights-fuerteventura-dds-023-1","status":"publish","type":"product","link":"https:\/\/www.dertour-reiseleitung.com\/fuerteventura\/aktivitaeten\/highlights-fuerteventura-dds-023-1\/","title":{"rendered":"Highlights Fuerteventura"},"content":{"rendered":"<h3>Fuerteventura exklusiv erleben<\/h3>\n<p>Fuerteventura \u2013 Insel der Geheimnisse, Geschichten, Legenden und Abenteuer.<\/p>\n<p>Erkunden Sie die zahlreichen Sehensw\u00fcrdigkeiten von Fuerteventura und die wundersch\u00f6ne Landschaft an nur einem Tag!<\/p>\n<p>Die Highlights of Fuerteventura-Tour f\u00fchrt Sie zun\u00e4chst entlang der Westk\u00fcste nach Ajuy. Dort begeben Sie sich auf einen kurzen Spaziergang zu den ber\u00fchmten H\u00f6hlen. Eindrucksvolle Wellen brechen sich an der Steilk\u00fcste und haben dadurch eine interessante H\u00f6hlenlandschaft geschaffen.<\/p>\n<p>Weiter geht es nach Pajara, einem kleinen idyllischen Ort mit seinen h\u00fcbschen H\u00e4usern und seiner Kirche, die f\u00fcr ihr Azteken-Portal bekannt ist. Von dort geht die Fahrt weiter durch die Bergwelt der Insel, nach Vega de Rio Palma.<\/p>\n<p>Anschlie\u00dfend besuchen Sie Betancuria, die ehemalige Inselhauptstadt. Genie\u00dfen Sie einen kleinen Spaziergang durch diesen geschichtstr\u00e4chtigen Ort. Als besonderer H\u00f6hepunkt erwartet Sie, dass nach alten Pl\u00e4nen liebevoll und detailgetreu wieder aufgebaute Landhotel Mahoh in Villa Verde. Im hoteleigenen Restaurant k\u00f6nnen Sie kanarische Vorspeisenleckereien wie Ziegenfleisch, Fisch, K\u00e4se, Schinken und das ber\u00fchmten Mousse de Gofio kosten.<\/p>\n<p>Ein weiterer Stopp an diesem Tag sind die eindrucksvollen Wanderd\u00fcnen des Naturschutzpark Las Dunas de Corralejo. Eines der ber\u00fchmtesten Fotomotive der Insel. Auf dem R\u00fcckweg besuchen Sie eine Aloe Vera Farm und erfahren alles Besondere \u00fcber diese au\u00dfergew\u00f6hnliche Pflanze und ihre \u00fcberraschende Wirkung.<\/p>\n<p>Die Highlights von Fuerteventura an nur einem Tag!<\/p>\n<p><strong>Ausflugsveranstalter:<\/strong> Go Vacation Spain SLU, CIF: B-57828360<\/p>\n","protected":false},"excerpt":{"rendered":"<p>Fuerteventura exklusiv erleben Fuerteventura \u2013 Insel der Geheimnisse, Geschichten, Legenden und Abenteuer. Erkunden Sie die zahlreichen Sehensw\u00fcrdigkeiten von Fuerteventura und die wundersch\u00f6ne Landschaft an nur einem Tag! Die Highlights of Fuerteventura-Tour f\u00fchrt Sie zun\u00e4chst entlang der Westk\u00fcste nach Ajuy. Dort begeben Sie sich auf einen kurzen Spaziergang zu den ber\u00fchmten H\u00f6hlen. Eindrucksvolle Wellen brechen sich [&hellip;]<\/p>\n","protected":false},"featured_media":9550,"template":"","meta":{"_acf_changed":false,"ocean_post_layout":"","ocean_both_sidebars_style":"","ocean_both_sidebars_content_width":0,"ocean_both_sidebars_sidebars_width":0,"ocean_sidebar":"0","ocean_second_sidebar":"0","ocean_disable_margins":"enable","ocean_add_body_class":"","ocean_shortcode_before_top_bar":"","ocean_shortcode_after_top_bar":"","ocean_shortcode_before_header":"","ocean_shortcode_after_header":"","ocean_has_shortcode":"","ocean_shortcode_after_title":"","ocean_shortcode_before_footer_widgets":"","ocean_shortcode_after_footer_widgets":"","ocean_shortcode_before_footer_bottom":"","ocean_shortcode_after_footer_bottom":"","ocean_display_top_bar":"default","ocean_display_header":"default","ocean_header_style":"","ocean_center_header_left_menu":"0","ocean_custom_header_template":"0","ocean_custom_logo":0,"ocean_custom_retina_logo":0,"ocean_custom_logo_max_width":0,"ocean_custom_logo_tablet_max_width":0,"ocean_custom_logo_mobile_max_width":0,"ocean_custom_logo_max_height":0,"ocean_custom_logo_tablet_max_height":0,"ocean_custom_logo_mobile_max_height":0,"ocean_header_custom_menu":"0","ocean_menu_typo_font_family":"0","ocean_menu_typo_font_subset":"","ocean_menu_typo_font_size":0,"ocean_menu_typo_font_size_tablet":0,"ocean_menu_typo_font_size_mobile":0,"ocean_menu_typo_font_size_unit":"px","ocean_menu_typo_font_weight":"","ocean_menu_typo_font_weight_tablet":"","ocean_menu_typo_font_weight_mobile":"","ocean_menu_typo_transform":"","ocean_menu_typo_transform_tablet":"","ocean_menu_typo_transform_mobile":"","ocean_menu_typo_line_height":0,"ocean_menu_typo_line_height_tablet":0,"ocean_menu_typo_line_height_mobile":0,"ocean_menu_typo_line_height_unit":"","ocean_menu_typo_spacing":0,"ocean_menu_typo_spacing_tablet":0,"ocean_menu_typo_spacing_mobile":0,"ocean_menu_typo_spacing_unit":"","ocean_menu_link_color":"","ocean_menu_link_color_hover":"","ocean_menu_link_color_active":"","ocean_menu_link_background":"","ocean_menu_link_hover_background":"","ocean_menu_link_active_background":"","ocean_menu_social_links_bg":"","ocean_menu_social_hover_links_bg":"","ocean_menu_social_links_color":"","ocean_menu_social_hover_links_color":"","ocean_disable_title":"default","ocean_disable_heading":"default","ocean_post_title":"","ocean_post_subheading":"","ocean_post_title_style":"background-image","ocean_post_title_background_color":"","ocean_post_title_background":9574,"ocean_post_title_bg_image_position":"","ocean_post_title_bg_image_attachment":"","ocean_post_title_bg_image_repeat":"","ocean_post_title_bg_image_size":"","ocean_post_title_height":0,"ocean_post_title_bg_overlay":0.5,"ocean_post_title_bg_overlay_color":"","ocean_disable_breadcrumbs":"default","ocean_breadcrumbs_color":"","ocean_breadcrumbs_separator_color":"","ocean_breadcrumbs_links_color":"","ocean_breadcrumbs_links_hover_color":"","ocean_display_footer_widgets":"default","ocean_display_footer_bottom":"default","ocean_custom_footer_template":"0","omw_enable_modal_window":"enable","osh_disable_topbar_sticky":"default","osh_disable_header_sticky":"default","osh_sticky_header_style":"default","osh_sticky_header_effect":"","osh_custom_sticky_logo":0,"osh_custom_retina_sticky_logo":0,"osh_custom_sticky_logo_height":0,"osh_background_color":"","osh_links_color":"","osh_links_hover_color":"","osh_links_active_color":"","osh_links_bg_color":"","osh_links_hover_bg_color":"","osh_links_active_bg_color":"","osh_menu_social_links_color":"","osh_menu_social_hover_links_color":""},"ort":[462,461,479,460,465],"sichtbarkeit":[],"templateoption":[179],"product_brand":[],"product_cat":[182],"product_tag":[],"class_list":{"0":"post-9548","1":"product","2":"type-product","3":"status-publish","4":"has-post-thumbnail","6":"ort-costa-calma","7":"ort-esquinzo","8":"ort-gorriones","9":"ort-jandia","10":"ort-morro-jable","11":"templateoption-dertrip-bc","12":"product_cat-ausfluege","14":"entry","15":"has-media","17":"first","18":"instock","19":"virtual","20":"purchasable","21":"product-type-simple","22":"has-product-nav","23":"col","24":"span_1_of_3","25":"owp-content-center","26":"owp-thumbs-layout-horizontal","27":"owp-btn-normal","28":"owp-tabs-layout-section"},"acf":{"option_id":"3507"},"_links":{"self":[{"href":"https:\/\/www.dertour-reiseleitung.com\/fuerteventura\/wp-json\/wp\/v2\/product\/9548","targetHints":{"allow":["GET"]}}],"collection":[{"href":"https:\/\/www.dertour-reiseleitung.com\/fuerteventura\/wp-json\/wp\/v2\/product"}],"about":[{"href":"https:\/\/www.dertour-reiseleitung.com\/fuerteventura\/wp-json\/wp\/v2\/types\/product"}],"version-history":[{"count":13,"href":"https:\/\/www.dertour-reiseleitung.com\/fuerteventura\/wp-json\/wp\/v2\/product\/9548\/revisions"}],"predecessor-version":[{"id":11498,"href":"https:\/\/www.dertour-reiseleitung.com\/fuerteventura\/wp-json\/wp\/v2\/product\/9548\/revisions\/11498"}],"wp:featuredmedia":[{"embeddable":true,"href":"https:\/\/www.dertour-reiseleitung.com\/fuerteventura\/wp-json\/wp\/v2\/media\/9550"}],"wp:attachment":[{"href":"https:\/\/www.dertour-reiseleitung.com\/fuerteventura\/wp-json\/wp\/v2\/media?parent=9548"}],"wp:term":[{"taxonomy":"ort","embeddable":true,"href":"https:\/\/www.dertour-reiseleitung.com\/fuerteventura\/wp-json\/wp\/v2\/ort?post=9548"},{"taxonomy":"sichtbarkeit","embeddable":true,"href":"https:\/\/www.dertour-reiseleitung.com\/fuerteventura\/wp-json\/wp\/v2\/sichtbarkeit?post=9548"},{"taxonomy":"templateoption","embeddable":true,"href":"https:\/\/www.dertour-reiseleitung.com\/fuerteventura\/wp-json\/wp\/v2\/templateoption?post=9548"},{"taxonomy":"product_brand","embeddable":true,"href":"https:\/\/www.dertour-reiseleitung.com\/fuerteventura\/wp-json\/wp\/v2\/product_brand?post=9548"},{"taxonomy":"product_cat","embeddable":true,"href":"https:\/\/www.dertour-reiseleitung.com\/fuerteventura\/wp-json\/wp\/v2\/product_cat?post=9548"},{"taxonomy":"product_tag","embeddable":true,"href":"https:\/\/www.dertour-reiseleitung.com\/fuerteventura\/wp-json\/wp\/v2\/product_tag?post=9548"}],"curies":[{"name":"wp","href":"https:\/\/api.w.org\/{rel}","templated":true}]}}