{"id":9691,"date":"2025-03-18T14:37:41","date_gmt":"2025-03-18T14:37:41","guid":{"rendered":"https:\/\/www.dertour-reiseleitung.com\/fuerteventura\/aktivitaeten\/fuerteventura-buggy-ab-costa-calma-jandia\/"},"modified":"2026-05-05T13:58:12","modified_gmt":"2026-05-05T12:58:12","slug":"fuerteventura-buggy-dds-021-1","status":"publish","type":"product","link":"https:\/\/www.dertour-reiseleitung.com\/fuerteventura\/aktivitaeten\/fuerteventura-buggy-dds-021-1\/","title":{"rendered":"Fuerteventura Buggy"},"content":{"rendered":"<h3>Eine spektakul\u00e4re Offroad-Tour<\/h3>\n<p>Steigen Sie ein in einen von den spektakul\u00e4ren CAN AM Buggys und genie\u00dfen Sie eine 1h15 min\u00fctige Offroad-Tour entlang der S\u00fcdk\u00fcste der Insel.<\/p>\n<p>Die Tour beginnt am Parkplatz des Veranstalters und f\u00fchrt \u00fcber eine Piste nach Las Hermosas, von wo aus Sie einen kleinen Pfad entlang der Schlucht Barranco de las Hermosas bis zum Strand Playa de Ugan nehmen.<\/p>\n<p>Auf dem R\u00fcckweg kommen Sie am Windsurfclub in der Bucht von Matas vorbei, von wo aus Sie wieder auf Pisten zu dem Ausgangspunkt an der Tankstelle von Matas Blancas zur\u00fcckkehren.<\/p>\n<p><strong>Ausflugsveranstalter:<\/strong>\u00a0Go Vacation Spain SLU, CIF: B-57828360<\/p>\n","protected":false},"excerpt":{"rendered":"<p>Eine spektakul\u00e4re Offroad-Tour Steigen Sie ein in einen von den spektakul\u00e4ren CAN AM Buggys und genie\u00dfen Sie eine 1h15 min\u00fctige Offroad-Tour entlang der S\u00fcdk\u00fcste der Insel. Die Tour beginnt am Parkplatz des Veranstalters und f\u00fchrt \u00fcber eine Piste nach Las Hermosas, von wo aus Sie einen kleinen Pfad entlang der Schlucht Barranco de las Hermosas [&hellip;]<\/p>\n","protected":false},"featured_media":9693,"template":"","meta":{"_acf_changed":false,"ocean_post_layout":"","ocean_both_sidebars_style":"","ocean_both_sidebars_content_width":0,"ocean_both_sidebars_sidebars_width":0,"ocean_sidebar":"0","ocean_second_sidebar":"0","ocean_disable_margins":"enable","ocean_add_body_class":"","ocean_shortcode_before_top_bar":"","ocean_shortcode_after_top_bar":"","ocean_shortcode_before_header":"","ocean_shortcode_after_header":"","ocean_has_shortcode":"","ocean_shortcode_after_title":"","ocean_shortcode_before_footer_widgets":"","ocean_shortcode_after_footer_widgets":"","ocean_shortcode_before_footer_bottom":"","ocean_shortcode_after_footer_bottom":"","ocean_display_top_bar":"default","ocean_display_header":"default","ocean_header_style":"","ocean_center_header_left_menu":"0","ocean_custom_header_template":"0","ocean_custom_logo":0,"ocean_custom_retina_logo":0,"ocean_custom_logo_max_width":0,"ocean_custom_logo_tablet_max_width":0,"ocean_custom_logo_mobile_max_width":0,"ocean_custom_logo_max_height":0,"ocean_custom_logo_tablet_max_height":0,"ocean_custom_logo_mobile_max_height":0,"ocean_header_custom_menu":"0","ocean_menu_typo_font_family":"0","ocean_menu_typo_font_subset":"","ocean_menu_typo_font_size":0,"ocean_menu_typo_font_size_tablet":0,"ocean_menu_typo_font_size_mobile":0,"ocean_menu_typo_font_size_unit":"px","ocean_menu_typo_font_weight":"","ocean_menu_typo_font_weight_tablet":"","ocean_menu_typo_font_weight_mobile":"","ocean_menu_typo_transform":"","ocean_menu_typo_transform_tablet":"","ocean_menu_typo_transform_mobile":"","ocean_menu_typo_line_height":0,"ocean_menu_typo_line_height_tablet":0,"ocean_menu_typo_line_height_mobile":0,"ocean_menu_typo_line_height_unit":"","ocean_menu_typo_spacing":0,"ocean_menu_typo_spacing_tablet":0,"ocean_menu_typo_spacing_mobile":0,"ocean_menu_typo_spacing_unit":"","ocean_menu_link_color":"","ocean_menu_link_color_hover":"","ocean_menu_link_color_active":"","ocean_menu_link_background":"","ocean_menu_link_hover_background":"","ocean_menu_link_active_background":"","ocean_menu_social_links_bg":"","ocean_menu_social_hover_links_bg":"","ocean_menu_social_links_color":"","ocean_menu_social_hover_links_color":"","ocean_disable_title":"default","ocean_disable_heading":"default","ocean_post_title":"","ocean_post_subheading":"","ocean_post_title_style":"background-image","ocean_post_title_background_color":"","ocean_post_title_background":9582,"ocean_post_title_bg_image_position":"","ocean_post_title_bg_image_attachment":"","ocean_post_title_bg_image_repeat":"","ocean_post_title_bg_image_size":"","ocean_post_title_height":0,"ocean_post_title_bg_overlay":0.5,"ocean_post_title_bg_overlay_color":"","ocean_disable_breadcrumbs":"default","ocean_breadcrumbs_color":"","ocean_breadcrumbs_separator_color":"","ocean_breadcrumbs_links_color":"","ocean_breadcrumbs_links_hover_color":"","ocean_display_footer_widgets":"default","ocean_display_footer_bottom":"default","ocean_custom_footer_template":"0","omw_enable_modal_window":"enable","osh_disable_topbar_sticky":"default","osh_disable_header_sticky":"default","osh_sticky_header_style":"default","osh_sticky_header_effect":"","osh_custom_sticky_logo":0,"osh_custom_retina_sticky_logo":0,"osh_custom_sticky_logo_height":0,"osh_background_color":"","osh_links_color":"","osh_links_hover_color":"","osh_links_active_color":"","osh_links_bg_color":"","osh_links_hover_bg_color":"","osh_links_active_bg_color":"","osh_menu_social_links_color":"","osh_menu_social_hover_links_color":""},"ort":[462,461,479,460,465],"sichtbarkeit":[],"templateoption":[179],"product_brand":[],"product_cat":[182],"product_tag":[],"class_list":{"0":"post-9691","1":"product","2":"type-product","3":"status-publish","4":"has-post-thumbnail","6":"ort-costa-calma","7":"ort-esquinzo","8":"ort-gorriones","9":"ort-jandia","10":"ort-morro-jable","11":"templateoption-dertrip-bc","12":"product_cat-ausfluege","14":"entry","15":"has-media","17":"first","18":"instock","19":"virtual","20":"purchasable","21":"product-type-simple","22":"has-product-nav","23":"col","24":"span_1_of_3","25":"owp-content-center","26":"owp-thumbs-layout-horizontal","27":"owp-btn-normal","28":"owp-tabs-layout-section"},"acf":{"option_id":"3793,3794"},"_links":{"self":[{"href":"https:\/\/www.dertour-reiseleitung.com\/fuerteventura\/wp-json\/wp\/v2\/product\/9691","targetHints":{"allow":["GET"]}}],"collection":[{"href":"https:\/\/www.dertour-reiseleitung.com\/fuerteventura\/wp-json\/wp\/v2\/product"}],"about":[{"href":"https:\/\/www.dertour-reiseleitung.com\/fuerteventura\/wp-json\/wp\/v2\/types\/product"}],"version-history":[{"count":13,"href":"https:\/\/www.dertour-reiseleitung.com\/fuerteventura\/wp-json\/wp\/v2\/product\/9691\/revisions"}],"predecessor-version":[{"id":11813,"href":"https:\/\/www.dertour-reiseleitung.com\/fuerteventura\/wp-json\/wp\/v2\/product\/9691\/revisions\/11813"}],"wp:featuredmedia":[{"embeddable":true,"href":"https:\/\/www.dertour-reiseleitung.com\/fuerteventura\/wp-json\/wp\/v2\/media\/9693"}],"wp:attachment":[{"href":"https:\/\/www.dertour-reiseleitung.com\/fuerteventura\/wp-json\/wp\/v2\/media?parent=9691"}],"wp:term":[{"taxonomy":"ort","embeddable":true,"href":"https:\/\/www.dertour-reiseleitung.com\/fuerteventura\/wp-json\/wp\/v2\/ort?post=9691"},{"taxonomy":"sichtbarkeit","embeddable":true,"href":"https:\/\/www.dertour-reiseleitung.com\/fuerteventura\/wp-json\/wp\/v2\/sichtbarkeit?post=9691"},{"taxonomy":"templateoption","embeddable":true,"href":"https:\/\/www.dertour-reiseleitung.com\/fuerteventura\/wp-json\/wp\/v2\/templateoption?post=9691"},{"taxonomy":"product_brand","embeddable":true,"href":"https:\/\/www.dertour-reiseleitung.com\/fuerteventura\/wp-json\/wp\/v2\/product_brand?post=9691"},{"taxonomy":"product_cat","embeddable":true,"href":"https:\/\/www.dertour-reiseleitung.com\/fuerteventura\/wp-json\/wp\/v2\/product_cat?post=9691"},{"taxonomy":"product_tag","embeddable":true,"href":"https:\/\/www.dertour-reiseleitung.com\/fuerteventura\/wp-json\/wp\/v2\/product_tag?post=9691"}],"curies":[{"name":"wp","href":"https:\/\/api.w.org\/{rel}","templated":true}]}}