{"id":9697,"date":"2025-03-18T14:37:59","date_gmt":"2025-03-18T14:37:59","guid":{"rendered":"https:\/\/www.dertour-reiseleitung.com\/fuerteventura\/aktivitaeten\/sealand-absolute-ab-cc-j-cf-p\/"},"modified":"2026-05-05T14:03:23","modified_gmt":"2026-05-05T13:03:23","slug":"sealand-absolute-dds-022-1","status":"publish","type":"product","link":"https:\/\/www.dertour-reiseleitung.com\/fuerteventura\/aktivitaeten\/sealand-absolute-dds-022-1\/","title":{"rendered":"Sealand Absolute"},"content":{"rendered":"<h3>Gleiten Sie zu Buchten, Klippen und kristallklarem Meer<\/h3>\n<p>Von Gran Tarajal aus geht es mit dem Premium-Katamaran BOATDIL zun\u00e4chst in Richtung Norden, vorbei an dem malerischen Fischerdorf Las Playitas, um dann in H\u00f6he des Leuchtturms von La Entallada und Jacomar den Kurs zu \u00e4ndern und in s\u00fcdlicher Richtung die unzug\u00e4ngliche und unber\u00fchrte Bucht \u201eCala del Caracol\u201c mit ihrem kristallklaren Wasser anzusteuern.<\/p>\n<p>Entlang der K\u00fcste passieren Sie die Buchten von Ginigin\u00e1mar, Tarajalejo und La Lajita.<\/p>\n<p>In der Bucht \u201eCala del Caracol\u201c ankern Sie und genie\u00dfen diesen faszinierenden Ort. Mit Blick auf die K\u00fcste auf der einen, und auf das Meer auf der anderen Seite, serviert die Crew das Mittagessen, bestehend aus Tapas wie Tortilla, Paella, Salaten und Fr\u00fcchten der Saison.<\/p>\n<p>Hier bietet sich auch die M\u00f6glichkeit, die Unterwasserwelt beim Schnorcheln zu erkunden, ein Bad im Meer zu nehmen oder das Kajakfahren auszuprobieren. Wer m\u00f6chte, kann sich auf dem Oberdeck auf einer der Liegen entspannen.<\/p>\n<p>Lassen Sie diesen einmaligen Bootsausflug gem\u00fctlich im Loungebereich auf dem Unterdeck oder in der schiffseigenen Bar &#8222;After Swim&#8220; bei Clubbing House Musik ausklingen.<\/p>\n<p><strong>Ausflugsveranstalter:<\/strong>\u00a0Go Vacation Spain SLU, CIF: B-57828360<\/p>\n","protected":false},"excerpt":{"rendered":"<p>Gleiten Sie zu Buchten, Klippen und kristallklarem Meer Von Gran Tarajal aus geht es mit dem Premium-Katamaran BOATDIL zun\u00e4chst in Richtung Norden, vorbei an dem malerischen Fischerdorf Las Playitas, um dann in H\u00f6he des Leuchtturms von La Entallada und Jacomar den Kurs zu \u00e4ndern und in s\u00fcdlicher Richtung die unzug\u00e4ngliche und unber\u00fchrte Bucht \u201eCala del [&hellip;]<\/p>\n","protected":false},"featured_media":10641,"template":"","meta":{"_acf_changed":false,"ocean_post_layout":"","ocean_both_sidebars_style":"","ocean_both_sidebars_content_width":0,"ocean_both_sidebars_sidebars_width":0,"ocean_sidebar":"0","ocean_second_sidebar":"0","ocean_disable_margins":"enable","ocean_add_body_class":"","ocean_shortcode_before_top_bar":"","ocean_shortcode_after_top_bar":"","ocean_shortcode_before_header":"","ocean_shortcode_after_header":"","ocean_has_shortcode":"","ocean_shortcode_after_title":"","ocean_shortcode_before_footer_widgets":"","ocean_shortcode_after_footer_widgets":"","ocean_shortcode_before_footer_bottom":"","ocean_shortcode_after_footer_bottom":"","ocean_display_top_bar":"default","ocean_display_header":"default","ocean_header_style":"","ocean_center_header_left_menu":"0","ocean_custom_header_template":"0","ocean_custom_logo":0,"ocean_custom_retina_logo":0,"ocean_custom_logo_max_width":0,"ocean_custom_logo_tablet_max_width":0,"ocean_custom_logo_mobile_max_width":0,"ocean_custom_logo_max_height":0,"ocean_custom_logo_tablet_max_height":0,"ocean_custom_logo_mobile_max_height":0,"ocean_header_custom_menu":"0","ocean_menu_typo_font_family":"0","ocean_menu_typo_font_subset":"","ocean_menu_typo_font_size":0,"ocean_menu_typo_font_size_tablet":0,"ocean_menu_typo_font_size_mobile":0,"ocean_menu_typo_font_size_unit":"px","ocean_menu_typo_font_weight":"","ocean_menu_typo_font_weight_tablet":"","ocean_menu_typo_font_weight_mobile":"","ocean_menu_typo_transform":"","ocean_menu_typo_transform_tablet":"","ocean_menu_typo_transform_mobile":"","ocean_menu_typo_line_height":0,"ocean_menu_typo_line_height_tablet":0,"ocean_menu_typo_line_height_mobile":0,"ocean_menu_typo_line_height_unit":"","ocean_menu_typo_spacing":0,"ocean_menu_typo_spacing_tablet":0,"ocean_menu_typo_spacing_mobile":0,"ocean_menu_typo_spacing_unit":"","ocean_menu_link_color":"","ocean_menu_link_color_hover":"","ocean_menu_link_color_active":"","ocean_menu_link_background":"","ocean_menu_link_hover_background":"","ocean_menu_link_active_background":"","ocean_menu_social_links_bg":"","ocean_menu_social_hover_links_bg":"","ocean_menu_social_links_color":"","ocean_menu_social_hover_links_color":"","ocean_disable_title":"default","ocean_disable_heading":"default","ocean_post_title":"","ocean_post_subheading":"","ocean_post_title_style":"background-image","ocean_post_title_background_color":"","ocean_post_title_background":10642,"ocean_post_title_bg_image_position":"","ocean_post_title_bg_image_attachment":"","ocean_post_title_bg_image_repeat":"","ocean_post_title_bg_image_size":"","ocean_post_title_height":0,"ocean_post_title_bg_overlay":0.5,"ocean_post_title_bg_overlay_color":"","ocean_disable_breadcrumbs":"default","ocean_breadcrumbs_color":"","ocean_breadcrumbs_separator_color":"","ocean_breadcrumbs_links_color":"","ocean_breadcrumbs_links_hover_color":"","ocean_display_footer_widgets":"default","ocean_display_footer_bottom":"default","ocean_custom_footer_template":"0","omw_enable_modal_window":"enable","osh_disable_topbar_sticky":"default","osh_disable_header_sticky":"default","osh_sticky_header_style":"default","osh_sticky_header_effect":"","osh_custom_sticky_logo":0,"osh_custom_retina_sticky_logo":0,"osh_custom_sticky_logo_height":0,"osh_background_color":"","osh_links_color":"","osh_links_hover_color":"","osh_links_active_color":"","osh_links_bg_color":"","osh_links_hover_bg_color":"","osh_links_active_bg_color":"","osh_menu_social_links_color":"","osh_menu_social_hover_links_color":""},"ort":[464,463,462,461,479,460,467,465],"sichtbarkeit":[],"templateoption":[179],"product_brand":[],"product_cat":[182],"product_tag":[],"class_list":{"0":"post-9697","1":"product","2":"type-product","3":"status-publish","4":"has-post-thumbnail","6":"ort-caleta-de-fuste","7":"ort-corralejo","8":"ort-costa-calma","9":"ort-esquinzo","10":"ort-gorriones","11":"ort-jandia","12":"ort-las-playitas","13":"ort-morro-jable","14":"templateoption-dertrip-bc","15":"product_cat-ausfluege","17":"entry","18":"has-media","20":"first","21":"instock","22":"virtual","23":"purchasable","24":"product-type-simple","25":"has-product-nav","26":"col","27":"span_1_of_3","28":"owp-content-center","29":"owp-thumbs-layout-horizontal","30":"owp-btn-normal","31":"owp-tabs-layout-section"},"acf":{"option_id":"3505"},"_links":{"self":[{"href":"https:\/\/www.dertour-reiseleitung.com\/fuerteventura\/wp-json\/wp\/v2\/product\/9697","targetHints":{"allow":["GET"]}}],"collection":[{"href":"https:\/\/www.dertour-reiseleitung.com\/fuerteventura\/wp-json\/wp\/v2\/product"}],"about":[{"href":"https:\/\/www.dertour-reiseleitung.com\/fuerteventura\/wp-json\/wp\/v2\/types\/product"}],"version-history":[{"count":10,"href":"https:\/\/www.dertour-reiseleitung.com\/fuerteventura\/wp-json\/wp\/v2\/product\/9697\/revisions"}],"predecessor-version":[{"id":12288,"href":"https:\/\/www.dertour-reiseleitung.com\/fuerteventura\/wp-json\/wp\/v2\/product\/9697\/revisions\/12288"}],"wp:featuredmedia":[{"embeddable":true,"href":"https:\/\/www.dertour-reiseleitung.com\/fuerteventura\/wp-json\/wp\/v2\/media\/10641"}],"wp:attachment":[{"href":"https:\/\/www.dertour-reiseleitung.com\/fuerteventura\/wp-json\/wp\/v2\/media?parent=9697"}],"wp:term":[{"taxonomy":"ort","embeddable":true,"href":"https:\/\/www.dertour-reiseleitung.com\/fuerteventura\/wp-json\/wp\/v2\/ort?post=9697"},{"taxonomy":"sichtbarkeit","embeddable":true,"href":"https:\/\/www.dertour-reiseleitung.com\/fuerteventura\/wp-json\/wp\/v2\/sichtbarkeit?post=9697"},{"taxonomy":"templateoption","embeddable":true,"href":"https:\/\/www.dertour-reiseleitung.com\/fuerteventura\/wp-json\/wp\/v2\/templateoption?post=9697"},{"taxonomy":"product_brand","embeddable":true,"href":"https:\/\/www.dertour-reiseleitung.com\/fuerteventura\/wp-json\/wp\/v2\/product_brand?post=9697"},{"taxonomy":"product_cat","embeddable":true,"href":"https:\/\/www.dertour-reiseleitung.com\/fuerteventura\/wp-json\/wp\/v2\/product_cat?post=9697"},{"taxonomy":"product_tag","embeddable":true,"href":"https:\/\/www.dertour-reiseleitung.com\/fuerteventura\/wp-json\/wp\/v2\/product_tag?post=9697"}],"curies":[{"name":"wp","href":"https:\/\/api.w.org\/{rel}","templated":true}]}}