{"id":9703,"date":"2025-03-18T14:38:14","date_gmt":"2025-03-18T14:38:14","guid":{"rendered":"https:\/\/www.dertour-reiseleitung.com\/fuerteventura\/aktivitaeten\/entdecken-sie-lanzarote-ab-costa-calma-jadnia-playitas\/"},"modified":"2026-05-05T10:29:42","modified_gmt":"2026-05-05T09:29:42","slug":"entdecken-sie-lanzarote-dds-004-2","status":"publish","type":"product","link":"https:\/\/www.dertour-reiseleitung.com\/fuerteventura\/aktivitaeten\/entdecken-sie-lanzarote-dds-004-2\/","title":{"rendered":"Entdecken Sie Lanzarote!"},"content":{"rendered":"<h3>Erleben Sie Lanzarotes Feuerroute hautnah!<\/h3>\n<p>Sie fahren Richtung Corralejo, um von dort aus die F\u00e4hre nach Playa Blanca (Lanzarote) zu nehmen. Dort erwartet Sie ein Reisebus, der Sie zu den Feuerbergen bringt. Dort haben Sie die Gelegenheit die fantastische Mondlandschaft zu besichtigen.<\/p>\n<p>Am \u201cIslote de Hilario\u201d werden geothermische Anomalien gezeigt und danach geht es auf Kratertour, der sogenannten \u201cRuta de los Volcanes\u201c. In La Geria (Weinanbaugebiet) halten Sie inmitten dieser faszinierenden Landschaft &#8211; mit der M\u00f6glichkeit einen Schluck Lanzarotewein zu probieren. Das Mittagessen findet unterwegs statt.<\/p>\n<p>Gest\u00e4rkt vom Mittagessen \u00fcberqueren Sie die Insel Richtung Norden, zum Vulkantunnel Jameos del Agua. Von dort aus geht es in den s\u00fcdlichen Teil der Insel, um die \u201cCosta de la Lava\u201d, die so genannte Lavak\u00fcste, zu bestaunen &#8211; Panoramablick auf die Salinen von Janubio und Los Hervideros, die durch das Einwirken der See und der Erosion des Windes in Fels gehauen worden sind, ist inklusive.<\/p>\n<p>Abschlie\u00dfend fahren Sie nach Playa Blanca, um von dort die F\u00e4hre zur\u00fcck nach Fuerteventura zu nehmen.<\/p>\n<p><strong>Ausflugsveranstalter:<\/strong> Go Vacation Spain SLU , CIF B-578 28360<\/p>\n","protected":false},"excerpt":{"rendered":"<p>Erleben Sie Lanzarotes Feuerroute hautnah! Sie fahren Richtung Corralejo, um von dort aus die F\u00e4hre nach Playa Blanca (Lanzarote) zu nehmen. Dort erwartet Sie ein Reisebus, der Sie zu den Feuerbergen bringt. Dort haben Sie die Gelegenheit die fantastische Mondlandschaft zu besichtigen. Am \u201cIslote de Hilario\u201d werden geothermische Anomalien gezeigt und danach geht es auf [&hellip;]<\/p>\n","protected":false},"featured_media":9526,"template":"","meta":{"_acf_changed":false,"ocean_post_layout":"","ocean_both_sidebars_style":"","ocean_both_sidebars_content_width":0,"ocean_both_sidebars_sidebars_width":0,"ocean_sidebar":"0","ocean_second_sidebar":"0","ocean_disable_margins":"enable","ocean_add_body_class":"","ocean_shortcode_before_top_bar":"","ocean_shortcode_after_top_bar":"","ocean_shortcode_before_header":"","ocean_shortcode_after_header":"","ocean_has_shortcode":"","ocean_shortcode_after_title":"","ocean_shortcode_before_footer_widgets":"","ocean_shortcode_after_footer_widgets":"","ocean_shortcode_before_footer_bottom":"","ocean_shortcode_after_footer_bottom":"","ocean_display_top_bar":"default","ocean_display_header":"default","ocean_header_style":"","ocean_center_header_left_menu":"0","ocean_custom_header_template":"0","ocean_custom_logo":0,"ocean_custom_retina_logo":0,"ocean_custom_logo_max_width":0,"ocean_custom_logo_tablet_max_width":0,"ocean_custom_logo_mobile_max_width":0,"ocean_custom_logo_max_height":0,"ocean_custom_logo_tablet_max_height":0,"ocean_custom_logo_mobile_max_height":0,"ocean_header_custom_menu":"0","ocean_menu_typo_font_family":"0","ocean_menu_typo_font_subset":"","ocean_menu_typo_font_size":0,"ocean_menu_typo_font_size_tablet":0,"ocean_menu_typo_font_size_mobile":0,"ocean_menu_typo_font_size_unit":"px","ocean_menu_typo_font_weight":"","ocean_menu_typo_font_weight_tablet":"","ocean_menu_typo_font_weight_mobile":"","ocean_menu_typo_transform":"","ocean_menu_typo_transform_tablet":"","ocean_menu_typo_transform_mobile":"","ocean_menu_typo_line_height":0,"ocean_menu_typo_line_height_tablet":0,"ocean_menu_typo_line_height_mobile":0,"ocean_menu_typo_line_height_unit":"","ocean_menu_typo_spacing":0,"ocean_menu_typo_spacing_tablet":0,"ocean_menu_typo_spacing_mobile":0,"ocean_menu_typo_spacing_unit":"","ocean_menu_link_color":"","ocean_menu_link_color_hover":"","ocean_menu_link_color_active":"","ocean_menu_link_background":"","ocean_menu_link_hover_background":"","ocean_menu_link_active_background":"","ocean_menu_social_links_bg":"","ocean_menu_social_hover_links_bg":"","ocean_menu_social_links_color":"","ocean_menu_social_hover_links_color":"","ocean_disable_title":"default","ocean_disable_heading":"default","ocean_post_title":"","ocean_post_subheading":"","ocean_post_title_style":"background-image","ocean_post_title_background_color":"","ocean_post_title_background":9630,"ocean_post_title_bg_image_position":"","ocean_post_title_bg_image_attachment":"","ocean_post_title_bg_image_repeat":"","ocean_post_title_bg_image_size":"","ocean_post_title_height":0,"ocean_post_title_bg_overlay":0.5,"ocean_post_title_bg_overlay_color":"","ocean_disable_breadcrumbs":"default","ocean_breadcrumbs_color":"","ocean_breadcrumbs_separator_color":"","ocean_breadcrumbs_links_color":"","ocean_breadcrumbs_links_hover_color":"","ocean_display_footer_widgets":"default","ocean_display_footer_bottom":"default","ocean_custom_footer_template":"0","omw_enable_modal_window":"enable","osh_disable_topbar_sticky":"default","osh_disable_header_sticky":"default","osh_sticky_header_style":"default","osh_sticky_header_effect":"","osh_custom_sticky_logo":0,"osh_custom_retina_sticky_logo":0,"osh_custom_sticky_logo_height":0,"osh_background_color":"","osh_links_color":"","osh_links_hover_color":"","osh_links_active_color":"","osh_links_bg_color":"","osh_links_hover_bg_color":"","osh_links_active_bg_color":"","osh_menu_social_links_color":"","osh_menu_social_hover_links_color":""},"ort":[464,463],"sichtbarkeit":[],"templateoption":[179],"product_brand":[],"product_cat":[182],"product_tag":[],"class_list":{"0":"post-9703","1":"product","2":"type-product","3":"status-publish","4":"has-post-thumbnail","6":"ort-caleta-de-fuste","7":"ort-corralejo","8":"templateoption-dertrip-bc","9":"product_cat-ausfluege","11":"entry","12":"has-media","14":"first","15":"instock","16":"virtual","17":"purchasable","18":"product-type-simple","19":"has-product-nav","20":"col","21":"span_1_of_3","22":"owp-content-center","23":"owp-thumbs-layout-horizontal","24":"owp-btn-normal","25":"owp-tabs-layout-section"},"acf":{"option_id":"3398"},"_links":{"self":[{"href":"https:\/\/www.dertour-reiseleitung.com\/fuerteventura\/wp-json\/wp\/v2\/product\/9703","targetHints":{"allow":["GET"]}}],"collection":[{"href":"https:\/\/www.dertour-reiseleitung.com\/fuerteventura\/wp-json\/wp\/v2\/product"}],"about":[{"href":"https:\/\/www.dertour-reiseleitung.com\/fuerteventura\/wp-json\/wp\/v2\/types\/product"}],"version-history":[{"count":14,"href":"https:\/\/www.dertour-reiseleitung.com\/fuerteventura\/wp-json\/wp\/v2\/product\/9703\/revisions"}],"predecessor-version":[{"id":12284,"href":"https:\/\/www.dertour-reiseleitung.com\/fuerteventura\/wp-json\/wp\/v2\/product\/9703\/revisions\/12284"}],"wp:featuredmedia":[{"embeddable":true,"href":"https:\/\/www.dertour-reiseleitung.com\/fuerteventura\/wp-json\/wp\/v2\/media\/9526"}],"wp:attachment":[{"href":"https:\/\/www.dertour-reiseleitung.com\/fuerteventura\/wp-json\/wp\/v2\/media?parent=9703"}],"wp:term":[{"taxonomy":"ort","embeddable":true,"href":"https:\/\/www.dertour-reiseleitung.com\/fuerteventura\/wp-json\/wp\/v2\/ort?post=9703"},{"taxonomy":"sichtbarkeit","embeddable":true,"href":"https:\/\/www.dertour-reiseleitung.com\/fuerteventura\/wp-json\/wp\/v2\/sichtbarkeit?post=9703"},{"taxonomy":"templateoption","embeddable":true,"href":"https:\/\/www.dertour-reiseleitung.com\/fuerteventura\/wp-json\/wp\/v2\/templateoption?post=9703"},{"taxonomy":"product_brand","embeddable":true,"href":"https:\/\/www.dertour-reiseleitung.com\/fuerteventura\/wp-json\/wp\/v2\/product_brand?post=9703"},{"taxonomy":"product_cat","embeddable":true,"href":"https:\/\/www.dertour-reiseleitung.com\/fuerteventura\/wp-json\/wp\/v2\/product_cat?post=9703"},{"taxonomy":"product_tag","embeddable":true,"href":"https:\/\/www.dertour-reiseleitung.com\/fuerteventura\/wp-json\/wp\/v2\/product_tag?post=9703"}],"curies":[{"name":"wp","href":"https:\/\/api.w.org\/{rel}","templated":true}]}}