{"id":10002,"date":"2025-03-18T15:09:46","date_gmt":"2025-03-18T15:09:46","guid":{"rendered":"https:\/\/www.dertour-reiseleitung.com\/gran-canaria\/aktivitaeten\/inselhauptstadt-und-poema-del-mar-ab-gran-canaria-west\/"},"modified":"2026-05-04T09:36:45","modified_gmt":"2026-05-04T08:36:45","slug":"inselhauptstadt-und-poema-del-mar-005-2","status":"publish","type":"product","link":"https:\/\/www.dertour-reiseleitung.com\/gran-canaria\/aktivitaeten\/inselhauptstadt-und-poema-del-mar-005-2\/","title":{"rendered":"Inselhauptstadt und \u201ePoema del Mar\u201d"},"content":{"rendered":"<h3>Exklusiver Ausflug bei der DERTOUR Group<\/h3>\n<p>Nach der Abholung an Ihrem Treffpunkt verlassen Sie den S\u00fcden der Insel Richtung Las Palmas.<\/p>\n<p>Der erste Stopp erfolgt im beliebten Stadtteil Vegueta. Hier befindet sich die Altstadt von Las Palmas, welche 1990 mit der Auszeichnung UNESCO \u2013 Weltkulturerbe bedacht wurde. Bei einer kleinen F\u00fchrung durch die Altstadt sehen Sie unter anderem die Kathedrale, das alte Rathaus, alte Herrschaftsh\u00e4user und den beliebten Platz Santana. Der Reisef\u00fchrer gibt Ihnen hier entsprechende Informationen und Erkl\u00e4rungen zur Historie der Stadt, der Insel Gran Canaria, aber auch zu Christoph Kolumbus, der auf seinen Entdeckungsreisen regelm\u00e4\u00dfig Stopps auf der Insel einlegte.<\/p>\n<p>In der bekannten Einkaufsstra\u00dfe Triana haben Sie etwas Freizeit, welche Sie z.B. nutzen k\u00f6nnen, um das Kolumbus Museum zu besichtigen oder aber f\u00fcr einen Bummel in der Calle Mayor de Triana. Die Fu\u00dfg\u00e4ngerzone bietet eine gro\u00dfe Auswahl an Einkaufs- und Freizeitm\u00f6glichkeiten.<\/p>\n<p>Von dort aus geht es weiter nach AltaVista, wo Sie einen Panoramablick \u00fcber die Bucht der Stadt genie\u00dfen k\u00f6nnen.<\/p>\n<p>Anschlie\u00dfend f\u00fchrt Sie die Tour weiter zum Aquarium \u201ePoema del Mar\u201c, welches \u00fcbersetzt \u201eGedicht des Meeres\u201c bedeutet.<\/p>\n<p>Im Jahre 2018 \u00f6ffnete dieses spektakul\u00e4re Gro\u00dfaquarium erstmals seine Pforten und wurde schnell zu einem Besuchermagnet. Das Aquarium setzt sich aus 3 Arealen zusammen (Dschungel Area, Riff Teil und Tiefsee), wo sie ca. 350 verschiedene Arten einheimischer und exotischer Meeresbewohner bewundern k\u00f6nnen. Die interessante, moderne Architektur und die riesigen Glasfenster laden zum Verweilen und Studieren der Unterwasserwelt ein. Das \u201ePoema del Mar\u201c geh\u00f6rt sicherlich zu einem der spektakul\u00e4rsten Aquarien, in welchem Sie einen gro\u00dfartigen Rundgang durch die beeindruckende Unterwasserwelt unternehmen k\u00f6nnen.<\/p>\n<p>Nach dem Besuch des Aquariums steht Ihnen noch ausreichend Freizeit beim Park Santa Catalina zur Verf\u00fcgung. Rund um den Park herrscht pulsierende Lebensfreude, mit vielen Gesch\u00e4ften, Bars und Restaurants. Nutzen Sie die Zeit um zu Mittag zu essen, zu einem Spaziergang am Strand \u201eLas Canteras\u201c oder zum Shoppen.<\/p>\n<p><strong>Unser Tipp:<\/strong> Das erste Kind unter 12 Jahren f\u00e4hrt in Begleitung eines Erwachsenen bei dieser Tour kostenlos mit!<\/p>\n<p><strong>Ausflugsveranstalter:<\/strong> Go Vacation Spain SLU, CIF: B-57828360<\/p>\n","protected":false},"excerpt":{"rendered":"<p>Exklusiver Ausflug bei der DERTOUR Group Nach der Abholung an Ihrem Treffpunkt verlassen Sie den S\u00fcden der Insel Richtung Las Palmas. Der erste Stopp erfolgt im beliebten Stadtteil Vegueta. Hier befindet sich die Altstadt von Las Palmas, welche 1990 mit der Auszeichnung UNESCO \u2013 Weltkulturerbe bedacht wurde. Bei einer kleinen F\u00fchrung durch die Altstadt sehen [&hellip;]<\/p>\n","protected":false},"featured_media":9974,"template":"","meta":{"_acf_changed":false,"ocean_post_layout":"","ocean_both_sidebars_style":"","ocean_both_sidebars_content_width":0,"ocean_both_sidebars_sidebars_width":0,"ocean_sidebar":"0","ocean_second_sidebar":"0","ocean_disable_margins":"enable","ocean_add_body_class":"","ocean_shortcode_before_top_bar":"","ocean_shortcode_after_top_bar":"","ocean_shortcode_before_header":"","ocean_shortcode_after_header":"","ocean_has_shortcode":"","ocean_shortcode_after_title":"","ocean_shortcode_before_footer_widgets":"","ocean_shortcode_after_footer_widgets":"","ocean_shortcode_before_footer_bottom":"","ocean_shortcode_after_footer_bottom":"","ocean_display_top_bar":"default","ocean_display_header":"default","ocean_header_style":"","ocean_center_header_left_menu":"0","ocean_custom_header_template":"0","ocean_custom_logo":0,"ocean_custom_retina_logo":0,"ocean_custom_logo_max_width":0,"ocean_custom_logo_tablet_max_width":0,"ocean_custom_logo_mobile_max_width":0,"ocean_custom_logo_max_height":0,"ocean_custom_logo_tablet_max_height":0,"ocean_custom_logo_mobile_max_height":0,"ocean_header_custom_menu":"0","ocean_menu_typo_font_family":"0","ocean_menu_typo_font_subset":"","ocean_menu_typo_font_size":0,"ocean_menu_typo_font_size_tablet":0,"ocean_menu_typo_font_size_mobile":0,"ocean_menu_typo_font_size_unit":"px","ocean_menu_typo_font_weight":"","ocean_menu_typo_font_weight_tablet":"","ocean_menu_typo_font_weight_mobile":"","ocean_menu_typo_transform":"","ocean_menu_typo_transform_tablet":"","ocean_menu_typo_transform_mobile":"","ocean_menu_typo_line_height":0,"ocean_menu_typo_line_height_tablet":0,"ocean_menu_typo_line_height_mobile":0,"ocean_menu_typo_line_height_unit":"","ocean_menu_typo_spacing":0,"ocean_menu_typo_spacing_tablet":0,"ocean_menu_typo_spacing_mobile":0,"ocean_menu_typo_spacing_unit":"","ocean_menu_link_color":"","ocean_menu_link_color_hover":"","ocean_menu_link_color_active":"","ocean_menu_link_background":"","ocean_menu_link_hover_background":"","ocean_menu_link_active_background":"","ocean_menu_social_links_bg":"","ocean_menu_social_hover_links_bg":"","ocean_menu_social_links_color":"","ocean_menu_social_hover_links_color":"","ocean_disable_title":"default","ocean_disable_heading":"default","ocean_post_title":"","ocean_post_subheading":"","ocean_post_title_style":"background-image","ocean_post_title_background_color":"","ocean_post_title_background":9949,"ocean_post_title_bg_image_position":"","ocean_post_title_bg_image_attachment":"","ocean_post_title_bg_image_repeat":"","ocean_post_title_bg_image_size":"","ocean_post_title_height":0,"ocean_post_title_bg_overlay":0.5,"ocean_post_title_bg_overlay_color":"","ocean_disable_breadcrumbs":"default","ocean_breadcrumbs_color":"","ocean_breadcrumbs_separator_color":"","ocean_breadcrumbs_links_color":"","ocean_breadcrumbs_links_hover_color":"","ocean_display_footer_widgets":"default","ocean_display_footer_bottom":"default","ocean_custom_footer_template":"0","omw_enable_modal_window":"enable","osh_disable_topbar_sticky":"default","osh_disable_header_sticky":"default","osh_sticky_header_style":"default","osh_sticky_header_effect":"","osh_custom_sticky_logo":0,"osh_custom_retina_sticky_logo":0,"osh_custom_sticky_logo_height":0,"osh_background_color":"","osh_links_color":"","osh_links_hover_color":"","osh_links_active_color":"","osh_links_bg_color":"","osh_links_hover_bg_color":"","osh_links_active_bg_color":"","osh_menu_social_links_color":"","osh_menu_social_hover_links_color":""},"ort":[468,473,474,476,477,480],"sichtbarkeit":[],"templateoption":[179],"product_brand":[],"product_cat":[182],"product_tag":[],"class_list":{"0":"post-10002","1":"product","2":"type-product","3":"status-publish","4":"has-post-thumbnail","6":"ort-arguineguin","7":"ort-playa-amadores","8":"ort-playa-del-cura","9":"ort-puerto-de-mogan","10":"ort-puerto-rico","11":"ort-taurito","12":"templateoption-dertrip-bc","13":"product_cat-ausfluege","15":"entry","16":"has-media","18":"first","19":"instock","20":"virtual","21":"purchasable","22":"product-type-simple","23":"has-product-nav","24":"col","25":"span_1_of_3","26":"owp-content-center","27":"owp-thumbs-layout-horizontal","28":"owp-btn-normal","29":"owp-tabs-layout-section"},"acf":[],"_links":{"self":[{"href":"https:\/\/www.dertour-reiseleitung.com\/gran-canaria\/wp-json\/wp\/v2\/product\/10002","targetHints":{"allow":["GET"]}}],"collection":[{"href":"https:\/\/www.dertour-reiseleitung.com\/gran-canaria\/wp-json\/wp\/v2\/product"}],"about":[{"href":"https:\/\/www.dertour-reiseleitung.com\/gran-canaria\/wp-json\/wp\/v2\/types\/product"}],"version-history":[{"count":10,"href":"https:\/\/www.dertour-reiseleitung.com\/gran-canaria\/wp-json\/wp\/v2\/product\/10002\/revisions"}],"predecessor-version":[{"id":11556,"href":"https:\/\/www.dertour-reiseleitung.com\/gran-canaria\/wp-json\/wp\/v2\/product\/10002\/revisions\/11556"}],"wp:featuredmedia":[{"embeddable":true,"href":"https:\/\/www.dertour-reiseleitung.com\/gran-canaria\/wp-json\/wp\/v2\/media\/9974"}],"wp:attachment":[{"href":"https:\/\/www.dertour-reiseleitung.com\/gran-canaria\/wp-json\/wp\/v2\/media?parent=10002"}],"wp:term":[{"taxonomy":"ort","embeddable":true,"href":"https:\/\/www.dertour-reiseleitung.com\/gran-canaria\/wp-json\/wp\/v2\/ort?post=10002"},{"taxonomy":"sichtbarkeit","embeddable":true,"href":"https:\/\/www.dertour-reiseleitung.com\/gran-canaria\/wp-json\/wp\/v2\/sichtbarkeit?post=10002"},{"taxonomy":"templateoption","embeddable":true,"href":"https:\/\/www.dertour-reiseleitung.com\/gran-canaria\/wp-json\/wp\/v2\/templateoption?post=10002"},{"taxonomy":"product_brand","embeddable":true,"href":"https:\/\/www.dertour-reiseleitung.com\/gran-canaria\/wp-json\/wp\/v2\/product_brand?post=10002"},{"taxonomy":"product_cat","embeddable":true,"href":"https:\/\/www.dertour-reiseleitung.com\/gran-canaria\/wp-json\/wp\/v2\/product_cat?post=10002"},{"taxonomy":"product_tag","embeddable":true,"href":"https:\/\/www.dertour-reiseleitung.com\/gran-canaria\/wp-json\/wp\/v2\/product_tag?post=10002"}],"curies":[{"name":"wp","href":"https:\/\/api.w.org\/{rel}","templated":true}]}}