{"id":10004,"date":"2025-03-18T15:09:55","date_gmt":"2025-03-18T15:09:55","guid":{"rendered":"https:\/\/www.dertour-reiseleitung.com\/gran-canaria\/aktivitaeten\/inseltour-gruener-norden-ab-las-palmas\/"},"modified":"2026-02-17T15:03:47","modified_gmt":"2026-02-17T14:03:47","slug":"inseltour-gruener-norden-dds-001-2","status":"publish","type":"product","link":"https:\/\/www.dertour-reiseleitung.com\/gran-canaria\/aktivitaeten\/inseltour-gruener-norden-dds-001-2\/","title":{"rendered":"Inseltour &#8211; Gr\u00fcner Norden"},"content":{"rendered":"<h3>Beeindruckende Landschaften und typisches kanarisches Flair<\/h3>\n<p>Lernen Sie bei dieser Inselrundfahrt die gro\u00dfartige landschaftliche Vielfalt Gran Canarias kennen.<\/p>\n<p>Die Fahrt f\u00fchrt Sie zun\u00e4chst zur vulkanischen Caldera de Bandama, die durch eine Eruption vor ca. 5.000 Jahren entstanden ist. Die 1.000 Meter breite und 200 Meter tiefe Caldera de Bandama verdankt ihren Namen einem Siedler, der im 16. Jahrhundert verschiedene Arten von Weinst\u00f6cken anbaute. Vom Aussichtspunkt am Rand haben Sie einen Ausblick auf diesen Naturraum mit enormen geologischen Werten.<\/p>\n<p>Anschlie\u00dfend geht es weiter Richtung Arucas, einer h\u00fcbschen kleinen Stadt mit einer bekannten Rumfabrik. Hier erfahren Sie bei einer kleinen F\u00fchrung und Verkostung alles Wissenswerte \u00fcber die Herstellung von Rum.<\/p>\n<p>Weiter f\u00fchrt die Fahrt in den kleinen Ort \u201eFirgas\u201c, der Stadt des \u201eWassers\u201c. Das Wasser spielte von jeher eine Hauptrolle in der Geschichte des Ortes, was ein k\u00fcnstlicher Wasserfall von 30m L\u00e4nge unter Beweis stellt. In ihm kann man nicht nur alle kanarischen Inseln entdecken, sondern auch die Stadtwappen der Insel Gran Canaria.<\/p>\n<p>Nach der Besichtigungstour fahren Sie weiter durch duftende Pinienw\u00e4lder, gr\u00fcne Palmenoasen und exotische Obstplantagen auf die Nordwestseite der Insel in Richtung Agaete. Hier besuchen Sie die Finca La Laja, wo seit vielen Generationen Obst-, Wein- und sogar Kaffeeanbau betrieben wird. Probieren Sie einmal ein T\u00e4sschen des Finca\u2013Kaffees oder ein Glas des s\u00fcffigen Weins.<\/p>\n<p>Anschlie\u00dfend geht es voller Eindr\u00fccke zur\u00fcck zu Ihrem Hotel.<\/p>\n<p><strong>Ausflugsveranstalter:<\/strong> Go Vacation Spain SLU, CIF: B-57828360<\/p>\n","protected":false},"excerpt":{"rendered":"<p>Beeindruckende Landschaften und typisches kanarisches Flair Lernen Sie bei dieser Inselrundfahrt die gro\u00dfartige landschaftliche Vielfalt Gran Canarias kennen. Die Fahrt f\u00fchrt Sie zun\u00e4chst zur vulkanischen Caldera de Bandama, die durch eine Eruption vor ca. 5.000 Jahren entstanden ist. Die 1.000 Meter breite und 200 Meter tiefe Caldera de Bandama verdankt ihren Namen einem Siedler, der [&hellip;]<\/p>\n","protected":false},"featured_media":9929,"template":"","meta":{"_acf_changed":false,"ocean_post_layout":"","ocean_both_sidebars_style":"","ocean_both_sidebars_content_width":0,"ocean_both_sidebars_sidebars_width":0,"ocean_sidebar":"0","ocean_second_sidebar":"0","ocean_disable_margins":"enable","ocean_add_body_class":"","ocean_shortcode_before_top_bar":"","ocean_shortcode_after_top_bar":"","ocean_shortcode_before_header":"","ocean_shortcode_after_header":"","ocean_has_shortcode":"","ocean_shortcode_after_title":"","ocean_shortcode_before_footer_widgets":"","ocean_shortcode_after_footer_widgets":"","ocean_shortcode_before_footer_bottom":"","ocean_shortcode_after_footer_bottom":"","ocean_display_top_bar":"default","ocean_display_header":"default","ocean_header_style":"","ocean_center_header_left_menu":"0","ocean_custom_header_template":"0","ocean_custom_logo":0,"ocean_custom_retina_logo":0,"ocean_custom_logo_max_width":0,"ocean_custom_logo_tablet_max_width":0,"ocean_custom_logo_mobile_max_width":0,"ocean_custom_logo_max_height":0,"ocean_custom_logo_tablet_max_height":0,"ocean_custom_logo_mobile_max_height":0,"ocean_header_custom_menu":"0","ocean_menu_typo_font_family":"0","ocean_menu_typo_font_subset":"","ocean_menu_typo_font_size":0,"ocean_menu_typo_font_size_tablet":0,"ocean_menu_typo_font_size_mobile":0,"ocean_menu_typo_font_size_unit":"px","ocean_menu_typo_font_weight":"","ocean_menu_typo_font_weight_tablet":"","ocean_menu_typo_font_weight_mobile":"","ocean_menu_typo_transform":"","ocean_menu_typo_transform_tablet":"","ocean_menu_typo_transform_mobile":"","ocean_menu_typo_line_height":0,"ocean_menu_typo_line_height_tablet":0,"ocean_menu_typo_line_height_mobile":0,"ocean_menu_typo_line_height_unit":"","ocean_menu_typo_spacing":0,"ocean_menu_typo_spacing_tablet":0,"ocean_menu_typo_spacing_mobile":0,"ocean_menu_typo_spacing_unit":"","ocean_menu_link_color":"","ocean_menu_link_color_hover":"","ocean_menu_link_color_active":"","ocean_menu_link_background":"","ocean_menu_link_hover_background":"","ocean_menu_link_active_background":"","ocean_menu_social_links_bg":"","ocean_menu_social_hover_links_bg":"","ocean_menu_social_links_color":"","ocean_menu_social_hover_links_color":"","ocean_disable_title":"default","ocean_disable_heading":"default","ocean_post_title":"","ocean_post_subheading":"","ocean_post_title_style":"background-image","ocean_post_title_background_color":"","ocean_post_title_background":9933,"ocean_post_title_bg_image_position":"","ocean_post_title_bg_image_attachment":"","ocean_post_title_bg_image_repeat":"","ocean_post_title_bg_image_size":"","ocean_post_title_height":0,"ocean_post_title_bg_overlay":0.5,"ocean_post_title_bg_overlay_color":"","ocean_disable_breadcrumbs":"default","ocean_breadcrumbs_color":"","ocean_breadcrumbs_separator_color":"","ocean_breadcrumbs_links_color":"","ocean_breadcrumbs_links_hover_color":"","ocean_display_footer_widgets":"default","ocean_display_footer_bottom":"default","ocean_custom_footer_template":"0","omw_enable_modal_window":"enable","osh_disable_topbar_sticky":"default","osh_disable_header_sticky":"default","osh_sticky_header_style":"default","osh_sticky_header_effect":"","osh_custom_sticky_logo":0,"osh_custom_retina_sticky_logo":0,"osh_custom_sticky_logo_height":0,"osh_background_color":"","osh_links_color":"","osh_links_hover_color":"","osh_links_active_color":"","osh_links_bg_color":"","osh_links_hover_bg_color":"","osh_links_active_bg_color":"","osh_menu_social_links_color":"","osh_menu_social_hover_links_color":""},"ort":[470],"sichtbarkeit":[],"templateoption":[179],"product_brand":[],"product_cat":[182],"product_tag":[],"class_list":{"0":"post-10004","1":"product","2":"type-product","3":"status-publish","4":"has-post-thumbnail","6":"ort-las-palmas","7":"templateoption-dertrip-bc","8":"product_cat-ausfluege","10":"entry","11":"has-media","13":"first","14":"instock","15":"virtual","16":"purchasable","17":"product-type-simple","18":"has-product-nav","19":"col","20":"span_1_of_3","21":"owp-content-center","22":"owp-thumbs-layout-horizontal","23":"owp-btn-normal","24":"owp-tabs-layout-section"},"acf":[],"_links":{"self":[{"href":"https:\/\/www.dertour-reiseleitung.com\/gran-canaria\/wp-json\/wp\/v2\/product\/10004","targetHints":{"allow":["GET"]}}],"collection":[{"href":"https:\/\/www.dertour-reiseleitung.com\/gran-canaria\/wp-json\/wp\/v2\/product"}],"about":[{"href":"https:\/\/www.dertour-reiseleitung.com\/gran-canaria\/wp-json\/wp\/v2\/types\/product"}],"version-history":[{"count":14,"href":"https:\/\/www.dertour-reiseleitung.com\/gran-canaria\/wp-json\/wp\/v2\/product\/10004\/revisions"}],"predecessor-version":[{"id":11562,"href":"https:\/\/www.dertour-reiseleitung.com\/gran-canaria\/wp-json\/wp\/v2\/product\/10004\/revisions\/11562"}],"wp:featuredmedia":[{"embeddable":true,"href":"https:\/\/www.dertour-reiseleitung.com\/gran-canaria\/wp-json\/wp\/v2\/media\/9929"}],"wp:attachment":[{"href":"https:\/\/www.dertour-reiseleitung.com\/gran-canaria\/wp-json\/wp\/v2\/media?parent=10004"}],"wp:term":[{"taxonomy":"ort","embeddable":true,"href":"https:\/\/www.dertour-reiseleitung.com\/gran-canaria\/wp-json\/wp\/v2\/ort?post=10004"},{"taxonomy":"sichtbarkeit","embeddable":true,"href":"https:\/\/www.dertour-reiseleitung.com\/gran-canaria\/wp-json\/wp\/v2\/sichtbarkeit?post=10004"},{"taxonomy":"templateoption","embeddable":true,"href":"https:\/\/www.dertour-reiseleitung.com\/gran-canaria\/wp-json\/wp\/v2\/templateoption?post=10004"},{"taxonomy":"product_brand","embeddable":true,"href":"https:\/\/www.dertour-reiseleitung.com\/gran-canaria\/wp-json\/wp\/v2\/product_brand?post=10004"},{"taxonomy":"product_cat","embeddable":true,"href":"https:\/\/www.dertour-reiseleitung.com\/gran-canaria\/wp-json\/wp\/v2\/product_cat?post=10004"},{"taxonomy":"product_tag","embeddable":true,"href":"https:\/\/www.dertour-reiseleitung.com\/gran-canaria\/wp-json\/wp\/v2\/product_tag?post=10004"}],"curies":[{"name":"wp","href":"https:\/\/api.w.org\/{rel}","templated":true}]}}