{"id":10025,"date":"2025-03-18T15:11:13","date_gmt":"2025-03-18T15:11:13","guid":{"rendered":"https:\/\/www.dertour-reiseleitung.com\/gran-canaria\/aktivitaeten\/miniaturkontinent-ab-gran-canaria-west\/"},"modified":"2026-05-07T11:39:59","modified_gmt":"2026-05-07T10:39:59","slug":"miniaturkontinent-dds-004-2","status":"publish","type":"product","link":"https:\/\/www.dertour-reiseleitung.com\/gran-canaria\/aktivitaeten\/miniaturkontinent-dds-004-2\/","title":{"rendered":"Miniaturkontinent"},"content":{"rendered":"<h3>Lernen Sie die vielf\u00e4ltige Bergwelt Gran Canarias kennen<\/h3>\n<p>Nachdem Sie Playa del Ingl\u00e9s und Maspalomas verlassen haben, fahren Sie Richtung Fataga-Tal (Grand Canyon von Gran Canaria) mit seiner atemberaubenden Kulisse und den fantastischen Aussichtspunkten. Sie besuchen eine Aloe Vera Plantage und bekommen einen Einblick in den Anbau und die Verarbeitung dieser einheimischen Pflanze. Weiter geht es dann an den Mandelbaumterrassen vorbei in das urige Tejeda. Hier haben Sie immer die beiden heiligen Berge der Guanchen, den Roque Nublo und den Roque Bentayga, im Blick.<\/p>\n<p>Von Tejeda aus fahren Sie dann nach Artenara, zum h\u00f6chstgelegenen Dorf der Insel. Dort besuchen Sie das ethnografische Museum, in dem alte H\u00e4user erhalten sind, die die Merkmale der typischen traditionellen Behausung dieses Dorfes bewahrt haben. Sie besichtigen von au\u00dfen eine Kapelle, die sich in einer H\u00f6hle befindet, und wo Sie eine imposante Landschaft auf dem \u00e4ltesten Teil der Insel betrachten k\u00f6nnen.<\/p>\n<p>Anschlie\u00dfend fahren Sie auf einen Berg 1500 m \u00fcber dem Meeresspiegel. Dort befindet sich der Krater eines der letzten Vulkanausbr\u00fcche. Hier schweift ihr Blick nach Teneriffa zum Teide und nach Las Palmas \u2013 und bei besonders sch\u00f6nem Wetter sogar bis nach Fuerteventura.<\/p>\n<p>Im Anschluss f\u00e4hrt der Bus durch Pinienw\u00e4lder auf die gr\u00fcne Seite der Insel nach Valleseco zum Mittagessen (im Preis nicht inkl).<\/p>\n<p>Nach dem Mittagessen f\u00fchrt Sie dieser Ausflug nach Teror, einem Wallfahrtsort von Gran Canaria und eines der sch\u00f6nsten D\u00f6rfer der Kanaren. Dort finden Sie traditionelle Architektur wie die ber\u00fchmten Holzbalkone. Schlie\u00dflich geht es \u00fcber Arucas und vorbei an Las Palmas zur\u00fcck in den S\u00fcden.<\/p>\n<p><strong>Ausflugsveranstalter:<\/strong> Go Vacation Spain SLU, CIF: B-57828360<\/p>\n","protected":false},"excerpt":{"rendered":"<p>Lernen Sie die vielf\u00e4ltige Bergwelt Gran Canarias kennen Nachdem Sie Playa del Ingl\u00e9s und Maspalomas verlassen haben, fahren Sie Richtung Fataga-Tal (Grand Canyon von Gran Canaria) mit seiner atemberaubenden Kulisse und den fantastischen Aussichtspunkten. Sie besuchen eine Aloe Vera Plantage und bekommen einen Einblick in den Anbau und die Verarbeitung dieser einheimischen Pflanze. Weiter geht [&hellip;]<\/p>\n","protected":false},"featured_media":10016,"template":"","meta":{"_acf_changed":false,"ocean_post_layout":"","ocean_both_sidebars_style":"","ocean_both_sidebars_content_width":0,"ocean_both_sidebars_sidebars_width":0,"ocean_sidebar":"0","ocean_second_sidebar":"0","ocean_disable_margins":"enable","ocean_add_body_class":"","ocean_shortcode_before_top_bar":"","ocean_shortcode_after_top_bar":"","ocean_shortcode_before_header":"","ocean_shortcode_after_header":"","ocean_has_shortcode":"","ocean_shortcode_after_title":"","ocean_shortcode_before_footer_widgets":"","ocean_shortcode_after_footer_widgets":"","ocean_shortcode_before_footer_bottom":"","ocean_shortcode_after_footer_bottom":"","ocean_display_top_bar":"default","ocean_display_header":"default","ocean_header_style":"","ocean_center_header_left_menu":"0","ocean_custom_header_template":"0","ocean_custom_logo":0,"ocean_custom_retina_logo":0,"ocean_custom_logo_max_width":0,"ocean_custom_logo_tablet_max_width":0,"ocean_custom_logo_mobile_max_width":0,"ocean_custom_logo_max_height":0,"ocean_custom_logo_tablet_max_height":0,"ocean_custom_logo_mobile_max_height":0,"ocean_header_custom_menu":"0","ocean_menu_typo_font_family":"0","ocean_menu_typo_font_subset":"","ocean_menu_typo_font_size":0,"ocean_menu_typo_font_size_tablet":0,"ocean_menu_typo_font_size_mobile":0,"ocean_menu_typo_font_size_unit":"px","ocean_menu_typo_font_weight":"","ocean_menu_typo_font_weight_tablet":"","ocean_menu_typo_font_weight_mobile":"","ocean_menu_typo_transform":"","ocean_menu_typo_transform_tablet":"","ocean_menu_typo_transform_mobile":"","ocean_menu_typo_line_height":0,"ocean_menu_typo_line_height_tablet":0,"ocean_menu_typo_line_height_mobile":0,"ocean_menu_typo_line_height_unit":"","ocean_menu_typo_spacing":0,"ocean_menu_typo_spacing_tablet":0,"ocean_menu_typo_spacing_mobile":0,"ocean_menu_typo_spacing_unit":"","ocean_menu_link_color":"","ocean_menu_link_color_hover":"","ocean_menu_link_color_active":"","ocean_menu_link_background":"","ocean_menu_link_hover_background":"","ocean_menu_link_active_background":"","ocean_menu_social_links_bg":"","ocean_menu_social_hover_links_bg":"","ocean_menu_social_links_color":"","ocean_menu_social_hover_links_color":"","ocean_disable_title":"default","ocean_disable_heading":"default","ocean_post_title":"","ocean_post_subheading":"","ocean_post_title_style":"background-image","ocean_post_title_background_color":"","ocean_post_title_background":10076,"ocean_post_title_bg_image_position":"","ocean_post_title_bg_image_attachment":"","ocean_post_title_bg_image_repeat":"","ocean_post_title_bg_image_size":"","ocean_post_title_height":0,"ocean_post_title_bg_overlay":0.5,"ocean_post_title_bg_overlay_color":"","ocean_disable_breadcrumbs":"default","ocean_breadcrumbs_color":"","ocean_breadcrumbs_separator_color":"","ocean_breadcrumbs_links_color":"","ocean_breadcrumbs_links_hover_color":"","ocean_display_footer_widgets":"default","ocean_display_footer_bottom":"default","ocean_custom_footer_template":"0","omw_enable_modal_window":"enable","osh_disable_topbar_sticky":"default","osh_disable_header_sticky":"default","osh_sticky_header_style":"default","osh_sticky_header_effect":"","osh_custom_sticky_logo":0,"osh_custom_retina_sticky_logo":0,"osh_custom_sticky_logo_height":0,"osh_background_color":"","osh_links_color":"","osh_links_hover_color":"","osh_links_active_color":"","osh_links_bg_color":"","osh_links_hover_bg_color":"","osh_links_active_bg_color":"","osh_menu_social_links_color":"","osh_menu_social_hover_links_color":""},"ort":[468,473,474,476,477,480],"sichtbarkeit":[],"templateoption":[179],"product_brand":[],"product_cat":[182],"product_tag":[],"class_list":{"0":"post-10025","1":"product","2":"type-product","3":"status-publish","4":"has-post-thumbnail","6":"ort-arguineguin","7":"ort-playa-amadores","8":"ort-playa-del-cura","9":"ort-puerto-de-mogan","10":"ort-puerto-rico","11":"ort-taurito","12":"templateoption-dertrip-bc","13":"product_cat-ausfluege","15":"entry","16":"has-media","18":"first","19":"instock","20":"virtual","21":"purchasable","22":"product-type-simple","23":"has-product-nav","24":"col","25":"span_1_of_3","26":"owp-content-center","27":"owp-thumbs-layout-horizontal","28":"owp-btn-normal","29":"owp-tabs-layout-section"},"acf":[],"_links":{"self":[{"href":"https:\/\/www.dertour-reiseleitung.com\/gran-canaria\/wp-json\/wp\/v2\/product\/10025","targetHints":{"allow":["GET"]}}],"collection":[{"href":"https:\/\/www.dertour-reiseleitung.com\/gran-canaria\/wp-json\/wp\/v2\/product"}],"about":[{"href":"https:\/\/www.dertour-reiseleitung.com\/gran-canaria\/wp-json\/wp\/v2\/types\/product"}],"version-history":[{"count":13,"href":"https:\/\/www.dertour-reiseleitung.com\/gran-canaria\/wp-json\/wp\/v2\/product\/10025\/revisions"}],"predecessor-version":[{"id":13081,"href":"https:\/\/www.dertour-reiseleitung.com\/gran-canaria\/wp-json\/wp\/v2\/product\/10025\/revisions\/13081"}],"wp:featuredmedia":[{"embeddable":true,"href":"https:\/\/www.dertour-reiseleitung.com\/gran-canaria\/wp-json\/wp\/v2\/media\/10016"}],"wp:attachment":[{"href":"https:\/\/www.dertour-reiseleitung.com\/gran-canaria\/wp-json\/wp\/v2\/media?parent=10025"}],"wp:term":[{"taxonomy":"ort","embeddable":true,"href":"https:\/\/www.dertour-reiseleitung.com\/gran-canaria\/wp-json\/wp\/v2\/ort?post=10025"},{"taxonomy":"sichtbarkeit","embeddable":true,"href":"https:\/\/www.dertour-reiseleitung.com\/gran-canaria\/wp-json\/wp\/v2\/sichtbarkeit?post=10025"},{"taxonomy":"templateoption","embeddable":true,"href":"https:\/\/www.dertour-reiseleitung.com\/gran-canaria\/wp-json\/wp\/v2\/templateoption?post=10025"},{"taxonomy":"product_brand","embeddable":true,"href":"https:\/\/www.dertour-reiseleitung.com\/gran-canaria\/wp-json\/wp\/v2\/product_brand?post=10025"},{"taxonomy":"product_cat","embeddable":true,"href":"https:\/\/www.dertour-reiseleitung.com\/gran-canaria\/wp-json\/wp\/v2\/product_cat?post=10025"},{"taxonomy":"product_tag","embeddable":true,"href":"https:\/\/www.dertour-reiseleitung.com\/gran-canaria\/wp-json\/wp\/v2\/product_tag?post=10025"}],"curies":[{"name":"wp","href":"https:\/\/api.w.org\/{rel}","templated":true}]}}