{"id":10027,"date":"2025-03-18T15:11:23","date_gmt":"2025-03-18T15:11:23","guid":{"rendered":"https:\/\/www.dertour-reiseleitung.com\/gran-canaria\/aktivitaeten\/perchel-beach-club-eintrittskarte\/"},"modified":"2026-03-17T11:38:15","modified_gmt":"2026-03-17T10:38:15","slug":"perchel-beach-club-dds-014-1","status":"publish","type":"product","link":"https:\/\/www.dertour-reiseleitung.com\/gran-canaria\/aktivitaeten\/perchel-beach-club-dds-014-1\/","title":{"rendered":"Perchel Beach Club"},"content":{"rendered":"<h3>Erholung pur im neu er\u00f6ffneten Beach Club<\/h3>\n<p>Der gr\u00f6\u00dfte Familien Beach Club der Kanarischen Inseln wurde 2022 in Santa Agueda er\u00f6ffnet.<\/p>\n<p>Der Beach Club ist indirekt zwar Teil des \u201eCordial Resorts Santa Agueda\u201c, steht aber auch allen Tagesg\u00e4sten offen. Er verf\u00fcgt \u00fcber ein Areal von ca. 7000 m\u00b2 mit vielerlei Einrichtungen f\u00fcr einen entspannten Urlaubstag.<\/p>\n<p>Im Club gibt es einen herrlichen Infinity-Pool mit Massageliegen, welcher zudem von bequemen Sonnenliegen, Bali Betten und Daybeds umgeben ist.<\/p>\n<p>Kinder k\u00f6nnen in die Welt der Fischer, Piraten und Surfer eintauchen.<\/p>\n<p>Auch f\u00fcr das leibliche Wohl ist bestens gesorgt: Neben dem Reisspezialit\u00e4ten-Restaurant \u201eLa Arroceria\u201c (Mo.\/Di. geschlossen) sorgt in der \u201eNami Sushi Bar\u201c (Mi.\/Do. geschlossen) der renommierte japanische Koch Tadashi Tagami f\u00fcr einen Gaumenschmaus der besonderen Art.<br \/>\nErfrischungen erhalten Sie an der Poolbar des Clubs.<\/p>\n<p>Ihre Reiseleitung ber\u00e4t Sie gern \u00fcber die im Eintrittspreis enthaltenen Leistungen (Sonnenliege, Poolhandtuch, Willkommensgetr\u00e4nk) und die Anfahrt (nicht inklusive).<\/p>\n<p>Der Einlass ist limitiert und nur nach vorheriger Anmeldung m\u00f6glich, so dass \u00dcberf\u00fcllungen ausgeschlossen sind.<\/p>\n<p><strong>Ausflugsveranstalter:<\/strong> Go Vacation Spain SLU, CIF: B-57828360<\/p>\n","protected":false},"excerpt":{"rendered":"<p>Erholung pur im neu er\u00f6ffneten Beach Club Der gr\u00f6\u00dfte Familien Beach Club der Kanarischen Inseln wurde 2022 in Santa Agueda er\u00f6ffnet. Der Beach Club ist indirekt zwar Teil des \u201eCordial Resorts Santa Agueda\u201c, steht aber auch allen Tagesg\u00e4sten offen. Er verf\u00fcgt \u00fcber ein Areal von ca. 7000 m\u00b2 mit vielerlei Einrichtungen f\u00fcr einen entspannten Urlaubstag. [&hellip;]<\/p>\n","protected":false},"featured_media":10029,"template":"","meta":{"_acf_changed":false,"ocean_post_layout":"","ocean_both_sidebars_style":"","ocean_both_sidebars_content_width":0,"ocean_both_sidebars_sidebars_width":0,"ocean_sidebar":"0","ocean_second_sidebar":"0","ocean_disable_margins":"enable","ocean_add_body_class":"","ocean_shortcode_before_top_bar":"","ocean_shortcode_after_top_bar":"","ocean_shortcode_before_header":"","ocean_shortcode_after_header":"","ocean_has_shortcode":"","ocean_shortcode_after_title":"","ocean_shortcode_before_footer_widgets":"","ocean_shortcode_after_footer_widgets":"","ocean_shortcode_before_footer_bottom":"","ocean_shortcode_after_footer_bottom":"","ocean_display_top_bar":"default","ocean_display_header":"default","ocean_header_style":"","ocean_center_header_left_menu":"0","ocean_custom_header_template":"0","ocean_custom_logo":0,"ocean_custom_retina_logo":0,"ocean_custom_logo_max_width":0,"ocean_custom_logo_tablet_max_width":0,"ocean_custom_logo_mobile_max_width":0,"ocean_custom_logo_max_height":0,"ocean_custom_logo_tablet_max_height":0,"ocean_custom_logo_mobile_max_height":0,"ocean_header_custom_menu":"0","ocean_menu_typo_font_family":"0","ocean_menu_typo_font_subset":"","ocean_menu_typo_font_size":0,"ocean_menu_typo_font_size_tablet":0,"ocean_menu_typo_font_size_mobile":0,"ocean_menu_typo_font_size_unit":"px","ocean_menu_typo_font_weight":"","ocean_menu_typo_font_weight_tablet":"","ocean_menu_typo_font_weight_mobile":"","ocean_menu_typo_transform":"","ocean_menu_typo_transform_tablet":"","ocean_menu_typo_transform_mobile":"","ocean_menu_typo_line_height":0,"ocean_menu_typo_line_height_tablet":0,"ocean_menu_typo_line_height_mobile":0,"ocean_menu_typo_line_height_unit":"","ocean_menu_typo_spacing":0,"ocean_menu_typo_spacing_tablet":0,"ocean_menu_typo_spacing_mobile":0,"ocean_menu_typo_spacing_unit":"","ocean_menu_link_color":"","ocean_menu_link_color_hover":"","ocean_menu_link_color_active":"","ocean_menu_link_background":"","ocean_menu_link_hover_background":"","ocean_menu_link_active_background":"","ocean_menu_social_links_bg":"","ocean_menu_social_hover_links_bg":"","ocean_menu_social_links_color":"","ocean_menu_social_hover_links_color":"","ocean_disable_title":"default","ocean_disable_heading":"default","ocean_post_title":"","ocean_post_subheading":"","ocean_post_title_style":"background-image","ocean_post_title_background_color":"","ocean_post_title_background":10035,"ocean_post_title_bg_image_position":"","ocean_post_title_bg_image_attachment":"","ocean_post_title_bg_image_repeat":"","ocean_post_title_bg_image_size":"","ocean_post_title_height":0,"ocean_post_title_bg_overlay":0.5,"ocean_post_title_bg_overlay_color":"","ocean_disable_breadcrumbs":"default","ocean_breadcrumbs_color":"","ocean_breadcrumbs_separator_color":"","ocean_breadcrumbs_links_color":"","ocean_breadcrumbs_links_hover_color":"","ocean_display_footer_widgets":"default","ocean_display_footer_bottom":"default","ocean_custom_footer_template":"0","omw_enable_modal_window":"enable","osh_disable_topbar_sticky":"default","osh_disable_header_sticky":"default","osh_sticky_header_style":"default","osh_sticky_header_effect":"","osh_custom_sticky_logo":0,"osh_custom_retina_sticky_logo":0,"osh_custom_sticky_logo_height":0,"osh_background_color":"","osh_links_color":"","osh_links_hover_color":"","osh_links_active_color":"","osh_links_bg_color":"","osh_links_hover_bg_color":"","osh_links_active_bg_color":"","osh_menu_social_links_color":"","osh_menu_social_hover_links_color":""},"ort":[468,469,470,471,472,473,474,475,476,477,478,479,480],"sichtbarkeit":[],"templateoption":[179],"product_brand":[],"product_cat":[183],"product_tag":[],"class_list":{"0":"post-10027","1":"product","2":"type-product","3":"status-publish","4":"has-post-thumbnail","6":"ort-arguineguin","7":"ort-bahia-feliz","8":"ort-las-palmas","9":"ort-maspalomas","10":"ort-meloneras","11":"ort-playa-amadores","12":"ort-playa-del-cura","13":"ort-playa-del-ingles","14":"ort-puerto-de-mogan","15":"ort-puerto-rico","16":"ort-salobre","17":"ort-san-agustin","18":"ort-taurito","19":"templateoption-dertrip-bc","20":"product_cat-eintrittskarten","22":"entry","23":"has-media","25":"first","26":"instock","27":"virtual","28":"purchasable","29":"product-type-simple","30":"has-product-nav","31":"col","32":"span_1_of_3","33":"owp-content-center","34":"owp-thumbs-layout-horizontal","35":"owp-btn-normal","36":"owp-tabs-layout-section"},"acf":[],"_links":{"self":[{"href":"https:\/\/www.dertour-reiseleitung.com\/gran-canaria\/wp-json\/wp\/v2\/product\/10027","targetHints":{"allow":["GET"]}}],"collection":[{"href":"https:\/\/www.dertour-reiseleitung.com\/gran-canaria\/wp-json\/wp\/v2\/product"}],"about":[{"href":"https:\/\/www.dertour-reiseleitung.com\/gran-canaria\/wp-json\/wp\/v2\/types\/product"}],"version-history":[{"count":11,"href":"https:\/\/www.dertour-reiseleitung.com\/gran-canaria\/wp-json\/wp\/v2\/product\/10027\/revisions"}],"predecessor-version":[{"id":12958,"href":"https:\/\/www.dertour-reiseleitung.com\/gran-canaria\/wp-json\/wp\/v2\/product\/10027\/revisions\/12958"}],"wp:featuredmedia":[{"embeddable":true,"href":"https:\/\/www.dertour-reiseleitung.com\/gran-canaria\/wp-json\/wp\/v2\/media\/10029"}],"wp:attachment":[{"href":"https:\/\/www.dertour-reiseleitung.com\/gran-canaria\/wp-json\/wp\/v2\/media?parent=10027"}],"wp:term":[{"taxonomy":"ort","embeddable":true,"href":"https:\/\/www.dertour-reiseleitung.com\/gran-canaria\/wp-json\/wp\/v2\/ort?post=10027"},{"taxonomy":"sichtbarkeit","embeddable":true,"href":"https:\/\/www.dertour-reiseleitung.com\/gran-canaria\/wp-json\/wp\/v2\/sichtbarkeit?post=10027"},{"taxonomy":"templateoption","embeddable":true,"href":"https:\/\/www.dertour-reiseleitung.com\/gran-canaria\/wp-json\/wp\/v2\/templateoption?post=10027"},{"taxonomy":"product_brand","embeddable":true,"href":"https:\/\/www.dertour-reiseleitung.com\/gran-canaria\/wp-json\/wp\/v2\/product_brand?post=10027"},{"taxonomy":"product_cat","embeddable":true,"href":"https:\/\/www.dertour-reiseleitung.com\/gran-canaria\/wp-json\/wp\/v2\/product_cat?post=10027"},{"taxonomy":"product_tag","embeddable":true,"href":"https:\/\/www.dertour-reiseleitung.com\/gran-canaria\/wp-json\/wp\/v2\/product_tag?post=10027"}],"curies":[{"name":"wp","href":"https:\/\/api.w.org\/{rel}","templated":true}]}}