{"id":10079,"date":"2025-03-18T16:13:09","date_gmt":"2025-03-18T16:13:09","guid":{"rendered":"https:\/\/www.dertour-reiseleitung.com\/gran-canaria\/aktivitaeten\/maerkte-gran-canaria-ab-gran-canaria-sued-west\/"},"modified":"2026-05-04T09:41:16","modified_gmt":"2026-05-04T08:41:16","slug":"maerkte-gran-canaria-dds-017-1","status":"publish","type":"product","link":"https:\/\/www.dertour-reiseleitung.com\/gran-canaria\/aktivitaeten\/maerkte-gran-canaria-dds-017-1\/","title":{"rendered":"M\u00e4rkte Gran Canaria"},"content":{"rendered":"<h3>Probieren Sie lokale K\u00f6stlichkeiten von Dorf zu Dorf<\/h3>\n<p>Dieser Ausflug bietet eine hervorragende Gelegenheit, lokale Produkte und Spezialit\u00e4ten kennenzulernen, sowie in das bunte Marktleben einzutauchen.<\/p>\n<p>Sie besuchen die Gemeinden Santa Br\u00edgida, San Mateo und Teror, wo regelm\u00e4\u00dfig landwirtschaftliche und handwerkliche M\u00e4rkte stattfinden.<\/p>\n<p>Nach der Abholung in den Hotels fahren Sie zur Gemeinde Santa Br\u00edgida. Auf dem dortigen Markt werden neben traditionellem und \u00f6kologischem Obst und Gem\u00fcse auch andere Produkte wie lokales Brot und Geb\u00e4ck, Honig, Gofio, Weine, Kunsthandwerk und K\u00e4se angeboten. Danach geht es weiter in die Gemeinde San Mateo, wo auf dem lokalen Markt ebenfalls Produkte aus der Region wie Brot, Geb\u00e4ck, S\u00fc\u00dfwaren, Trockenfr\u00fcchte, Pflanzen, Schnittblumen, K\u00e4se, Oliven, Honig und Wein angeboten werden. Anschlie\u00dfend besuchen Sie die Gemeinde Teror. Der Markt bietet unter anderem typische S\u00fc\u00dfwaren und die ber\u00fchmte Wurst und Blutwurst aus Teror. Besuchen Sie, neben dem Markt, auch die Basilika der Schutzpatronin der Insel, die Virgen del Pino, oder bewundern Sie die typisch kanarische Architektur mit ihren Holzbalkonen auf dem Platz von Teror.<\/p>\n<p><strong>Ausflugsveranstalter:<\/strong> Go Vacation Spain SLU, CIF: B-57828360<\/p>\n<p>&nbsp;<\/p>\n","protected":false},"excerpt":{"rendered":"<p>Probieren Sie lokale K\u00f6stlichkeiten von Dorf zu Dorf Dieser Ausflug bietet eine hervorragende Gelegenheit, lokale Produkte und Spezialit\u00e4ten kennenzulernen, sowie in das bunte Marktleben einzutauchen. Sie besuchen die Gemeinden Santa Br\u00edgida, San Mateo und Teror, wo regelm\u00e4\u00dfig landwirtschaftliche und handwerkliche M\u00e4rkte stattfinden. Nach der Abholung in den Hotels fahren Sie zur Gemeinde Santa Br\u00edgida. Auf [&hellip;]<\/p>\n","protected":false},"featured_media":10081,"template":"","meta":{"_acf_changed":false,"ocean_post_layout":"","ocean_both_sidebars_style":"","ocean_both_sidebars_content_width":0,"ocean_both_sidebars_sidebars_width":0,"ocean_sidebar":"0","ocean_second_sidebar":"0","ocean_disable_margins":"enable","ocean_add_body_class":"","ocean_shortcode_before_top_bar":"","ocean_shortcode_after_top_bar":"","ocean_shortcode_before_header":"","ocean_shortcode_after_header":"","ocean_has_shortcode":"","ocean_shortcode_after_title":"","ocean_shortcode_before_footer_widgets":"","ocean_shortcode_after_footer_widgets":"","ocean_shortcode_before_footer_bottom":"","ocean_shortcode_after_footer_bottom":"","ocean_display_top_bar":"default","ocean_display_header":"default","ocean_header_style":"","ocean_center_header_left_menu":"0","ocean_custom_header_template":"0","ocean_custom_logo":0,"ocean_custom_retina_logo":0,"ocean_custom_logo_max_width":0,"ocean_custom_logo_tablet_max_width":0,"ocean_custom_logo_mobile_max_width":0,"ocean_custom_logo_max_height":0,"ocean_custom_logo_tablet_max_height":0,"ocean_custom_logo_mobile_max_height":0,"ocean_header_custom_menu":"0","ocean_menu_typo_font_family":"0","ocean_menu_typo_font_subset":"","ocean_menu_typo_font_size":0,"ocean_menu_typo_font_size_tablet":0,"ocean_menu_typo_font_size_mobile":0,"ocean_menu_typo_font_size_unit":"px","ocean_menu_typo_font_weight":"","ocean_menu_typo_font_weight_tablet":"","ocean_menu_typo_font_weight_mobile":"","ocean_menu_typo_transform":"","ocean_menu_typo_transform_tablet":"","ocean_menu_typo_transform_mobile":"","ocean_menu_typo_line_height":0,"ocean_menu_typo_line_height_tablet":0,"ocean_menu_typo_line_height_mobile":0,"ocean_menu_typo_line_height_unit":"","ocean_menu_typo_spacing":0,"ocean_menu_typo_spacing_tablet":0,"ocean_menu_typo_spacing_mobile":0,"ocean_menu_typo_spacing_unit":"","ocean_menu_link_color":"","ocean_menu_link_color_hover":"","ocean_menu_link_color_active":"","ocean_menu_link_background":"","ocean_menu_link_hover_background":"","ocean_menu_link_active_background":"","ocean_menu_social_links_bg":"","ocean_menu_social_hover_links_bg":"","ocean_menu_social_links_color":"","ocean_menu_social_hover_links_color":"","ocean_disable_title":"default","ocean_disable_heading":"default","ocean_post_title":"","ocean_post_subheading":"","ocean_post_title_style":"background-image","ocean_post_title_background_color":"","ocean_post_title_background":10092,"ocean_post_title_bg_image_position":"","ocean_post_title_bg_image_attachment":"","ocean_post_title_bg_image_repeat":"","ocean_post_title_bg_image_size":"","ocean_post_title_height":0,"ocean_post_title_bg_overlay":0.5,"ocean_post_title_bg_overlay_color":"","ocean_disable_breadcrumbs":"default","ocean_breadcrumbs_color":"","ocean_breadcrumbs_separator_color":"","ocean_breadcrumbs_links_color":"","ocean_breadcrumbs_links_hover_color":"","ocean_display_footer_widgets":"default","ocean_display_footer_bottom":"default","ocean_custom_footer_template":"0","omw_enable_modal_window":"enable","osh_disable_topbar_sticky":"default","osh_disable_header_sticky":"default","osh_sticky_header_style":"default","osh_sticky_header_effect":"","osh_custom_sticky_logo":0,"osh_custom_retina_sticky_logo":0,"osh_custom_sticky_logo_height":0,"osh_background_color":"","osh_links_color":"","osh_links_hover_color":"","osh_links_active_color":"","osh_links_bg_color":"","osh_links_hover_bg_color":"","osh_links_active_bg_color":"","osh_menu_social_links_color":"","osh_menu_social_hover_links_color":""},"ort":[468,469,471,472,473,474,475,476,477,478,479,480],"sichtbarkeit":[],"templateoption":[179],"product_brand":[],"product_cat":[182],"product_tag":[],"class_list":{"0":"post-10079","1":"product","2":"type-product","3":"status-publish","4":"has-post-thumbnail","6":"ort-arguineguin","7":"ort-bahia-feliz","8":"ort-maspalomas","9":"ort-meloneras","10":"ort-playa-amadores","11":"ort-playa-del-cura","12":"ort-playa-del-ingles","13":"ort-puerto-de-mogan","14":"ort-puerto-rico","15":"ort-salobre","16":"ort-san-agustin","17":"ort-taurito","18":"templateoption-dertrip-bc","19":"product_cat-ausfluege","21":"entry","22":"has-media","24":"first","25":"instock","26":"virtual","27":"purchasable","28":"product-type-simple","29":"has-product-nav","30":"col","31":"span_1_of_3","32":"owp-content-center","33":"owp-thumbs-layout-horizontal","34":"owp-btn-normal","35":"owp-tabs-layout-section"},"acf":[],"_links":{"self":[{"href":"https:\/\/www.dertour-reiseleitung.com\/gran-canaria\/wp-json\/wp\/v2\/product\/10079","targetHints":{"allow":["GET"]}}],"collection":[{"href":"https:\/\/www.dertour-reiseleitung.com\/gran-canaria\/wp-json\/wp\/v2\/product"}],"about":[{"href":"https:\/\/www.dertour-reiseleitung.com\/gran-canaria\/wp-json\/wp\/v2\/types\/product"}],"version-history":[{"count":7,"href":"https:\/\/www.dertour-reiseleitung.com\/gran-canaria\/wp-json\/wp\/v2\/product\/10079\/revisions"}],"predecessor-version":[{"id":13053,"href":"https:\/\/www.dertour-reiseleitung.com\/gran-canaria\/wp-json\/wp\/v2\/product\/10079\/revisions\/13053"}],"wp:featuredmedia":[{"embeddable":true,"href":"https:\/\/www.dertour-reiseleitung.com\/gran-canaria\/wp-json\/wp\/v2\/media\/10081"}],"wp:attachment":[{"href":"https:\/\/www.dertour-reiseleitung.com\/gran-canaria\/wp-json\/wp\/v2\/media?parent=10079"}],"wp:term":[{"taxonomy":"ort","embeddable":true,"href":"https:\/\/www.dertour-reiseleitung.com\/gran-canaria\/wp-json\/wp\/v2\/ort?post=10079"},{"taxonomy":"sichtbarkeit","embeddable":true,"href":"https:\/\/www.dertour-reiseleitung.com\/gran-canaria\/wp-json\/wp\/v2\/sichtbarkeit?post=10079"},{"taxonomy":"templateoption","embeddable":true,"href":"https:\/\/www.dertour-reiseleitung.com\/gran-canaria\/wp-json\/wp\/v2\/templateoption?post=10079"},{"taxonomy":"product_brand","embeddable":true,"href":"https:\/\/www.dertour-reiseleitung.com\/gran-canaria\/wp-json\/wp\/v2\/product_brand?post=10079"},{"taxonomy":"product_cat","embeddable":true,"href":"https:\/\/www.dertour-reiseleitung.com\/gran-canaria\/wp-json\/wp\/v2\/product_cat?post=10079"},{"taxonomy":"product_tag","embeddable":true,"href":"https:\/\/www.dertour-reiseleitung.com\/gran-canaria\/wp-json\/wp\/v2\/product_tag?post=10079"}],"curies":[{"name":"wp","href":"https:\/\/api.w.org\/{rel}","templated":true}]}}