{"id":11933,"date":"2025-12-08T11:24:29","date_gmt":"2025-12-08T10:24:29","guid":{"rendered":"https:\/\/www.dertour-reiseleitung.com\/gran-canaria\/?post_type=product&#038;p=11933"},"modified":"2026-03-06T13:55:37","modified_gmt":"2026-03-06T12:55:37","slug":"taste-the-origins-dds-027-1","status":"publish","type":"product","link":"https:\/\/www.dertour-reiseleitung.com\/gran-canaria\/aktivitaeten\/taste-the-origins-dds-027-1\/","title":{"rendered":"Taste the origins"},"content":{"rendered":"<h3>Tauchen Sie ein in eine exklusive Premium-Erlebnisreise<\/h3>\n<p>Spazieren Sie durch die malerische Altstadt von Ag\u00fcimes, mit ihren traditionellen kanarischen H\u00e4usern, dem charmanten Interpretationszentrum und der ikonischen Kirche San Sebasti\u00e1n.<\/p>\n<p>Entdecken Sie den urspr\u00fcnglichsten Geschmack der Insel in der Gofiom\u00fchle P\u00e9rez Gil, wo Geschichte, Kultur und Gastronomie aufeinandertreffen. Versuchen Sie sich selbst im Mahlen von Gofio, beobachten Sie die M\u00fchle in Aktion und genie\u00dfen Sie eine Verkostung dieses kanarischen Grundnahrungsmittels \u2013kombiniert mit Banane.<\/p>\n<p>Zum Abschluss erwartet Sie ein Fest f\u00fcr die Sinne auf der PepeOil Eco Finca, einer exklusiven Plantage mit Obstb\u00e4umen, Gem\u00fcse, Kakao, Kaffee und preisgekr\u00f6nten Paprika\u00f6len, die in Sterne-Restaurants verwendet werden. Pfl\u00fccken Sie Ihr eigenes Obst, bereiten Sie frische Zuckerrohr-Limonade zu und genie\u00dfen Sie eine Gormet-Verkostung lokaler K\u00f6stlichkeiten \u2013 von Serrano-Schinken und K\u00e4se \u00fcber Brioche-Brot und Runzelkartoffeln mit Mojo bis hin zu den einzigartigen \u00d6len von PepeOil.<\/p>\n<p>Ein einzigartiges All-inclusive-Erlebnis voller Kultur, Tradition und authentischer kanarischer Aromen.<\/p>\n<p><strong>Ausflugsveranstalter:<\/strong> Go Vacation Spain SLU, CIF: B-57828360<\/p>\n","protected":false},"excerpt":{"rendered":"<p>Tauchen Sie ein in eine exklusive Premium-Erlebnisreise Spazieren Sie durch die malerische Altstadt von Ag\u00fcimes, mit ihren traditionellen kanarischen H\u00e4usern, dem charmanten Interpretationszentrum und der ikonischen Kirche San Sebasti\u00e1n. Entdecken Sie den urspr\u00fcnglichsten Geschmack der Insel in der Gofiom\u00fchle P\u00e9rez Gil, wo Geschichte, Kultur und Gastronomie aufeinandertreffen. Versuchen Sie sich selbst im Mahlen von Gofio, [&hellip;]<\/p>\n","protected":false},"featured_media":11928,"template":"","meta":{"_acf_changed":false,"ocean_post_layout":"","ocean_both_sidebars_style":"","ocean_both_sidebars_content_width":0,"ocean_both_sidebars_sidebars_width":0,"ocean_sidebar":"0","ocean_second_sidebar":"0","ocean_disable_margins":"enable","ocean_add_body_class":"","ocean_shortcode_before_top_bar":"","ocean_shortcode_after_top_bar":"","ocean_shortcode_before_header":"","ocean_shortcode_after_header":"","ocean_has_shortcode":"","ocean_shortcode_after_title":"","ocean_shortcode_before_footer_widgets":"","ocean_shortcode_after_footer_widgets":"","ocean_shortcode_before_footer_bottom":"","ocean_shortcode_after_footer_bottom":"","ocean_display_top_bar":"default","ocean_display_header":"default","ocean_header_style":"","ocean_center_header_left_menu":"0","ocean_custom_header_template":"0","ocean_custom_logo":0,"ocean_custom_retina_logo":0,"ocean_custom_logo_max_width":0,"ocean_custom_logo_tablet_max_width":0,"ocean_custom_logo_mobile_max_width":0,"ocean_custom_logo_max_height":0,"ocean_custom_logo_tablet_max_height":0,"ocean_custom_logo_mobile_max_height":0,"ocean_header_custom_menu":"0","ocean_menu_typo_font_family":"0","ocean_menu_typo_font_subset":"","ocean_menu_typo_font_size":0,"ocean_menu_typo_font_size_tablet":0,"ocean_menu_typo_font_size_mobile":0,"ocean_menu_typo_font_size_unit":"px","ocean_menu_typo_font_weight":"","ocean_menu_typo_font_weight_tablet":"","ocean_menu_typo_font_weight_mobile":"","ocean_menu_typo_transform":"","ocean_menu_typo_transform_tablet":"","ocean_menu_typo_transform_mobile":"","ocean_menu_typo_line_height":0,"ocean_menu_typo_line_height_tablet":0,"ocean_menu_typo_line_height_mobile":0,"ocean_menu_typo_line_height_unit":"","ocean_menu_typo_spacing":0,"ocean_menu_typo_spacing_tablet":0,"ocean_menu_typo_spacing_mobile":0,"ocean_menu_typo_spacing_unit":"","ocean_menu_link_color":"","ocean_menu_link_color_hover":"","ocean_menu_link_color_active":"","ocean_menu_link_background":"","ocean_menu_link_hover_background":"","ocean_menu_link_active_background":"","ocean_menu_social_links_bg":"","ocean_menu_social_hover_links_bg":"","ocean_menu_social_links_color":"","ocean_menu_social_hover_links_color":"","ocean_disable_title":"default","ocean_disable_heading":"default","ocean_post_title":"","ocean_post_subheading":"","ocean_post_title_style":"background-image","ocean_post_title_background_color":"","ocean_post_title_background":11930,"ocean_post_title_bg_image_position":"","ocean_post_title_bg_image_attachment":"","ocean_post_title_bg_image_repeat":"","ocean_post_title_bg_image_size":"","ocean_post_title_height":0,"ocean_post_title_bg_overlay":0.5,"ocean_post_title_bg_overlay_color":"","ocean_disable_breadcrumbs":"default","ocean_breadcrumbs_color":"","ocean_breadcrumbs_separator_color":"","ocean_breadcrumbs_links_color":"","ocean_breadcrumbs_links_hover_color":"","ocean_display_footer_widgets":"default","ocean_display_footer_bottom":"default","ocean_custom_footer_template":"0","omw_enable_modal_window":"enable","osh_disable_topbar_sticky":"default","osh_disable_header_sticky":"default","osh_sticky_header_style":"default","osh_sticky_header_effect":"","osh_custom_sticky_logo":0,"osh_custom_retina_sticky_logo":0,"osh_custom_sticky_logo_height":0,"osh_background_color":"","osh_links_color":"","osh_links_hover_color":"","osh_links_active_color":"","osh_links_bg_color":"","osh_links_hover_bg_color":"","osh_links_active_bg_color":"","osh_menu_social_links_color":"","osh_menu_social_hover_links_color":""},"ort":[468,469,471,472,473,474,475,476,477,478,479,480],"sichtbarkeit":[],"templateoption":[179],"product_brand":[],"product_cat":[24],"product_tag":[],"class_list":{"0":"post-11933","1":"product","2":"type-product","3":"status-publish","4":"has-post-thumbnail","6":"ort-arguineguin","7":"ort-bahia-feliz","8":"ort-maspalomas","9":"ort-meloneras","10":"ort-playa-amadores","11":"ort-playa-del-cura","12":"ort-playa-del-ingles","13":"ort-puerto-de-mogan","14":"ort-puerto-rico","15":"ort-salobre","16":"ort-san-agustin","17":"ort-taurito","18":"templateoption-dertrip-bc","19":"product_cat-aktivitaeten","21":"entry","22":"has-media","24":"first","25":"instock","26":"shipping-taxable","27":"purchasable","28":"product-type-simple","29":"has-product-nav","30":"col","31":"span_1_of_3","32":"owp-content-center","33":"owp-thumbs-layout-horizontal","34":"owp-btn-normal","35":"owp-tabs-layout-section"},"acf":[],"_links":{"self":[{"href":"https:\/\/www.dertour-reiseleitung.com\/gran-canaria\/wp-json\/wp\/v2\/product\/11933","targetHints":{"allow":["GET"]}}],"collection":[{"href":"https:\/\/www.dertour-reiseleitung.com\/gran-canaria\/wp-json\/wp\/v2\/product"}],"about":[{"href":"https:\/\/www.dertour-reiseleitung.com\/gran-canaria\/wp-json\/wp\/v2\/types\/product"}],"version-history":[{"count":5,"href":"https:\/\/www.dertour-reiseleitung.com\/gran-canaria\/wp-json\/wp\/v2\/product\/11933\/revisions"}],"predecessor-version":[{"id":12936,"href":"https:\/\/www.dertour-reiseleitung.com\/gran-canaria\/wp-json\/wp\/v2\/product\/11933\/revisions\/12936"}],"wp:featuredmedia":[{"embeddable":true,"href":"https:\/\/www.dertour-reiseleitung.com\/gran-canaria\/wp-json\/wp\/v2\/media\/11928"}],"wp:attachment":[{"href":"https:\/\/www.dertour-reiseleitung.com\/gran-canaria\/wp-json\/wp\/v2\/media?parent=11933"}],"wp:term":[{"taxonomy":"ort","embeddable":true,"href":"https:\/\/www.dertour-reiseleitung.com\/gran-canaria\/wp-json\/wp\/v2\/ort?post=11933"},{"taxonomy":"sichtbarkeit","embeddable":true,"href":"https:\/\/www.dertour-reiseleitung.com\/gran-canaria\/wp-json\/wp\/v2\/sichtbarkeit?post=11933"},{"taxonomy":"templateoption","embeddable":true,"href":"https:\/\/www.dertour-reiseleitung.com\/gran-canaria\/wp-json\/wp\/v2\/templateoption?post=11933"},{"taxonomy":"product_brand","embeddable":true,"href":"https:\/\/www.dertour-reiseleitung.com\/gran-canaria\/wp-json\/wp\/v2\/product_brand?post=11933"},{"taxonomy":"product_cat","embeddable":true,"href":"https:\/\/www.dertour-reiseleitung.com\/gran-canaria\/wp-json\/wp\/v2\/product_cat?post=11933"},{"taxonomy":"product_tag","embeddable":true,"href":"https:\/\/www.dertour-reiseleitung.com\/gran-canaria\/wp-json\/wp\/v2\/product_tag?post=11933"}],"curies":[{"name":"wp","href":"https:\/\/api.w.org\/{rel}","templated":true}]}}