{"id":12858,"date":"2026-03-02T17:06:52","date_gmt":"2026-03-02T16:06:52","guid":{"rendered":"https:\/\/www.dertour-reiseleitung.com\/gran-canaria\/?post_type=product&#038;p=12858"},"modified":"2026-03-11T14:32:39","modified_gmt":"2026-03-11T13:32:39","slug":"e-bike-ruhiges-radeln-nach-ayagaures-mit-tapas-dds-030-1","status":"publish","type":"product","link":"https:\/\/www.dertour-reiseleitung.com\/gran-canaria\/aktivitaeten\/e-bike-ruhiges-radeln-nach-ayagaures-mit-tapas-dds-030-1\/","title":{"rendered":"E-Bike Ruhiges Radeln nach Ayagaures mit Tapas"},"content":{"rendered":"<h3>Ruhiges Radeln nach Ayagaures &amp; Tapas<\/h3>\n<p>Entdecke zeitlose kanarische D\u00f6rfer und genie\u00dfe ein leckeres Tapas\u2011Lunch.<\/p>\n<p>Diese E\u2011Bike\u2011Tour eignet sich ideal f\u00fcr Freizeitradler, die das Inselinnere in entspanntem Tempo erkunden m\u00f6chten \u2013 inklusive einer kurvigen Abfahrt, f\u00fcr die grundlegende Fahrtechnik erforderlich ist. Die Route f\u00fchrt durch ruhige Bergd\u00f6rfer, vorbei am Ayagaures\u2011Tal, bis zum Leuchtturm von Meloneras und endet mit einem traditionellen Tapas\u2011Mittagessen in einem H\u00f6hlenrestaurant.<\/p>\n<p><strong>Route<\/strong><br \/>\nWir starten die gef\u00fchrte E\u2011Bike\u2011Tour am Free Motion Bikecenter in Playa del Ingl\u00e9s. Der Anstieg beginnt sanft \u2013 die elektrischen Motoren \u00fcbernehmen die Arbeit, w\u00e4hrend wir entspannt in die ruhigen H\u00fcgel von Monte Le\u00f3n rollen. Auf 490\u202fm H\u00f6he erreichen wir den Aussichtspunkt Cima Pedro Gonz\u00e1lez und genie\u00dfen den weiten Blick \u00fcber die Berglandschaft.<\/p>\n<p>Anschlie\u00dfend folgt die Abfahrt: kurvig, aufregend und sicher \u2013 dank Scheibenbremsen und einem Guide, der das Tempo vorgibt. Wir fahren durch das charmante Dorf Ayagaures und weiter hinunter zur \u201eLa Cuevita\u201c, einem einzigartigen H\u00f6hlenrestaurant, in dem wir gemeinsam authentische kanarische Tapas genie\u00dfen. Gest\u00e4rkt und voller Eindr\u00fccke setzen wir die Fahrt bis zur K\u00fcste fort, machen Halt am Leuchtturm von Meloneras und rollen schlie\u00dflich entspannt zur\u00fcck nach Playa del Ingl\u00e9s.<\/p>\n<p><strong>Highlights<\/strong><\/p>\n<ul class=\"square\">\n<li>Aussichtspunkt Cima Pedro Gonz\u00e1lez auf 490\u202fm<\/li>\n<li>Das kleine Bergdorf Monte Le\u00f3n<\/li>\n<li>Blick auf die D\u00fcnen und das Gebiet Maspalomas\u2013Meloneras von oben<\/li>\n<li>Kanarische Tapas in einem H\u00f6hlenrestaurant<\/li>\n<li>Der Leuchtturm von Maspalomas mit dem Fahrrad<\/li>\n<\/ul>\n<p><strong>Ausflugsveranstalter:<\/strong> Go Vacation Spain SLU, CIF: B-57828360<\/p>\n","protected":false},"excerpt":{"rendered":"<p>Ruhiges Radeln nach Ayagaures &amp; Tapas Entdecke zeitlose kanarische D\u00f6rfer und genie\u00dfe ein leckeres Tapas\u2011Lunch. Diese E\u2011Bike\u2011Tour eignet sich ideal f\u00fcr Freizeitradler, die das Inselinnere in entspanntem Tempo erkunden m\u00f6chten \u2013 inklusive einer kurvigen Abfahrt, f\u00fcr die grundlegende Fahrtechnik erforderlich ist. Die Route f\u00fchrt durch ruhige Bergd\u00f6rfer, vorbei am Ayagaures\u2011Tal, bis zum Leuchtturm von Meloneras [&hellip;]<\/p>\n","protected":false},"featured_media":12852,"template":"","meta":{"_acf_changed":false,"ocean_post_layout":"","ocean_both_sidebars_style":"","ocean_both_sidebars_content_width":0,"ocean_both_sidebars_sidebars_width":0,"ocean_sidebar":"0","ocean_second_sidebar":"0","ocean_disable_margins":"enable","ocean_add_body_class":"","ocean_shortcode_before_top_bar":"","ocean_shortcode_after_top_bar":"","ocean_shortcode_before_header":"","ocean_shortcode_after_header":"","ocean_has_shortcode":"","ocean_shortcode_after_title":"","ocean_shortcode_before_footer_widgets":"","ocean_shortcode_after_footer_widgets":"","ocean_shortcode_before_footer_bottom":"","ocean_shortcode_after_footer_bottom":"","ocean_display_top_bar":"default","ocean_display_header":"default","ocean_header_style":"","ocean_center_header_left_menu":"0","ocean_custom_header_template":"0","ocean_custom_logo":0,"ocean_custom_retina_logo":0,"ocean_custom_logo_max_width":0,"ocean_custom_logo_tablet_max_width":0,"ocean_custom_logo_mobile_max_width":0,"ocean_custom_logo_max_height":0,"ocean_custom_logo_tablet_max_height":0,"ocean_custom_logo_mobile_max_height":0,"ocean_header_custom_menu":"0","ocean_menu_typo_font_family":"0","ocean_menu_typo_font_subset":"","ocean_menu_typo_font_size":0,"ocean_menu_typo_font_size_tablet":0,"ocean_menu_typo_font_size_mobile":0,"ocean_menu_typo_font_size_unit":"px","ocean_menu_typo_font_weight":"","ocean_menu_typo_font_weight_tablet":"","ocean_menu_typo_font_weight_mobile":"","ocean_menu_typo_transform":"","ocean_menu_typo_transform_tablet":"","ocean_menu_typo_transform_mobile":"","ocean_menu_typo_line_height":0,"ocean_menu_typo_line_height_tablet":0,"ocean_menu_typo_line_height_mobile":0,"ocean_menu_typo_line_height_unit":"","ocean_menu_typo_spacing":0,"ocean_menu_typo_spacing_tablet":0,"ocean_menu_typo_spacing_mobile":0,"ocean_menu_typo_spacing_unit":"","ocean_menu_link_color":"","ocean_menu_link_color_hover":"","ocean_menu_link_color_active":"","ocean_menu_link_background":"","ocean_menu_link_hover_background":"","ocean_menu_link_active_background":"","ocean_menu_social_links_bg":"","ocean_menu_social_hover_links_bg":"","ocean_menu_social_links_color":"","ocean_menu_social_hover_links_color":"","ocean_disable_title":"default","ocean_disable_heading":"default","ocean_post_title":"","ocean_post_subheading":"","ocean_post_title_style":"background-image","ocean_post_title_background_color":"","ocean_post_title_background":12854,"ocean_post_title_bg_image_position":"","ocean_post_title_bg_image_attachment":"","ocean_post_title_bg_image_repeat":"","ocean_post_title_bg_image_size":"","ocean_post_title_height":0,"ocean_post_title_bg_overlay":0.5,"ocean_post_title_bg_overlay_color":"","ocean_disable_breadcrumbs":"default","ocean_breadcrumbs_color":"","ocean_breadcrumbs_separator_color":"","ocean_breadcrumbs_links_color":"","ocean_breadcrumbs_links_hover_color":"","ocean_display_footer_widgets":"default","ocean_display_footer_bottom":"default","ocean_custom_footer_template":"0","omw_enable_modal_window":"enable","osh_disable_topbar_sticky":"default","osh_disable_header_sticky":"default","osh_sticky_header_style":"default","osh_sticky_header_effect":"","osh_custom_sticky_logo":0,"osh_custom_retina_sticky_logo":0,"osh_custom_sticky_logo_height":0,"osh_background_color":"","osh_links_color":"","osh_links_hover_color":"","osh_links_active_color":"","osh_links_bg_color":"","osh_links_hover_bg_color":"","osh_links_active_bg_color":"","osh_menu_social_links_color":"","osh_menu_social_hover_links_color":""},"ort":[468,469,471,472,475],"sichtbarkeit":[],"templateoption":[179],"product_brand":[],"product_cat":[24],"product_tag":[],"class_list":{"0":"post-12858","1":"product","2":"type-product","3":"status-publish","4":"has-post-thumbnail","6":"ort-arguineguin","7":"ort-bahia-feliz","8":"ort-maspalomas","9":"ort-meloneras","10":"ort-playa-del-ingles","11":"templateoption-dertrip-bc","12":"product_cat-aktivitaeten","14":"entry","15":"has-media","17":"first","18":"instock","19":"shipping-taxable","20":"purchasable","21":"product-type-simple","22":"has-product-nav","23":"col","24":"span_1_of_3","25":"owp-content-center","26":"owp-thumbs-layout-horizontal","27":"owp-btn-normal","28":"owp-tabs-layout-section"},"acf":[],"_links":{"self":[{"href":"https:\/\/www.dertour-reiseleitung.com\/gran-canaria\/wp-json\/wp\/v2\/product\/12858","targetHints":{"allow":["GET"]}}],"collection":[{"href":"https:\/\/www.dertour-reiseleitung.com\/gran-canaria\/wp-json\/wp\/v2\/product"}],"about":[{"href":"https:\/\/www.dertour-reiseleitung.com\/gran-canaria\/wp-json\/wp\/v2\/types\/product"}],"version-history":[{"count":6,"href":"https:\/\/www.dertour-reiseleitung.com\/gran-canaria\/wp-json\/wp\/v2\/product\/12858\/revisions"}],"predecessor-version":[{"id":12947,"href":"https:\/\/www.dertour-reiseleitung.com\/gran-canaria\/wp-json\/wp\/v2\/product\/12858\/revisions\/12947"}],"wp:featuredmedia":[{"embeddable":true,"href":"https:\/\/www.dertour-reiseleitung.com\/gran-canaria\/wp-json\/wp\/v2\/media\/12852"}],"wp:attachment":[{"href":"https:\/\/www.dertour-reiseleitung.com\/gran-canaria\/wp-json\/wp\/v2\/media?parent=12858"}],"wp:term":[{"taxonomy":"ort","embeddable":true,"href":"https:\/\/www.dertour-reiseleitung.com\/gran-canaria\/wp-json\/wp\/v2\/ort?post=12858"},{"taxonomy":"sichtbarkeit","embeddable":true,"href":"https:\/\/www.dertour-reiseleitung.com\/gran-canaria\/wp-json\/wp\/v2\/sichtbarkeit?post=12858"},{"taxonomy":"templateoption","embeddable":true,"href":"https:\/\/www.dertour-reiseleitung.com\/gran-canaria\/wp-json\/wp\/v2\/templateoption?post=12858"},{"taxonomy":"product_brand","embeddable":true,"href":"https:\/\/www.dertour-reiseleitung.com\/gran-canaria\/wp-json\/wp\/v2\/product_brand?post=12858"},{"taxonomy":"product_cat","embeddable":true,"href":"https:\/\/www.dertour-reiseleitung.com\/gran-canaria\/wp-json\/wp\/v2\/product_cat?post=12858"},{"taxonomy":"product_tag","embeddable":true,"href":"https:\/\/www.dertour-reiseleitung.com\/gran-canaria\/wp-json\/wp\/v2\/product_tag?post=12858"}],"curies":[{"name":"wp","href":"https:\/\/api.w.org\/{rel}","templated":true}]}}