{"id":12943,"date":"2026-03-11T12:35:07","date_gmt":"2026-03-11T11:35:07","guid":{"rendered":"https:\/\/www.dertour-reiseleitung.com\/gran-canaria\/?post_type=product&#038;p=12943"},"modified":"2026-05-04T09:15:35","modified_gmt":"2026-05-04T08:15:35","slug":"e-bike-tour-kulturtour-duch-das-guayadeque-tal-tapas-dds-031-1","status":"publish","type":"product","link":"https:\/\/www.dertour-reiseleitung.com\/gran-canaria\/aktivitaeten\/e-bike-tour-kulturtour-duch-das-guayadeque-tal-tapas-dds-031-1\/","title":{"rendered":"E-Bike Tour-Kulturtour duch das Guayadeque Tal &amp; Tapas"},"content":{"rendered":"<h3>Entdecke die kanarische Geschichte mit jedem Tritt in die Pedale<\/h3>\n<p>Diese E-Bike-Tour ist ideal f\u00fcr alle, die eine weniger bekannte Seite Gran Canarias entdecken m\u00f6chten.<br \/>\nDu f\u00e4hrst durch ruhige T\u00e4ler, besuchst uralte H\u00f6hlenwohnungen und erkundest einen der sch\u00f6nsten historischen Orte der Insel.<\/p>\n<p><strong>Die Route<\/strong><br \/>\nWir starten an unserem Fahrradladen in Playa del Ingl\u00e9s.<br \/>\nVon dort bringt uns ein Shuttle nach Telde, wo unsere Tour beginnt.<br \/>\nUnser erster Halt ist bei Cuatro Puertas \u2013 eine beeindruckende H\u00f6hlenanlage, die einen Einblick in das Leben der Ureinwohner der Insel gibt.<br \/>\nDann geht es weiter in das ruhige Guayadeque-Tal.<br \/>\nDie Steigung nimmt zu, aber mit elektrischer Unterst\u00fctzung f\u00fchlt sich das Treten ganz leicht an.<br \/>\nEntlang des Weges s\u00e4umen bl\u00fchende Mandelb\u00e4ume die Stra\u00dfe.<br \/>\nOben angekommen, machen wir eine Pause, um den Panoramablick zu genie\u00dfen:<br \/>\ndas Tal unter uns, die kurvige Stra\u00dfe und das weite Blau des Atlantiks.<br \/>\nAnschlie\u00dfend rollen wir hinab in den historischen Ort Ag\u00fcimes, wo wir ein traditionelles kanarisches Tapas-Mittagessen in einem lokalen Restaurant genie\u00dfen.<br \/>\nNach dem Essen geht es \u00fcber ruhige Stra\u00dfen und K\u00fcstenwege zur\u00fcck nach Playa del Ingl\u00e9s \u2013 begleitet von der Meeresbrise und vielen neuen Eindr\u00fccken.<\/p>\n<p><strong>Highlights<\/strong><\/p>\n<ul class=\"square\">\n<li>Besuch der H\u00f6hlenanlage Cuatro Puertas mit Einblick in die Ureinwohnerkultur.<\/li>\n<li>Fahrt durch das stille Guayadeque-Tal<\/li>\n<li>Aussicht vom Panoramapunkt \u00fcber das Tal<\/li>\n<li>Der historische Ort Ag\u00fcimes<\/li>\n<li>Authentische kanarische Tapas in einem lokalen Restaurant<\/li>\n<\/ul>\n<p><strong>Ausflugsveranstalter:<\/strong> Go Vacation Spain SLU, CIF: B-57828360<\/p>\n","protected":false},"excerpt":{"rendered":"<p>Entdecke die kanarische Geschichte mit jedem Tritt in die Pedale Diese E-Bike-Tour ist ideal f\u00fcr alle, die eine weniger bekannte Seite Gran Canarias entdecken m\u00f6chten. Du f\u00e4hrst durch ruhige T\u00e4ler, besuchst uralte H\u00f6hlenwohnungen und erkundest einen der sch\u00f6nsten historischen Orte der Insel. Die Route Wir starten an unserem Fahrradladen in Playa del Ingl\u00e9s. Von dort [&hellip;]<\/p>\n","protected":false},"featured_media":12850,"template":"","meta":{"_acf_changed":false,"ocean_post_layout":"","ocean_both_sidebars_style":"","ocean_both_sidebars_content_width":0,"ocean_both_sidebars_sidebars_width":0,"ocean_sidebar":"0","ocean_second_sidebar":"0","ocean_disable_margins":"enable","ocean_add_body_class":"","ocean_shortcode_before_top_bar":"","ocean_shortcode_after_top_bar":"","ocean_shortcode_before_header":"","ocean_shortcode_after_header":"","ocean_has_shortcode":"","ocean_shortcode_after_title":"","ocean_shortcode_before_footer_widgets":"","ocean_shortcode_after_footer_widgets":"","ocean_shortcode_before_footer_bottom":"","ocean_shortcode_after_footer_bottom":"","ocean_display_top_bar":"default","ocean_display_header":"default","ocean_header_style":"","ocean_center_header_left_menu":"0","ocean_custom_header_template":"0","ocean_custom_logo":0,"ocean_custom_retina_logo":0,"ocean_custom_logo_max_width":0,"ocean_custom_logo_tablet_max_width":0,"ocean_custom_logo_mobile_max_width":0,"ocean_custom_logo_max_height":0,"ocean_custom_logo_tablet_max_height":0,"ocean_custom_logo_mobile_max_height":0,"ocean_header_custom_menu":"0","ocean_menu_typo_font_family":"0","ocean_menu_typo_font_subset":"","ocean_menu_typo_font_size":0,"ocean_menu_typo_font_size_tablet":0,"ocean_menu_typo_font_size_mobile":0,"ocean_menu_typo_font_size_unit":"px","ocean_menu_typo_font_weight":"","ocean_menu_typo_font_weight_tablet":"","ocean_menu_typo_font_weight_mobile":"","ocean_menu_typo_transform":"","ocean_menu_typo_transform_tablet":"","ocean_menu_typo_transform_mobile":"","ocean_menu_typo_line_height":0,"ocean_menu_typo_line_height_tablet":0,"ocean_menu_typo_line_height_mobile":0,"ocean_menu_typo_line_height_unit":"","ocean_menu_typo_spacing":0,"ocean_menu_typo_spacing_tablet":0,"ocean_menu_typo_spacing_mobile":0,"ocean_menu_typo_spacing_unit":"","ocean_menu_link_color":"","ocean_menu_link_color_hover":"","ocean_menu_link_color_active":"","ocean_menu_link_background":"","ocean_menu_link_hover_background":"","ocean_menu_link_active_background":"","ocean_menu_social_links_bg":"","ocean_menu_social_hover_links_bg":"","ocean_menu_social_links_color":"","ocean_menu_social_hover_links_color":"","ocean_disable_title":"default","ocean_disable_heading":"default","ocean_post_title":"","ocean_post_subheading":"","ocean_post_title_style":"background-image","ocean_post_title_background_color":"","ocean_post_title_background":12851,"ocean_post_title_bg_image_position":"","ocean_post_title_bg_image_attachment":"","ocean_post_title_bg_image_repeat":"","ocean_post_title_bg_image_size":"","ocean_post_title_height":0,"ocean_post_title_bg_overlay":0.5,"ocean_post_title_bg_overlay_color":"","ocean_disable_breadcrumbs":"default","ocean_breadcrumbs_color":"","ocean_breadcrumbs_separator_color":"","ocean_breadcrumbs_links_color":"","ocean_breadcrumbs_links_hover_color":"","ocean_display_footer_widgets":"default","ocean_display_footer_bottom":"default","ocean_custom_footer_template":"0","omw_enable_modal_window":"enable","osh_disable_topbar_sticky":"default","osh_disable_header_sticky":"default","osh_sticky_header_style":"default","osh_sticky_header_effect":"","osh_custom_sticky_logo":0,"osh_custom_retina_sticky_logo":0,"osh_custom_sticky_logo_height":0,"osh_background_color":"","osh_links_color":"","osh_links_hover_color":"","osh_links_active_color":"","osh_links_bg_color":"","osh_links_hover_bg_color":"","osh_links_active_bg_color":"","osh_menu_social_links_color":"","osh_menu_social_hover_links_color":""},"ort":[469,471,472,475,479],"sichtbarkeit":[],"templateoption":[179],"product_brand":[],"product_cat":[182],"product_tag":[],"class_list":{"0":"post-12943","1":"product","2":"type-product","3":"status-publish","4":"has-post-thumbnail","6":"ort-bahia-feliz","7":"ort-maspalomas","8":"ort-meloneras","9":"ort-playa-del-ingles","10":"ort-san-agustin","11":"templateoption-dertrip-bc","12":"product_cat-ausfluege","14":"entry","15":"has-media","17":"first","18":"instock","19":"shipping-taxable","20":"purchasable","21":"product-type-simple","22":"has-product-nav","23":"col","24":"span_1_of_3","25":"owp-content-center","26":"owp-thumbs-layout-horizontal","27":"owp-btn-normal","28":"owp-tabs-layout-section"},"acf":[],"_links":{"self":[{"href":"https:\/\/www.dertour-reiseleitung.com\/gran-canaria\/wp-json\/wp\/v2\/product\/12943","targetHints":{"allow":["GET"]}}],"collection":[{"href":"https:\/\/www.dertour-reiseleitung.com\/gran-canaria\/wp-json\/wp\/v2\/product"}],"about":[{"href":"https:\/\/www.dertour-reiseleitung.com\/gran-canaria\/wp-json\/wp\/v2\/types\/product"}],"version-history":[{"count":3,"href":"https:\/\/www.dertour-reiseleitung.com\/gran-canaria\/wp-json\/wp\/v2\/product\/12943\/revisions"}],"predecessor-version":[{"id":12948,"href":"https:\/\/www.dertour-reiseleitung.com\/gran-canaria\/wp-json\/wp\/v2\/product\/12943\/revisions\/12948"}],"wp:featuredmedia":[{"embeddable":true,"href":"https:\/\/www.dertour-reiseleitung.com\/gran-canaria\/wp-json\/wp\/v2\/media\/12850"}],"wp:attachment":[{"href":"https:\/\/www.dertour-reiseleitung.com\/gran-canaria\/wp-json\/wp\/v2\/media?parent=12943"}],"wp:term":[{"taxonomy":"ort","embeddable":true,"href":"https:\/\/www.dertour-reiseleitung.com\/gran-canaria\/wp-json\/wp\/v2\/ort?post=12943"},{"taxonomy":"sichtbarkeit","embeddable":true,"href":"https:\/\/www.dertour-reiseleitung.com\/gran-canaria\/wp-json\/wp\/v2\/sichtbarkeit?post=12943"},{"taxonomy":"templateoption","embeddable":true,"href":"https:\/\/www.dertour-reiseleitung.com\/gran-canaria\/wp-json\/wp\/v2\/templateoption?post=12943"},{"taxonomy":"product_brand","embeddable":true,"href":"https:\/\/www.dertour-reiseleitung.com\/gran-canaria\/wp-json\/wp\/v2\/product_brand?post=12943"},{"taxonomy":"product_cat","embeddable":true,"href":"https:\/\/www.dertour-reiseleitung.com\/gran-canaria\/wp-json\/wp\/v2\/product_cat?post=12943"},{"taxonomy":"product_tag","embeddable":true,"href":"https:\/\/www.dertour-reiseleitung.com\/gran-canaria\/wp-json\/wp\/v2\/product_tag?post=12943"}],"curies":[{"name":"wp","href":"https:\/\/api.w.org\/{rel}","templated":true}]}}