{"id":9888,"date":"2025-03-18T15:04:47","date_gmt":"2025-03-18T15:04:47","guid":{"rendered":"https:\/\/www.dertour-reiseleitung.com\/gran-canaria\/aktivitaeten\/aqualand-eintrittskarte-alle-zonen\/"},"modified":"2026-02-17T15:11:11","modified_gmt":"2026-02-17T14:11:11","slug":"aqualand-dds-015-1","status":"publish","type":"product","link":"https:\/\/www.dertour-reiseleitung.com\/gran-canaria\/aktivitaeten\/aqualand-dds-015-1\/","title":{"rendered":"Aqualand"},"content":{"rendered":"<h3>Der ultimative Wasserspa\u00df auf den Kanaren<\/h3>\n<p>Aqualand &#8211; das ist der gr\u00f6\u00dfte Wasserpark von Gran Canaria mit 33 Rutschen in einer 90.000 qm gro\u00dfen Oase. Hier kommen alle Wasserratten garantiert auf ihre Kosten.<\/p>\n<p>Der Park liegt in der N\u00e4he von Maspalomas, im S\u00fcden der Insel. Dank des konstant warmen Klimas auf den Kanaren ist der Park das ganze Jahr \u00fcber ge\u00f6ffnet &#8211; garantierter Badespa\u00df ohne Grenzen!<\/p>\n<p>Die riesige Freibad-Anlage ist vor allem f\u00fcr die Kleinen ein gro\u00dfer Spa\u00df. Hier k\u00f6nnen sie sich nach Lust und Laune im Wasser austoben. Zu den Highlights z\u00e4hlen der \u201eTornado&#8220; mit seinen Wasserkreiseln, der \u201eCrazy Race&#8220; mit 9 parallelen Rutschen, Rafting-Attraktionen sowie das Wellenbad und die Boomerang Rutsche. F\u00fcr die kleinsten Besucher gibt es einen speziellen Mini\u00adPark.<\/p>\n<p>Als besonderes Highlight wird das Schwimmen mit Seel\u00f6wen angeboten!<\/p>\n<p>Aqualand &#8211; das ist garantiert die erlebnisreichste Art, auf Gran Canaria so richtig nass zu werden.<\/p>\n<p><strong>Ausflugsveranstalter:<\/strong> Go Vacation Spain SLU, CIF: B-57828360<\/p>\n","protected":false},"excerpt":{"rendered":"<p>Der ultimative Wasserspa\u00df auf den Kanaren Aqualand &#8211; das ist der gr\u00f6\u00dfte Wasserpark von Gran Canaria mit 33 Rutschen in einer 90.000 qm gro\u00dfen Oase. Hier kommen alle Wasserratten garantiert auf ihre Kosten. Der Park liegt in der N\u00e4he von Maspalomas, im S\u00fcden der Insel. Dank des konstant warmen Klimas auf den Kanaren ist der [&hellip;]<\/p>\n","protected":false},"featured_media":9890,"template":"","meta":{"_acf_changed":false,"ocean_post_layout":"","ocean_both_sidebars_style":"","ocean_both_sidebars_content_width":0,"ocean_both_sidebars_sidebars_width":0,"ocean_sidebar":"0","ocean_second_sidebar":"0","ocean_disable_margins":"enable","ocean_add_body_class":"","ocean_shortcode_before_top_bar":"","ocean_shortcode_after_top_bar":"","ocean_shortcode_before_header":"","ocean_shortcode_after_header":"","ocean_has_shortcode":"","ocean_shortcode_after_title":"","ocean_shortcode_before_footer_widgets":"","ocean_shortcode_after_footer_widgets":"","ocean_shortcode_before_footer_bottom":"","ocean_shortcode_after_footer_bottom":"","ocean_display_top_bar":"default","ocean_display_header":"default","ocean_header_style":"","ocean_center_header_left_menu":"0","ocean_custom_header_template":"0","ocean_custom_logo":0,"ocean_custom_retina_logo":0,"ocean_custom_logo_max_width":0,"ocean_custom_logo_tablet_max_width":0,"ocean_custom_logo_mobile_max_width":0,"ocean_custom_logo_max_height":0,"ocean_custom_logo_tablet_max_height":0,"ocean_custom_logo_mobile_max_height":0,"ocean_header_custom_menu":"0","ocean_menu_typo_font_family":"0","ocean_menu_typo_font_subset":"","ocean_menu_typo_font_size":0,"ocean_menu_typo_font_size_tablet":0,"ocean_menu_typo_font_size_mobile":0,"ocean_menu_typo_font_size_unit":"px","ocean_menu_typo_font_weight":"","ocean_menu_typo_font_weight_tablet":"","ocean_menu_typo_font_weight_mobile":"","ocean_menu_typo_transform":"","ocean_menu_typo_transform_tablet":"","ocean_menu_typo_transform_mobile":"","ocean_menu_typo_line_height":0,"ocean_menu_typo_line_height_tablet":0,"ocean_menu_typo_line_height_mobile":0,"ocean_menu_typo_line_height_unit":"","ocean_menu_typo_spacing":0,"ocean_menu_typo_spacing_tablet":0,"ocean_menu_typo_spacing_mobile":0,"ocean_menu_typo_spacing_unit":"","ocean_menu_link_color":"","ocean_menu_link_color_hover":"","ocean_menu_link_color_active":"","ocean_menu_link_background":"","ocean_menu_link_hover_background":"","ocean_menu_link_active_background":"","ocean_menu_social_links_bg":"","ocean_menu_social_hover_links_bg":"","ocean_menu_social_links_color":"","ocean_menu_social_hover_links_color":"","ocean_disable_title":"default","ocean_disable_heading":"default","ocean_post_title":"","ocean_post_subheading":"","ocean_post_title_style":"background-image","ocean_post_title_background_color":"","ocean_post_title_background":9890,"ocean_post_title_bg_image_position":"","ocean_post_title_bg_image_attachment":"","ocean_post_title_bg_image_repeat":"","ocean_post_title_bg_image_size":"","ocean_post_title_height":0,"ocean_post_title_bg_overlay":0.5,"ocean_post_title_bg_overlay_color":"","ocean_disable_breadcrumbs":"default","ocean_breadcrumbs_color":"","ocean_breadcrumbs_separator_color":"","ocean_breadcrumbs_links_color":"","ocean_breadcrumbs_links_hover_color":"","ocean_display_footer_widgets":"default","ocean_display_footer_bottom":"default","ocean_custom_footer_template":"0","omw_enable_modal_window":"enable","osh_disable_topbar_sticky":"default","osh_disable_header_sticky":"default","osh_sticky_header_style":"default","osh_sticky_header_effect":"","osh_custom_sticky_logo":0,"osh_custom_retina_sticky_logo":0,"osh_custom_sticky_logo_height":0,"osh_background_color":"","osh_links_color":"","osh_links_hover_color":"","osh_links_active_color":"","osh_links_bg_color":"","osh_links_hover_bg_color":"","osh_links_active_bg_color":"","osh_menu_social_links_color":"","osh_menu_social_hover_links_color":""},"ort":[468,469,470,471,472,473,474,475,476,477,478,479,480],"sichtbarkeit":[],"templateoption":[179],"product_brand":[],"product_cat":[183],"product_tag":[],"class_list":{"0":"post-9888","1":"product","2":"type-product","3":"status-publish","4":"has-post-thumbnail","6":"ort-arguineguin","7":"ort-bahia-feliz","8":"ort-las-palmas","9":"ort-maspalomas","10":"ort-meloneras","11":"ort-playa-amadores","12":"ort-playa-del-cura","13":"ort-playa-del-ingles","14":"ort-puerto-de-mogan","15":"ort-puerto-rico","16":"ort-salobre","17":"ort-san-agustin","18":"ort-taurito","19":"templateoption-dertrip-bc","20":"product_cat-eintrittskarten","22":"entry","23":"has-media","25":"first","26":"instock","27":"virtual","28":"purchasable","29":"product-type-simple","30":"has-product-nav","31":"col","32":"span_1_of_3","33":"owp-content-center","34":"owp-thumbs-layout-horizontal","35":"owp-btn-normal","36":"owp-tabs-layout-section"},"acf":[],"_links":{"self":[{"href":"https:\/\/www.dertour-reiseleitung.com\/gran-canaria\/wp-json\/wp\/v2\/product\/9888","targetHints":{"allow":["GET"]}}],"collection":[{"href":"https:\/\/www.dertour-reiseleitung.com\/gran-canaria\/wp-json\/wp\/v2\/product"}],"about":[{"href":"https:\/\/www.dertour-reiseleitung.com\/gran-canaria\/wp-json\/wp\/v2\/types\/product"}],"version-history":[{"count":9,"href":"https:\/\/www.dertour-reiseleitung.com\/gran-canaria\/wp-json\/wp\/v2\/product\/9888\/revisions"}],"predecessor-version":[{"id":11986,"href":"https:\/\/www.dertour-reiseleitung.com\/gran-canaria\/wp-json\/wp\/v2\/product\/9888\/revisions\/11986"}],"wp:featuredmedia":[{"embeddable":true,"href":"https:\/\/www.dertour-reiseleitung.com\/gran-canaria\/wp-json\/wp\/v2\/media\/9890"}],"wp:attachment":[{"href":"https:\/\/www.dertour-reiseleitung.com\/gran-canaria\/wp-json\/wp\/v2\/media?parent=9888"}],"wp:term":[{"taxonomy":"ort","embeddable":true,"href":"https:\/\/www.dertour-reiseleitung.com\/gran-canaria\/wp-json\/wp\/v2\/ort?post=9888"},{"taxonomy":"sichtbarkeit","embeddable":true,"href":"https:\/\/www.dertour-reiseleitung.com\/gran-canaria\/wp-json\/wp\/v2\/sichtbarkeit?post=9888"},{"taxonomy":"templateoption","embeddable":true,"href":"https:\/\/www.dertour-reiseleitung.com\/gran-canaria\/wp-json\/wp\/v2\/templateoption?post=9888"},{"taxonomy":"product_brand","embeddable":true,"href":"https:\/\/www.dertour-reiseleitung.com\/gran-canaria\/wp-json\/wp\/v2\/product_brand?post=9888"},{"taxonomy":"product_cat","embeddable":true,"href":"https:\/\/www.dertour-reiseleitung.com\/gran-canaria\/wp-json\/wp\/v2\/product_cat?post=9888"},{"taxonomy":"product_tag","embeddable":true,"href":"https:\/\/www.dertour-reiseleitung.com\/gran-canaria\/wp-json\/wp\/v2\/product_tag?post=9888"}],"curies":[{"name":"wp","href":"https:\/\/api.w.org\/{rel}","templated":true}]}}