{"id":11420,"date":"2025-06-03T16:57:31","date_gmt":"2025-06-03T14:57:31","guid":{"rendered":"https:\/\/www.dertour-reiseleitung.com\/ibiza\/?post_type=product&#038;p=11420"},"modified":"2026-05-01T12:30:21","modified_gmt":"2026-05-01T10:30:21","slug":"diy-wanderungen-dds-021-1","status":"publish","type":"product","link":"https:\/\/www.dertour-reiseleitung.com\/ibiza\/aktivitaeten\/diy-wanderungen-dds-021-1\/","title":{"rendered":"DIY &#8211; Wanderungen"},"content":{"rendered":"<h3><strong>Do It Yourself (DIY)<\/strong><\/h3>\n<p>Erleben Sie Ibiza auf eigene Faust mit mehr als 20 selbstgef\u00fchrten Wanderungen und entdecken Sie die spektakul\u00e4rsten Orte der Insel. Diese Wanderungen f\u00fchren Sie zu idyllischen Str\u00e4nden, geheimen H\u00f6hlen und beeindruckenden Aussichtspunkten. Ihr Smartphone wird Sie sicher entlang der markierten Route f\u00fchren.<\/p>\n<p><strong>So funktionieren die Touren<\/strong><br \/>\nW\u00e4hlen Sie Ihre bevorzugte Wanderung aus dem Angebot und erhalten Sie den Ausgangspunkt und die detaillierte Route direkt auf Ihr Smartphone. Folgen Sie einfach der blauen Linie, um den Weg nicht zu verlieren und die sch\u00f6nsten Aussichtspunkte der Insel zu entdecken. Jede Route wurde sorgf\u00e4ltig und mehrfach getestet. Die App kann auch offline benutzt werden.<\/p>\n<p><strong>Verschiedene Niveaus<\/strong><br \/>\nDie Wanderrouten sind f\u00fcr jedes Schwierigkeitsniveau konzipiert. Sie k\u00f6nnen die Wanderungen nach Entfernung, Dauer, H\u00f6henmetern und Startort ausw\u00e4hlen, sodass f\u00fcr jeden etwas Passendes dabei ist.<\/p>\n<p>Verpassen Sie nicht die Gelegenheit, Ibiza auf eine einzigartige Weise zu erkunden. Buchen Sie jetzt Ihre DIY-Wanderung und lassen Sie sich von der nat\u00fcrlichen Sch\u00f6nheit der Insel verzaubern!<\/p>\n<p><strong>Ausflugsveranstalter:<\/strong>\u00a0Go Vacation Spain SLU, CIF B-57828360, AVBAL\/643<\/p>\n","protected":false},"excerpt":{"rendered":"<p>Do It Yourself (DIY) Erleben Sie Ibiza auf eigene Faust mit mehr als 20 selbstgef\u00fchrten Wanderungen und entdecken Sie die spektakul\u00e4rsten Orte der Insel. Diese Wanderungen f\u00fchren Sie zu idyllischen Str\u00e4nden, geheimen H\u00f6hlen und beeindruckenden Aussichtspunkten. Ihr Smartphone wird Sie sicher entlang der markierten Route f\u00fchren. So funktionieren die Touren W\u00e4hlen Sie Ihre bevorzugte Wanderung [&hellip;]<\/p>\n","protected":false},"featured_media":11416,"template":"","meta":{"_acf_changed":false,"ocean_post_layout":"","ocean_both_sidebars_style":"","ocean_both_sidebars_content_width":0,"ocean_both_sidebars_sidebars_width":0,"ocean_sidebar":"0","ocean_second_sidebar":"0","ocean_disable_margins":"enable","ocean_add_body_class":"","ocean_shortcode_before_top_bar":"","ocean_shortcode_after_top_bar":"","ocean_shortcode_before_header":"","ocean_shortcode_after_header":"","ocean_has_shortcode":"","ocean_shortcode_after_title":"","ocean_shortcode_before_footer_widgets":"","ocean_shortcode_after_footer_widgets":"","ocean_shortcode_before_footer_bottom":"","ocean_shortcode_after_footer_bottom":"","ocean_display_top_bar":"default","ocean_display_header":"default","ocean_header_style":"","ocean_center_header_left_menu":"0","ocean_custom_header_template":"0","ocean_custom_logo":0,"ocean_custom_retina_logo":0,"ocean_custom_logo_max_width":0,"ocean_custom_logo_tablet_max_width":0,"ocean_custom_logo_mobile_max_width":0,"ocean_custom_logo_max_height":0,"ocean_custom_logo_tablet_max_height":0,"ocean_custom_logo_mobile_max_height":0,"ocean_header_custom_menu":"0","ocean_menu_typo_font_family":"0","ocean_menu_typo_font_subset":"","ocean_menu_typo_font_size":0,"ocean_menu_typo_font_size_tablet":0,"ocean_menu_typo_font_size_mobile":0,"ocean_menu_typo_font_size_unit":"px","ocean_menu_typo_font_weight":"","ocean_menu_typo_font_weight_tablet":"","ocean_menu_typo_font_weight_mobile":"","ocean_menu_typo_transform":"","ocean_menu_typo_transform_tablet":"","ocean_menu_typo_transform_mobile":"","ocean_menu_typo_line_height":0,"ocean_menu_typo_line_height_tablet":0,"ocean_menu_typo_line_height_mobile":0,"ocean_menu_typo_line_height_unit":"","ocean_menu_typo_spacing":0,"ocean_menu_typo_spacing_tablet":0,"ocean_menu_typo_spacing_mobile":0,"ocean_menu_typo_spacing_unit":"","ocean_menu_link_color":"","ocean_menu_link_color_hover":"","ocean_menu_link_color_active":"","ocean_menu_link_background":"","ocean_menu_link_hover_background":"","ocean_menu_link_active_background":"","ocean_menu_social_links_bg":"","ocean_menu_social_hover_links_bg":"","ocean_menu_social_links_color":"","ocean_menu_social_hover_links_color":"","ocean_disable_title":"default","ocean_disable_heading":"default","ocean_post_title":"","ocean_post_subheading":"","ocean_post_title_style":"background-image","ocean_post_title_background_color":"","ocean_post_title_background":11418,"ocean_post_title_bg_image_position":"","ocean_post_title_bg_image_attachment":"","ocean_post_title_bg_image_repeat":"","ocean_post_title_bg_image_size":"","ocean_post_title_height":0,"ocean_post_title_bg_overlay":0.5,"ocean_post_title_bg_overlay_color":"","ocean_disable_breadcrumbs":"default","ocean_breadcrumbs_color":"","ocean_breadcrumbs_separator_color":"","ocean_breadcrumbs_links_color":"","ocean_breadcrumbs_links_hover_color":"","ocean_display_footer_widgets":"default","ocean_display_footer_bottom":"default","ocean_custom_footer_template":"0","omw_enable_modal_window":"enable","osh_disable_topbar_sticky":"default","osh_disable_header_sticky":"default","osh_sticky_header_style":"default","osh_sticky_header_effect":"","osh_custom_sticky_logo":0,"osh_custom_retina_sticky_logo":0,"osh_custom_sticky_logo_height":0,"osh_background_color":"","osh_links_color":"","osh_links_hover_color":"","osh_links_active_color":"","osh_links_bg_color":"","osh_links_hover_bg_color":"","osh_links_active_bg_color":"","osh_menu_social_links_color":"","osh_menu_social_hover_links_color":""},"ort":[474,475,469,481,478,476,467,471,461,466,458,460,480,463,459,464,477,462,556,468,465],"sichtbarkeit":[],"templateoption":[177],"product_brand":[],"product_cat":[182],"product_tag":[],"class_list":{"0":"post-11420","1":"product","2":"type-product","3":"status-publish","4":"has-post-thumbnail","6":"ort-cala-codolar","7":"ort-cala-figueral","8":"ort-cala-gracio","9":"ort-cala-llenya","10":"ort-cala-llonga","11":"ort-cala-san-vicente","12":"ort-cala-tarida","13":"ort-es-canar","14":"ort-figueretas","15":"ort-ibiza-stadt","16":"ort-playa-den-bossa","17":"ort-portinatx","18":"ort-puig-datzaro","19":"ort-sargamassa","20":"ort-san-antonio","21":"ort-san-miguel","22":"ort-san-rafael","23":"ort-santa-eulalia","24":"ort-santa-gertrudis","25":"ort-siesta","26":"ort-talamanca","27":"templateoption-dds","28":"product_cat-ausfluege","30":"entry","31":"has-media","33":"first","34":"instock","35":"virtual","36":"purchasable","37":"product-type-simple","38":"has-product-nav","39":"col","40":"span_1_of_3","41":"owp-content-center","42":"owp-thumbs-layout-horizontal","43":"owp-btn-normal","44":"owp-tabs-layout-section"},"acf":[],"_links":{"self":[{"href":"https:\/\/www.dertour-reiseleitung.com\/ibiza\/wp-json\/wp\/v2\/product\/11420","targetHints":{"allow":["GET"]}}],"collection":[{"href":"https:\/\/www.dertour-reiseleitung.com\/ibiza\/wp-json\/wp\/v2\/product"}],"about":[{"href":"https:\/\/www.dertour-reiseleitung.com\/ibiza\/wp-json\/wp\/v2\/types\/product"}],"version-history":[{"count":11,"href":"https:\/\/www.dertour-reiseleitung.com\/ibiza\/wp-json\/wp\/v2\/product\/11420\/revisions"}],"predecessor-version":[{"id":14675,"href":"https:\/\/www.dertour-reiseleitung.com\/ibiza\/wp-json\/wp\/v2\/product\/11420\/revisions\/14675"}],"wp:featuredmedia":[{"embeddable":true,"href":"https:\/\/www.dertour-reiseleitung.com\/ibiza\/wp-json\/wp\/v2\/media\/11416"}],"wp:attachment":[{"href":"https:\/\/www.dertour-reiseleitung.com\/ibiza\/wp-json\/wp\/v2\/media?parent=11420"}],"wp:term":[{"taxonomy":"ort","embeddable":true,"href":"https:\/\/www.dertour-reiseleitung.com\/ibiza\/wp-json\/wp\/v2\/ort?post=11420"},{"taxonomy":"sichtbarkeit","embeddable":true,"href":"https:\/\/www.dertour-reiseleitung.com\/ibiza\/wp-json\/wp\/v2\/sichtbarkeit?post=11420"},{"taxonomy":"templateoption","embeddable":true,"href":"https:\/\/www.dertour-reiseleitung.com\/ibiza\/wp-json\/wp\/v2\/templateoption?post=11420"},{"taxonomy":"product_brand","embeddable":true,"href":"https:\/\/www.dertour-reiseleitung.com\/ibiza\/wp-json\/wp\/v2\/product_brand?post=11420"},{"taxonomy":"product_cat","embeddable":true,"href":"https:\/\/www.dertour-reiseleitung.com\/ibiza\/wp-json\/wp\/v2\/product_cat?post=11420"},{"taxonomy":"product_tag","embeddable":true,"href":"https:\/\/www.dertour-reiseleitung.com\/ibiza\/wp-json\/wp\/v2\/product_tag?post=11420"}],"curies":[{"name":"wp","href":"https:\/\/api.w.org\/{rel}","templated":true}]}}