{"id":12858,"date":"2025-09-03T14:39:39","date_gmt":"2025-09-03T12:39:39","guid":{"rendered":"https:\/\/www.dertour-reiseleitung.com\/ibiza\/?post_type=product&#038;p=12858"},"modified":"2025-10-29T11:46:48","modified_gmt":"2025-10-29T09:46:48","slug":"santa-eulalia-ferry-faehrtickets","status":"publish","type":"product","link":"https:\/\/www.dertour-reiseleitung.com\/ibiza\/aktivitaeten\/santa-eulalia-ferry-faehrtickets\/","title":{"rendered":"Santa Eulalia Ferry (F\u00e4hrtickets)"},"content":{"rendered":"<h3>Ibiza-F\u00e4hre: Entdecken Sie Ibiza auf einzigartige Weise!<\/h3>\n<p>Mit der Santa Eulalia Ferry erleben Sie die Ostk\u00fcste Ibizas von ihrer sch\u00f6nsten Seite. Der umfangreiche Fahrplan verbindet Es Canar, Cala Pada, Santa Eulalia, Cala Llonga und Ibiza-Stadt.<\/p>\n<p>Genie\u00dfen Sie die Ankunft im lebhaften Hafen von Ibiza und bewundern Sie Dalt Vila, die Altstadt von Ibiza, mit mittelalterlicher Architektur und charmanten Kopfsteinpflasterstra\u00dfen.<\/p>\n<p>Erleben Sie t\u00fcrkisblaues Wasser an der Cala Llonga, eines der authentischen Restaurants in Wohlf\u00fchl-Athmosph\u00e4re an der Cala Pada oder sogar mittwochs den Hippiemarkt in Es Canar!<br \/>\nSie w\u00e4hlen wo Sie einsteigen \/ aussteigen m\u00f6chten.<\/p>\n<p>Formentera-F\u00e4hre: Ihr Tor zu Formentera!<\/p>\n<p>Santa Eulalia Ferry bietet Ihnen eine bequeme und vielseitige F\u00e4hrverbindung zwischen Ibiza und Formentera. Verlassen Sie Ibiza von Santa Eulalia, Es Canar, Cala Llonga oder Cala Pada und ersparen Sie sich die Fahrt zum Hafen von Ibiza. Es werden t\u00e4glich zwei Abfahrten und R\u00fcckfahrten angeboten (die F\u00e4hre verkehrt zwischen 10:00 und 20:00 Uhr, Zeiten f\u00fcr Hin- und R\u00fcckfahrt individuell bestimmbar).<\/p>\n<p>Buchen Sie jetzt Ihre unvergessliche Bootsfahrt und entdecken Sie die Sch\u00f6nheiten von Ibiza und Formentera!<\/p>\n<p>Kontaktieren Sie uns ganz einfach \u00fcber das Reservierungsformular, telefonisch oder per E-Mail und wir beraten Sie gerne, um die f\u00fcr Sie passende Route auszusuchen.<\/p>\n<p><strong>Ausflugsveranstalter: <\/strong>Go Vacation Spain SLU, CIF B-57828360, AVBAL\/643<\/p>\n","protected":false},"excerpt":{"rendered":"<p>Ibiza-F\u00e4hre: Entdecken Sie Ibiza auf einzigartige Weise! Mit der Santa Eulalia Ferry erleben Sie die Ostk\u00fcste Ibizas von ihrer sch\u00f6nsten Seite. Der umfangreiche Fahrplan verbindet Es Canar, Cala Pada, Santa Eulalia, Cala Llonga und Ibiza-Stadt. Genie\u00dfen Sie die Ankunft im lebhaften Hafen von Ibiza und bewundern Sie Dalt Vila, die Altstadt von Ibiza, mit mittelalterlicher [&hellip;]<\/p>\n","protected":false},"featured_media":12859,"template":"","meta":{"_acf_changed":false,"ocean_post_layout":"","ocean_both_sidebars_style":"","ocean_both_sidebars_content_width":0,"ocean_both_sidebars_sidebars_width":0,"ocean_sidebar":"0","ocean_second_sidebar":"0","ocean_disable_margins":"enable","ocean_add_body_class":"","ocean_shortcode_before_top_bar":"","ocean_shortcode_after_top_bar":"","ocean_shortcode_before_header":"","ocean_shortcode_after_header":"","ocean_has_shortcode":"","ocean_shortcode_after_title":"","ocean_shortcode_before_footer_widgets":"","ocean_shortcode_after_footer_widgets":"","ocean_shortcode_before_footer_bottom":"","ocean_shortcode_after_footer_bottom":"","ocean_display_top_bar":"default","ocean_display_header":"default","ocean_header_style":"","ocean_center_header_left_menu":"0","ocean_custom_header_template":"0","ocean_custom_logo":0,"ocean_custom_retina_logo":0,"ocean_custom_logo_max_width":0,"ocean_custom_logo_tablet_max_width":0,"ocean_custom_logo_mobile_max_width":0,"ocean_custom_logo_max_height":0,"ocean_custom_logo_tablet_max_height":0,"ocean_custom_logo_mobile_max_height":0,"ocean_header_custom_menu":"0","ocean_menu_typo_font_family":"0","ocean_menu_typo_font_subset":"","ocean_menu_typo_font_size":0,"ocean_menu_typo_font_size_tablet":0,"ocean_menu_typo_font_size_mobile":0,"ocean_menu_typo_font_size_unit":"px","ocean_menu_typo_font_weight":"","ocean_menu_typo_font_weight_tablet":"","ocean_menu_typo_font_weight_mobile":"","ocean_menu_typo_transform":"","ocean_menu_typo_transform_tablet":"","ocean_menu_typo_transform_mobile":"","ocean_menu_typo_line_height":0,"ocean_menu_typo_line_height_tablet":0,"ocean_menu_typo_line_height_mobile":0,"ocean_menu_typo_line_height_unit":"","ocean_menu_typo_spacing":0,"ocean_menu_typo_spacing_tablet":0,"ocean_menu_typo_spacing_mobile":0,"ocean_menu_typo_spacing_unit":"","ocean_menu_link_color":"","ocean_menu_link_color_hover":"","ocean_menu_link_color_active":"","ocean_menu_link_background":"","ocean_menu_link_hover_background":"","ocean_menu_link_active_background":"","ocean_menu_social_links_bg":"","ocean_menu_social_hover_links_bg":"","ocean_menu_social_links_color":"","ocean_menu_social_hover_links_color":"","ocean_disable_title":"default","ocean_disable_heading":"default","ocean_post_title":"","ocean_post_subheading":"","ocean_post_title_style":"background-image","ocean_post_title_background_color":"","ocean_post_title_background":12867,"ocean_post_title_bg_image_position":"","ocean_post_title_bg_image_attachment":"","ocean_post_title_bg_image_repeat":"","ocean_post_title_bg_image_size":"","ocean_post_title_height":0,"ocean_post_title_bg_overlay":0.5,"ocean_post_title_bg_overlay_color":"","ocean_disable_breadcrumbs":"default","ocean_breadcrumbs_color":"","ocean_breadcrumbs_separator_color":"","ocean_breadcrumbs_links_color":"","ocean_breadcrumbs_links_hover_color":"","ocean_display_footer_widgets":"default","ocean_display_footer_bottom":"default","ocean_custom_footer_template":"0","omw_enable_modal_window":"enable","osh_disable_topbar_sticky":"default","osh_disable_header_sticky":"default","osh_sticky_header_style":"default","osh_sticky_header_effect":"","osh_custom_sticky_logo":0,"osh_custom_retina_sticky_logo":0,"osh_custom_sticky_logo_height":0,"osh_background_color":"","osh_links_color":"","osh_links_hover_color":"","osh_links_active_color":"","osh_links_bg_color":"","osh_links_hover_bg_color":"","osh_links_active_bg_color":"","osh_menu_social_links_color":"","osh_menu_social_hover_links_color":""},"ort":[474,475,469,481,478,476,467,471,461,466,458,460,480,463,459,464,477,462,556,468,465],"sichtbarkeit":[],"templateoption":[176],"product_brand":[],"product_cat":[183],"product_tag":[],"class_list":{"0":"post-12858","1":"product","2":"type-product","3":"status-publish","4":"has-post-thumbnail","6":"ort-cala-codolar","7":"ort-cala-figueral","8":"ort-cala-gracio","9":"ort-cala-llenya","10":"ort-cala-llonga","11":"ort-cala-san-vicente","12":"ort-cala-tarida","13":"ort-es-canar","14":"ort-figueretas","15":"ort-ibiza-stadt","16":"ort-playa-den-bossa","17":"ort-portinatx","18":"ort-puig-datzaro","19":"ort-sargamassa","20":"ort-san-antonio","21":"ort-san-miguel","22":"ort-san-rafael","23":"ort-santa-eulalia","24":"ort-santa-gertrudis","25":"ort-siesta","26":"ort-talamanca","27":"templateoption-ohne-buchungskalender","28":"product_cat-eintrittskarten","30":"entry","31":"has-media","33":"first","34":"instock","35":"shipping-taxable","36":"purchasable","37":"product-type-simple","38":"has-product-nav","39":"col","40":"span_1_of_3","41":"owp-content-center","42":"owp-thumbs-layout-horizontal","43":"owp-btn-normal","44":"owp-tabs-layout-section"},"acf":[],"_links":{"self":[{"href":"https:\/\/www.dertour-reiseleitung.com\/ibiza\/wp-json\/wp\/v2\/product\/12858","targetHints":{"allow":["GET"]}}],"collection":[{"href":"https:\/\/www.dertour-reiseleitung.com\/ibiza\/wp-json\/wp\/v2\/product"}],"about":[{"href":"https:\/\/www.dertour-reiseleitung.com\/ibiza\/wp-json\/wp\/v2\/types\/product"}],"version-history":[{"count":4,"href":"https:\/\/www.dertour-reiseleitung.com\/ibiza\/wp-json\/wp\/v2\/product\/12858\/revisions"}],"predecessor-version":[{"id":13760,"href":"https:\/\/www.dertour-reiseleitung.com\/ibiza\/wp-json\/wp\/v2\/product\/12858\/revisions\/13760"}],"wp:featuredmedia":[{"embeddable":true,"href":"https:\/\/www.dertour-reiseleitung.com\/ibiza\/wp-json\/wp\/v2\/media\/12859"}],"wp:attachment":[{"href":"https:\/\/www.dertour-reiseleitung.com\/ibiza\/wp-json\/wp\/v2\/media?parent=12858"}],"wp:term":[{"taxonomy":"ort","embeddable":true,"href":"https:\/\/www.dertour-reiseleitung.com\/ibiza\/wp-json\/wp\/v2\/ort?post=12858"},{"taxonomy":"sichtbarkeit","embeddable":true,"href":"https:\/\/www.dertour-reiseleitung.com\/ibiza\/wp-json\/wp\/v2\/sichtbarkeit?post=12858"},{"taxonomy":"templateoption","embeddable":true,"href":"https:\/\/www.dertour-reiseleitung.com\/ibiza\/wp-json\/wp\/v2\/templateoption?post=12858"},{"taxonomy":"product_brand","embeddable":true,"href":"https:\/\/www.dertour-reiseleitung.com\/ibiza\/wp-json\/wp\/v2\/product_brand?post=12858"},{"taxonomy":"product_cat","embeddable":true,"href":"https:\/\/www.dertour-reiseleitung.com\/ibiza\/wp-json\/wp\/v2\/product_cat?post=12858"},{"taxonomy":"product_tag","embeddable":true,"href":"https:\/\/www.dertour-reiseleitung.com\/ibiza\/wp-json\/wp\/v2\/product_tag?post=12858"}],"curies":[{"name":"wp","href":"https:\/\/api.w.org\/{rel}","templated":true}]}}