{"id":13011,"date":"2025-09-12T11:13:23","date_gmt":"2025-09-12T09:13:23","guid":{"rendered":"https:\/\/www.dertour-reiseleitung.com\/ibiza\/?post_type=product&#038;p=13011"},"modified":"2026-04-10T11:50:32","modified_gmt":"2026-04-10T09:50:32","slug":"mini-train-es-canar-dds-026-1","status":"publish","type":"product","link":"https:\/\/www.dertour-reiseleitung.com\/ibiza\/aktivitaeten\/mini-train-es-canar-dds-026-1\/","title":{"rendered":"Mini Train Es Canar"},"content":{"rendered":"<h3>Erleben Sie Ibiza auf eine besondere und gem\u00fctliche Art mit unserer Inselrundfahrt im Mini Zug!<\/h3>\n<p>Diese einzigartigen Touren f\u00fchren Sie durch malerische Landschaften, charmante D\u00f6rfer und zu den sch\u00f6nsten Str\u00e4nden der Insel.<br \/>\nDer Mini Zug bietet eine entspannte und familienfreundliche M\u00f6glichkeit, Ibiza zu entdecken und mehr \u00fcber die Kultur und Geschichte der Insel zu erfahren.<\/p>\n<p>Sie k\u00f6nnen zwischen folgenden Strecken w\u00e4hlen, Abfahrt jeweils in Es Canar:<\/p>\n<ul class=\"square\">\n<li><strong>Dorf San Carlos und Str\u00e4nde<\/strong>, t\u00e4glich au\u00dfer Mittwochs (um 10:30 Uhr): Die Tour f\u00fchrt Sie durch einige der sch\u00f6nsten Landschaften der Insel. Zu den Highlights geh\u00f6ren das malerische Dorf San Carlos de Peralta mit seiner Kirche aus dem 18. Jahrhundert, die bezaubernde Playa Es Figueral und der romantische Fischerhafen Pou Des Lle\u00f3. Weiter geht es entlang der K\u00fcste zu den Str\u00e4nden Cala Mastella, Cala Llenya und Cala Nova. W\u00e4hrend der Tour haben Sie die M\u00f6glichkeit, sich zu entspannen und ein erfrischendes Bad zu nehmen.<\/li>\n<li><strong>Kultur, Umwelt und Str\u00e4nde<\/strong>, Dienstags und Donnerstags (um 15:30 Uhr): Die Tour f\u00fchrt Sie durch die idyllischen Landschaften des Inselinneren, wo Sie die typische Vegetation und Architektur Ibizas entdecken k\u00f6nnen. Im malerischen Dorf San Carlos bewundern Sie die Kirche aus dem 18. Jahrhundert. Anschlie\u00dfend besuchen Sie ein traditionelles Bauernhaus (freier Eintritt), das Einblicke in das Leben fr\u00fcherer Generationen auf Ibiza bietet. Auf der Anh\u00f6he Puig de Missa besichtigen Sie die Kirche von Santa Eul\u00e0ria des Riu aus dem 16. Jahrhundert mit ihrem Wehrturm. Abschlie\u00dfend besuchen Sie den Strand Niu Blau, wo Sie sich entspannen, etwas trinken oder im Meer baden k\u00f6nnen.<\/li>\n<li><strong>Hippiemarkt Las Dalias und Str\u00e4nde<\/strong>, immer Samstags (um 15:30 Uhr): Erleben Sie die Sch\u00f6nheit und Urspr\u00fcnglichkeit des Inselinneren auf wenig befahrenen, l\u00e4ndlichen Strecken. Besuchen Sie den \u00fcber 35 Jahre alten Hippiemarkt von Las Dalias und genie\u00dfen Sie 80 Minuten zum St\u00f6bern der verschiedenen Kunst, Schmuck und anderen vielseitigen St\u00e4nden. Weiter geht es zum Dorf Sant Carles und dem ruhigen Strand Es Niu Blau, wo Sie Sonnenbaden, im Meer schwimmen oder einen Snack unter idyllischen Pinien genie\u00dfen k\u00f6nnen. Auf dem R\u00fcckweg nach Es Canar passieren Sie die K\u00fcste der Bucht Cala Martina.<\/li>\n<\/ul>\n<p><strong>Ausflugsveranstalter:<\/strong> Go Vacation Spain SLU, CIF B-57828360, AVBAL\/643<\/p>\n","protected":false},"excerpt":{"rendered":"<p>Erleben Sie Ibiza auf eine besondere und gem\u00fctliche Art mit unserer Inselrundfahrt im Mini Zug! Diese einzigartigen Touren f\u00fchren Sie durch malerische Landschaften, charmante D\u00f6rfer und zu den sch\u00f6nsten Str\u00e4nden der Insel. Der Mini Zug bietet eine entspannte und familienfreundliche M\u00f6glichkeit, Ibiza zu entdecken und mehr \u00fcber die Kultur und Geschichte der Insel zu erfahren. [&hellip;]<\/p>\n","protected":false},"featured_media":13010,"template":"","meta":{"_acf_changed":false,"ocean_post_layout":"","ocean_both_sidebars_style":"","ocean_both_sidebars_content_width":0,"ocean_both_sidebars_sidebars_width":0,"ocean_sidebar":"0","ocean_second_sidebar":"0","ocean_disable_margins":"enable","ocean_add_body_class":"","ocean_shortcode_before_top_bar":"","ocean_shortcode_after_top_bar":"","ocean_shortcode_before_header":"","ocean_shortcode_after_header":"","ocean_has_shortcode":"","ocean_shortcode_after_title":"","ocean_shortcode_before_footer_widgets":"","ocean_shortcode_after_footer_widgets":"","ocean_shortcode_before_footer_bottom":"","ocean_shortcode_after_footer_bottom":"","ocean_display_top_bar":"default","ocean_display_header":"default","ocean_header_style":"","ocean_center_header_left_menu":"0","ocean_custom_header_template":"0","ocean_custom_logo":0,"ocean_custom_retina_logo":0,"ocean_custom_logo_max_width":0,"ocean_custom_logo_tablet_max_width":0,"ocean_custom_logo_mobile_max_width":0,"ocean_custom_logo_max_height":0,"ocean_custom_logo_tablet_max_height":0,"ocean_custom_logo_mobile_max_height":0,"ocean_header_custom_menu":"0","ocean_menu_typo_font_family":"0","ocean_menu_typo_font_subset":"","ocean_menu_typo_font_size":0,"ocean_menu_typo_font_size_tablet":0,"ocean_menu_typo_font_size_mobile":0,"ocean_menu_typo_font_size_unit":"px","ocean_menu_typo_font_weight":"","ocean_menu_typo_font_weight_tablet":"","ocean_menu_typo_font_weight_mobile":"","ocean_menu_typo_transform":"","ocean_menu_typo_transform_tablet":"","ocean_menu_typo_transform_mobile":"","ocean_menu_typo_line_height":0,"ocean_menu_typo_line_height_tablet":0,"ocean_menu_typo_line_height_mobile":0,"ocean_menu_typo_line_height_unit":"","ocean_menu_typo_spacing":0,"ocean_menu_typo_spacing_tablet":0,"ocean_menu_typo_spacing_mobile":0,"ocean_menu_typo_spacing_unit":"","ocean_menu_link_color":"","ocean_menu_link_color_hover":"","ocean_menu_link_color_active":"","ocean_menu_link_background":"","ocean_menu_link_hover_background":"","ocean_menu_link_active_background":"","ocean_menu_social_links_bg":"","ocean_menu_social_hover_links_bg":"","ocean_menu_social_links_color":"","ocean_menu_social_hover_links_color":"","ocean_disable_title":"default","ocean_disable_heading":"default","ocean_post_title":"","ocean_post_subheading":"","ocean_post_title_style":"background-image","ocean_post_title_background_color":"","ocean_post_title_background":9537,"ocean_post_title_bg_image_position":"","ocean_post_title_bg_image_attachment":"","ocean_post_title_bg_image_repeat":"","ocean_post_title_bg_image_size":"","ocean_post_title_height":0,"ocean_post_title_bg_overlay":0.5,"ocean_post_title_bg_overlay_color":"","ocean_disable_breadcrumbs":"default","ocean_breadcrumbs_color":"","ocean_breadcrumbs_separator_color":"","ocean_breadcrumbs_links_color":"","ocean_breadcrumbs_links_hover_color":"","ocean_display_footer_widgets":"default","ocean_display_footer_bottom":"default","ocean_custom_footer_template":"0","omw_enable_modal_window":"enable","osh_disable_topbar_sticky":"default","osh_disable_header_sticky":"default","osh_sticky_header_style":"default","osh_sticky_header_effect":"","osh_custom_sticky_logo":0,"osh_custom_retina_sticky_logo":0,"osh_custom_sticky_logo_height":0,"osh_background_color":"","osh_links_color":"","osh_links_hover_color":"","osh_links_active_color":"","osh_links_bg_color":"","osh_links_hover_bg_color":"","osh_links_active_bg_color":"","osh_menu_social_links_color":"","osh_menu_social_hover_links_color":""},"ort":[475,481,478,476,471,463,462,468],"sichtbarkeit":[],"templateoption":[177],"product_brand":[],"product_cat":[24],"product_tag":[],"class_list":{"0":"post-13011","1":"product","2":"type-product","3":"status-publish","4":"has-post-thumbnail","6":"ort-cala-figueral","7":"ort-cala-llenya","8":"ort-cala-llonga","9":"ort-cala-san-vicente","10":"ort-es-canar","11":"ort-sargamassa","12":"ort-santa-eulalia","13":"ort-siesta","14":"templateoption-dds","15":"product_cat-aktivitaeten","17":"entry","18":"has-media","20":"first","21":"instock","22":"virtual","23":"purchasable","24":"product-type-simple","25":"has-product-nav","26":"col","27":"span_1_of_3","28":"owp-content-center","29":"owp-thumbs-layout-horizontal","30":"owp-btn-normal","31":"owp-tabs-layout-section"},"acf":[],"_links":{"self":[{"href":"https:\/\/www.dertour-reiseleitung.com\/ibiza\/wp-json\/wp\/v2\/product\/13011","targetHints":{"allow":["GET"]}}],"collection":[{"href":"https:\/\/www.dertour-reiseleitung.com\/ibiza\/wp-json\/wp\/v2\/product"}],"about":[{"href":"https:\/\/www.dertour-reiseleitung.com\/ibiza\/wp-json\/wp\/v2\/types\/product"}],"version-history":[{"count":6,"href":"https:\/\/www.dertour-reiseleitung.com\/ibiza\/wp-json\/wp\/v2\/product\/13011\/revisions"}],"predecessor-version":[{"id":14383,"href":"https:\/\/www.dertour-reiseleitung.com\/ibiza\/wp-json\/wp\/v2\/product\/13011\/revisions\/14383"}],"wp:featuredmedia":[{"embeddable":true,"href":"https:\/\/www.dertour-reiseleitung.com\/ibiza\/wp-json\/wp\/v2\/media\/13010"}],"wp:attachment":[{"href":"https:\/\/www.dertour-reiseleitung.com\/ibiza\/wp-json\/wp\/v2\/media?parent=13011"}],"wp:term":[{"taxonomy":"ort","embeddable":true,"href":"https:\/\/www.dertour-reiseleitung.com\/ibiza\/wp-json\/wp\/v2\/ort?post=13011"},{"taxonomy":"sichtbarkeit","embeddable":true,"href":"https:\/\/www.dertour-reiseleitung.com\/ibiza\/wp-json\/wp\/v2\/sichtbarkeit?post=13011"},{"taxonomy":"templateoption","embeddable":true,"href":"https:\/\/www.dertour-reiseleitung.com\/ibiza\/wp-json\/wp\/v2\/templateoption?post=13011"},{"taxonomy":"product_brand","embeddable":true,"href":"https:\/\/www.dertour-reiseleitung.com\/ibiza\/wp-json\/wp\/v2\/product_brand?post=13011"},{"taxonomy":"product_cat","embeddable":true,"href":"https:\/\/www.dertour-reiseleitung.com\/ibiza\/wp-json\/wp\/v2\/product_cat?post=13011"},{"taxonomy":"product_tag","embeddable":true,"href":"https:\/\/www.dertour-reiseleitung.com\/ibiza\/wp-json\/wp\/v2\/product_tag?post=13011"}],"curies":[{"name":"wp","href":"https:\/\/api.w.org\/{rel}","templated":true}]}}