{"id":13015,"date":"2025-09-12T12:05:52","date_gmt":"2025-09-12T10:05:52","guid":{"rendered":"https:\/\/www.dertour-reiseleitung.com\/ibiza\/?post_type=product&#038;p=13015"},"modified":"2026-04-10T11:50:36","modified_gmt":"2026-04-10T09:50:36","slug":"mini-train-portinatx-dds-026-2","status":"publish","type":"product","link":"https:\/\/www.dertour-reiseleitung.com\/ibiza\/aktivitaeten\/mini-train-portinatx-dds-026-2\/","title":{"rendered":"Mini Train Portinatx"},"content":{"rendered":"<h3>Erleben Sie Ibiza auf eine besondere und gem\u00fctliche Art mit unserer Inselrundfahrt im Mini Zug!<\/h3>\n<p>Diese einzigartigen Touren f\u00fchren Sie durch malerische Landschaften, charmante D\u00f6rfer und zu den sch\u00f6nsten Str\u00e4nden der Insel.<br \/>\nDer Mini Zug bietet eine entspannte und familienfreundliche M\u00f6glichkeit, Ibiza zu entdecken und mehr \u00fcber die Kultur und Geschichte der Insel zu erfahren.<\/p>\n<p>Sie k\u00f6nnen zwischen folgenden Strecken w\u00e4hlen, Abfahrt jeweils in Portinatx:<\/p>\n<ul class=\"square\">\n<li><strong>Portinatx &amp; San Miguel<\/strong>, immer Dienstags (um 10:30 Uhr): Bewundern Sie die K\u00fcstenlinie der Bucht Cala Xarraca und begeben Sie sich ins Inselinnere. In Port de Sant Miguel haben Sie ca. 80 Minuten Zeit entweder am Strand zu entspannen oder die H\u00f6hlen von Can Mar\u00e7\u00e0 zu besuchen (Eintritt nicht im Preis inbegriffen, Tickets hier erh\u00e4ltlich). Weiter geht es zum Dorf Sant Joan, wo Sie die Kirche aus dem 18. Jahrhundert besichtigen und den Lik\u00f6r \u201eHierbas Ibicencas\u201c probieren k\u00f6nnen. Der R\u00fcckweg nach Portinatx f\u00fchrt \u00fcber die malerische alte Landstra\u00dfe, wo man einen Blick auf alte Bauernh\u00e4usern und farbenfroher Natur erhaschen kann.<\/li>\n<li><strong>Portinatx &amp; San Joan<\/strong>, immer Donnerstags (um 10:30 Uhr): Bewundern Sie die K\u00fcstenlinie der Bucht Cala Xarraca. Entspannen Sie am abgelegenen Strand von Benirr\u00e0s, bekannt f\u00fcr seine Hippiekultur. Im Dorf Sant Joan k\u00f6nnen Sie die Kirche aus dem 18. Jahrhundert bewundern und \u2013 wenn Sie m\u00f6chten \u2013 den Lik\u00f6r \u201eHierbas Ibicencas\u201c kosten, der vor Ort produziert wird. Nutzen Sie die Einkaufsm\u00f6glichkeiten in den kleinen L\u00e4dchen, im Supermarkt, der Apotheke oder am Kiosk. Der R\u00fcckweg f\u00fchrt \u00fcber die malerische alte Landstra\u00dfe nach Portinatx, ges\u00e4umt von alten Bauernh\u00e4usern und farbenfroher Natur.<\/li>\n<\/ul>\n<p><strong>Ausflugsveranstalter:<\/strong> Go Vacation Spain SLU, CIF B-57828360, AVBAL\/643<\/p>\n","protected":false},"excerpt":{"rendered":"<p>Erleben Sie Ibiza auf eine besondere und gem\u00fctliche Art mit unserer Inselrundfahrt im Mini Zug! Diese einzigartigen Touren f\u00fchren Sie durch malerische Landschaften, charmante D\u00f6rfer und zu den sch\u00f6nsten Str\u00e4nden der Insel. Der Mini Zug bietet eine entspannte und familienfreundliche M\u00f6glichkeit, Ibiza zu entdecken und mehr \u00fcber die Kultur und Geschichte der Insel zu erfahren. [&hellip;]<\/p>\n","protected":false},"featured_media":13010,"template":"","meta":{"_acf_changed":false,"ocean_post_layout":"","ocean_both_sidebars_style":"","ocean_both_sidebars_content_width":0,"ocean_both_sidebars_sidebars_width":0,"ocean_sidebar":"0","ocean_second_sidebar":"0","ocean_disable_margins":"enable","ocean_add_body_class":"","ocean_shortcode_before_top_bar":"","ocean_shortcode_after_top_bar":"","ocean_shortcode_before_header":"","ocean_shortcode_after_header":"","ocean_has_shortcode":"","ocean_shortcode_after_title":"","ocean_shortcode_before_footer_widgets":"","ocean_shortcode_after_footer_widgets":"","ocean_shortcode_before_footer_bottom":"","ocean_shortcode_after_footer_bottom":"","ocean_display_top_bar":"default","ocean_display_header":"default","ocean_header_style":"","ocean_center_header_left_menu":"0","ocean_custom_header_template":"0","ocean_custom_logo":0,"ocean_custom_retina_logo":0,"ocean_custom_logo_max_width":0,"ocean_custom_logo_tablet_max_width":0,"ocean_custom_logo_mobile_max_width":0,"ocean_custom_logo_max_height":0,"ocean_custom_logo_tablet_max_height":0,"ocean_custom_logo_mobile_max_height":0,"ocean_header_custom_menu":"0","ocean_menu_typo_font_family":"0","ocean_menu_typo_font_subset":"","ocean_menu_typo_font_size":0,"ocean_menu_typo_font_size_tablet":0,"ocean_menu_typo_font_size_mobile":0,"ocean_menu_typo_font_size_unit":"px","ocean_menu_typo_font_weight":"","ocean_menu_typo_font_weight_tablet":"","ocean_menu_typo_font_weight_mobile":"","ocean_menu_typo_transform":"","ocean_menu_typo_transform_tablet":"","ocean_menu_typo_transform_mobile":"","ocean_menu_typo_line_height":0,"ocean_menu_typo_line_height_tablet":0,"ocean_menu_typo_line_height_mobile":0,"ocean_menu_typo_line_height_unit":"","ocean_menu_typo_spacing":0,"ocean_menu_typo_spacing_tablet":0,"ocean_menu_typo_spacing_mobile":0,"ocean_menu_typo_spacing_unit":"","ocean_menu_link_color":"","ocean_menu_link_color_hover":"","ocean_menu_link_color_active":"","ocean_menu_link_background":"","ocean_menu_link_hover_background":"","ocean_menu_link_active_background":"","ocean_menu_social_links_bg":"","ocean_menu_social_hover_links_bg":"","ocean_menu_social_links_color":"","ocean_menu_social_hover_links_color":"","ocean_disable_title":"default","ocean_disable_heading":"default","ocean_post_title":"","ocean_post_subheading":"","ocean_post_title_style":"background-image","ocean_post_title_background_color":"","ocean_post_title_background":9537,"ocean_post_title_bg_image_position":"","ocean_post_title_bg_image_attachment":"","ocean_post_title_bg_image_repeat":"","ocean_post_title_bg_image_size":"","ocean_post_title_height":0,"ocean_post_title_bg_overlay":0.5,"ocean_post_title_bg_overlay_color":"","ocean_disable_breadcrumbs":"default","ocean_breadcrumbs_color":"","ocean_breadcrumbs_separator_color":"","ocean_breadcrumbs_links_color":"","ocean_breadcrumbs_links_hover_color":"","ocean_display_footer_widgets":"default","ocean_display_footer_bottom":"default","ocean_custom_footer_template":"0","omw_enable_modal_window":"enable","osh_disable_topbar_sticky":"default","osh_disable_header_sticky":"default","osh_sticky_header_style":"default","osh_sticky_header_effect":"","osh_custom_sticky_logo":0,"osh_custom_retina_sticky_logo":0,"osh_custom_sticky_logo_height":0,"osh_background_color":"","osh_links_color":"","osh_links_hover_color":"","osh_links_active_color":"","osh_links_bg_color":"","osh_links_hover_bg_color":"","osh_links_active_bg_color":"","osh_menu_social_links_color":"","osh_menu_social_hover_links_color":""},"ort":[460],"sichtbarkeit":[],"templateoption":[177],"product_brand":[],"product_cat":[24],"product_tag":[],"class_list":{"0":"post-13015","1":"product","2":"type-product","3":"status-publish","4":"has-post-thumbnail","6":"ort-portinatx","7":"templateoption-dds","8":"product_cat-aktivitaeten","10":"entry","11":"has-media","13":"first","14":"instock","15":"virtual","16":"purchasable","17":"product-type-simple","18":"has-product-nav","19":"col","20":"span_1_of_3","21":"owp-content-center","22":"owp-thumbs-layout-horizontal","23":"owp-btn-normal","24":"owp-tabs-layout-section"},"acf":[],"_links":{"self":[{"href":"https:\/\/www.dertour-reiseleitung.com\/ibiza\/wp-json\/wp\/v2\/product\/13015","targetHints":{"allow":["GET"]}}],"collection":[{"href":"https:\/\/www.dertour-reiseleitung.com\/ibiza\/wp-json\/wp\/v2\/product"}],"about":[{"href":"https:\/\/www.dertour-reiseleitung.com\/ibiza\/wp-json\/wp\/v2\/types\/product"}],"version-history":[{"count":8,"href":"https:\/\/www.dertour-reiseleitung.com\/ibiza\/wp-json\/wp\/v2\/product\/13015\/revisions"}],"predecessor-version":[{"id":14384,"href":"https:\/\/www.dertour-reiseleitung.com\/ibiza\/wp-json\/wp\/v2\/product\/13015\/revisions\/14384"}],"wp:featuredmedia":[{"embeddable":true,"href":"https:\/\/www.dertour-reiseleitung.com\/ibiza\/wp-json\/wp\/v2\/media\/13010"}],"wp:attachment":[{"href":"https:\/\/www.dertour-reiseleitung.com\/ibiza\/wp-json\/wp\/v2\/media?parent=13015"}],"wp:term":[{"taxonomy":"ort","embeddable":true,"href":"https:\/\/www.dertour-reiseleitung.com\/ibiza\/wp-json\/wp\/v2\/ort?post=13015"},{"taxonomy":"sichtbarkeit","embeddable":true,"href":"https:\/\/www.dertour-reiseleitung.com\/ibiza\/wp-json\/wp\/v2\/sichtbarkeit?post=13015"},{"taxonomy":"templateoption","embeddable":true,"href":"https:\/\/www.dertour-reiseleitung.com\/ibiza\/wp-json\/wp\/v2\/templateoption?post=13015"},{"taxonomy":"product_brand","embeddable":true,"href":"https:\/\/www.dertour-reiseleitung.com\/ibiza\/wp-json\/wp\/v2\/product_brand?post=13015"},{"taxonomy":"product_cat","embeddable":true,"href":"https:\/\/www.dertour-reiseleitung.com\/ibiza\/wp-json\/wp\/v2\/product_cat?post=13015"},{"taxonomy":"product_tag","embeddable":true,"href":"https:\/\/www.dertour-reiseleitung.com\/ibiza\/wp-json\/wp\/v2\/product_tag?post=13015"}],"curies":[{"name":"wp","href":"https:\/\/api.w.org\/{rel}","templated":true}]}}