{"id":9491,"date":"2025-03-11T16:42:52","date_gmt":"2025-03-11T15:42:52","guid":{"rendered":"https:\/\/rldev.dts.dmcit.tech\/ibiza\/aktivitaeten\/https-dertouristik-reiseleitung-com-ibiza-ausflug-formentera-star-sunset-mit-ohne-transfer-ab-formentera\/"},"modified":"2026-04-10T11:49:17","modified_gmt":"2026-04-10T09:49:17","slug":"formentera-star-sunset-mit-ohne-transfer-dds-018-3","status":"publish","type":"product","link":"https:\/\/www.dertour-reiseleitung.com\/ibiza\/aktivitaeten\/formentera-star-sunset-mit-ohne-transfer-dds-018-3\/","title":{"rendered":"Formentera Star Sunset (mit\/ohne Transfer)"},"content":{"rendered":"<h3>Erleben Sie Traumstrand plus Sonnenuntergang auf dem Meer mit dem Katamaran Formentera Star!<\/h3>\n<p>Fahren Sie entlang der n\u00f6rdlichen Sandbank von Formentera und ankern Sie im Meeresreservat der unbewohnten Insel Espalmador. Diese steht unter Naturschutz und Sie baden am Nachmittag am fast menschenleeren Strand. Das kristallklare Wasser erinnert an die Karibik.<\/p>\n<p>Genie\u00dfen Sie die zauberhafte Abendstimmung bei einem Barbecue auf dem Katamaran. Das leckere Essen wird direkt an Bord von der netten Crew frisch f\u00fcr Sie zubereitet.<\/p>\n<p>Es wird nicht auf dem gesch\u00fctzten Poseidongras geankert. Wir hinterlassen keinen M\u00fcll, nur die Spuren unserer F\u00fc\u00dfe im Sand.<\/p>\n<p><strong>Ausflugsveranstalter:<\/strong> Go Vacation Spain SLU, CIF B-57828360, AVBAL\/643<\/p>\n","protected":false},"excerpt":{"rendered":"<p>Erleben Sie Traumstrand plus Sonnenuntergang auf dem Meer mit dem Katamaran Formentera Star! Fahren Sie entlang der n\u00f6rdlichen Sandbank von Formentera und ankern Sie im Meeresreservat der unbewohnten Insel Espalmador. Diese steht unter Naturschutz und Sie baden am Nachmittag am fast menschenleeren Strand. Das kristallklare Wasser erinnert an die Karibik. Genie\u00dfen Sie die zauberhafte Abendstimmung [&hellip;]<\/p>\n","protected":false},"featured_media":9487,"template":"","meta":{"_acf_changed":false,"ocean_post_layout":"","ocean_both_sidebars_style":"","ocean_both_sidebars_content_width":0,"ocean_both_sidebars_sidebars_width":0,"ocean_sidebar":"0","ocean_second_sidebar":"0","ocean_disable_margins":"enable","ocean_add_body_class":"","ocean_shortcode_before_top_bar":"","ocean_shortcode_after_top_bar":"","ocean_shortcode_before_header":"","ocean_shortcode_after_header":"","ocean_has_shortcode":"","ocean_shortcode_after_title":"","ocean_shortcode_before_footer_widgets":"","ocean_shortcode_after_footer_widgets":"","ocean_shortcode_before_footer_bottom":"","ocean_shortcode_after_footer_bottom":"","ocean_display_top_bar":"default","ocean_display_header":"default","ocean_header_style":"","ocean_center_header_left_menu":"0","ocean_custom_header_template":"0","ocean_custom_logo":0,"ocean_custom_retina_logo":0,"ocean_custom_logo_max_width":0,"ocean_custom_logo_tablet_max_width":0,"ocean_custom_logo_mobile_max_width":0,"ocean_custom_logo_max_height":0,"ocean_custom_logo_tablet_max_height":0,"ocean_custom_logo_mobile_max_height":0,"ocean_header_custom_menu":"0","ocean_menu_typo_font_family":"0","ocean_menu_typo_font_subset":"","ocean_menu_typo_font_size":0,"ocean_menu_typo_font_size_tablet":0,"ocean_menu_typo_font_size_mobile":0,"ocean_menu_typo_font_size_unit":"px","ocean_menu_typo_font_weight":"","ocean_menu_typo_font_weight_tablet":"","ocean_menu_typo_font_weight_mobile":"","ocean_menu_typo_transform":"","ocean_menu_typo_transform_tablet":"","ocean_menu_typo_transform_mobile":"","ocean_menu_typo_line_height":0,"ocean_menu_typo_line_height_tablet":0,"ocean_menu_typo_line_height_mobile":0,"ocean_menu_typo_line_height_unit":"","ocean_menu_typo_spacing":0,"ocean_menu_typo_spacing_tablet":0,"ocean_menu_typo_spacing_mobile":0,"ocean_menu_typo_spacing_unit":"","ocean_menu_link_color":"","ocean_menu_link_color_hover":"","ocean_menu_link_color_active":"","ocean_menu_link_background":"","ocean_menu_link_hover_background":"","ocean_menu_link_active_background":"","ocean_menu_social_links_bg":"","ocean_menu_social_hover_links_bg":"","ocean_menu_social_links_color":"","ocean_menu_social_hover_links_color":"","ocean_disable_title":"default","ocean_disable_heading":"default","ocean_post_title":"","ocean_post_subheading":"","ocean_post_title_style":"background-image","ocean_post_title_background_color":"","ocean_post_title_background":9493,"ocean_post_title_bg_image_position":"","ocean_post_title_bg_image_attachment":"","ocean_post_title_bg_image_repeat":"","ocean_post_title_bg_image_size":"","ocean_post_title_height":0,"ocean_post_title_bg_overlay":0.5,"ocean_post_title_bg_overlay_color":"","ocean_disable_breadcrumbs":"default","ocean_breadcrumbs_color":"","ocean_breadcrumbs_separator_color":"","ocean_breadcrumbs_links_color":"","ocean_breadcrumbs_links_hover_color":"","ocean_display_footer_widgets":"default","ocean_display_footer_bottom":"default","ocean_custom_footer_template":"0","omw_enable_modal_window":"enable","osh_disable_topbar_sticky":"default","osh_disable_header_sticky":"default","osh_sticky_header_style":"default","osh_sticky_header_effect":"","osh_custom_sticky_logo":0,"osh_custom_retina_sticky_logo":0,"osh_custom_sticky_logo_height":0,"osh_background_color":"","osh_links_color":"","osh_links_hover_color":"","osh_links_active_color":"","osh_links_bg_color":"","osh_links_hover_bg_color":"","osh_links_active_bg_color":"","osh_menu_social_links_color":"","osh_menu_social_hover_links_color":""},"ort":[497,472,479,470,473],"sichtbarkeit":[],"templateoption":[177],"product_brand":[],"product_cat":[182],"product_tag":[],"class_list":{"0":"post-9491","1":"product","2":"type-product","3":"status-publish","4":"has-post-thumbnail","6":"ort-es-calo","7":"ort-es-pujols","8":"ort-la-savina","9":"ort-playa-migjorn","10":"ort-sa-roqueta","11":"templateoption-dds","12":"product_cat-ausfluege","14":"entry","15":"has-media","17":"first","18":"instock","19":"virtual","20":"purchasable","21":"product-type-simple","22":"has-product-nav","23":"col","24":"span_1_of_3","25":"owp-content-center","26":"owp-thumbs-layout-horizontal","27":"owp-btn-normal","28":"owp-tabs-layout-section"},"acf":[],"_links":{"self":[{"href":"https:\/\/www.dertour-reiseleitung.com\/ibiza\/wp-json\/wp\/v2\/product\/9491","targetHints":{"allow":["GET"]}}],"collection":[{"href":"https:\/\/www.dertour-reiseleitung.com\/ibiza\/wp-json\/wp\/v2\/product"}],"about":[{"href":"https:\/\/www.dertour-reiseleitung.com\/ibiza\/wp-json\/wp\/v2\/types\/product"}],"version-history":[{"count":10,"href":"https:\/\/www.dertour-reiseleitung.com\/ibiza\/wp-json\/wp\/v2\/product\/9491\/revisions"}],"predecessor-version":[{"id":14369,"href":"https:\/\/www.dertour-reiseleitung.com\/ibiza\/wp-json\/wp\/v2\/product\/9491\/revisions\/14369"}],"wp:featuredmedia":[{"embeddable":true,"href":"https:\/\/www.dertour-reiseleitung.com\/ibiza\/wp-json\/wp\/v2\/media\/9487"}],"wp:attachment":[{"href":"https:\/\/www.dertour-reiseleitung.com\/ibiza\/wp-json\/wp\/v2\/media?parent=9491"}],"wp:term":[{"taxonomy":"ort","embeddable":true,"href":"https:\/\/www.dertour-reiseleitung.com\/ibiza\/wp-json\/wp\/v2\/ort?post=9491"},{"taxonomy":"sichtbarkeit","embeddable":true,"href":"https:\/\/www.dertour-reiseleitung.com\/ibiza\/wp-json\/wp\/v2\/sichtbarkeit?post=9491"},{"taxonomy":"templateoption","embeddable":true,"href":"https:\/\/www.dertour-reiseleitung.com\/ibiza\/wp-json\/wp\/v2\/templateoption?post=9491"},{"taxonomy":"product_brand","embeddable":true,"href":"https:\/\/www.dertour-reiseleitung.com\/ibiza\/wp-json\/wp\/v2\/product_brand?post=9491"},{"taxonomy":"product_cat","embeddable":true,"href":"https:\/\/www.dertour-reiseleitung.com\/ibiza\/wp-json\/wp\/v2\/product_cat?post=9491"},{"taxonomy":"product_tag","embeddable":true,"href":"https:\/\/www.dertour-reiseleitung.com\/ibiza\/wp-json\/wp\/v2\/product_tag?post=9491"}],"curies":[{"name":"wp","href":"https:\/\/api.w.org\/{rel}","templated":true}]}}